{"id":10564,"date":"2023-12-29T17:30:56","date_gmt":"2023-12-29T17:30:56","guid":{"rendered":"https:\/\/tretinoins.com\/crest-pro-sante-dents-sensibles-121g-dentifrice-blanchissant\/"},"modified":"2023-12-29T17:30:56","modified_gmt":"2023-12-29T15:30:56","slug":"crest-pro-sante-dents-sensibles-121g-dentifrice-blanchissant","status":"publish","type":"product","link":"https:\/\/tretinoins.com\/fr\/crest-pro-sante-dents-sensibles-121g-dentifrice-blanchissant\/","title":{"rendered":"Crest Pro-Sant\u00e9 Dents Sensibles 121g, Dentifrice Blanchissant"},"content":{"rendered":"<h1 data-pm-slice=\"1 1 []\" data-en-clipboard=\"true\">Dites adieu \u00e0 la sensibilit\u00e9 des dents : Pourquoi vous devriez essayer le dentifrice blanchissant Crest Pro-Sant\u00e9 dents sensibles 121 g !<\/h1>\n<div><b>SEO Meta-Description :<\/b> \u00ab Vous cherchez un dentifrice qui combat la sensibilit\u00e9 dentaire tout en blanchissant votre sourire ? D\u00e9couvrez comment le dentifrice blanchissant Crest Pro-Sant\u00e9 dents sensibles 121 g peut transformer votre routine de soins buccodentaires pour de bon ! \u00bb<\/div>\n<hr>\n<h2>Pourquoi votre sourire m\u00e9rite le meilleur<\/h2>\n<div>Soyons r\u00e9alistes : notre sourire est l&rsquo;une des premi\u00e8res choses que les gens remarquent chez nous, et il n&rsquo;est pas toujours facile de le garder brillant, sain et indolore. Pour beaucoup, la sensibilit\u00e9 dentaire est un ennemi jur\u00e9. Vous connaissez la chanson : vous mordez dans un cornet de glace ou sirotez une tasse de caf\u00e9 bien chaude, et BAM ! Un coup sec laisse vos dents en proie \u00e0 la piti\u00e9. Cela vous semble familier ? Vous n&rsquo;\u00eates pas le seul. Des millions de personnes souffrent chaque jour de dents sensibles.      <\/div>\n<div>Si vous en avez assez de grimacer devant vos g\u00e2teries pr\u00e9f\u00e9r\u00e9es ou de sentir que vous devez faire un compromis entre la sant\u00e9 buccodentaire et le pouvoir blanchissant, ne vous inqui\u00e9tez pas &#8211; nous avons la solution. Voici le <b>dentifrice blanchissant Crest Pro-Sant\u00e9 dents sensibles 121 g<\/b>! Oui, c&rsquo;est vraiment le h\u00e9ros multit\u00e2che que votre sourire attendait. Dans cet article, nous vous expliquerons ce qui rend ce dentifrice si sp\u00e9cial, comment il peut \u00e9claircir vos blancs nacr\u00e9s et pourquoi il vaut la peine de changer de dentifrice. Restez dans les parages, vos dents vous remercieront plus tard !   <\/div>\n<hr>\n<h2>Quelle est la cause de la sensibilit\u00e9 dentaire ?<\/h2>\n<div>Avant de plonger dans la magie de ce dentifrice, analysons les raisons pour lesquelles vos dents sonnent l&rsquo;alarme de la douleur. D\u00e9monstration : Ce n&rsquo;est pas seulement la cr\u00e8me glac\u00e9e. <\/div>\n<h3>1.<\/h3>\n<h3><b>\u00c9rosion de l&rsquo;\u00e9mail<\/b><\/h3>\n<div>Le rev\u00eatement protecteur de vos dents, l \u00ab \u00e9mail, les prot\u00e8ge des irritants. Mais avec le temps, des aliments acides, un brossage agressif ou m\u00eame l&rsquo;usure normale peuvent amincir l \u00bb \u00e9mail, exposant ainsi vos dents aux changements de temp\u00e9rature et \u00e0 d&rsquo;autres facteurs d\u00e9clencheurs. <\/div>\n<h3>2.<\/h3>\n<h3><b>R\u00e9cession des gencives<\/b><\/h3>\n<div>Parfois, ce n&rsquo;est pas votre \u00e9mail mais vos gencives qui agitent le drapeau blanc. Le recul des gencives expose la couche de dentine, plus sensible, qui contient des canaux directs vers les nerfs de votre dent. <\/div>\n<h3>3.<\/h3>\n<h3><b>Produits de blanchiment des dents<\/b><\/h3>\n<div>Ironie du sort : de nombreux produits de blanchiment peuvent rendre les dents encore plus sensibles en d\u00e9truisant davantage l&rsquo;\u00e9mail ou en irritant les gencives. La bonne nouvelle ? Vous n&rsquo;avez pas \u00e0 choisir entre des dents blanches et le confort (alerte spoiler : le <b>dentifrice blanchissant Crest Pro-Sant\u00e9 Dents sensibles 121 g<\/b> r\u00e9sout ce probl\u00e8me !)  <\/div>\n<hr>\n<h2>Voici Crest Pro-Sant\u00e9 Dents Sensibles 121g<\/h2>\n<div>Imaginez un dentifrice qui non seulement s&rsquo;attaque de front \u00e0 la sensibilit\u00e9, mais qui laisse aussi vos dents plus blanches et plus fortes. Oui, c&rsquo;est ce que propose le <b>dentifrice blanchissant Crest Pro-Sant\u00e9 Dents sensibles 121 g.<\/b> Que vous brossiez les taches de caf\u00e9 ou que vous ayez simplement besoin de renforcer votre \u00e9mail, il est con\u00e7u pour r\u00e9pondre \u00e0 vos besoins quotidiens en mati\u00e8re de soins bucco-dentaires.  <\/div>\n<h3><b>Pourquoi choisir le dentifrice blanchissant pour dents sensibles Crest Pro-Sant\u00e9 ?<\/b><\/h3>\n<div>Voyons cela en d\u00e9tail :<\/div>\n<ul>\n<li>\n<div><b>Formule double action<\/b>: Combat la sensibilit\u00e9 tout en blanchissant activement vos dents &#8211; sans compromis.<\/div>\n<\/li>\n<li>\n<div><b>\u00c9prouv\u00e9 cliniquement<\/b>: Les experts confirment qu&rsquo;ils r\u00e9duisent l&rsquo;irritation de l \u00ab \u00e9mail et prot\u00e8gent l \u00bb \u00e9mail contre l&rsquo;usure.<\/div>\n<\/li>\n<li>\n<div><b>Agents blanchissants doux<\/b>: Contrairement \u00e0 de nombreuses formules de blanchiment abrasives, celle-ci est con\u00e7ue pour m\u00e9nager les dents sensibles.<\/div>\n<\/li>\n<li>\n<div><b>La fra\u00eecheur au quotidien<\/b>: Garde vos dents et votre haleine au meilleur de leur forme (et honn\u00eatement, qui n&rsquo;aime pas la confiance en soi \u00e0 la menthe ?)<\/div>\n<\/li>\n<\/ul>\n<hr>\n<h2>Comment cela fonctionne-t-il ? La science derri\u00e8re le sourire <\/h2>\n<div>Voici la science dans ses moindres d\u00e9tails &#8211; parce que c&rsquo;est assez fascinant !<\/div>\n<h3><b>1. Le nitrate de potassium \u00e0 la rescousse<\/b><\/h3>\n<div>La formule de Crest utilise le nitrate de potassium, un ingr\u00e9dient puissant mais doux, pour calmer les nerfs de vos dents. En emp\u00eachant les signaux de douleur d&rsquo;atteindre le cerveau, ce dentifrice vous permet de siroter votre caf\u00e9 du matin sans arri\u00e8re-pens\u00e9e. <\/div>\n<h3><b>2. Armure en \u00e9mail renforc\u00e9e<\/b><\/h3>\n<div>Le fluorure contenu dans ce dentifrice aide \u00e0 reconstruire l&rsquo;\u00e9mail, cr\u00e9ant une barri\u00e8re plus solide au fil du temps qui prot\u00e8ge les terminaisons nerveuses et combat les caries. C&rsquo;est comme un bouclier pour vos dents ! <\/div>\n<h3><b>3. Action d\u00e9tachante<\/b><\/h3>\n<div>Ses propri\u00e9t\u00e9s blanchissantes s&rsquo;attaquent aux taches caus\u00e9es par les aliments, les boissons et m\u00eame l&rsquo;\u00e2ge. Bonus : il fait tout cela sans rayer votre \u00e9mail, ce que ne promettent pas tous les dentifrices blanchissants. <\/div>\n<hr>\n<h2>Comment utiliser le dentifrice blanchissant Crest Pro-Sant\u00e9 dents sensibles 121 g<\/h2>\n<div>Vous avez achet\u00e9 le dentifrice, il faut maintenant qu&rsquo;il fasse son effet ! Voici quelques conseils pour l&rsquo;utiliser efficacement : <\/div>\n<ol>\n<li>\n<div><b>Utilisez la bonne quantit\u00e9 :<\/b> Une noisette de la taille d&rsquo;un petit pois suffit. Croyez-nous, une petite quantit\u00e9 suffit ! <\/div>\n<\/li>\n<li>\n<div><b>Brossez-vous les dents deux fois par jour :<\/b> Matin et soir &#8211; pas de saut ! La constance est essentielle pour obtenir des r\u00e9sultats. <\/div>\n<\/li>\n<li>\n<div><b>Respectez la r\u00e8gle des deux minutes :<\/b> Brossez-vous les dents pendant au moins deux minutes \u00e0 chaque fois pour que le fluorure ait le temps d&rsquo;agir.<\/div>\n<\/li>\n<li>\n<div><b>Utilisez une brosse \u00e0 dents souple :<\/b> Des mouvements doux et des poils plus souples sont pr\u00e9f\u00e9rables, en particulier pour les dents sensibles.<\/div>\n<\/li>\n<\/ol>\n<hr>\n<h2>Blanchiment sans compromis : pourquoi cela change la donne pour les dents sensibles<\/h2>\n<div>De nombreuses personnes \u00e9vitent compl\u00e8tement les dentifrices blanchissants car, soyons r\u00e9alistes, la plupart d&rsquo;entre eux laissent les dents sensibles dans un \u00e9tat pire qu&rsquo;avant. C&rsquo;est l\u00e0 que le <b>dentifrice blanchissant Crest Pro-Health Dents sensibles 121 g<\/b> remporte la palme. <\/div>\n<div>Ses agents blanchissants doux \u00e9liminent les taches superficielles au fil du temps, sans la sensation dure et granuleuse que procurent certaines p\u00e2tes blanchissantes. Que vous luttiez contre les taches de caf\u00e9 ou que vous souhaitiez simplement un sourire plus \u00e9clatant, ce dentifrice agit \u00e0 un rythme r\u00e9gulier pour vous permettre d&rsquo;obtenir des r\u00e9sultats visibles sans irritation. C&rsquo;est l&rsquo;ultime gagnant-gagnant !  <\/div>\n<hr>\n<h2>Conseils pour un sourire encore plus sain<\/h2>\n<div>Utiliser le bon dentifrice est la premi\u00e8re \u00e9tape, mais il y a d&rsquo;autres choses que vous pouvez faire pour que vos dents aient l&rsquo;air et se sentent bien. Voici quelques conseils suppl\u00e9mentaires : <\/div>\n<ul>\n<li>\n<div><b>\u00c9vitez les aliments et les boissons acides<\/b>: Les agrumes, les sodas et le vin sont peut-\u00eatre d\u00e9licieux, mais ils ne sont pas bons pour l&rsquo;\u00e9mail. Essayez de vous rincer \u00e0 l&rsquo;eau apr\u00e8s les avoir consomm\u00e9s. <\/div>\n<\/li>\n<li>\n<div><b>Passez le fil dentaire tous les jours<\/b>: Votre dentifrice ne peut pas s&rsquo;attaquer aux espaces entre vos dents &#8211; le fil dentaire fait le travail.<\/div>\n<\/li>\n<li>\n<div><b>Limitez les grincements de dents<\/b>: Si vous grincez des dents la nuit, demandez \u00e0 votre dentiste de vous prescrire un prot\u00e8ge-dents. Le grincement peut faire des ravages sur l&rsquo;\u00e9mail ! <\/div>\n<\/li>\n<li>\n<div><b>Consultez r\u00e9guli\u00e8rement votre dentiste<\/b>: Rien ne vaut les conseils d&rsquo;un professionnel pour r\u00e9pondre \u00e0 vos besoins dentaires sp\u00e9cifiques.<\/div>\n<\/li>\n<\/ul>\n<hr>\n<h2>FAQ sur le dentifrice blanchissant Crest Pro-Sant\u00e9 dents sensibles 121 g<\/h2>\n<div><b>1. Est-il s\u00fbr pour un usage quotidien ?<\/b>  Absolument ! Le dentifrice blanchissant pour dents sensibles Crest Pro-Sant\u00e9 est con\u00e7u pour \u00eatre utilis\u00e9 deux fois par jour. Il est s\u00fbr et doux pour les dents sensibles.  <\/div>\n<div><b>2. Combien de temps faut-il pour obtenir des r\u00e9sultats ?<\/b>  Vous pouvez constater une diminution de la sensibilit\u00e9 apr\u00e8s quelques utilisations seulement, et un blanchiment visible apr\u00e8s quelques semaines de brossage r\u00e9gulier.<\/div>\n<div><b>3. Peut-il aussi combattre les caries ?<\/b>  Oui ! Gr\u00e2ce \u00e0 sa teneur en fluor, ce dentifrice aide \u00e0 pr\u00e9venir les caries et renforce l&rsquo;\u00e9mail tout en r\u00e9duisant la sensibilit\u00e9. <\/div>\n<div><b>4. Le produit blanchit-il les dents tr\u00e8s tach\u00e9es ?<\/b>  Bien qu&rsquo;il soit fantastique pour \u00e9liminer les taches superficielles, il est pr\u00e9f\u00e9rable de proc\u00e9der \u00e0 un blanchiment progressif. Pour les taches plus profondes, des traitements professionnels peuvent \u00eatre envisag\u00e9s. <\/div>\n<hr>\n<h2>Verdict final : Devriez-vous acheter le dentifrice blanchissant Crest Pro-Sant\u00e9 dents sensibles 121 g ?<\/h2>\n<div>Si vous en avez assez de choisir entre le soulagement de la sensibilit\u00e9 et un sourire \u00e9blouissant, pourquoi vous contenter de cela ? Le <b>dentifrice blanchissant Crest Pro-Sant\u00e9 dents sensibles 121 g<\/b> offre le meilleur des deux mondes. Appuy\u00e9 par la science et reconnu par les professionnels des soins dentaires, c&rsquo;est un moyen s\u00fbr de redonner de l&rsquo;\u00e9clat \u00e0 votre sourire tout en gardant la sensibilit\u00e9 \u00e0 distance. <\/div>\n<div>Alors, qu&rsquo;attendez-vous ? Dites adieu aux grimaces devant des boissons froides et bonjour \u00e0 un sourire \u00e9clatant de sant\u00e9 ! <b>Achetez le dentifrice blanchissant Crest Pro-Sant\u00e9 dents sensibles 121 g<\/b> d\u00e8s aujourd&rsquo;hui et recommencez \u00e0 aimer votre sourire. <\/div>\n<hr>\n<div><i>Votre sourire est votre assurance &#8211; ne laissez pas la sensibilit\u00e9 dentaire la ternir !<\/i><\/div>\n","protected":false},"excerpt":{"rendered":"<p>Vous cherchez un dentifrice qui combat la sensibilit\u00e9 dentaire tout en blanchissant votre sourire ? D\u00e9couvrez comment le dentifrice blanchissant Crest Pro-Sant\u00e9 dents sensibles 121 g peut transformer votre routine de soins buccodentaires pour de bon ! <\/p>\n","protected":false},"featured_media":10566,"comment_status":"open","ping_status":"closed","template":"","meta":[],"product_cat":[752],"product_tag":[789,791,790,788],"class_list":{"0":"post-10564","1":"product","2":"type-product","3":"status-publish","4":"has-post-thumbnail","6":"product_cat-dentifrice-crest","7":"product_tag-acheter-un-dentifrice-blanchissant","8":"product_tag-crest-pro-health-fr","9":"product_tag-crest-pro-sante-dents-sensibles","10":"product_tag-crest-pro-sante-dents-sensibles-121g","11":"pa_brands-crete","13":"first","14":"instock","15":"taxable","16":"shipping-taxable","17":"purchasable","18":"product-type-simple"},"_links":{"self":[{"href":"https:\/\/tretinoins.com\/fr\/wp-json\/wp\/v2\/product\/10564","targetHints":{"allow":["GET"]}}],"collection":[{"href":"https:\/\/tretinoins.com\/fr\/wp-json\/wp\/v2\/product"}],"about":[{"href":"https:\/\/tretinoins.com\/fr\/wp-json\/wp\/v2\/types\/product"}],"replies":[{"embeddable":true,"href":"https:\/\/tretinoins.com\/fr\/wp-json\/wp\/v2\/comments?post=10564"}],"version-history":[{"count":0,"href":"https:\/\/tretinoins.com\/fr\/wp-json\/wp\/v2\/product\/10564\/revisions"}],"wp:featuredmedia":[{"embeddable":true,"href":"https:\/\/tretinoins.com\/fr\/wp-json\/wp\/v2\/media\/10566"}],"wp:attachment":[{"href":"https:\/\/tretinoins.com\/fr\/wp-json\/wp\/v2\/media?parent=10564"}],"wp:term":[{"taxonomy":"product_cat","embeddable":true,"href":"https:\/\/tretinoins.com\/fr\/wp-json\/wp\/v2\/product_cat?post=10564"},{"taxonomy":"product_tag","embeddable":true,"href":"https:\/\/tretinoins.com\/fr\/wp-json\/wp\/v2\/product_tag?post=10564"}],"curies":[{"name":"wp","href":"https:\/\/api.w.org\/{rel}","templated":true}]}}