{"id":10558,"date":"2023-12-29T00:15:10","date_gmt":"2023-12-28T22:15:10","guid":{"rendered":"https:\/\/tretinoins.com\/politique-de-retour\/"},"modified":"2025-06-16T20:36:14","modified_gmt":"2025-06-16T18:36:14","slug":"politique-de-retour","status":"publish","type":"page","link":"https:\/\/tretinoins.com\/fr\/politique-de-retour\/","title":{"rendered":"Politique de retour"},"content":{"rendered":"\t\t<div data-elementor-type=\"wp-page\" data-elementor-id=\"10558\" class=\"elementor elementor-10558 elementor-3260\">\n\t\t\t\t<div class=\"elementor-element elementor-element-801ecfb e-flex e-con-boxed e-con e-parent\" data-id=\"801ecfb\" data-element_type=\"container\">\n\t\t\t\t\t<div class=\"e-con-inner\">\n\t\t\t\t<div class=\"elementor-element elementor-element-b94c368 elementor-widget elementor-widget-text-editor\" data-id=\"b94c368\" data-element_type=\"widget\" data-widget_type=\"text-editor.default\">\n\t\t\t\t<div class=\"elementor-widget-container\">\n\t\t\t\t\t\t\t\t\t<p><strong>Politique de retour et de remboursement<\/strong><\/p>\n<p><strong>Quand et comment un client peut-il demander un retour ?<\/strong><\/p>\n<p>Une fois que vous avez re\u00e7u votre commande, vous disposez d&rsquo;une p\u00e9riode de 14 jours calendaires pour d\u00e9cider si le produit r\u00e9pond \u00e0 vos attentes. Si vous souhaitez retourner certains articles de votre commande, veuillez remplir le formulaire de retour. <\/p>\n<p>Apr\u00e8s avoir compl\u00e9t\u00e9 et soumis le formulaire de retour ou la notification concernant le d\u00e9sir de retour du client, nous, Tretinoins.com, organiserons l&rsquo;enl\u00e8vement gratuit du colis par notre coursier partenaire, Sameday ou Packeta, pour qu&rsquo;il nous soit renvoy\u00e9.<\/p>\n<p><strong>Quand le d\u00e9lai de 14 jours commence-t-il pour le client ?<\/strong><\/p>\n<p>Le d\u00e9lai de 14 jours commence \u00e0 courir pour le client \u00e0 partir du moment o\u00f9 il re\u00e7oit le colis.<\/p>\n<p><strong>Remboursement du montant pay\u00e9<\/strong><\/p>\n<p>Apr\u00e8s avoir re\u00e7u et inspect\u00e9 le produit retourn\u00e9, nous vous en informerons et vous notifierons l&rsquo;acceptation du retour.<\/p>\n<p>Si le retour est accept\u00e9, le montant pay\u00e9 sera rembours\u00e9 par virement bancaire.<\/p>\n<p>DIGITALEASE SOLUTIONS S.R.L. s&rsquo;engage \u00e0 rembourser la valeur des produits retourn\u00e9s dans les 14 jours calendaires suivant leur r\u00e9ception, sur la base du formulaire de retour ou de la notification envoy\u00e9e par e-mail \u00e0 contact@tretinoins.com, compl\u00e9t\u00e9 par le client.<\/p>\n<p>Le montant pay\u00e9 pour les produits retourn\u00e9s et le transport sera rembours\u00e9 par le vendeur sur le compte indiqu\u00e9 par le client dans les 14 jours suivant la r\u00e9ception des produits retourn\u00e9s.<\/p>\n<p>Si plus de 14 jours calendaires se sont \u00e9coul\u00e9s depuis l&rsquo;acceptation du retour, veuillez nous contacter \u00e0 l&rsquo;adresse contact@tretinoins.com.<\/p>\n<p>Dans le formulaire de retour\/la notification \u00e9crite, les coordonn\u00e9es et le compte bancaire de la personne demandant le retour seront compl\u00e9t\u00e9s, y compris le nom, le pr\u00e9nom et le num\u00e9ro de commande.<\/p>\n<p>Le formulaire de retour disponible sur le site web n&rsquo;est qu&rsquo;un exemple. Conform\u00e9ment \u00e0 la l\u00e9gislation, le client a le droit de r\u00e9silier le contrat au moyen d&rsquo;une d\u00e9claration claire, en utilisant la m\u00e9thode de son choix, comme le courrier \u00e9lectronique, le courrier postal, le courrier oral, etc. <\/p>\n<p><strong>Nous ne facturons pas de frais suppl\u00e9mentaires pour les retours<\/strong><\/p>\n<ul>\n<li>Pas de frais de restockage.<\/li>\n<li>Pas de frais de retour pour les produits d\u00e9fectueux.<\/li>\n<li>PAS de frais de retour si le client a command\u00e9 le mauvais produit\/re\u00e7u le mauvais produit.<\/li>\n<li>Les frais de retour sont enti\u00e8rement pris en charge par DIGITALEASE SOLUTIONS S.R.L., la soci\u00e9t\u00e9 propri\u00e9taire du site www.tretinoins.com.<\/li>\n<\/ul>\n<p><strong>Crit\u00e8res de retour :<\/strong><\/p>\n<ul>\n<li>Le produit doit \u00eatre dans un \u00e9tat non utilis\u00e9, non ouvert et non affect\u00e9, propre \u00e0 la revente.<\/li>\n<li>Il doit \u00eatre renvoy\u00e9 scell\u00e9 pour des raisons de protection de la sant\u00e9 et de l&rsquo;hygi\u00e8ne.<\/li>\n<li>Les produits achet\u00e9s doivent \u00eatre dans le m\u00eame \u00e9tat qu&rsquo;au moment de l&rsquo;achat ou de la r\u00e9ception, y compris l&#8217;emballage intact.<\/li>\n<li>Les articles de soins personnels ou les produits d&rsquo;hygi\u00e8ne personnelle ne peuvent pas \u00eatre retourn\u00e9s apr\u00e8s avoir \u00e9t\u00e9 descell\u00e9s ou utilis\u00e9s une fois, tels que le dentifrice, le shampoing, etc., conform\u00e9ment \u00e0 l&rsquo;article 16, lettre e, de l&rsquo;Ordonnance 34\/2014.<\/li>\n<li>Le retour doit inclure les \u00e9tiquettes et les documents originaux avec lesquels ils ont \u00e9t\u00e9 exp\u00e9di\u00e9s.<\/li>\n<li>L&rsquo;acheteur a la possibilit\u00e9 de retourner les produits achet\u00e9s dans la boutique en ligne tretinoins.com sans avoir \u00e0 justifier sa d\u00e9cision de se r\u00e9tracter et sans avoir \u00e0 supporter d&rsquo;autres co\u00fbts.<\/li>\n<\/ul>\n<p><strong>Remboursement ou remplacement d&rsquo;un produit<\/strong><\/p>\n<p>Si un produit ou une quantit\u00e9 diff\u00e9rente a \u00e9t\u00e9 livr\u00e9, vous devez en informer le vendeur pour r\u00e9soudre la situation. Si le produit n&rsquo;est plus disponible en stock, l&rsquo;acheteur peut opter pour un remplacement par un autre produit ou un remboursement int\u00e9gral de la valeur. <\/p>\n<p>En outre, si le client a command\u00e9 le mauvais produit, il peut choisir de l&rsquo;\u00e9changer contre le bon produit.<\/p>\n<p>Si vous avez d&rsquo;autres questions, vous pouvez nous contacter en utilisant les coordonn\u00e9es suivantes :<\/p>\n<p>T\u00e9l\u00e9phone : +40 750418333<br \/>Courriel : contact@tretinoins.com<br \/>Adresse : Aleea Cetatuia 4, bl. M22, sc. 4, ap. 222, Bucharest, 060834, Romania<br \/>Heures d&rsquo;ouverture : Du lundi au samedi : 8H00 &#8211; 20H00   <\/p>\n\t\t\t\t\t\t\t\t<\/div>\n\t\t\t\t<\/div>\n\t\t\t\t\t<\/div>\n\t\t\t\t<\/div>\n\t\t\t\t<\/div>\n\t\t","protected":false},"excerpt":{"rendered":"<p>Politique de retour et de remboursement Quand et comment un client peut-il demander un retour ? Une fois que vous avez re\u00e7u&hellip;<\/p>\n","protected":false},"author":1,"featured_media":0,"parent":0,"menu_order":0,"comment_status":"closed","ping_status":"closed","template":"","meta":{"footnotes":""},"class_list":["post-10558","page","type-page","status-publish","hentry"],"_links":{"self":[{"href":"https:\/\/tretinoins.com\/fr\/wp-json\/wp\/v2\/pages\/10558","targetHints":{"allow":["GET"]}}],"collection":[{"href":"https:\/\/tretinoins.com\/fr\/wp-json\/wp\/v2\/pages"}],"about":[{"href":"https:\/\/tretinoins.com\/fr\/wp-json\/wp\/v2\/types\/page"}],"author":[{"embeddable":true,"href":"https:\/\/tretinoins.com\/fr\/wp-json\/wp\/v2\/users\/1"}],"replies":[{"embeddable":true,"href":"https:\/\/tretinoins.com\/fr\/wp-json\/wp\/v2\/comments?post=10558"}],"version-history":[{"count":1,"href":"https:\/\/tretinoins.com\/fr\/wp-json\/wp\/v2\/pages\/10558\/revisions"}],"predecessor-version":[{"id":10559,"href":"https:\/\/tretinoins.com\/fr\/wp-json\/wp\/v2\/pages\/10558\/revisions\/10559"}],"wp:attachment":[{"href":"https:\/\/tretinoins.com\/fr\/wp-json\/wp\/v2\/media?parent=10558"}],"curies":[{"name":"wp","href":"https:\/\/api.w.org\/{rel}","templated":true}]}}