{"id":10553,"date":"2023-12-29T00:07:43","date_gmt":"2023-12-28T22:07:43","guid":{"rendered":"https:\/\/tretinoins.com\/politique-de-confidentialite-et-gdpr\/"},"modified":"2025-06-16T20:36:14","modified_gmt":"2025-06-16T18:36:14","slug":"politique-de-confidentialite-et-gdpr","status":"publish","type":"page","link":"https:\/\/tretinoins.com\/fr\/politique-de-confidentialite-et-gdpr\/","title":{"rendered":"Politique de confidentialit\u00e9 et GDPR"},"content":{"rendered":"\t\t<div data-elementor-type=\"wp-page\" data-elementor-id=\"10553\" class=\"elementor elementor-10553 elementor-3249\">\n\t\t\t\t<div class=\"elementor-element elementor-element-61009a6 e-flex e-con-boxed e-con e-parent\" data-id=\"61009a6\" data-element_type=\"container\">\n\t\t\t\t\t<div class=\"e-con-inner\">\n\t\t\t\t<div class=\"elementor-element elementor-element-5337798 elementor-widget elementor-widget-text-editor\" data-id=\"5337798\" data-element_type=\"widget\" data-widget_type=\"text-editor.default\">\n\t\t\t\t<div class=\"elementor-widget-container\">\n\t\t\t\t\t\t\t\t\t<p><strong>Politique de confidentialit\u00e9, GDPR<\/strong><\/p>\n<p>L&rsquo;entit\u00e9 www.tretinoins.com, consciente de l&rsquo;importance de vos donn\u00e9es, s&rsquo;engage \u00e0 prot\u00e9ger votre vie priv\u00e9e et votre s\u00e9curit\u00e9. Il est donc essentiel pour nous de fournir des informations relatives au traitement de vos donn\u00e9es personnelles de mani\u00e8re int\u00e9gr\u00e9e et pratique, en nous adressant \u00e0 vous en tant que personnes concern\u00e9es (utilisateurs du site web tretinoins.com, clients, clients potentiels, consommateurs, consommateurs potentiels, employ\u00e9s, anciens employ\u00e9s) dans le cadre de la politique de traitement des donn\u00e9es personnelles, applicable aux fins \u00e9num\u00e9r\u00e9es ci-dessous. <\/p>\n<p>Cette politique s&rsquo;applique \u00e0 tous les appareils utilis\u00e9s pour acc\u00e9der \u00e0 tretinoins.com, y compris les smartphones et les tablettes. Si vous n&rsquo;\u00eates pas d&rsquo;accord avec les termes et conditions associ\u00e9s \u00e0 leur utilisation (tels que pr\u00e9sent\u00e9s dans ce document relatif \u00e0 la protection des donn\u00e9es personnelles, ainsi que dans les documents relatifs aux Conditions g\u00e9n\u00e9rales et \u00e0 la Politique de confidentialit\u00e9 concernant les informations confidentielles, les droits d&rsquo;auteur, etc.), veuillez \u00e9viter d&rsquo;utiliser le site tretinoins.com. <\/p>\n<p>Conform\u00e9ment au R\u00e8glement g\u00e9n\u00e9ral sur la protection des donn\u00e9es de l&rsquo;Union europ\u00e9enne n\u00b0 679\/2016, dit \u00a0\u00bb R\u00e8glement \u00ab\u00a0, qui vise \u00e0 prot\u00e9ger les personnes physiques \u00e0 l&rsquo;\u00e9gard du traitement des donn\u00e9es \u00e0 caract\u00e8re personnel et de la libre circulation de ces donn\u00e9es, tretinoins.com g\u00e8re les donn\u00e9es personnelles que vous fournissez \u00e0 votre sujet de mani\u00e8re s\u00e9curis\u00e9e et exclusivement aux fins sp\u00e9cifi\u00e9es lors de votre visite sur le site et de l&rsquo;achat de produits vendus en ligne.<\/p>\n<p>En s\u00e9lectionnant l&rsquo;option d&rsquo;acceptation des conditions g\u00e9n\u00e9rales et de la politique de traitement des donn\u00e9es personnelles ou, le cas \u00e9ch\u00e9ant, en continuant \u00e0 utiliser notre site et nos services apr\u00e8s avoir lu cette politique, vous confirmez votre consentement concernant cette politique de traitement des donn\u00e9es personnelles.<\/p>\n<p><strong>Finalit\u00e9s de la collecte et du traitement de vos donn\u00e9es personnelles<\/strong><\/p>\n<p>tretinoins.com recueille et traite vos donn\u00e9es personnelles aux fins suivantes :<\/p>\n<ul>\n<li>Administration, am\u00e9lioration et fourniture des services et produits offerts sur le site web www.tretinoins.com<\/li>\n<li>Mener des activit\u00e9s commerciales li\u00e9es \u00e0 la vente de produits, y compris la r\u00e9alisation, l&rsquo;administration et le d\u00e9veloppement de ces ventes, ainsi que l&rsquo;\u00e9tablissement de statistiques.<\/li>\n<li>Publicit\u00e9, marketing et activit\u00e9s publicitaires, y compris la promotion des produits pr\u00e9sents sur le site web tretinoins.com, la conduite de campagnes promotionnelles, l&rsquo;envoi de bulletins d&rsquo;information, le suivi et la surveillance des ventes et du comportement des consommateurs.<\/li>\n<li>Activit\u00e9s apr\u00e8s-vente, y compris la fourniture de services de relations avec la client\u00e8le, l&rsquo;information des utilisateurs et des clients sur l \u00ab \u00e9valuation des produits offerts (y compris l \u00bb \u00e9valuation des produits sur le site tretinoins.com), les questions, les situations concernant les retours ou les remplacements de produits.<\/li>\n<li>\u00e0 des fins de preuve li\u00e9es aux activit\u00e9s mentionn\u00e9es ci-dessus et \u00e0 des fins d&rsquo;archivage.<\/li>\n<\/ul>\n<p>Pour atteindre les objectifs mentionn\u00e9s ci-dessus, tretinoins.com recueille et traite les cat\u00e9gories suivantes de donn\u00e9es personnelles :<\/p>\n<p><strong>Concernant l&rsquo;administration, l&rsquo;am\u00e9lioration et la fourniture de services et de produits sur le site tretinoins.com :<\/strong><\/p>\n<ul>\n<li>Nom, pr\u00e9nom, adresse (domicile\/r\u00e9sidence), adresse \u00e9lectronique.<\/li>\n<li>Des informations techniques sur l&rsquo;appareil du visiteur, telles que la localisation, l&rsquo;adresse IP, le type d&rsquo;\u00e9quipement mat\u00e9riel.<\/li>\n<li>D\u00e9tails relatifs \u00e0 l&rsquo;intervalle de temps et \u00e0 la date d&rsquo;utilisation du site web tretinoins.com.<\/li>\n<li>d&rsquo;autres informations obtenues par le biais de cookies. Pour de plus amples informations sur les cookies, veuillez consulter la politique en mati\u00e8re de cookies sur le site web. <\/li>\n<\/ul>\n<p><strong>En ce qui concerne la conduite d&rsquo;activit\u00e9s commerciales li\u00e9es \u00e0 la vente de produits sur www.tretinoins.com, les \u00e9tudes de march\u00e9 et les statistiques :<\/strong><\/p>\n<ul>\n<li>Nom, pr\u00e9nom, adresse (domicile\/r\u00e9sidence), num\u00e9ro de t\u00e9l\u00e9phone, adresse \u00e9lectronique.<\/li>\n<li>Adresses de livraison.<\/li>\n<\/ul>\n<p><strong>En ce qui concerne la publicit\u00e9, le marketing et la publicit\u00e9, y compris la promotion des produits pr\u00e9sents sur le site web tretinoins.com, la conduite de campagnes promotionnelles, l&rsquo;envoi de bulletins d&rsquo;information, le suivi et la surveillance des ventes et du comportement des consommateurs :<\/strong><\/p>\n<ul>\n<li>Nom et pr\u00e9nom, num\u00e9ro de t\u00e9l\u00e9phone\/fax, adresse \u00e9lectronique, adresse (domicile\/r\u00e9sidence).<\/li>\n<li>Pr\u00e9f\u00e9rences\/habitudes\/comportement.<\/li>\n<\/ul>\n<p><strong>En ce qui concerne les activit\u00e9s apr\u00e8s-vente, y compris les services de relations avec la client\u00e8le, l&rsquo;information des utilisateurs\/clients sur l&rsquo;\u00e9valuation des produits trouv\u00e9s sur<\/strong> tretinoins.com, les<strong> questions relatives aux retours ou aux remplacements de produits<\/strong>:<\/p>\n<ul>\n<li>Nom et pr\u00e9nom, num\u00e9ro de t\u00e9l\u00e9phone\/fax, adresse \u00e9lectronique, adresse (domicile\/r\u00e9sidence).<\/li>\n<li>Voix, pr\u00e9f\u00e9rences\/habitudes\/comportement.<\/li>\n<li>Autres donn\u00e9es r\u00e9sultant de l&rsquo;\u00e9valuation des produits par les clients.<\/li>\n<\/ul>\n<p><strong>\u00c0 des fins de preuve et d&rsquo;archivage :<\/strong><\/p>\n<ul>\n<li>conserver les donn\u00e9es \u00e0 caract\u00e8re personnel susmentionn\u00e9es afin de tenir des registres relatifs aux activit\u00e9s r\u00e9alis\u00e9es.<\/li>\n<li>Prot\u00e9ger les droits devant les tribunaux et exercer d&rsquo;autres droits conform\u00e9ment \u00e0 la loi et aux contrats conclus.<\/li>\n<li>R\u00e9pondre aux \u00e9ventuelles exigences en mati\u00e8re d&rsquo;archivage conform\u00e9ment aux dispositions l\u00e9gales.<\/li>\n<\/ul>\n<p>Les donn\u00e9es personnelles b\u00e9n\u00e9ficiant d&rsquo;une protection particuli\u00e8re, telles que le num\u00e9ro d&rsquo;identification personnel, la s\u00e9rie et le num\u00e9ro du document d&rsquo;identit\u00e9, ne seront pas collect\u00e9es.<\/p>\n<p>Pour atteindre un ou plusieurs des objectifs mentionn\u00e9s ci-dessus, tretinoins.com peut divulguer vos donn\u00e9es personnelles aux cat\u00e9gories de destinataires suivantes :<\/p>\n<ul>\n<li>Partenaires contractuels de tretinoins.com : Il s&rsquo;agit des entreprises avec lesquelles tretinoins.com collabore. La divulgation se fait sur la base d&rsquo;un accord de confidentialit\u00e9 qui garantit la protection des donn\u00e9es et le respect de la l\u00e9gislation en vigueur. <\/li>\n<li>Fournisseurs de services : Il s&rsquo;agit d&rsquo;entit\u00e9s fournissant des services de marketing, des services bancaires, des services de messagerie ou d&rsquo;autres services, ainsi que d&rsquo;entit\u00e9s aidant tretinoins.com \u00e0 traiter les donn\u00e9es en tant que sous-traitants.<\/li>\n<li>Les autorit\u00e9s publiques : Il s&rsquo;agit d&rsquo;institutions telles que le minist\u00e8re public, la police, les tribunaux et d&rsquo;autres autorit\u00e9s publiques, conform\u00e9ment aux dispositions l\u00e9gales ou en r\u00e9ponse \u00e0 des demandes express\u00e9ment formul\u00e9es.<\/li>\n<li>D&rsquo;autres soci\u00e9t\u00e9s du m\u00eame groupe que tretinoins.com : La divulgation peut avoir lieu conform\u00e9ment \u00e0 la l\u00e9gislation en vigueur et dans le cadre de l&rsquo;exercice de votre droit d&rsquo;acc\u00e8s en vertu de l&rsquo;article 15 du r\u00e8glement.<\/li>\n<li>Vous en tant que personne concern\u00e9e : Il s&rsquo;agit de vous en tant que personne concern\u00e9e dans le cadre de l&rsquo;exercice de votre droit d&rsquo;acc\u00e8s en vertu de l&rsquo;article 15 du r\u00e8glement.<\/li>\n<\/ul>\n<p>Il est important de noter que les donn\u00e9es enregistr\u00e9es par tretinoins.com ne sont pas vendues \u00e0 des tiers et sont utilis\u00e9es exclusivement dans le but d&rsquo;am\u00e9liorer les services offerts par tretinoins.com.<\/p>\n<p>En lisant cette politique, vous vous assurez de conna\u00eetre les droits garantis par le r\u00e8glement, tels que<\/p>\n<ul>\n<li>Informations concernant le traitement des donn\u00e9es \u00e0 caract\u00e8re personnel : Articles 13 et 14 du r\u00e8glement.<\/li>\n<li>Acc\u00e8s aux donn\u00e9es personnelles : Article 15 du r\u00e8glement.<\/li>\n<li>Rectification des donn\u00e9es \u00e0 caract\u00e8re personnel : Article 16 du r\u00e8glement.<\/li>\n<li>Effacement (\u00ab droit \u00e0 l&rsquo;oubli \u00bb) des donn\u00e9es \u00e0 caract\u00e8re personnel : Article 17 du r\u00e8glement.<\/li>\n<li>Obtention de la limitation du traitement : Article 18 du r\u00e8glement.<\/li>\n<li>Portabilit\u00e9 des donn\u00e9es : Article 20 du r\u00e8glement.<\/li>\n<li>S&rsquo;opposer au traitement des donn\u00e9es \u00e0 caract\u00e8re personnel : Article 21 du r\u00e8glement, y compris \u00e0 des fins de marketing direct.<\/li>\n<li>Ne pas faire l&rsquo;objet d&rsquo;une d\u00e9cision individuelle automatis\u00e9e : Article 22 du r\u00e8glement.<\/li>\n<li>D\u00e9p\u00f4t d&rsquo;une plainte aupr\u00e8s de l&rsquo;Autorit\u00e9 de surveillance ANSPDCP : article 77 du r\u00e8glement.<\/li>\n<li>S&rsquo;adresser au tribunal en cas de violation de la l\u00e9gislation : Articles 78-79 du r\u00e8glement.<\/li>\n<\/ul>\n<p>Pour exercer ces droits, vous pouvez envoyer un courriel \u00e0 tretinoins.com en acc\u00e9dant au formulaire de contact disponible \u00e0 l&rsquo;adresse www.tretinoins.com\/contact. Vous pouvez \u00e9galement vous opposer \u00e0 tout moment et sans justification au traitement de vos donn\u00e9es personnelles \u00e0 des fins de marketing direct en soumettant une demande \u00e0 tretinoins.com en acc\u00e9dant au formulaire de contact disponible \u00e0 l&rsquo;adresse www.tretinoins.com\/contact ou en envoyant une demande \u00e9crite, dat\u00e9e et sign\u00e9e \u00e0 l&rsquo;adresse contact@tretinoins.com. Vous recevrez une confirmation de l&rsquo;enregistrement de votre option, ainsi que toute autre information pertinente. <\/p>\n<p><strong>Dispositions particuli\u00e8res concernant les mineurs<\/strong><\/p>\n<p>Dans le cadre de ses activit\u00e9s de traitement des donn\u00e9es, tretinoins.com ne vise pas le traitement des donn\u00e9es personnelles des mineurs. Une attention particuli\u00e8re est accord\u00e9e \u00e0 la conformit\u00e9 de tout traitement de donn\u00e9es personnelles de mineurs avec les exigences du r\u00e8glement, conform\u00e9ment \u00e0 l&rsquo;article 8, et il n&rsquo;est effectu\u00e9 que dans des cas strictement d\u00e9termin\u00e9s. <\/p>\n<p>Tretinoins.com ne m\u00e8ne pas d&rsquo;activit\u00e9s promotionnelles de marketing direct aupr\u00e8s des mineurs.<\/p>\n<p>Les mineurs de moins de 14 ans ne sont pas autoris\u00e9s \u00e0 demander des services ou \u00e0 interagir de quelque mani\u00e8re que ce soit sur le site tretinoins.com, \u00e0 participer \u00e0 des concours ou \u00e0 des campagnes organis\u00e9s par tretinoins.com, \u00e0 moins que cela ne soit fait au nom du mineur par le repr\u00e9sentant l\u00e9gal ou le tuteur du mineur, conform\u00e9ment \u00e0 la loi.<\/p>\n<p>Les mineurs ayant atteint l&rsquo;\u00e2ge de 14 ans peuvent acheter des produits, demander et recevoir des communications de tretinoins.com uniquement avec le consentement du repr\u00e9sentant l\u00e9gal ou du tuteur, conform\u00e9ment \u00e0 la loi.<\/p>\n<p>Toute personne fournissant des donn\u00e9es personnelles par le biais du site ou d&rsquo;autres applications ou dispositifs couverts par la pr\u00e9sente politique confirme qu&rsquo;elle est adulte ou qu&rsquo;elle dispose d&rsquo;une pleine capacit\u00e9 d&rsquo;exercice.<\/p>\n<p>Toute collecte ou tout traitement de donn\u00e9es \u00e0 caract\u00e8re personnel concernant des mineurs ne sera effectu\u00e9 qu&rsquo;en conformit\u00e9 avec la loi et compte tenu des dispositions susmentionn\u00e9es.<\/p>\n<p><strong>Dur\u00e9e du traitement des donn\u00e9es<\/strong><\/p>\n<p>La dur\u00e9e du traitement de vos donn\u00e9es sera g\u00e9n\u00e9ralement d\u00e9termin\u00e9e par le moment o\u00f9 vous exercez votre droit d&rsquo;opposition, conform\u00e9ment \u00e0 l&rsquo;article 21, paragraphe 2 du r\u00e8glement europ\u00e9en n\u00b0 679\/2016. Il existe une exception pour les donn\u00e9es fournies dans le cadre du service de centre d&rsquo;appel, pour lesquelles la dur\u00e9e de traitement est g\u00e9n\u00e9ralement de 3 ans ou jusqu&rsquo;\u00e0 ce que le droit d&rsquo;opposition soit exerc\u00e9. En outre, tretinoins.com peut conserver les donn\u00e9es personnelles pendant une p\u00e9riode plus longue \u00e0 des fins de preuve et d&rsquo;archivage.  <\/p>\n\t\t\t\t\t\t\t\t<\/div>\n\t\t\t\t<\/div>\n\t\t\t\t\t<\/div>\n\t\t\t\t<\/div>\n\t\t\t\t<\/div>\n\t\t","protected":false},"excerpt":{"rendered":"<p>Politique de confidentialit\u00e9, GDPR L&rsquo;entit\u00e9 www.tretinoins.com, consciente de l&rsquo;importance de vos donn\u00e9es, s&rsquo;engage \u00e0 prot\u00e9ger votre vie priv\u00e9e et votre s\u00e9curit\u00e9. Il&hellip;<\/p>\n","protected":false},"author":1,"featured_media":0,"parent":0,"menu_order":0,"comment_status":"closed","ping_status":"closed","template":"","meta":{"footnotes":""},"class_list":["post-10553","page","type-page","status-publish","hentry"],"_links":{"self":[{"href":"https:\/\/tretinoins.com\/fr\/wp-json\/wp\/v2\/pages\/10553","targetHints":{"allow":["GET"]}}],"collection":[{"href":"https:\/\/tretinoins.com\/fr\/wp-json\/wp\/v2\/pages"}],"about":[{"href":"https:\/\/tretinoins.com\/fr\/wp-json\/wp\/v2\/types\/page"}],"author":[{"embeddable":true,"href":"https:\/\/tretinoins.com\/fr\/wp-json\/wp\/v2\/users\/1"}],"replies":[{"embeddable":true,"href":"https:\/\/tretinoins.com\/fr\/wp-json\/wp\/v2\/comments?post=10553"}],"version-history":[{"count":1,"href":"https:\/\/tretinoins.com\/fr\/wp-json\/wp\/v2\/pages\/10553\/revisions"}],"predecessor-version":[{"id":10557,"href":"https:\/\/tretinoins.com\/fr\/wp-json\/wp\/v2\/pages\/10553\/revisions\/10557"}],"wp:attachment":[{"href":"https:\/\/tretinoins.com\/fr\/wp-json\/wp\/v2\/media?parent=10553"}],"curies":[{"name":"wp","href":"https:\/\/api.w.org\/{rel}","templated":true}]}}