{"id":10470,"date":"2024-06-19T16:54:56","date_gmt":"2024-06-19T14:54:56","guid":{"rendered":"https:\/\/tretinoins.com\/modes-de-paiement\/"},"modified":"2025-06-16T20:34:11","modified_gmt":"2025-06-16T18:34:11","slug":"modes-de-paiement","status":"publish","type":"page","link":"https:\/\/tretinoins.com\/fr\/modes-de-paiement\/","title":{"rendered":"Modes de paiement"},"content":{"rendered":"\t\t<div data-elementor-type=\"wp-page\" data-elementor-id=\"10470\" class=\"elementor elementor-10470 elementor-4096\">\n\t\t\t\t<div class=\"elementor-element elementor-element-0457deb e-flex e-con-boxed e-con e-parent\" data-id=\"0457deb\" data-element_type=\"container\">\n\t\t\t\t\t<div class=\"e-con-inner\">\n\t\t\t\t<div class=\"elementor-element elementor-element-00304eb elementor-widget elementor-widget-text-editor\" data-id=\"00304eb\" data-element_type=\"widget\" data-widget_type=\"text-editor.default\">\n\t\t\t\t<div class=\"elementor-widget-container\">\n\t\t\t\t\t\t\t\t\t<p>Sur notre site web, nos clients disposent de deux options de paiement pour leurs commandes :<\/p>\n<ol>\n<li><strong>Paiement \u00e0 la livraison<\/strong>: Avec cette option, dans les pays disponibles, vous pouvez payer le coursier en esp\u00e8ces au moment o\u00f9 le colis arrive chez vous, sans avoir \u00e0 payer d&rsquo;avance. Ce mode de paiement n&rsquo;est disponible que dans les pays suivants, et nous nous effor\u00e7ons de l&rsquo;\u00e9tendre \u00e0 d&rsquo;autres pays \u00e0 l&rsquo;avenir : <\/li>\n<\/ol>\n<ul>\n<li>Bulgarie<\/li>\n<li>Hongrie<\/li>\n<li>Roumanie<\/li>\n<\/ul>\n<p>2. <strong> Paiement par carte<\/strong>: Avec cette m\u00e9thode, vous pouvez payer votre commande \u00e0 l&rsquo;avance en utilisant une carte de d\u00e9bit, et votre transaction sera trait\u00e9e par Viva Payments &#8211; une plateforme de paiement par carte en ligne. Viva Payments ne vous facturera pas de frais suppl\u00e9mentaires, de sorte que le prix que vous paierez sera exactement le prix affich\u00e9 \u00e0 la caisse. <\/p>\n\t\t\t\t\t\t\t\t<\/div>\n\t\t\t\t<\/div>\n\t\t\t\t\t<\/div>\n\t\t\t\t<\/div>\n\t\t\t\t<\/div>\n\t\t","protected":false},"excerpt":{"rendered":"<p>Sur notre site web, nos clients disposent de deux options de paiement pour leurs commandes : Paiement \u00e0 la livraison: Avec cette&hellip;<\/p>\n","protected":false},"author":1,"featured_media":0,"parent":0,"menu_order":0,"comment_status":"closed","ping_status":"closed","template":"","meta":{"footnotes":""},"class_list":["post-10470","page","type-page","status-publish","hentry"],"_links":{"self":[{"href":"https:\/\/tretinoins.com\/fr\/wp-json\/wp\/v2\/pages\/10470","targetHints":{"allow":["GET"]}}],"collection":[{"href":"https:\/\/tretinoins.com\/fr\/wp-json\/wp\/v2\/pages"}],"about":[{"href":"https:\/\/tretinoins.com\/fr\/wp-json\/wp\/v2\/types\/page"}],"author":[{"embeddable":true,"href":"https:\/\/tretinoins.com\/fr\/wp-json\/wp\/v2\/users\/1"}],"replies":[{"embeddable":true,"href":"https:\/\/tretinoins.com\/fr\/wp-json\/wp\/v2\/comments?post=10470"}],"version-history":[{"count":1,"href":"https:\/\/tretinoins.com\/fr\/wp-json\/wp\/v2\/pages\/10470\/revisions"}],"predecessor-version":[{"id":10472,"href":"https:\/\/tretinoins.com\/fr\/wp-json\/wp\/v2\/pages\/10470\/revisions\/10472"}],"wp:attachment":[{"href":"https:\/\/tretinoins.com\/fr\/wp-json\/wp\/v2\/media?parent=10470"}],"curies":[{"name":"wp","href":"https:\/\/api.w.org\/{rel}","templated":true}]}}