{"id":10387,"date":"2023-12-29T00:07:43","date_gmt":"2023-12-28T22:07:43","guid":{"rendered":"https:\/\/tretinoins.com\/politica-de-privacidad-y-gdpr\/"},"modified":"2025-06-16T20:29:52","modified_gmt":"2025-06-16T18:29:52","slug":"politica-de-privacidad-y-gdpr","status":"publish","type":"page","link":"https:\/\/tretinoins.com\/es\/politica-de-privacidad-y-gdpr\/","title":{"rendered":"Pol\u00edtica de privacidad y GDPR"},"content":{"rendered":"\t\t<div data-elementor-type=\"wp-page\" data-elementor-id=\"10387\" class=\"elementor elementor-10387 elementor-3249\">\n\t\t\t\t<div class=\"elementor-element elementor-element-61009a6 e-flex e-con-boxed e-con e-parent\" data-id=\"61009a6\" data-element_type=\"container\">\n\t\t\t\t\t<div class=\"e-con-inner\">\n\t\t\t\t<div class=\"elementor-element elementor-element-5337798 elementor-widget elementor-widget-text-editor\" data-id=\"5337798\" data-element_type=\"widget\" data-widget_type=\"text-editor.default\">\n\t\t\t\t<div class=\"elementor-widget-container\">\n\t\t\t\t\t\t\t\t\t<p><strong>Pol\u00edtica de privacidad, GDPR<\/strong><\/p>\n<p>La entidad www.tretinoins.com consciente de la importancia de tus datos, se compromete a proteger tu privacidad y seguridad. Por ello, es vital para nosotros proporcionar informaci\u00f3n relacionada con el tratamiento de tus datos personales de forma integrada y pr\u00e1ctica, dirigi\u00e9ndonos a ti como interesado (usuarios del sitio web tretinoins.com, clientes, clientes potenciales, consumidores, consumidores potenciales, empleados, antiguos empleados) dentro de la Pol\u00edtica de Tratamiento de Datos Personales, aplicable para los fines que se indican a continuaci\u00f3n. <\/p>\n<p>Esta pol\u00edtica se aplica a todos los dispositivos utilizados para acceder a tretinoins.com, incluidos los tel\u00e9fonos inteligentes y las tabletas. Si no est\u00e1s de acuerdo con los t\u00e9rminos y condiciones asociados a su uso (tal y como se presentan en este documento relativo a la protecci\u00f3n de datos personales, as\u00ed como en los documentos relacionados con las Condiciones Generales y la Pol\u00edtica de Privacidad relativos a informaci\u00f3n confidencial, derechos de autor, etc.), por favor, evita utilizar el sitio tretinoins.com. <\/p>\n<p>De conformidad con el Reglamento General de Protecci\u00f3n de Datos de la Uni\u00f3n Europea n\u00ba 679\/2016, conocido como el \u201cReglamento\u201d, que tiene por objeto proteger a las personas f\u00edsicas en lo que respecta al tratamiento de datos personales y a la libre circulaci\u00f3n de estos datos, tretinoins.com gestiona los datos personales que facilitas sobre ti de forma segura y exclusivamente para los fines especificados durante tu visita al sitio y la compra de productos vendidos en l\u00ednea.<\/p>\n<p>Al seleccionar la opci\u00f3n de aceptar las Condiciones Generales y la Pol\u00edtica de Tratamiento de Datos Personales o, en su caso, al continuar utilizando nuestro sitio y servicios despu\u00e9s de leer esta pol\u00edtica, confirmas tu consentimiento en relaci\u00f3n con esta Pol\u00edtica de Tratamiento de Datos Personales.<\/p>\n<p><strong>Fines de la recogida y tratamiento de tus datos personales<\/strong><\/p>\n<p>tretinoins.com recoge y procesa tus datos personales para los siguientes fines:<\/p>\n<ul>\n<li>Administraci\u00f3n, mejora y prestaci\u00f3n de los servicios y productos ofrecidos en el sitio web www.tretinoins.com<\/li>\n<li>Realizaci\u00f3n de actividades comerciales relacionadas con la venta de productos, incluyendo la realizaci\u00f3n, administraci\u00f3n y desarrollo de estas ventas, as\u00ed como la realizaci\u00f3n de estad\u00edsticas.<\/li>\n<li>Actividades de publicidad, marketing y propaganda, incluida la promoci\u00f3n de los productos presentes en el sitio web tretinoins.com, la realizaci\u00f3n de campa\u00f1as promocionales, el env\u00edo de boletines informativos, el seguimiento y control de las ventas y del comportamiento de los consumidores.<\/li>\n<li>Actividades post-venta, incluyendo la prestaci\u00f3n de servicios de relaci\u00f3n con el cliente, informando a los usuarios y clientes sobre la evaluaci\u00f3n de los productos ofrecidos (incluyendo la evaluaci\u00f3n de los productos en el sitio tretinoins.com), preguntas, situaciones sobre devoluciones o reemplazos de productos.<\/li>\n<li>Fines de prueba relacionados con las actividades mencionadas anteriormente y fines de archivo.<\/li>\n<\/ul>\n<p>Para lograr los fines mencionados anteriormente, tretinoins.com recopila y procesa las siguientes categor\u00edas de datos personales:<\/p>\n<p><strong>En relaci\u00f3n con la administraci\u00f3n, mejora y prestaci\u00f3n de los servicios y productos del sitio tretinoins.com:<\/strong><\/p>\n<ul>\n<li>Nombre, apellidos, direcci\u00f3n (domicilio\/residencia), direcci\u00f3n de correo electr\u00f3nico.<\/li>\n<li>Informaci\u00f3n t\u00e9cnica sobre el dispositivo del visitante, como ubicaci\u00f3n, direcci\u00f3n IP, tipo de equipo de hardware.<\/li>\n<li>Detalles relacionados con el intervalo de tiempo y la fecha de uso del sitio web tretinoins.com.<\/li>\n<li>Otra informaci\u00f3n obtenida a trav\u00e9s de cookies. Para obtener informaci\u00f3n adicional sobre las cookies, consulta la Pol\u00edtica de Cookies del sitio web. <\/li>\n<\/ul>\n<p><strong>En cuanto a la realizaci\u00f3n de actividades comerciales relacionadas con la venta de productos en www.tretinoins.com estudios de mercado y estad\u00edsticas:<\/strong><\/p>\n<ul>\n<li>Nombre, apellidos, direcci\u00f3n (domicilio\/residencia), n\u00famero de tel\u00e9fono, direcci\u00f3n de correo electr\u00f3nico.<\/li>\n<li>Direcciones de entrega.<\/li>\n<\/ul>\n<p><strong>En relaci\u00f3n con la publicidad, el marketing y la propaganda, incluida la promoci\u00f3n de los productos presentes en el sitio web tretinoins.com, la realizaci\u00f3n de campa\u00f1as promocionales, el env\u00edo de boletines informativos, el seguimiento y control de las ventas y del comportamiento de los consumidores:<\/strong><\/p>\n<ul>\n<li>Nombre y apellidos, n\u00famero de tel\u00e9fono\/fax, direcci\u00f3n de correo electr\u00f3nico, direcci\u00f3n (domicilio\/residencia).<\/li>\n<li>Preferencias\/h\u00e1bitos\/comportamiento.<\/li>\n<\/ul>\n<p><strong>En relaci\u00f3n con las actividades postventa, incluidos los servicios de relaciones con los clientes, la informaci\u00f3n a los usuarios\/clientes sobre la evaluaci\u00f3n de los productos que se encuentran en<\/strong> tretinoins.com, las<strong> cuestiones relacionadas con las devoluciones o sustituciones de productos:<\/strong><\/p>\n<ul>\n<li>Nombre y apellidos, n\u00famero de tel\u00e9fono\/fax, direcci\u00f3n de correo electr\u00f3nico, direcci\u00f3n (domicilio\/residencia).<\/li>\n<li>Voz, preferencias\/h\u00e1bitos\/comportamiento.<\/li>\n<li>Otros datos resultantes de las evaluaciones de los productos por parte de los clientes.<\/li>\n<\/ul>\n<p><strong>Con fines probatorios y de archivo:<\/strong><\/p>\n<ul>\n<li>Almacenar los datos personales mencionados para mantener registros relacionados con las actividades realizadas.<\/li>\n<li>Proteger los derechos ante los tribunales y ejercer otros derechos de acuerdo con la ley y los contratos celebrados.<\/li>\n<li>Cumplir los posibles requisitos de archivo de acuerdo con las disposiciones legales.<\/li>\n<\/ul>\n<p>No se recoger\u00e1n datos personales que gocen de una protecci\u00f3n especial, como el n\u00famero de identificaci\u00f3n personal, la serie y el n\u00famero del documento de identidad.<\/p>\n<p>Para lograr uno o varios de los fines mencionados anteriormente, tretinoins.com puede revelar tus datos personales a las siguientes categor\u00edas de destinatarios:<\/p>\n<ul>\n<li>Socios contractuales de tretinoins.com: Incluye las empresas con las que tretinoins.com mantiene colaboraciones. La divulgaci\u00f3n se realiza en base a un acuerdo de confidencialidad que garantiza la protecci\u00f3n de datos y el cumplimiento de la legislaci\u00f3n vigente. <\/li>\n<li>Proveedores de servicios: Esto incluye entidades que prestan servicios de marketing, servicios bancarios, servicios de mensajer\u00eda u otros servicios, as\u00ed como entidades que asisten a tretinoins.com en el tratamiento de datos como procesadores.<\/li>\n<li>Autoridades p\u00fablicas: Se refiere a instituciones como la Fiscal\u00eda, la Polic\u00eda, los tribunales y otras autoridades estatales, de acuerdo con las disposiciones legales o en respuesta a solicitudes formuladas expresamente.<\/li>\n<li>Otras empresas del mismo grupo que tretinoins.com: La divulgaci\u00f3n puede producirse de conformidad con la legislaci\u00f3n vigente y en el contexto del ejercicio de tu derecho de acceso en virtud del art\u00edculo 15 del Reglamento.<\/li>\n<li>T\u00fa como interesado: Se refiere a ti como interesado en el contexto del ejercicio de tu derecho de acceso en virtud del art\u00edculo 15 del Reglamento.<\/li>\n<\/ul>\n<p>Es importante se\u00f1alar que los datos registrados por tretinoins.com no se venden a terceros y se utilizan exclusivamente para mejorar los servicios ofrecidos por tretinoins.com.<\/p>\n<p>Al leer esta pol\u00edtica, te aseguras de que conoces los derechos garantizados por el Reglamento, como:<\/p>\n<ul>\n<li>Informaci\u00f3n relativa al tratamiento de datos personales: Art\u00edculos 13 y 14 del Reglamento.<\/li>\n<li>Acceso a los datos personales: Art\u00edculo 15 del Reglamento.<\/li>\n<li>Rectificaci\u00f3n de datos personales: Art\u00edculo 16 del Reglamento.<\/li>\n<li>Supresi\u00f3n (\u201cderecho al olvido\u201d) de datos personales: Art\u00edculo 17 del Reglamento.<\/li>\n<li>Obtenci\u00f3n de la limitaci\u00f3n del tratamiento: Art\u00edculo 18 del Reglamento.<\/li>\n<li>Portabilidad de los datos: Art\u00edculo 20 del Reglamento.<\/li>\n<li>Oponerse al tratamiento de datos personales: Art\u00edculo 21 del Reglamento, incluso con fines de marketing directo.<\/li>\n<li>No ser objeto de una decisi\u00f3n individual automatizada: Art\u00edculo 22 del Reglamento.<\/li>\n<li>Presentar una denuncia ante la Autoridad de Control ANSPDCP: Art\u00edculo 77 del Reglamento.<\/li>\n<li>Dirigirse al tribunal en caso de violaci\u00f3n de la legislaci\u00f3n: Art\u00edculos 78-79 del Reglamento.<\/li>\n<\/ul>\n<p>Para ejercer estos derechos, puedes enviar un correo electr\u00f3nico a tretinoins.com accediendo al formulario de contacto disponible en www.tretinoins.com\/contact. Tambi\u00e9n puedes oponerte en cualquier momento y sin necesidad de indicar los motivos al tratamiento de tus datos personales con fines de marketing directo presentando una solicitud a tretinoins.com accediendo al formulario de contacto disponible en www.tretinoins.com\/contact o enviando una solicitud por escrito, fechada y firmada a contact@tretinoins.com. Recibir\u00e1s confirmaci\u00f3n del registro de tu opci\u00f3n, junto con cualquier otra informaci\u00f3n pertinente. <\/p>\n<p><strong>Disposiciones especiales relativas a los menores<\/strong><\/p>\n<p>En sus actividades de tratamiento de datos, tretinoins.com no tiene como objetivo el tratamiento de datos personales de menores. Se presta especial atenci\u00f3n a garantizar que cualquier tratamiento de datos personales de menores cumpla los requisitos del Reglamento, de acuerdo con el Art\u00edculo 8, y s\u00f3lo se lleve a cabo en casos estrictamente determinados. <\/p>\n<p>Tretinoins.com no realiza actividades promocionales de marketing directo dirigidas a menores.<\/p>\n<p>Los menores de 14 a\u00f1os no pueden solicitar servicios ni interactuar de ning\u00fan modo en el sitio tretinoins.com, ni participar en concursos o campa\u00f1as organizados por tretinoins.com, a menos que lo haga en su nombre el representante legal o tutor del menor, de acuerdo con la ley.<\/p>\n<p>Los menores que hayan cumplido 14 a\u00f1os pueden comprar productos, solicitar y recibir comunicaciones de tretinoins.com s\u00f3lo con el consentimiento del representante legal o tutor, de acuerdo con la ley.<\/p>\n<p>Cualquier persona que proporcione datos personales a trav\u00e9s del sitio u otras aplicaciones o dispositivos cubiertos por esta pol\u00edtica confirma que es mayor de edad o que tiene plena capacidad de ejercicio.<\/p>\n<p>Cualquier recogida o tratamiento de datos personales de menores se realizar\u00e1 \u00fanicamente de acuerdo con la ley y teniendo en cuenta las disposiciones anteriores.<\/p>\n<p><strong>Duraci\u00f3n del tratamiento de datos<\/strong><\/p>\n<p>La duraci\u00f3n del tratamiento de tus datos se determinar\u00e1 generalmente en el momento en que ejerzas tu derecho de oposici\u00f3n, de acuerdo con el art\u00edculo 21, apartado 2, del Reglamento Europeo n\u00ba 679\/2016. Existe una excepci\u00f3n para los datos proporcionados dentro del servicio de centro de llamadas, para los que la duraci\u00f3n del tratamiento suele ser de 3 a\u00f1os o hasta que se ejerza el derecho de oposici\u00f3n. Adem\u00e1s, tretinoins.com puede conservar los datos personales durante un per\u00edodo m\u00e1s largo con fines probatorios y de archivo.  <\/p>\n\t\t\t\t\t\t\t\t<\/div>\n\t\t\t\t<\/div>\n\t\t\t\t\t<\/div>\n\t\t\t\t<\/div>\n\t\t\t\t<\/div>\n\t\t","protected":false},"excerpt":{"rendered":"<p>Pol\u00edtica de privacidad, GDPR La entidad www.tretinoins.com consciente de la importancia de tus datos, se compromete a proteger tu privacidad y seguridad.&hellip;<\/p>\n","protected":false},"author":1,"featured_media":0,"parent":0,"menu_order":0,"comment_status":"closed","ping_status":"closed","template":"","meta":{"footnotes":""},"class_list":["post-10387","page","type-page","status-publish","hentry"],"_links":{"self":[{"href":"https:\/\/tretinoins.com\/es\/wp-json\/wp\/v2\/pages\/10387","targetHints":{"allow":["GET"]}}],"collection":[{"href":"https:\/\/tretinoins.com\/es\/wp-json\/wp\/v2\/pages"}],"about":[{"href":"https:\/\/tretinoins.com\/es\/wp-json\/wp\/v2\/types\/page"}],"author":[{"embeddable":true,"href":"https:\/\/tretinoins.com\/es\/wp-json\/wp\/v2\/users\/1"}],"replies":[{"embeddable":true,"href":"https:\/\/tretinoins.com\/es\/wp-json\/wp\/v2\/comments?post=10387"}],"version-history":[{"count":1,"href":"https:\/\/tretinoins.com\/es\/wp-json\/wp\/v2\/pages\/10387\/revisions"}],"predecessor-version":[{"id":10389,"href":"https:\/\/tretinoins.com\/es\/wp-json\/wp\/v2\/pages\/10387\/revisions\/10389"}],"wp:attachment":[{"href":"https:\/\/tretinoins.com\/es\/wp-json\/wp\/v2\/media?parent=10387"}],"curies":[{"name":"wp","href":"https:\/\/api.w.org\/{rel}","templated":true}]}}