{"id":10318,"date":"2024-06-19T16:54:56","date_gmt":"2024-06-19T14:54:56","guid":{"rendered":"https:\/\/tretinoins.com\/formas-de-pago\/"},"modified":"2025-06-16T20:27:44","modified_gmt":"2025-06-16T18:27:44","slug":"formas-de-pago","status":"publish","type":"page","link":"https:\/\/tretinoins.com\/es\/formas-de-pago\/","title":{"rendered":"Formas de pago"},"content":{"rendered":"\t\t<div data-elementor-type=\"wp-page\" data-elementor-id=\"10318\" class=\"elementor elementor-10318 elementor-4096\">\n\t\t\t\t<div class=\"elementor-element elementor-element-0457deb e-flex e-con-boxed e-con e-parent\" data-id=\"0457deb\" data-element_type=\"container\">\n\t\t\t\t\t<div class=\"e-con-inner\">\n\t\t\t\t<div class=\"elementor-element elementor-element-00304eb elementor-widget elementor-widget-text-editor\" data-id=\"00304eb\" data-element_type=\"widget\" data-widget_type=\"text-editor.default\">\n\t\t\t\t<div class=\"elementor-widget-container\">\n\t\t\t\t\t\t\t\t\t<p>En nuestro sitio web, nuestros clientes tienen dos opciones de pago para sus pedidos:<\/p>\n<ol>\n<li><strong>Contra reembolso<\/strong>: Con esta opci\u00f3n, en los pa\u00edses disponibles puedes pagar al mensajero con dinero en efectivo en el momento de la llegada del paquete a tu ubicaci\u00f3n, por lo que no necesitas pagar por adelantado. Este m\u00e9todo de pago s\u00f3lo est\u00e1 disponible en los siguientes pa\u00edses, y trabajamos para a\u00f1adirlo a m\u00e1s pa\u00edses en el futuro: <\/li>\n<\/ol>\n<ul>\n<li>Bulgaria<\/li>\n<li>Hungr\u00eda<\/li>\n<li>Ruman\u00eda<\/li>\n<\/ul>\n<p>2. <strong> Pago con tarjeta<\/strong>: Con este m\u00e9todo, puedes pagar tu pedido por adelantado utilizando una tarjeta de d\u00e9bito, y tu transacci\u00f3n se procesar\u00e1 a trav\u00e9s de Viva Payments, una plataforma online de pago con tarjeta. Viva Payments no te cobrar\u00e1 ninguna comisi\u00f3n adicional, por lo que el precio que pagar\u00e1s ser\u00e1 exactamente el que aparezca en la caja. <\/p>\n\t\t\t\t\t\t\t\t<\/div>\n\t\t\t\t<\/div>\n\t\t\t\t\t<\/div>\n\t\t\t\t<\/div>\n\t\t\t\t<\/div>\n\t\t","protected":false},"excerpt":{"rendered":"<p>En nuestro sitio web, nuestros clientes tienen dos opciones de pago para sus pedidos: Contra reembolso: Con esta opci\u00f3n, en los pa\u00edses&hellip;<\/p>\n","protected":false},"author":1,"featured_media":0,"parent":0,"menu_order":0,"comment_status":"closed","ping_status":"closed","template":"","meta":{"footnotes":""},"class_list":["post-10318","page","type-page","status-publish","hentry"],"_links":{"self":[{"href":"https:\/\/tretinoins.com\/es\/wp-json\/wp\/v2\/pages\/10318","targetHints":{"allow":["GET"]}}],"collection":[{"href":"https:\/\/tretinoins.com\/es\/wp-json\/wp\/v2\/pages"}],"about":[{"href":"https:\/\/tretinoins.com\/es\/wp-json\/wp\/v2\/types\/page"}],"author":[{"embeddable":true,"href":"https:\/\/tretinoins.com\/es\/wp-json\/wp\/v2\/users\/1"}],"replies":[{"embeddable":true,"href":"https:\/\/tretinoins.com\/es\/wp-json\/wp\/v2\/comments?post=10318"}],"version-history":[{"count":1,"href":"https:\/\/tretinoins.com\/es\/wp-json\/wp\/v2\/pages\/10318\/revisions"}],"predecessor-version":[{"id":10319,"href":"https:\/\/tretinoins.com\/es\/wp-json\/wp\/v2\/pages\/10318\/revisions\/10319"}],"wp:attachment":[{"href":"https:\/\/tretinoins.com\/es\/wp-json\/wp\/v2\/media?parent=10318"}],"curies":[{"name":"wp","href":"https:\/\/api.w.org\/{rel}","templated":true}]}}