{"id":4698,"date":"2024-01-03T14:05:15","date_gmt":"2024-01-03T14:05:15","guid":{"rendered":"https:\/\/tretinoins.com\/crest-3d-white-luminous-mint-104g-whitening-zahnpasta\/"},"modified":"2024-07-16T16:46:57","modified_gmt":"2024-07-16T14:46:57","slug":"crest-3d-white-luminous-mint-104g-whitening-zahnpasta","status":"publish","type":"product","link":"https:\/\/tretinoins.com\/de\/crest-3d-white-luminous-mint-104g-whitening-zahnpasta\/","title":{"rendered":"Crest 3D White Luminous Mint 104g, Whitening Zahnpasta"},"content":{"rendered":"<h1 style=\"text-align: center;\"><strong>Crest 3D White Luminous Mint 104g, Whitening Zahnpasta<\/strong><\/h1>\n<p><strong>Beschreibung<\/strong><\/p>\n<p>Mit <strong>Crest 3D White Luminous Mint 104g, Whitening Zahnpasta<\/strong> von Crest, sorgen Sie daf\u00fcr, dass Ihre Mundhygiene-Routine Sie umfassend sch\u00fctzt und Ihnen ein strahlenderes L\u00e4cheln schenkt. Nehmen Sie diese Zahnpasta in Ihre t\u00e4gliche Routine auf und f\u00fchlen Sie sich bei jedem L\u00e4cheln sicher.<\/p>\n<p>&nbsp;<\/p>\n<p><strong>Eigenschaften:<\/strong><\/p>\n<ul>\n<li>Reinigt die Z\u00e4hne, auch an schwer zug\u00e4nglichen Stellen<\/li>\n<li>hellt die Z\u00e4hne auf<\/li>\n<li>Entfernt Flecken von den Z\u00e4hnen<\/li>\n<li>sch\u00fctzt vor Karies<\/li>\n<li>sch\u00fctzt den Zahnschmelz<\/li>\n<li>erfrischender Minzgeschmack<\/li>\n<\/ul>\n<p>&nbsp;<\/p>\n<p><strong>Wie zu verwenden:<\/strong><\/p>\n<p>Erwachsene und Kinder \u00fcber 2 Jahre: Putzen Sie sich die Z\u00e4hne nach jeder Mahlzeit oder mindestens zweimal t\u00e4glich gr\u00fcndlich, es sei denn, Ihr Arzt empfiehlt etwas anderes.<br \/>\nEs wird empfohlen, dass Kinder unter 6 Jahren eine erbsengro\u00dfe Menge der Paste verwenden und w\u00e4hrend des Z\u00e4hneputzens und Absp\u00fclens von einem Erwachsenen beaufsichtigt werden.<\/p>\n<p><strong>Zutaten:<\/strong><\/p>\n<p>Wirkstoff: Natriumfluorid 0,243% (0,16% w\/v Fluoridionen)<\/p>\n<p>Inaktive Bestandteile: Natriumfluorid (0,15% G\/V Fluoridionen) 0,243%, inaktive Bestandteile: Wasser, Sorbitol, hydratisiertes Siliziumdioxid, Dinatriumpyrophosphat, Natriumlaurylsulfat, Aroma, Natriumhydroxid, Cellulosegummi, Natriumsaccharin, Carbomer, Natriumpolysorbat. , Glimmer, Titandioxid, Blau 1.<\/p>\n<p><strong>Hersteller<\/strong>:<\/p>\n<p>Procter &amp; Gamble Global Privacu Tim, PO Box 599, Cincinnati, OH 45202, USA.<\/p>\n<p><strong>Lagerungsbedingungen:  <\/strong><\/p>\n<p>Lagern Sie das Produkt an einem dunklen, trockenen Ort bei einer Raumtemperatur von 0 bis +25\u00b0C, fern von direktem Sonnenlicht und Heizger\u00e4ten.<\/p>\n<p><strong>Vorsichtsma\u00dfnahmen:<\/strong><\/p>\n<p>Lassen Sie das Produkt nicht in der Reichweite von Kindern unter 6 Jahren!<br \/>\nVerwenden Sie das Produkt nicht bei Kindern unter 2 Jahren, es sei denn, es wird von einem Arzt empfohlen!<br \/>\nWenn Sie mehr Paste verschlucken, als f\u00fcr das normale Z\u00e4hneputzen verwendet wird, suchen Sie einen Arzt auf!<\/p>\n","protected":false},"excerpt":{"rendered":"<p>Crest 3D White Luminous Mint 104g, Whitening Zahnpasta Beschreibung Mit Crest 3D White Luminous Mint 104g, Whitening Zahnpasta von Crest, sorgen Sie&hellip;<\/p>\n","protected":false},"featured_media":4627,"comment_status":"open","ping_status":"closed","template":"","meta":[],"product_cat":[168],"product_tag":[],"class_list":{"0":"post-4698","1":"product","2":"type-product","3":"status-publish","4":"has-post-thumbnail","6":"product_cat-crest-zahnpasta","7":"pa_brands-crest-de","9":"first","10":"instock","11":"featured","12":"taxable","13":"shipping-taxable","14":"purchasable","15":"product-type-simple"},"_links":{"self":[{"href":"https:\/\/tretinoins.com\/de\/wp-json\/wp\/v2\/product\/4698","targetHints":{"allow":["GET"]}}],"collection":[{"href":"https:\/\/tretinoins.com\/de\/wp-json\/wp\/v2\/product"}],"about":[{"href":"https:\/\/tretinoins.com\/de\/wp-json\/wp\/v2\/types\/product"}],"replies":[{"embeddable":true,"href":"https:\/\/tretinoins.com\/de\/wp-json\/wp\/v2\/comments?post=4698"}],"version-history":[{"count":1,"href":"https:\/\/tretinoins.com\/de\/wp-json\/wp\/v2\/product\/4698\/revisions"}],"predecessor-version":[{"id":5454,"href":"https:\/\/tretinoins.com\/de\/wp-json\/wp\/v2\/product\/4698\/revisions\/5454"}],"wp:featuredmedia":[{"embeddable":true,"href":"https:\/\/tretinoins.com\/de\/wp-json\/wp\/v2\/media\/4627"}],"wp:attachment":[{"href":"https:\/\/tretinoins.com\/de\/wp-json\/wp\/v2\/media?parent=4698"}],"wp:term":[{"taxonomy":"product_cat","embeddable":true,"href":"https:\/\/tretinoins.com\/de\/wp-json\/wp\/v2\/product_cat?post=4698"},{"taxonomy":"product_tag","embeddable":true,"href":"https:\/\/tretinoins.com\/de\/wp-json\/wp\/v2\/product_tag?post=4698"}],"curies":[{"name":"wp","href":"https:\/\/api.w.org\/{rel}","templated":true}]}}