{"id":4697,"date":"2024-01-03T14:05:19","date_gmt":"2024-01-03T14:05:19","guid":{"rendered":"https:\/\/tretinoins.com\/crest-3d-white-arctic-fresh-107g-whitening-zahnpasta\/"},"modified":"2026-03-16T18:43:59","modified_gmt":"2026-03-16T16:43:59","slug":"crest-3d-white-arctic-fresh-107g-whitening-zahnpasta","status":"publish","type":"product","link":"https:\/\/tretinoins.com\/de\/crest-3d-white-arctic-fresh-107g-whitening-zahnpasta\/","title":{"rendered":"Crest 3D White Arctic Fresh 107g, Whitening Zahnpasta"},"content":{"rendered":"<h1 style=\"text-align: center;\"><strong>Crest 3D White Arctic Fresh 107g, Whitening Zahnpasta<\/strong><\/h1>\n<p><strong>Beschreibung<\/strong><\/p>\n<p>Mit der <strong>Crest 3D White Arctic Fresh, Whitening Zahnpasta<\/strong> von Crest erleben Sie tiefen Schutz als Teil Ihrer Mundhygiene-Routine und erhalten gleichzeitig ein strahlenderes L\u00e4cheln. Integrieren Sie diese Zahnpasta vertrauensvoll in Ihre t\u00e4gliche Routine und genie\u00dfen Sie das saubere, frische Gef\u00fchl, das Ihnen jedes Mal Selbstvertrauen gibt, wenn Sie l\u00e4cheln.<\/p>\n<p>&nbsp;<\/p>\n<p><strong>Eigenschaften:<\/strong><\/p>\n<ul>\n<li>Macht die Z\u00e4hne wei\u00df<\/li>\n<li>Reinigt die Z\u00e4hne, auch an schwer zug\u00e4nglichen Stellen<\/li>\n<li>Starker, erfrischender Minzgeschmack &#8211; hinterl\u00e4sst eine lang anhaltende Frische<\/li>\n<li>Entfernt Flecken von der Oberfl\u00e4che der Z\u00e4hne<\/li>\n<li>Verleiht den Z\u00e4hnen Glanz<\/li>\n<li>Sch\u00fctzt den Zahnschmelz<\/li>\n<\/ul>\n<p>&nbsp;<\/p>\n<p><strong>Wie zu verwenden:<\/strong><\/p>\n<p>Erwachsene und Kinder \u00fcber 2 Jahre: Putzen Sie sich die Z\u00e4hne nach jeder Mahlzeit oder mindestens zweimal t\u00e4glich gr\u00fcndlich, es sei denn, Ihr Arzt empfiehlt etwas anderes.<br \/>\nEs wird empfohlen, dass Kinder unter 6 Jahren eine erbsengro\u00dfe Menge der Paste verwenden und w\u00e4hrend des Z\u00e4hneputzens und Absp\u00fclens von einem Erwachsenen beaufsichtigt werden.<\/p>\n<p><strong>Zutaten:<\/strong><\/p>\n<p>Wirkstoff: Natriumfluorid 0,243% (0,15% g\/v Fluoridion).<\/p>\n<p>Inaktive Bestandteile: Wasser, Sorbitol, hydratisiertes Siliziumdioxid, Dinatriumpyrophosphat, Natriumlaurylsulfat, Aroma, Cellulosegummi, Natriumhydroxid, Natriumsaccharin, Carbomer, Glimmer, Titandioxid.<\/p>\n<p><strong>Hersteller<\/strong>:<\/p>\n<p>Procter &amp; Gamble Global Privacu Tim, PO Box 599, Cincinnati, OH 45202, USA.<\/p>\n<p><strong>Lagerungsbedingungen:  <\/strong><\/p>\n<p>Lagern Sie das Produkt an einem dunklen, trockenen Ort bei einer Raumtemperatur von 0 bis +25\u00b0C, fern von direktem Sonnenlicht und Heizger\u00e4ten.<\/p>\n<p><strong>Vorsichtsma\u00dfnahmen:<\/strong><\/p>\n<p>Lassen Sie das Produkt nicht in der Reichweite von Kindern unter 6 Jahren!<br \/>\nVerwenden Sie das Produkt nicht bei Kindern unter 2 Jahren, es sei denn, es wird von einem Arzt empfohlen!<br \/>\nWenn Sie mehr Paste verschlucken, als f\u00fcr das normale Z\u00e4hneputzen verwendet wird, suchen Sie einen Arzt auf!<\/p>\n","protected":false},"excerpt":{"rendered":"<p>Crest 3D White Arctic Fresh 107g, Whitening Zahnpasta Beschreibung Mit der Crest 3D White Arctic Fresh, Whitening Zahnpasta von Crest erleben Sie&hellip;<\/p>\n","protected":false},"featured_media":4626,"comment_status":"open","ping_status":"closed","template":"","meta":[],"product_cat":[168],"product_tag":[484,618],"class_list":{"0":"post-4697","1":"product","2":"type-product","3":"status-publish","4":"has-post-thumbnail","6":"product_cat-crest-zahnpasta","7":"product_tag-crest-3d-weis","8":"product_tag-wappen-3d","10":"first","11":"instock","12":"featured","13":"taxable","14":"shipping-taxable","15":"purchasable","16":"product-type-simple"},"_links":{"self":[{"href":"https:\/\/tretinoins.com\/de\/wp-json\/wp\/v2\/product\/4697","targetHints":{"allow":["GET"]}}],"collection":[{"href":"https:\/\/tretinoins.com\/de\/wp-json\/wp\/v2\/product"}],"about":[{"href":"https:\/\/tretinoins.com\/de\/wp-json\/wp\/v2\/types\/product"}],"replies":[{"embeddable":true,"href":"https:\/\/tretinoins.com\/de\/wp-json\/wp\/v2\/comments?post=4697"}],"version-history":[{"count":1,"href":"https:\/\/tretinoins.com\/de\/wp-json\/wp\/v2\/product\/4697\/revisions"}],"predecessor-version":[{"id":4782,"href":"https:\/\/tretinoins.com\/de\/wp-json\/wp\/v2\/product\/4697\/revisions\/4782"}],"wp:featuredmedia":[{"embeddable":true,"href":"https:\/\/tretinoins.com\/de\/wp-json\/wp\/v2\/media\/4626"}],"wp:attachment":[{"href":"https:\/\/tretinoins.com\/de\/wp-json\/wp\/v2\/media?parent=4697"}],"wp:term":[{"taxonomy":"product_cat","embeddable":true,"href":"https:\/\/tretinoins.com\/de\/wp-json\/wp\/v2\/product_cat?post=4697"},{"taxonomy":"product_tag","embeddable":true,"href":"https:\/\/tretinoins.com\/de\/wp-json\/wp\/v2\/product_tag?post=4697"}],"curies":[{"name":"wp","href":"https:\/\/api.w.org\/{rel}","templated":true}]}}