{"id":4686,"date":"2024-01-03T13:59:51","date_gmt":"2024-01-03T13:59:51","guid":{"rendered":"https:\/\/tretinoins.com\/tretinoin-creme-0025-30g-tretin-hh\/"},"modified":"2026-04-23T13:09:11","modified_gmt":"2026-04-23T11:09:11","slug":"tretinoin-creme-0025-30g-tretin-hh","status":"publish","type":"product","link":"https:\/\/tretinoins.com\/de\/tretinoin-creme-0025-30g-tretin-hh\/","title":{"rendered":"Tretinoin Creme 0.025%, 30g, Tretin, H&amp;H, Anti-Akne, Anti-Falten"},"content":{"rendered":"<h1 data-pm-slice=\"0 0 []\" data-en-clipboard=\"true\">Der ultimative Ratgeber zu Tretinoin Creme 0,025%, 30g: Erschwingliches Tretin f\u00fcr strahlende Haut mit H&amp;H<\/h1>\n<hr>\n<h2><b>Einf\u00fchrung: Warum die Tretinoin-Creme den Hype wert ist<\/b><\/h2>\n<div>Haben Sie schon einmal von einer magischen Creme geh\u00f6rt, die Ihre Haut verwandeln, Akne vertreiben und die ersten l\u00e4stigen Zeichen der Hautalterung bek\u00e4mpfen kann? Die Tretinoin Creme 0,025%, 30g hat sich in der Welt der Hautpflege einen Namen gemacht, und das aus gutem Grund! Ganz gleich, ob Sie mit hartn\u00e4ckigen Ausbr\u00fcchen zu k\u00e4mpfen haben oder ob Sie bemerken, dass Ihre Lachfalten l\u00e4nger bestehen, als Ihnen lieb ist, dieses erschwingliche Juwel &#8211; insbesondere das Affordable Tretin von H&amp;H &#8211; k\u00f6nnte die L\u00f6sung sein, die Sie brauchen. Und das Beste daran? Es ist preisg\u00fcnstig, ohne dass Sie Abstriche bei der Qualit\u00e4t machen m\u00fcssen.    <\/div>\n<div>Wenn Sie endlos nach Hautpflegel\u00f6sungen gegoogelt haben, wie ein Detektiv versuchen, die Listen der Inhaltsstoffe zu entziffern, oder es Sie einfach juckt, Ihre Selbstpflegeroutine zu verbessern, dann bleiben Sie dran! In diesem Ratgeber erfahren Sie alles, was Sie \u00fcber die Tretinoin Creme 0,025%, 30g wissen m\u00fcssen, wie sie angewendet wird, welche Vorteile sie bietet und wie diese kleine, aber feine Tube von Affordable Tretin by H&amp;H Ihre Hautpflege f\u00fcr immer ver\u00e4ndern kann. <\/div>\n<hr>\n<h2><b>Die Wirkung von Tretinoin Creme 0,025%, 30g verstehen<\/b><\/h2>\n<h3><b>Was ist Tretinoin Creme \u00fcberhaupt?<\/b><\/h3>\n<div>Die Tretinoin-Creme ist keine gew\u00f6hnliche Feuchtigkeitscreme oder Fleckenbehandlung &#8211; sie ist ein starkes Retinoid, das aus Vitamin A gewonnen wird:<\/div>\n<ul>\n<li>\n<div>Bek\u00e4mpft Akne, indem es die Poren freimacht und Ausbr\u00fcche verhindert.<\/div>\n<\/li>\n<li>\n<div>Minimieren Sie das Erscheinungsbild von feinen Linien und Falten.<\/div>\n<\/li>\n<li>\n<div>Gleicht den Hautton aus und reduziert dunkle Flecken.<\/div>\n<\/li>\n<li>\n<div>Stimulieren Sie die Kollagenproduktion f\u00fcr eine straffere, glattere Haut.<\/div>\n<\/li>\n<\/ul>\n<div>Die Tretinoin Creme 0,025%, 30g ist ein Fan-Favorit, weil sie sanft genug f\u00fcr Anf\u00e4nger ist, aber dennoch eine starke Wirkung hat. Und im Vergleich zu High-End-Produkten mit \u00e4hnlichen Inhaltsstoffen liefert Affordable Tretin von H&amp;H beeindruckende Ergebnisse zu einem Bruchteil des Preises. <\/div>\n<hr>\n<h2><b>Warum sollten Sie sich f\u00fcr Affordable Tretin von H&amp;H entscheiden?<\/b><\/h2>\n<div>Es gibt Dutzende von Tretinoin-Cremes auf dem Markt. Was macht Affordable Tretin von H&amp;H so besonders?<\/div>\n<ol>\n<li>\n<div><b>Budgetfreundlicher Preis<\/b>: Seien wir ehrlich: Hautpflege kann ein Loch in Ihren Geldbeutel rei\u00dfen. Affordable Tretin macht seinem Namen alle Ehre und bietet Tretinoin Creme 0,025%, 30g zu einem Preis, der Sie nicht zusammenzucken l\u00e4sst. <\/div>\n<\/li>\n<li>\n<div><b>Hochwertige Zutaten<\/b>: Nur weil es erschwinglich ist, hei\u00dft das nicht, dass an allen Ecken und Enden gespart wird. Affordable Tretin gew\u00e4hrleistet, dass Sie alle Vorteile von Tretinoin ohne Kompromisse nutzen k\u00f6nnen. <\/div>\n<\/li>\n<li>\n<div><b>Eine vertrauensw\u00fcrdige Marke<\/b>: H&amp;H hat sich als zuverl\u00e4ssiger Name in der Hautpflege einen Namen gemacht. Sie wissen also, dass Sie in guten H\u00e4nden sind!<\/div>\n<\/li>\n<li>\n<div><b>Leicht zug\u00e4nglich<\/b>: Vergessen Sie lange Wartezeiten oder vergriffene Artikel &#8211; das erschwingliche Tretin von H&amp;H ist problemlos online erh\u00e4ltlich, so dass Sie es nicht in Fachgesch\u00e4ften suchen m\u00fcssen.<\/div>\n<\/li>\n<\/ol>\n<hr>\n<h2><b>So verwenden Sie Tretinoin Creme 0,025%, 30g f\u00fcr beste Ergebnisse<\/b><\/h2>\n<div>Die effektive Anwendung von Tretinoin-Creme h\u00e4ngt von einer guten Routine ab &#8211; einer klugen, geduldigen und konsequenten. Und warum? Weil Tretinoin eine starke Substanz ist und Ihre Haut Zeit braucht, um sich darauf einzustellen. Hier ist eine Schritt-f\u00fcr-Schritt-Anleitung f\u00fcr den Anfang:   <\/div>\n<h3><b>Schritt 1: Sanftes Reinigen<\/b><\/h3>\n<div>Verwenden Sie ein mildes, nicht austrocknendes Reinigungsmittel, um Schmutz, Make-up und \u00d6le zu entfernen. Harte Seifen k\u00f6nnen Ihre Haut reizen und die Wirksamkeit von Tretinoin beeintr\u00e4chtigen. <\/div>\n<h3><b>Schritt 2: Warten, dann anwenden<\/b><\/h3>\n<div>Stellen Sie sicher, dass Ihr Gesicht vollst\u00e4ndig trocken ist! Wenn Sie Tretinoin auf feuchte Haut auftragen, kann die Wirkung verst\u00e4rkt werden, was zu Irritationen f\u00fchren kann. Verwenden Sie eine erbsengro\u00dfe Menge &#8211; ja, nur eine erbsengro\u00dfe Menge. Glauben Sie mir, eine kleine Menge reicht v\u00f6llig aus!   <\/div>\n<h3><b>Schritt 3: Befeuchten, befeuchten, befeuchten<\/b><\/h3>\n<div>Verwenden Sie anschlie\u00dfend immer eine feuchtigkeitsspendende, parf\u00fcmfreie Feuchtigkeitscreme. Wenn sich Ihre Haut besonders trocken anf\u00fchlt oder sich zu sch\u00e4len beginnt (keine Panik &#8211; das ist normal!), tragen Sie eine dickere Schicht Feuchtigkeitscreme auf. <\/div>\n<h3><b>Schritt 4: Sonnenschutz ist unverzichtbar<\/b><\/h3>\n<div>Tretinoin kann Ihre Haut empfindlicher gegen\u00fcber der Sonne machen, daher ist LSF Ihr neuer bester Freund. Entscheiden Sie sich tags\u00fcber f\u00fcr einen Breitspektrum-Sonnenschutz mit mindestens LSF 30. <\/div>\n<hr>\n<h2><b>Profi-Tipps f\u00fcr einen nahtlosen \u00dcbergang zu Tretinoin<\/b><\/h2>\n<ul>\n<li>\n<div><b>Beginnen Sie langsam<\/b>: Verwenden Sie Tretinoin Creme 0,025%, 30g jede zweite Nacht, damit sich Ihre Haut akklimatisieren kann. Sobald Sie sich wohlf\u00fchlen, k\u00f6nnen Sie auf eine n\u00e4chtliche Anwendung hinarbeiten. <\/div>\n<\/li>\n<li>\n<div><b>Vermeiden Sie harte Peelings<\/b>: Verzichten Sie auf Peelings und S\u00e4uren, die Ihre Haut w\u00e4hrend der Behandlung mit Tretinoin weiter reizen k\u00f6nnten.<\/div>\n<\/li>\n<li>\n<div><b>Haben Sie Geduld<\/b>: Ergebnisse brauchen Zeit! Es kann sein, dass Sie eine gef\u00fcrchtete \u201eEntschlackungsphase\u201c erleben (in der Ihre Haut vor\u00fcbergehend ausbricht), aber geben Sie nicht auf &#8211; es ist Ihre Haut, die den Schleim aus ihrem Inneren ausscheidet. <\/div>\n<\/li>\n<li>\n<div><b>Bleiben Sie bei einfachen Produkten<\/b>: Kombinieren Sie Tretinoin mit einer sanften Routine. Je weniger Inhaltsstoffe, Duftstoffe und Reizstoffe, desto besser. <\/div>\n<\/li>\n<\/ul>\n<hr>\n<h2><b>Vorteile von Tretinoin Creme 0,025%, 30g<\/b><\/h2>\n<div>Was macht diese kleine Tube Tretinoin-Creme so besonders? Lassen Sie uns ihre Magie aufschl\u00fcsseln: <\/div>\n<ul>\n<li>\n<div><b>Anti-Aging-Held<\/b>: Tretinoin beschleunigt den Zellumsatz der Haut und mildert so mit der Zeit Falten und feine Linien.<\/div>\n<\/li>\n<li>\n<div><b>Hellt stumpfe Haut auf<\/b>: Wenn Sie einen ungleichm\u00e4\u00dfigen Hautton oder eine ungleichm\u00e4\u00dfige Textur haben, kann Tretinoin helfen, diese auszugleichen.<\/div>\n<\/li>\n<li>\n<div><b>Bek\u00e4mpft Akne<\/b>: Von Mitessern bis hin zu zystischen Pickeln, Tretinoin wirkt an allen Fronten, um Ihre Haut zu kl\u00e4ren.<\/div>\n<\/li>\n<li>\n<div><b>Langfristige Wirkung<\/b>: Die Vorteile summieren sich im Laufe der Zeit. Je l\u00e4nger Sie dabei bleiben, desto besser wird Ihre Haut aussehen!<\/div>\n<\/li>\n<\/ul>\n<hr>\n<h2><b>Erschwinglicher Tretin von H&amp;H im Vergleich zu den Wettbewerbern: Warum er ein Gewinner ist<\/b><\/h2>\n<div>Wenn Sie die Tretinoin Creme 0,025%, 30g von Affordable Tretin mit anderen Marken vergleichen, ist das kein Problem. Hier sehen Sie, wie sie abschneidet: <\/div>\n<table width=\"564px\">\n<colgroup>\n<col>\n<col>\n<col><\/colgroup>\n<tbody>\n<tr>\n<th data-colwidth=\"188\">\n<div><b>Merkmal<\/b><\/div>\n<\/th>\n<th data-colwidth=\"188\">\n<div><b>Erschwinglicher Tretin (H&amp;H)<\/b><\/div>\n<\/th>\n<th data-colwidth=\"188\">\n<div><b>Konkurrierende Marken<\/b><\/div>\n<\/th>\n<\/tr>\n<tr>\n<td data-colwidth=\"188\">\n<div><b>Preis<\/b><\/div>\n<\/td>\n<td data-colwidth=\"188\">\n<div>Budgetfreundlich<\/div>\n<\/td>\n<td data-colwidth=\"188\">\n<div>Oft teuer<\/div>\n<\/td>\n<\/tr>\n<tr>\n<td data-colwidth=\"188\">\n<div><b>Qualit\u00e4t der Zutaten<\/b><\/div>\n<\/td>\n<td data-colwidth=\"188\">\n<div>Hochwertige Qualit\u00e4t<\/div>\n<\/td>\n<td data-colwidth=\"188\">\n<div>Kann variieren<\/div>\n<\/td>\n<\/tr>\n<tr>\n<td data-colwidth=\"188\">\n<div><b>Zug\u00e4nglichkeit<\/b><\/div>\n<\/td>\n<td data-colwidth=\"188\">\n<div>Einfach online kaufen<\/div>\n<\/td>\n<td data-colwidth=\"188\">\n<div>Begrenzt<\/div>\n<\/td>\n<\/tr>\n<tr>\n<td data-colwidth=\"188\">\n<div><b>Kundenbetreuung<\/b><\/div>\n<\/td>\n<td data-colwidth=\"188\">\n<div>Zuverl\u00e4ssig<\/div>\n<\/td>\n<td data-colwidth=\"188\">\n<div>Erfolg oder Misserfolg<\/div>\n<\/td>\n<\/tr>\n<\/tbody>\n<\/table>\n<div>Mit Affordable Tretin von H&amp;H erhalten Sie erstklassige Leistung, ohne viel Geld ausgeben zu m\u00fcssen. Ist es nicht das, was wir alle wollen? <\/div>\n<hr>\n<h2><b>H\u00e4ufig gestellte Fragen zu Tretinoin Creme 0,025%, 30g<\/b><\/h2>\n<h3><b>1. Wie lange h\u00e4lt eine 30g-Tube?<\/b><\/h3>\n<div>Eine kleine Menge reicht f\u00fcr eine lange Zeit! Wenn Sie jede Nacht eine erbsengro\u00dfe Menge verwenden, reicht eine 30g-Tube f\u00fcr etwa 4-6 Monate. <\/div>\n<h3><b>2. Kann ich es tags\u00fcber benutzen?<\/b><\/h3>\n<div>Tretinoin wird in der Regel nachts angewendet, da es Ihre Haut empfindlich gegen\u00fcber Sonnenlicht machen kann. Verwenden Sie es tags\u00fcber immer zusammen mit einem Sonnenschutzmittel. <\/div>\n<h3><b>3. Ist Tretinoin Creme 0,025% sicher f\u00fcr Anf\u00e4nger?<\/b><\/h3>\n<div>Auf jeden Fall! Diese niedrigere Konzentration ist perfekt f\u00fcr diejenigen, die noch keine Erfahrung mit Retinoiden haben, da sie wirksam ist, aber bei richtiger Anwendung weniger Irritationen verursacht. <\/div>\n<h3><b>4. Wird meine Haut entschlacken?<\/b><\/h3>\n<div>Das ist m\u00f6glich! Wenn Sie mit der Behandlung mit Tretinoin beginnen, ist es normal, dass die Haut gereinigt wird, da es den Zellumsatz beschleunigt und eingeschlossene Unreinheiten beseitigt. Bleiben Sie dabei, und Ihre Geduld wird sich auszahlen.  <\/div>\n<h3><b>5. Kann ich es zusammen mit anderen Wirkstoffen verwenden?<\/b><\/h3>\n<div>Halten Sie es anfangs am besten einfach und vermeiden Sie scharfe Wirkstoffe (wie AHAs oder BHAs). Sobald sich Ihre Haut daran gew\u00f6hnt hat, k\u00f6nnen Sie langsam und vorsichtig weitere Inhaltsstoffe einf\u00fchren. <\/div>\n<hr>\n<h2><b>Ihr Held der Hautpflege erwartet Sie<\/b><\/h2>\n<div>Tretinoin Creme 0,025%, 30g ist ein leistungsstarkes Produkt, das Ihre Haut wirklich zum Besseren ver\u00e4ndern kann. Ganz gleich, ob Sie sich klarere Poren, eine glattere Textur oder eine jugendlichere Ausstrahlung w\u00fcnschen, Affordable Tretin von H&amp;H bietet Ihnen eine erschwingliche L\u00f6sung, ohne die Bank zu sprengen. <\/div>\n<div>Ja, es erfordert Ausdauer und Geduld &#8211; aber eine unglaubliche Haut erwartet denjenigen, der dranbleibt! Wenn Sie bereit sind, Ihre Hautpflegeroutine zu verbessern, holen Sie sich eine Tube Affordable Tretin von H&amp;H und beobachten Sie, wie sich die Magie entfaltet. Von der Bek\u00e4mpfung l\u00e4stiger Akne bis hin zur Steigerung der Ausstrahlung &#8211; Ihre Haut wird Ihnen diese Entscheidung danken.  <\/div>\n<div>Also, worauf warten Sie noch? Lassen Sie Tretinoin Creme 0,025%, 30g die Geheimwaffe in Ihrem Hautpflege-Arsenal sein &#8211; denn bezahlbare Tr\u00e4ume <i>werden<\/i> wahr! <\/div>\n","protected":false},"excerpt":{"rendered":"<p>Entdecken Sie, warum Tretinoin Creme 0,025%, 30g die ultimative L\u00f6sung f\u00fcr erschwingliche Hautpflege ist &#8211; mit Affordable Tretin von H&amp;H. Erfahren Sie, welche Vorteile es hat, wie Sie es verwenden und wo Sie es finden k\u00f6nnen, um eine strahlende, jugendliche Haut zu erhalten, ohne viel Geld auszugeben. <\/p>\n","protected":false},"featured_media":4622,"comment_status":"open","ping_status":"closed","template":"","meta":[],"product_cat":[169],"product_tag":[406,420,419,418],"class_list":{"0":"post-4686","1":"product","2":"type-product","3":"status-publish","4":"has-post-thumbnail","6":"product_cat-gesichtspflege","7":"product_tag-tretin-de","8":"product_tag-tretin-creme","9":"product_tag-tretinoin-creme","10":"product_tag-tretinoin-creme-0025","12":"first","13":"instock","14":"taxable","15":"shipping-taxable","16":"purchasable","17":"product-type-simple"},"_links":{"self":[{"href":"https:\/\/tretinoins.com\/de\/wp-json\/wp\/v2\/product\/4686","targetHints":{"allow":["GET"]}}],"collection":[{"href":"https:\/\/tretinoins.com\/de\/wp-json\/wp\/v2\/product"}],"about":[{"href":"https:\/\/tretinoins.com\/de\/wp-json\/wp\/v2\/types\/product"}],"replies":[{"embeddable":true,"href":"https:\/\/tretinoins.com\/de\/wp-json\/wp\/v2\/comments?post=4686"}],"version-history":[{"count":3,"href":"https:\/\/tretinoins.com\/de\/wp-json\/wp\/v2\/product\/4686\/revisions"}],"predecessor-version":[{"id":10147,"href":"https:\/\/tretinoins.com\/de\/wp-json\/wp\/v2\/product\/4686\/revisions\/10147"}],"wp:featuredmedia":[{"embeddable":true,"href":"https:\/\/tretinoins.com\/de\/wp-json\/wp\/v2\/media\/4622"}],"wp:attachment":[{"href":"https:\/\/tretinoins.com\/de\/wp-json\/wp\/v2\/media?parent=4686"}],"wp:term":[{"taxonomy":"product_cat","embeddable":true,"href":"https:\/\/tretinoins.com\/de\/wp-json\/wp\/v2\/product_cat?post=4686"},{"taxonomy":"product_tag","embeddable":true,"href":"https:\/\/tretinoins.com\/de\/wp-json\/wp\/v2\/product_tag?post=4686"}],"curies":[{"name":"wp","href":"https:\/\/api.w.org\/{rel}","templated":true}]}}