{"id":14808,"date":"2024-08-27T14:27:21","date_gmt":"2024-08-27T12:27:21","guid":{"rendered":"https:\/\/tretinoins.com\/minoxidil-5-loesung-kirkland-haar-und-bartwuchsmittel\/"},"modified":"2026-01-27T20:42:11","modified_gmt":"2026-01-27T18:42:11","slug":"minoxidil-5-loesung-kirkland-haar-und-bartwuchsmittel","status":"publish","type":"product","link":"https:\/\/tretinoins.com\/de\/minoxidil-5-loesung-kirkland-haar-und-bartwuchsmittel\/","title":{"rendered":"Minoxidil 5% L\u00f6sung, Kirkland, Haar- und Bartwuchsmittel"},"content":{"rendered":"<h1>Von Stoppeln zum Ruhm: Wie Minoxidil 5% L\u00f6sung von Kirkland das Haar- und Bartwachstum ver\u00e4ndert<\/h1>\n<p>Gesichtsbehaarung und \u00fcppige Locken sind zu entscheidenden Merkmalen des modernen Stils geworden. Ganz gleich, ob Sie einen scharfen, Instagram-w\u00fcrdigen Bart anstreben oder versuchen, die d\u00fcnner werdenden Haare zu bek\u00e4mpfen, die Suche nach der richtigen Behandlung kann sich anf\u00fchlen, als w\u00fcrden Sie einen Fisch in einem Fass erlegen. Der Markt ist \u00fcberschwemmt mit Versprechungen, aber nur wenige Produkte liefern durchweg wissenschaftlich belegte Ergebnisse. Hier kommt <strong>Minoxidil 5% Solution, Kirkland<\/strong>, eine bahnbrechende Behandlung f\u00fcr Haar- und Bartwuchs.   <\/p>\n<p>F\u00fcr diejenigen, die mit erblich bedingter Kahlheit, l\u00fcckenhaften B\u00e4rten oder sch\u00fctterem Haar zu k\u00e4mpfen haben, k\u00f6nnte Ihre Suche hier enden. Die Minoxidil-L\u00f6sung von Kirkland ist aus gutem Grund in aller Munde. Aber hier ist die Millionen-Dollar-Frage: Funktioniert es, und ist es den ganzen Hype wert? Schnallen Sie sich an &#8211; wir tauchen tief in dieses Wunder in einer Flasche ein.   <\/p>\n<hr>\n<h1>Was ist der Hype um Minoxidil 5% L\u00f6sung, Kirkland?<\/h1>\n<h2>Die Wissenschaft hinter Minoxidil<\/h2>\n<p>Bevor wir \u00fcber das Produkt selbst sprechen, lassen Sie uns die brennende Frage kl\u00e4ren: Wie funktioniert Minoxidil? Wissenschaftler entwickelten diese Formel urspr\u00fcnglich zur Behandlung von Bluthochdruck. Seltsamerweise trat bei den Tests eine merkw\u00fcrdige Nebenwirkung auf &#8211; das Haarwachstum! Das ist doch ein gl\u00fccklicher Zufall, oder?   <\/p>\n<p>Minoxidil wirkt, indem es die Blutgef\u00e4\u00dfe \u00f6ffnet und den Blutfluss zu den Haarfollikeln erh\u00f6ht, wodurch sie mit den N\u00e4hrstoffen versorgt werden, die sie zum Gedeihen ben\u00f6tigen. Die Anagen- oder Wachstumsphase des Haarzyklus wird verl\u00e4ngert, was zu dichterem, ges\u00fcnderem Haar in Bereichen f\u00fchrt, die zuvor d\u00fcnn oder kahl waren. <\/p>\n<h3>Wichtige Eigenschaften von Kirkland&#8217;s Minoxidil 5% L\u00f6sung<\/h3>\n<p>Kirkland, eine Marke, die daf\u00fcr bekannt ist, ein gutes Preis-Leistungs-Verh\u00e4ltnis zu bieten, ohne an der Qualit\u00e4t zu sparen, hat sein Angebot mit einer schn\u00f6rkellosen 5%igen Minoxidil-Formel erweitert. Das ist das Besondere daran: <\/p>\n<ul>\n<li><strong>Hohe Konzentration:<\/strong> 5% ist der Sweet Spot f\u00fcr eine klinisch bew\u00e4hrte Minoxidil-Dosis.<\/li>\n<li><strong>Gezielte Wirkung:<\/strong> Ideal f\u00fcr Geheimratsecken, sch\u00fcttere Kronen und ungleichm\u00e4\u00dfigen Bartwuchs.<\/li>\n<li><strong>Kosteng\u00fcnstig:<\/strong> Erschwingliche Preise im Vergleich zu anderen gro\u00dfen Markenl\u00f6sungen.<\/li>\n<li><strong>Von Dermatologen getestet:<\/strong> Auch wenn es nicht f\u00fcr jeden geeignet ist, ist es im Allgemeinen f\u00fcr die meisten Hauttypen sicher, wenn es wie vorgeschrieben angewendet wird.<\/li>\n<\/ul>\n<hr>\n<h1>Warum sollten Sie Kirkland anderen Marken vorziehen?<\/h1>\n<p>Seien wir ehrlich: Der Markt ist \u00fcberschwemmt mit Nachahmern. Von gro\u00dfen Namen, die himmelhohe Preise verlangen, bis hin zu dubiosen Nachahmungen, die auf Websites von Drittanbietern erh\u00e4ltlich sind, kann sich die Wahl des richtigen Produkts wie die Navigation durch ein Minenfeld anf\u00fchlen. Kirkland gl\u00e4nzt, weil es das perfekte Gleichgewicht zwischen Kosten und Qualit\u00e4t findet.  <\/p>\n<h3>Knaller f\u00fcr Ihr Geld<\/h3>\n<p>Warum sollten Sie einen hohen Preis f\u00fcr die gleiche Minoxidil-Formulierung zahlen? Kirkland&#8217;s einfaches Branding h\u00e4lt die Dinge einfach, aber effektiv. Das bedeutet, dass Sie eine erstklassige 5%ige Konzentration erhalten, ohne daf\u00fcr einen hohen Preis zahlen zu m\u00fcssen.  <\/p>\n<h3>Kompatibilit\u00e4t mit Bartwuchs<\/h3>\n<p>Einige Produkte sind ausdr\u00fccklich f\u00fcr Kopfhaar gedacht, aber Kirkland? Es ist auch f\u00fcr Ihren Bart geeignet! Bei konsequenter Anwendung f\u00f6rdert es die Dichte an l\u00fcckenhaften Stellen und regt das Wachstum neuer Follikel entlang der Kieferlinie, der Wangen und des Schnurrbartes an.  <\/p>\n<hr>\n<h1>Wie verwenden Sie Minoxidil 5% L\u00f6sung die<\/h1>\n<h1><i>Rechts<\/i><\/h1>\n<h1>Weg<\/h1>\n<h2>Konsistenz ist der Schl\u00fcssel<\/h2>\n<p>Es ist verlockend zu denken, dass mehr besser ist. Aber bei Minoxidil ist es am besten, wenn Sie sich an die empfohlene Dosis halten. Die Wirkung l\u00e4sst bei \u00fcberm\u00e4\u00dfigem Gebrauch nach, und eine unsachgem\u00e4\u00dfe Anwendung kann zu unerw\u00fcnschten Nebenwirkungen f\u00fchren. Hier finden Sie eine \u00dcbersicht \u00fcber den Vorgang:   <\/p>\n<ol>\n<li><strong>Reinigen Sie Ihr Gesicht\/Ihre Kopfhaut:<\/strong> Eine frische Leinwand sorgt f\u00fcr eine bessere Aufnahme.<\/li>\n<li><strong>Messen Sie die Dosis:<\/strong> Verwenden Sie den mitgelieferten Tropfer, um 1 ml der L\u00f6sung aufzutragen.<\/li>\n<li><strong>Konzentrieren Sie sich auf Problemzonen:<\/strong> Konzentrieren Sie sich auf kahle Stellen, zur\u00fcckweichende Linien oder sp\u00e4rliche Bartbereiche.<\/li>\n<li><strong>Gleichm\u00e4\u00dfig verteilen:<\/strong> Tupfen Sie die L\u00f6sung mit Ihren Fingern ab und verteilen Sie sie.<\/li>\n<li><strong>Lassen Sie es trocknen:<\/strong> Vermeiden Sie es, die Anwendungsstelle f\u00fcr mindestens vier Stunden zu waschen.<\/li>\n<\/ol>\n<p>Sie m\u00f6chten schnellere Ergebnisse? Haben Sie Geduld, mein Freund. In der Regel werden Sie bei regelm\u00e4\u00dfiger Anwendung nach drei Monaten sichtbare Ver\u00e4nderungen feststellen.  <\/p>\n<hr>\n<h1>Mit Mythen \u00fcber Haarwuchsmittel aufr\u00e4umen<\/h1>\n<p>Lassen Sie uns etwas klarstellen: Minoxidil ist kein Zauberstab. Es gedeiht im Reich der realistischen Erwartungen. Es ist an der Zeit, ein paar g\u00e4ngige Mythen zu entlarven:  <\/p>\n<h3>Mythos 1: &#8222;Es wird \u00fcber Nacht funktionieren!&#8220;<\/h3>\n<p>Wenn es nur so einfach w\u00e4re! Das Nachwachsen der Haare ist ein langsamer und stetiger Prozess. Anfangs kann es vorkommen, dass die Haare ausfallen, weil schw\u00e4chere Haare einem st\u00e4rkeren Wachstum Platz machen. (Ja, Haarausfall ist normal!)  <\/p>\n<h3>Mythos 2: &#8222;Es funktioniert nur bei Kopfhaar&#8220;.<\/h3>\n<p>Falsch! Studien und zahllose Erfolgsgeschichten best\u00e4tigen, dass Kirkland&#8217;s Minoxidil 5% auch f\u00fcr Gesichtshaar wunderbar geeignet ist. L\u00fcckenhafter Bart? Bleiben Sie konsequent und beobachten Sie die Verwandlung.   <\/p>\n<h3>Mythos 3: &#8222;Sie werden alle Gewinne verlieren, wenn Sie aufh\u00f6ren&#8220;.<\/h3>\n<p>Nun, irgendwie schon. Minoxidil wirkt so lange, wie Sie es anwenden. Wenn Sie aufh\u00f6ren, k\u00f6nnen ruhende Follikel in ihren inaktiven Zustand zur\u00fcckkehren. Wenn Sie langfristige Ergebnisse anstreben, ist Best\u00e4ndigkeit nicht verhandelbar.   <\/p>\n<h3>Mythos 4: &#8222;Es ist unsicher&#8220;.<\/h3>\n<p>Minoxidil ist von der FDA zugelassen und wird durch jahrzehntelange Forschung unterst\u00fctzt. Wie immer sollten Sie Ihren Arzt konsultieren, wenn Sie Bedenken haben, insbesondere wenn Sie schwanger sind, stillen oder andere medizinische Probleme haben. <\/p>\n<hr>\n<h1>FAQs \u00fcber Minoxidil 5% L\u00f6sung, Kirkland, Haar- und Bartwuchsmittel<\/h1>\n<h3>Wirkt Minoxidil bei jedem?<\/h3>\n<p>Leider nein. Minoxidil zeigt die besten Ergebnisse bei androgener Alopezie (Glatzenbildung) oder sp\u00e4rlichen Bartwuchs. Wenn Ihr Haarausfall durch andere Faktoren wie Narbenbildung, hormonelle Ungleichgewichte oder medizinische Erkrankungen verursacht wird, k\u00f6nnte die Wirksamkeit von Minoxidil eingeschr\u00e4nkt sein.  <\/p>\n<h3>Gibt es irgendwelche Nebenwirkungen?<\/h3>\n<p>Einige Anwender berichten anfangs \u00fcber leichte Reizungen, Juckreiz oder Trockenheit. Seltene F\u00e4lle von Schwindelgef\u00fchl oder beschleunigtem Herzschlag wurden dokumentiert. F\u00fchren Sie immer einen Patch-Test durch und befolgen Sie die Anweisungen, um die Risiken zu minimieren.  <\/p>\n<h3>K\u00f6nnen Frauen Kirkland&#8217;s Minoxidil verwenden?<\/h3>\n<p>Ja, aber Frauen sollten wegen m\u00f6glicher Nebenwirkungen in Verbindung mit h\u00f6heren Konzentrationen wie der 5%igen Formel einen Arzt konsultieren. Eine Konzentration von 2% ist im Allgemeinen sicherer und ebenso wirksam bei Haarausfall bei Frauen. <\/p>\n<hr>\n<h1>Echtes Gespr\u00e4ch: Ergebnisse, die sprechen<\/h1>\n<h3>Erfolgsgeschichten von allt\u00e4glichen Benutzern<\/h3>\n<p>Jared, 32, hatte schon immer seine Kumpel mit Vollbart beneidet. Nach dreimonatiger Anwendung von Kirkland&#8217;s Minoxidil 5% L\u00f6sung begannen sich die l\u00fcckenhaften Stellen auf seinen Wangen zu f\u00fcllen. Sechs Monate sp\u00e4ter? Jared hat einen Bart, auf den selbst der Weihnachtsmann neidisch sein w\u00fcrde!   <\/p>\n<p>Sophia, 28, hat fantastische Ergebnisse bei der Behandlung ihrer d\u00fcnner werdenden Haare erzielt. &#8222;Anfangs war ich skeptisch&#8220;, gibt sie zu, &#8222;aber mit der Zeit bemerkte ich, dass weniger Str\u00e4hnen im Duschabfluss landeten und mein Scheitel dicker nachwuchs.&#8220; <\/p>\n<hr>\n<h1>Tipps zur Maximierung des Potenzials von Minoxidil<\/h1>\n<ol>\n<li><strong>Kombinieren Sie mit Dermarollern:<\/strong> Microneedling \u00f6ffnet die Wege f\u00fcr das Minoxidil, damit es besser eindringen kann.<\/li>\n<li><strong>Lassen Sie keine Bewerbungen aus:<\/strong> Konsequenz zahlt sich aus. Das \u00dcberspringen von Tagen kann den Fortschritt verz\u00f6gern. <\/li>\n<li><strong>Kombinieren Sie es mit ges\u00fcnderen Gewohnheiten:<\/strong> Eine Ern\u00e4hrung, die reich an Vitaminen wie Biotin und Eisen ist, sowie eine gute Stressbew\u00e4ltigung erg\u00e4nzen die Behandlung. Schlie\u00dflich ist es ein Prozess, der von innen nach au\u00dfen geht! <\/li>\n<\/ol>\n<hr>\n<h1>Schlussfolgerung: Ist Minoxidil 5% L\u00f6sung von Kirkland den Versuch wert?<\/h1>\n<p>Auf jeden Fall. F\u00fcr den Preis und die nachgewiesene Wirksamkeit ist die Minoxidil-L\u00f6sung von Kirkland kaum zu schlagen. Ganz gleich, ob Sie einen volleren Bart anstreben oder mit sch\u00fctterem Haar zu k\u00e4mpfen haben, dieses Produkt h\u00e4lt, was es verspricht, wenn Sie es wie vorgeschrieben verwenden. Sicherlich ist es keine Sofortl\u00f6sung, aber Rom wurde auch nicht an einem Tag erbaut, und Ihr Traumhaaransatz oder Bart auch nicht.   <\/p>\n<p>Sind Sie also bereit, den Schritt zu wagen? Probieren Sie Minoxidil 5% Solution, Kirkland, aus. Vielleicht werden Sie sich in ein paar Monaten, wenn Sie \u00fcber einen volleren Bart streichen oder dickere Locken bewundern, fragen, warum Sie so lange gewartet haben. <\/p>\n","protected":false},"excerpt":{"rendered":"<p id=\"tw-target-text\" class=\"tw-data-text tw-text-large tw-ta\" dir=\"ltr\" data-placeholder=\"Traducere\" aria-label=\"Text tradus\" data-ved=\"2ahUKEwiKz6uumJWIAxUD_rsIHWp_KH8Q3ewLegQIBxAU\">Entdecken Sie, wie Minoxidil 5% Solution von Kirkland Ihr Haar- und Bartwachstum beschleunigen kann! Erfahren Sie mehr \u00fcber seine Wirksamkeit und die Anwendung. <\/p>\n","protected":false},"featured_media":5613,"comment_status":"open","ping_status":"closed","template":"","meta":[],"product_cat":[1250,1251],"product_tag":[1253,1252],"class_list":{"0":"post-14808","1":"product","2":"type-product","3":"status-publish","4":"has-post-thumbnail","6":"product_cat-haarpflege","7":"product_cat-minoxidil","8":"product_tag-minoxidil","9":"product_tag-minoxidil-5","10":"pa_brands-kirkland","12":"first","13":"instock","14":"featured","15":"taxable","16":"shipping-taxable","17":"purchasable","18":"product-type-variable"},"_links":{"self":[{"href":"https:\/\/tretinoins.com\/de\/wp-json\/wp\/v2\/product\/14808","targetHints":{"allow":["GET"]}}],"collection":[{"href":"https:\/\/tretinoins.com\/de\/wp-json\/wp\/v2\/product"}],"about":[{"href":"https:\/\/tretinoins.com\/de\/wp-json\/wp\/v2\/types\/product"}],"replies":[{"embeddable":true,"href":"https:\/\/tretinoins.com\/de\/wp-json\/wp\/v2\/comments?post=14808"}],"version-history":[{"count":0,"href":"https:\/\/tretinoins.com\/de\/wp-json\/wp\/v2\/product\/14808\/revisions"}],"wp:featuredmedia":[{"embeddable":true,"href":"https:\/\/tretinoins.com\/de\/wp-json\/wp\/v2\/media\/5613"}],"wp:attachment":[{"href":"https:\/\/tretinoins.com\/de\/wp-json\/wp\/v2\/media?parent=14808"}],"wp:term":[{"taxonomy":"product_cat","embeddable":true,"href":"https:\/\/tretinoins.com\/de\/wp-json\/wp\/v2\/product_cat?post=14808"},{"taxonomy":"product_tag","embeddable":true,"href":"https:\/\/tretinoins.com\/de\/wp-json\/wp\/v2\/product_tag?post=14808"}],"curies":[{"name":"wp","href":"https:\/\/api.w.org\/{rel}","templated":true}]}}