{"id":4671,"date":"2024-06-19T16:54:56","date_gmt":"2024-06-19T14:54:56","guid":{"rendered":"https:\/\/tretinoins.com\/zahlungsarten\/"},"modified":"2024-06-21T16:52:25","modified_gmt":"2024-06-21T14:52:25","slug":"zahlungsarten","status":"publish","type":"page","link":"https:\/\/tretinoins.com\/de\/zahlungsarten\/","title":{"rendered":"Zahlungsarten"},"content":{"rendered":"\t\t<div data-elementor-type=\"wp-page\" data-elementor-id=\"4671\" class=\"elementor elementor-4671 elementor-4096\">\n\t\t\t\t<div class=\"elementor-element elementor-element-0457deb e-flex e-con-boxed e-con e-parent\" data-id=\"0457deb\" data-element_type=\"container\">\n\t\t\t\t\t<div class=\"e-con-inner\">\n\t\t\t\t<div class=\"elementor-element elementor-element-00304eb elementor-widget elementor-widget-text-editor\" data-id=\"00304eb\" data-element_type=\"widget\" data-widget_type=\"text-editor.default\">\n\t\t\t\t<div class=\"elementor-widget-container\">\n\t\t\t\t\t\t\t\t\t<p>Auf unserer Website haben unsere Kunden zwei Zahlungsm\u00f6glichkeiten f\u00fcr ihre Bestellungen:<\/p>\n<ol>\n<li><strong>Nachnahme<\/strong>: Mit dieser Option k\u00f6nnen Sie in den verf\u00fcgbaren L\u00e4ndern den Kurier mit Bargeld bezahlen, wenn das Paket bei Ihnen eintrifft, so dass Sie nicht im Voraus zahlen m\u00fcssen. Diese Zahlungsmethode ist nur in den folgenden L\u00e4ndern verf\u00fcgbar, und wir arbeiten daran, sie in Zukunft in weiteren L\u00e4ndern anzubieten:<\/li>\n<\/ol>\n<ul>\n<li>Bulgarien<\/li>\n<li>Ungarn<\/li>\n<li>Rum\u00e4nien<\/li>\n<\/ul>\n<p>2. <strong> Kartenzahlung<\/strong>: Bei dieser Methode k\u00f6nnen Sie Ihre Bestellung im Voraus mit einer Debitkarte bezahlen. Ihre Transaktion wird \u00fcber Viva Payments abgewickelt &#8211; eine Online-Plattform f\u00fcr Kartenzahlungen. Viva Payments erhebt keine zus\u00e4tzlichen Geb\u00fchren, so dass der Preis, den Sie zahlen, genau dem Preis entspricht, der an der Kasse angezeigt wird.<\/p>\n\t\t\t\t\t\t\t\t<\/div>\n\t\t\t\t<\/div>\n\t\t\t\t\t<\/div>\n\t\t\t\t<\/div>\n\t\t\t\t<\/div>\n\t\t","protected":false},"excerpt":{"rendered":"<p>Auf unserer Website haben unsere Kunden zwei Zahlungsm\u00f6glichkeiten f\u00fcr ihre Bestellungen: Nachnahme: Mit dieser Option k\u00f6nnen Sie in den verf\u00fcgbaren L\u00e4ndern den&hellip;<\/p>\n","protected":false},"author":1,"featured_media":0,"parent":0,"menu_order":0,"comment_status":"closed","ping_status":"closed","template":"","meta":{"footnotes":""},"class_list":["post-4671","page","type-page","status-publish","hentry"],"_links":{"self":[{"href":"https:\/\/tretinoins.com\/de\/wp-json\/wp\/v2\/pages\/4671","targetHints":{"allow":["GET"]}}],"collection":[{"href":"https:\/\/tretinoins.com\/de\/wp-json\/wp\/v2\/pages"}],"about":[{"href":"https:\/\/tretinoins.com\/de\/wp-json\/wp\/v2\/types\/page"}],"author":[{"embeddable":true,"href":"https:\/\/tretinoins.com\/de\/wp-json\/wp\/v2\/users\/1"}],"replies":[{"embeddable":true,"href":"https:\/\/tretinoins.com\/de\/wp-json\/wp\/v2\/comments?post=4671"}],"version-history":[{"count":1,"href":"https:\/\/tretinoins.com\/de\/wp-json\/wp\/v2\/pages\/4671\/revisions"}],"predecessor-version":[{"id":4672,"href":"https:\/\/tretinoins.com\/de\/wp-json\/wp\/v2\/pages\/4671\/revisions\/4672"}],"wp:attachment":[{"href":"https:\/\/tretinoins.com\/de\/wp-json\/wp\/v2\/media?parent=4671"}],"curies":[{"name":"wp","href":"https:\/\/api.w.org\/{rel}","templated":true}]}}