{"id":4669,"date":"2023-12-29T00:07:43","date_gmt":"2023-12-28T22:07:43","guid":{"rendered":"https:\/\/tretinoins.com\/datenschutzrichtlinie-und-gdpr\/"},"modified":"2024-06-21T16:52:24","modified_gmt":"2024-06-21T14:52:24","slug":"datenschutzrichtlinie-und-gdpr","status":"publish","type":"page","link":"https:\/\/tretinoins.com\/de\/datenschutzrichtlinie-und-gdpr\/","title":{"rendered":"Datenschutzrichtlinie und GDPR"},"content":{"rendered":"\t\t<div data-elementor-type=\"wp-page\" data-elementor-id=\"4669\" class=\"elementor elementor-4669 elementor-3249\">\n\t\t\t\t<div class=\"elementor-element elementor-element-61009a6 e-flex e-con-boxed e-con e-parent\" data-id=\"61009a6\" data-element_type=\"container\">\n\t\t\t\t\t<div class=\"e-con-inner\">\n\t\t\t\t<div class=\"elementor-element elementor-element-5337798 elementor-widget elementor-widget-text-editor\" data-id=\"5337798\" data-element_type=\"widget\" data-widget_type=\"text-editor.default\">\n\t\t\t\t<div class=\"elementor-widget-container\">\n\t\t\t\t\t\t\t\t\t<p><strong>Datenschutzrichtlinie, GDPR<\/strong><\/p>\n<p>Das Unternehmen www.tretinoins.com ist sich der Bedeutung Ihrer Daten bewusst und verpflichtet sich, Ihre Privatsph\u00e4re und Sicherheit zu sch\u00fctzen. Daher ist es f\u00fcr uns unerl\u00e4sslich, Informationen \u00fcber die Verarbeitung Ihrer personenbezogenen Daten in integrierter und praktischer Weise bereitzustellen, indem wir Sie als betroffene Personen (Nutzer der tretinoins.com-Website, Kunden, potenzielle Kunden, Verbraucher, potenzielle Verbraucher, Mitarbeiter, ehemalige Mitarbeiter) im Rahmen der Richtlinie zur Verarbeitung personenbezogener Daten ansprechen, die f\u00fcr die unten aufgef\u00fchrten Zwecke gilt.<\/p>\n<p>Diese Richtlinie gilt f\u00fcr alle Ger\u00e4te, die f\u00fcr den Zugriff auf tretinoins.com verwendet werden, einschlie\u00dflich Smartphones und Tablets. Wenn Sie mit den Nutzungsbedingungen nicht einverstanden sind (wie sie in diesem Dokument \u00fcber den Schutz personenbezogener Daten sowie in den Dokumenten zu den Allgemeinen Gesch\u00e4ftsbedingungen und der Datenschutzrichtlinie \u00fcber vertrauliche Informationen, Urheberrechte usw. dargelegt sind), sollten Sie die Website tretinoins.com nicht nutzen.<\/p>\n<p>In \u00dcbereinstimmung mit der Allgemeinen Datenschutzverordnung Nr. 679\/2016 der Europ\u00e4ischen Union, bekannt als die &#8222;Verordnung&#8220;, die darauf abzielt, Personen in Bezug auf die Verarbeitung personenbezogener Daten und den freien Verkehr solcher Daten zu sch\u00fctzen, verwaltet tretinoins.com die personenbezogenen Daten, die Sie uns w\u00e4hrend Ihres Besuchs auf der Website und des Kaufs von online verkauften Produkten zur Verf\u00fcgung stellen, sicher und ausschlie\u00dflich zu den angegebenen Zwecken.<\/p>\n<p>Indem Sie die Option w\u00e4hlen, den Allgemeinen Gesch\u00e4ftsbedingungen und der Richtlinie zur Verarbeitung personenbezogener Daten zuzustimmen, oder indem Sie gegebenenfalls unsere Website und Dienste nach dem Lesen dieser Richtlinie weiter nutzen, best\u00e4tigen Sie Ihr Einverst\u00e4ndnis mit dieser Richtlinie zur Verarbeitung personenbezogener Daten.<\/p>\n<p><strong>Zwecke der Erhebung und Verarbeitung Ihrer pers\u00f6nlichen Daten<\/strong><\/p>\n<p>tretinoins.com sammelt und verarbeitet Ihre pers\u00f6nlichen Daten f\u00fcr die folgenden Zwecke:<\/p>\n<ul>\n<li>Verwaltung, Verbesserung und Bereitstellung der auf der Website www.tretinoins.com angebotenen Dienstleistungen und Produkte<\/li>\n<li>Durchf\u00fchrung von kommerziellen Aktivit\u00e4ten im Zusammenhang mit dem Verkauf von Produkten, einschlie\u00dflich der Realisierung, Verwaltung und Entwicklung dieser Verk\u00e4ufe sowie der Erstellung von Statistiken.<\/li>\n<li>Werbung, Marketing und \u00d6ffentlichkeitsarbeit, einschlie\u00dflich der F\u00f6rderung der auf der tretinoins.com-Website angebotenen Produkte, der Durchf\u00fchrung von Werbekampagnen, des Versands von Newslettern, der Verfolgung und \u00dcberwachung von Verk\u00e4ufen und des Verbraucherverhaltens.<\/li>\n<li>Post-Sales-Aktivit\u00e4ten, einschlie\u00dflich der Bereitstellung von Kundenbetreuungsdiensten, der Information von Nutzern und Kunden \u00fcber die Bewertung der angebotenen Produkte (einschlie\u00dflich der Bewertung der Produkte auf der tretinoins.com-Website), Fragen, Situationen bez\u00fcglich der R\u00fcckgabe oder des Umtauschs von Produkten.<\/li>\n<li>Beweiszwecke im Zusammenhang mit den oben genannten Aktivit\u00e4ten und Archivierungszwecke.<\/li>\n<\/ul>\n<p>Um die oben genannten Zwecke zu erreichen, sammelt und verarbeitet tretinoins.com die folgenden Kategorien von personenbezogenen Daten:<\/p>\n<p><strong>Bez\u00fcglich der Verwaltung, Verbesserung und Bereitstellung der Dienstleistungen und Produkte auf der tretinoins.com-Website:<\/strong><\/p>\n<ul>\n<li>Name, Vorname, Adresse (Wohnsitz\/Wohnort), E-Mail-Adresse.<\/li>\n<li>Technische Informationen \u00fcber das Ger\u00e4t des Besuchers, wie Standort, IP-Adresse, Art der Hardware-Ausstattung.<\/li>\n<li>Angaben zum Zeitintervall und Datum der Nutzung der tretinoins.com Website.<\/li>\n<li>Andere durch Cookies erhaltene Informationen. Weitere Informationen zu Cookies finden Sie in der Cookie-Richtlinie auf unserer Website.<\/li>\n<\/ul>\n<p><strong>Bez\u00fcglich der Durchf\u00fchrung kommerzieller Aktivit\u00e4ten im Zusammenhang mit dem Verkauf von Produkten auf www.tretinoins.com Marktforschung und Statistiken:<\/strong><\/p>\n<ul>\n<li>Vorname, Nachname, Adresse (Wohnort), Telefonnummer, E-Mail-Adresse.<\/li>\n<li>Lieferadressen.<\/li>\n<\/ul>\n<p><strong>In Bezug auf Werbung, Marketing und \u00d6ffentlichkeitsarbeit, einschlie\u00dflich der F\u00f6rderung der auf der tretinoins.com-Website angebotenen Produkte, der Durchf\u00fchrung von Werbekampagnen, des Versands von Newslettern, der Verfolgung und \u00dcberwachung von Verk\u00e4ufen und des Verbraucherverhaltens:<\/strong><\/p>\n<ul>\n<li>Vor- und Nachname, Telefon-\/Faxnummer, E-Mail-Adresse, Adresse (Wohnort).<\/li>\n<li>Vorlieben\/Gewohnheiten\/Verhaltensweisen.<\/li>\n<\/ul>\n<p><strong>In Bezug auf Aktivit\u00e4ten nach dem Verkauf, einschlie\u00dflich der Kundenbetreuung, der Information von Nutzern\/Kunden \u00fcber die Bewertung der auf<\/strong> tretinoins.com <strong>gefundenen Produkte<\/strong>,<strong> Fragen im Zusammenhang mit der R\u00fcckgabe oder dem Austausch von Produkten:<\/strong><\/p>\n<ul>\n<li>Vor- und Nachname, Telefon-\/Faxnummer, E-Mail-Adresse, Adresse (Wohnort).<\/li>\n<li>Stimme, Vorlieben\/Gewohnheiten\/Verhaltensweisen.<\/li>\n<li>Andere Daten, die sich aus Produktbewertungen durch Kunden ergeben.<\/li>\n<\/ul>\n<p><strong>Zu Beweis- und Archivierungszwecken:<\/strong><\/p>\n<ul>\n<li>Speicherung der oben genannten personenbezogenen Daten, um Aufzeichnungen im Zusammenhang mit den durchgef\u00fchrten Aktivit\u00e4ten zu f\u00fchren.<\/li>\n<li>Die Wahrung von Rechten vor Gericht und die Aus\u00fcbung anderer Rechte gem\u00e4\u00df dem Gesetz und den geschlossenen Vertr\u00e4gen.<\/li>\n<li>Erf\u00fcllung eventueller Archivierungspflichten gem\u00e4\u00df den gesetzlichen Bestimmungen.<\/li>\n<\/ul>\n<p>Personenbezogene Daten, die einem besonderen Schutz unterliegen, wie z.B. die pers\u00f6nliche Identifikationsnummer, die Serie und die Nummer des Ausweisdokuments, werden nicht erfasst.<\/p>\n<p>Um einen oder mehrere der oben genannten Zwecke zu erreichen, kann tretinoins.com Ihre pers\u00f6nlichen Daten an die folgenden Kategorien von Empf\u00e4ngern weitergeben:<\/p>\n<ul>\n<li>Vertragspartner von tretinoins.com: Dies umfasst Unternehmen, mit denen tretinoins.com zusammenarbeitet. Die Offenlegung erfolgt auf der Grundlage einer Vertraulichkeitsvereinbarung, die den Datenschutz und die Einhaltung der geltenden Gesetze gew\u00e4hrleistet.<\/li>\n<li>Dienstleistungsanbieter: Dazu geh\u00f6ren Unternehmen, die Marketing-, Bank-, Kurier- oder andere Dienstleistungen anbieten, sowie Unternehmen, die tretinoins.com bei der Verarbeitung von Daten als Auftragsverarbeiter unterst\u00fctzen.<\/li>\n<li>\u00d6ffentliche Beh\u00f6rden: Dies bezieht sich auf Institutionen wie die Staatsanwaltschaft, die Polizei, Gerichte und andere staatliche Beh\u00f6rden, in \u00dcbereinstimmung mit gesetzlichen Bestimmungen oder als Antwort auf ausdr\u00fccklich formulierte Anfragen.<\/li>\n<li>Andere Unternehmen innerhalb der gleichen Gruppe wie tretinoins.com: Die Offenlegung kann in \u00dcbereinstimmung mit den geltenden Rechtsvorschriften und im Rahmen der Aus\u00fcbung Ihres Auskunftsrechts gem\u00e4\u00df Artikel 15 der Verordnung erfolgen.<\/li>\n<li>Sie als betroffene Person: Dies bezieht sich auf Sie als betroffene Person im Zusammenhang mit der Aus\u00fcbung Ihres Auskunftsrechts gem\u00e4\u00df Artikel 15 der Verordnung.<\/li>\n<\/ul>\n<p>Es ist wichtig zu wissen, dass die von tretinoins.com erfassten Daten nicht an Dritte verkauft werden und ausschlie\u00dflich zur Verbesserung der von tretinoins.com angebotenen Dienste verwendet werden.<\/p>\n<p>Durch die Lekt\u00fcre dieser Richtlinie stellen Sie sicher, dass Sie die in der Verordnung garantierten Rechte kennen, wie z.B.:<\/p>\n<ul>\n<li>Informationen \u00fcber die Verarbeitung von personenbezogenen Daten: Artikel 13 und 14 der Verordnung.<\/li>\n<li>Zugang zu pers\u00f6nlichen Daten: Artikel 15 der Verordnung.<\/li>\n<li>Berichtigung von personenbezogenen Daten: Artikel 16 der Verordnung.<\/li>\n<li>L\u00f6schung (&#8222;Recht auf Vergessenwerden&#8220;) von personenbezogenen Daten: Artikel 17 der Verordnung.<\/li>\n<li>Die Einschr\u00e4nkung der Verarbeitung erwirken: Artikel 18 der Verordnung.<\/li>\n<li>Daten\u00fcbertragbarkeit: Artikel 20 der Verordnung.<\/li>\n<li>Einspruch gegen die Verarbeitung personenbezogener Daten: Artikel 21 der Verordnung, auch f\u00fcr Zwecke der Direktwerbung.<\/li>\n<li>Nicht Gegenstand einer automatisierten Einzelentscheidung zu sein: Artikel 22 der Verordnung.<\/li>\n<li>Einreichung einer Beschwerde bei der Aufsichtsbeh\u00f6rde ANSPDCP: Artikel 77 der Verordnung.<\/li>\n<li>Anrufung des Gerichts im Falle eines Versto\u00dfes gegen die Gesetzgebung: Artikel 78-79 der Verordnung.<\/li>\n<\/ul>\n<p>Um diese Rechte auszu\u00fcben, k\u00f6nnen Sie eine E-Mail an tretinoins.com senden, indem Sie auf das Kontaktformular unter www.tretinoins.com\/contact zugreifen. Sie k\u00f6nnen auch jederzeit und ohne Angabe von Gr\u00fcnden der Verarbeitung Ihrer personenbezogenen Daten zu Zwecken des Direktmarketings widersprechen, indem Sie einen Antrag an tretinoins.com stellen, indem Sie auf das Kontaktformular unter www.tretinoins.com\/contact zugreifen, oder indem Sie einen schriftlichen, datierten und unterzeichneten Antrag an contact@tretinoins.com senden. Sie erhalten eine Best\u00e4tigung \u00fcber die Registrierung Ihrer Option sowie alle weiteren relevanten Informationen.<\/p>\n<p><strong>Besondere Bestimmungen f\u00fcr Minderj\u00e4hrige<\/strong><\/p>\n<p>Die Datenverarbeitung von tretinoins.com zielt nicht auf die Verarbeitung von personenbezogenen Daten von Minderj\u00e4hrigen ab. Es wird besonders darauf geachtet, dass die Verarbeitung personenbezogener Daten von Minderj\u00e4hrigen den Anforderungen der Verordnung gem\u00e4\u00df Artikel 8 entspricht und nur in streng festgelegten F\u00e4llen erfolgt.<\/p>\n<p>Tretinoins.com f\u00fchrt keine Direktmarketing-Werbeaktionen f\u00fcr Minderj\u00e4hrige durch.<\/p>\n<p>Minderj\u00e4hrigen unter 14 Jahren ist es nicht gestattet, Dienstleistungen anzufordern oder in irgendeiner Weise auf der tretinoins.com-Website zu interagieren, an Wettbewerben oder Kampagnen teilzunehmen, die von tretinoins.com organisiert werden, es sei denn, dies geschieht im Namen des Minderj\u00e4hrigen durch den gesetzlichen Vertreter oder Vormund des Minderj\u00e4hrigen, wie es das Gesetz vorsieht.<\/p>\n<p>Minderj\u00e4hrige, die das 14. Lebensjahr vollendet haben, k\u00f6nnen nur mit der Zustimmung des gesetzlichen Vertreters oder des Vormunds Produkte kaufen und Mitteilungen von tretinoins.com anfordern und erhalten, wie es das Gesetz vorsieht.<\/p>\n<p>Jede Person, die \u00fcber die Website oder andere Anwendungen oder Ger\u00e4te, die unter diese Richtlinie fallen, personenbezogene Daten angibt, best\u00e4tigt, dass sie vollj\u00e4hrig ist oder \u00fcber die volle Handlungsf\u00e4higkeit verf\u00fcgt.<\/p>\n<p>Jegliche Erfassung oder Verarbeitung personenbezogener Daten von Minderj\u00e4hrigen wird nur in \u00dcbereinstimmung mit dem Gesetz und unter Ber\u00fccksichtigung der oben genannten Bestimmungen durchgef\u00fchrt.<\/p>\n<p><strong>Dauer der Datenverarbeitung<\/strong><\/p>\n<p>Die Dauer der Verarbeitung Ihrer Daten wird im Allgemeinen durch den Zeitpunkt bestimmt, zu dem Sie Ihr Widerspruchsrecht gem\u00e4\u00df Artikel 21, Absatz 2 der Europ\u00e4ischen Verordnung Nr. 679\/2016 aus\u00fcben. Es gibt eine Ausnahme f\u00fcr Daten, die im Rahmen des Call-Center-Service bereitgestellt werden. Hier betr\u00e4gt die Dauer der Verarbeitung in der Regel 3 Jahre oder bis zur Aus\u00fcbung des Widerspruchsrechts. Dar\u00fcber hinaus kann tretinoins.com personenbezogene Daten f\u00fcr einen l\u00e4ngeren Zeitraum zu Beweis- und Archivierungszwecken aufbewahren.<\/p>\n\t\t\t\t\t\t\t\t<\/div>\n\t\t\t\t<\/div>\n\t\t\t\t\t<\/div>\n\t\t\t\t<\/div>\n\t\t\t\t<\/div>\n\t\t","protected":false},"excerpt":{"rendered":"<p>Datenschutzrichtlinie, GDPR Das Unternehmen www.tretinoins.com ist sich der Bedeutung Ihrer Daten bewusst und verpflichtet sich, Ihre Privatsph\u00e4re und Sicherheit zu sch\u00fctzen. Daher&hellip;<\/p>\n","protected":false},"author":1,"featured_media":0,"parent":0,"menu_order":0,"comment_status":"closed","ping_status":"closed","template":"","meta":{"footnotes":""},"class_list":["post-4669","page","type-page","status-publish","hentry"],"_links":{"self":[{"href":"https:\/\/tretinoins.com\/de\/wp-json\/wp\/v2\/pages\/4669","targetHints":{"allow":["GET"]}}],"collection":[{"href":"https:\/\/tretinoins.com\/de\/wp-json\/wp\/v2\/pages"}],"about":[{"href":"https:\/\/tretinoins.com\/de\/wp-json\/wp\/v2\/types\/page"}],"author":[{"embeddable":true,"href":"https:\/\/tretinoins.com\/de\/wp-json\/wp\/v2\/users\/1"}],"replies":[{"embeddable":true,"href":"https:\/\/tretinoins.com\/de\/wp-json\/wp\/v2\/comments?post=4669"}],"version-history":[{"count":1,"href":"https:\/\/tretinoins.com\/de\/wp-json\/wp\/v2\/pages\/4669\/revisions"}],"predecessor-version":[{"id":4670,"href":"https:\/\/tretinoins.com\/de\/wp-json\/wp\/v2\/pages\/4669\/revisions\/4670"}],"wp:attachment":[{"href":"https:\/\/tretinoins.com\/de\/wp-json\/wp\/v2\/media?parent=4669"}],"curies":[{"name":"wp","href":"https:\/\/api.w.org\/{rel}","templated":true}]}}