{"id":4655,"date":"2020-10-18T13:07:58","date_gmt":"2020-10-18T11:07:58","guid":{"rendered":"https:\/\/tretinoins.com\/ueber-uns\/"},"modified":"2024-07-11T18:03:30","modified_gmt":"2024-07-11T16:03:30","slug":"ueber-uns","status":"publish","type":"page","link":"https:\/\/tretinoins.com\/de\/ueber-uns\/","title":{"rendered":"\u00dcber uns"},"content":{"rendered":"\t\t<div data-elementor-type=\"wp-page\" data-elementor-id=\"4655\" class=\"elementor elementor-4655 elementor-3032\">\n\t\t\t\t\t\t<section class=\"elementor-section elementor-top-section elementor-element elementor-element-ae248c4 elementor-section-full_width elementor-section-height-default elementor-section-height-default\" data-id=\"ae248c4\" data-element_type=\"section\">\n\t\t\t\t\t\t<div class=\"elementor-container elementor-column-gap-no\">\n\t\t\t\t\t<div class=\"elementor-column elementor-col-100 elementor-top-column elementor-element elementor-element-6b92c4e\" data-id=\"6b92c4e\" data-element_type=\"column\">\n\t\t\t<div class=\"elementor-widget-wrap elementor-element-populated\">\n\t\t\t\t\t\t<div class=\"elementor-element elementor-element-b369bce elementor-widget elementor-widget-ideapark-page-header\" data-id=\"b369bce\" data-element_type=\"widget\" data-widget_type=\"ideapark-page-header.default\">\n\t\t\t\t<div class=\"elementor-widget-container\">\n\t\t\t\t\t\t<header\n\t\tclass=\"l-section c-page-header c-page-header--header-type-1 c-page-header--default\n c-page-header--low\"\n\t\t>\n\n\t\t\t\t\t<div class=\"c-page-header__wrap\">\n\t\t\t\t\t\t\t\t\t<h1 class=\"c-page-header__title\">\u00dcber uns<\/h1>\n\t\t\t\t\t\t\t<\/div>\n\t\t\t\t<nav aria-label=\"breadcrumbs\" class=\"rank-math-breadcrumb c-breadcrumbs\"><div class=\"c-breadcrumbs__list\"><span class=\"last\">Home<\/span><\/div><\/nav>\t<\/header>\n\t\t\t\t<\/div>\n\t\t\t\t<\/div>\n\t\t\t\t\t<\/div>\n\t\t<\/div>\n\t\t\t\t\t<\/div>\n\t\t<\/section>\n\t\t\t\t<section class=\"elementor-section elementor-top-section elementor-element elementor-element-f7b080a elementor-section-full_width elementor-section-height-default elementor-section-height-default\" data-id=\"f7b080a\" data-element_type=\"section\">\n\t\t\t\t\t\t<div class=\"elementor-container elementor-column-gap-no\">\n\t\t\t\t\t<div class=\"elementor-column elementor-col-100 elementor-top-column elementor-element elementor-element-484697d\" data-id=\"484697d\" data-element_type=\"column\">\n\t\t\t<div class=\"elementor-widget-wrap elementor-element-populated\">\n\t\t\t\t\t\t<section class=\"elementor-section elementor-inner-section elementor-element elementor-element-2943bc4 elementor-section-boxed elementor-section-height-default elementor-section-height-default\" data-id=\"2943bc4\" data-element_type=\"section\">\n\t\t\t\t\t\t<div class=\"elementor-container elementor-column-gap-no\">\n\t\t\t\t\t<div class=\"elementor-column elementor-col-50 elementor-inner-column elementor-element elementor-element-9fbe0ef\" data-id=\"9fbe0ef\" data-element_type=\"column\">\n\t\t\t<div class=\"elementor-widget-wrap elementor-element-populated\">\n\t\t\t\t\t\t<div class=\"elementor-element elementor-element-bc4e9cd elementor-widget elementor-widget-ideapark-heading\" data-id=\"bc4e9cd\" data-element_type=\"widget\" data-widget_type=\"ideapark-heading.default\">\n\t\t\t\t<div class=\"elementor-widget-container\">\n\t\t\t\t\t<div class=\"c-ip-heading c-ip-heading--default c-ip-heading--left c-ip-heading--bullet-hide\"><span class=\"c-ip-heading__inner\">Willkommen bei Tretinoins.com, wo Sch\u00f6nheit auf Wellness trifft! Bei Tretinonis.com ist es uns ein Anliegen, Ihnen die besten Haar-, Gesichts- und Mundpflegeprodukte anzubieten, die sowohl Ihren Sch\u00f6nheitsbed\u00fcrfnissen als auch Ihrem allgemeinen Wohlbefinden gerecht werden. Unsere Leidenschaft liegt darin, Ihnen zu strahlendem Haar und einem strahlenden L\u00e4cheln zu verhelfen, und wir glauben, dass Selbstpflege der Schl\u00fcssel zur Entfaltung Ihres wahren Sch\u00f6nheitspotenzials ist.<\/span><\/div>\t\t\t\t<\/div>\n\t\t\t\t<\/div>\n\t\t\t\t\t<\/div>\n\t\t<\/div>\n\t\t\t\t<div class=\"elementor-column elementor-col-50 elementor-inner-column elementor-element elementor-element-4f469bf\" data-id=\"4f469bf\" data-element_type=\"column\">\n\t\t\t<div class=\"elementor-widget-wrap elementor-element-populated\">\n\t\t\t\t\t\t<div class=\"elementor-element elementor-element-8c1e177 elementor-widget elementor-widget-ideapark-heading\" data-id=\"8c1e177\" data-element_type=\"widget\" data-widget_type=\"ideapark-heading.default\">\n\t\t\t\t<div class=\"elementor-widget-container\">\n\t\t\t\t\t<div class=\"c-ip-heading c-ip-heading--default c-ip-heading--left c-ip-heading--bullet-hide\"><span class=\"c-ip-heading__inner\">Entdecken Sie das Qualit\u00e4tsversprechen von www.Tretinoins.com mit unserem Sortiment an Haar- und Mundpflegeprodukten. Vom pflegenden Shampoo bis zur erfrischenden Zahnpasta bieten wir ma\u00dfgeschneiderte L\u00f6sungen f\u00fcr unterschiedliche Bed\u00fcrfnisse. Ob Volumen, Locken oder gesch\u00e4digte Str\u00e4hnen \u2013 finden Sie die perfekte Haarpflege und legen Sie ganz einfach Wert auf Ihre Mundgesundheit. Begleiten Sie uns auf einer Reise der Selbstf\u00fcrsorge f\u00fcr ein selbstbewusstes, strahlendes Aussehen jeden Tag.<\/span><\/div>\t\t\t\t<\/div>\n\t\t\t\t<\/div>\n\t\t\t\t\t<\/div>\n\t\t<\/div>\n\t\t\t\t\t<\/div>\n\t\t<\/section>\n\t\t\t\t\t<\/div>\n\t\t<\/div>\n\t\t\t\t\t<\/div>\n\t\t<\/section>\n\t\t\t\t<section class=\"elementor-section elementor-top-section elementor-element elementor-element-542f32c elementor-section-full_width elementor-section-height-default elementor-section-height-default\" data-id=\"542f32c\" data-element_type=\"section\" data-settings=\"{&quot;background_background&quot;:&quot;classic&quot;}\">\n\t\t\t\t\t\t<div class=\"elementor-container elementor-column-gap-no\">\n\t\t\t\t\t<div class=\"elementor-column elementor-col-100 elementor-top-column elementor-element elementor-element-de2cdd8\" data-id=\"de2cdd8\" data-element_type=\"column\">\n\t\t\t<div class=\"elementor-widget-wrap elementor-element-populated\">\n\t\t\t\t\t\t<div class=\"elementor-element elementor-element-5254ab8 elementor-absolute elementor-widget__width-auto elementor-widget elementor-widget-image\" data-id=\"5254ab8\" data-element_type=\"widget\" data-settings=\"{&quot;_position&quot;:&quot;absolute&quot;}\" data-widget_type=\"image.default\">\n\t\t\t\t<div class=\"elementor-widget-container\">\n\t\t\t\t\t\t\t\t\t\t\t\t\t\t\t<img fetchpriority=\"high\" decoding=\"async\" width=\"341\" height=\"246\" src=\"https:\/\/tretinoins.com\/wp-content\/uploads\/2020\/10\/luchiana-2242231634.png\" class=\"attachment-full size-full wp-image-4279\" alt=\"\" srcset=\"https:\/\/tretinoins.com\/wp-content\/uploads\/2020\/10\/luchiana-2242231634.png 341w, https:\/\/tretinoins.com\/wp-content\/uploads\/2020\/10\/luchiana-2242231634-201x145.png 201w\" sizes=\"(max-width: 341px) 100vw, 341px\" \/>\t\t\t\t\t\t\t\t\t\t\t\t\t\t\t<\/div>\n\t\t\t\t<\/div>\n\t\t\t\t<div class=\"elementor-element elementor-element-5a826ba elementor-widget elementor-widget-ideapark-icon-list-1\" data-id=\"5a826ba\" data-element_type=\"widget\" data-widget_type=\"ideapark-icon-list-1.default\">\n\t\t\t\t<div class=\"elementor-widget-container\">\n\t\t\t\t\t\t\t<div class=\"c-ip-icon-list-1\">\n\t\t\t<ul class=\"c-ip-icon-list-1__list\">\n\t\t\t\t\t\t\t\t\t\t\t\t\t\t<li class=\"c-ip-icon-list-1__item\">\n\t\t\t\t\t\t\t\t\t\t\t\t\t<svg aria-hidden=\"true\" class=\"c-ip-icon-list-1__icon e-font-icon-svg e-fas-shipping-fast\" viewBox=\"0 0 640 512\" xmlns=\"http:\/\/www.w3.org\/2000\/svg\"><path d=\"M624 352h-16V243.9c0-12.7-5.1-24.9-14.1-33.9L494 110.1c-9-9-21.2-14.1-33.9-14.1H416V48c0-26.5-21.5-48-48-48H112C85.5 0 64 21.5 64 48v48H8c-4.4 0-8 3.6-8 8v16c0 4.4 3.6 8 8 8h272c4.4 0 8 3.6 8 8v16c0 4.4-3.6 8-8 8H40c-4.4 0-8 3.6-8 8v16c0 4.4 3.6 8 8 8h208c4.4 0 8 3.6 8 8v16c0 4.4-3.6 8-8 8H8c-4.4 0-8 3.6-8 8v16c0 4.4 3.6 8 8 8h208c4.4 0 8 3.6 8 8v16c0 4.4-3.6 8-8 8H64v128c0 53 43 96 96 96s96-43 96-96h128c0 53 43 96 96 96s96-43 96-96h48c8.8 0 16-7.2 16-16v-32c0-8.8-7.2-16-16-16zM160 464c-26.5 0-48-21.5-48-48s21.5-48 48-48 48 21.5 48 48-21.5 48-48 48zm320 0c-26.5 0-48-21.5-48-48s21.5-48 48-48 48 21.5 48 48-21.5 48-48 48zm80-208H416V144h44.1l99.9 99.9V256z\"><\/path><\/svg>\t\t\t\t\t\t\t\t\t\t\t\t\t\t\t\t\t\t\t<div class=\"c-ip-icon-list-1__title\">Kostenloser Versand<\/div>\n\t\t\t\t\t\t\t<i class=\"ip-romb c-ip-icon-list-1__romb\"><\/i>\n\t\t\t\t\t\t\t\t\t\t\t\t\t\t\t\t\t\t\t<div class=\"c-ip-icon-list-1__description\">Kostenloser Versand f\u00fcr alle Bestellungen \u00fcber 75\u20ac<\/div>\n\t\t\t\t\t\t\n\t\t\t\t\t\t\t\t\t\t\t\t\t\t\t\t\t<\/li>\n\t\t\t\t\t\t\t\t\t\t\t\t\t\t<li class=\"c-ip-icon-list-1__item\">\n\t\t\t\t\t\t\t\t\t\t\t\t\t<i aria-hidden=\"true\" class=\"c-ip-icon-list-1__icon fibd21- fi-bd21-crown\"><\/i>\t\t\t\t\t\t\t\t\t\t\t\t\t\t\t\t\t\t\t<div class=\"c-ip-icon-list-1__title\">Qualit\u00e4tsservice<\/div>\n\t\t\t\t\t\t\t<i class=\"ip-romb c-ip-icon-list-1__romb\"><\/i>\n\t\t\t\t\t\t\t\t\t\t\t\t\t\t\t\t\t\t\t<div class=\"c-ip-icon-list-1__description\">Wir sind bestrebt, unseren Kunden bei Tretinoins.com den besten Service zu bieten.<\/div>\n\t\t\t\t\t\t\n\t\t\t\t\t\t\t\t\t\t\t\t\t\t\t\t\t<\/li>\n\t\t\t\t\t\t\t\t\t\t\t\t\t\t<li class=\"c-ip-icon-list-1__item\">\n\t\t\t\t\t\t\t\t\t\t\t\t\t<svg aria-hidden=\"true\" class=\"c-ip-icon-list-1__icon e-font-icon-svg e-far-comment-dots\" viewBox=\"0 0 512 512\" xmlns=\"http:\/\/www.w3.org\/2000\/svg\"><path d=\"M144 208c-17.7 0-32 14.3-32 32s14.3 32 32 32 32-14.3 32-32-14.3-32-32-32zm112 0c-17.7 0-32 14.3-32 32s14.3 32 32 32 32-14.3 32-32-14.3-32-32-32zm112 0c-17.7 0-32 14.3-32 32s14.3 32 32 32 32-14.3 32-32-14.3-32-32-32zM256 32C114.6 32 0 125.1 0 240c0 47.6 19.9 91.2 52.9 126.3C38 405.7 7 439.1 6.5 439.5c-6.6 7-8.4 17.2-4.6 26S14.4 480 24 480c61.5 0 110-25.7 139.1-46.3C192 442.8 223.2 448 256 448c141.4 0 256-93.1 256-208S397.4 32 256 32zm0 368c-26.7 0-53.1-4.1-78.4-12.1l-22.7-7.2-19.5 13.8c-14.3 10.1-33.9 21.4-57.5 29 7.3-12.1 14.4-25.7 19.9-40.2l10.6-28.1-20.6-21.8C69.7 314.1 48 282.2 48 240c0-88.2 93.3-160 208-160s208 71.8 208 160-93.3 160-208 160z\"><\/path><\/svg>\t\t\t\t\t\t\t\t\t\t\t\t\t\t\t\t\t\t\t<div class=\"c-ip-icon-list-1__title\"> Schneller Support<\/div>\n\t\t\t\t\t\t\t<i class=\"ip-romb c-ip-icon-list-1__romb\"><\/i>\n\t\t\t\t\t\t\t\t\t\t\t\t\t\t\t\t\t\t\t<div class=\"c-ip-icon-list-1__description\">Wir beantworten alle E-Mails und Fragen innerhalb von 24 Stunden.<\/div>\n\t\t\t\t\t\t\n\t\t\t\t\t\t\t\t\t\t\t\t\t\t\t\t\t<\/li>\n\t\t\t\t\t\t\t<\/ul>\n\t\t<\/div>\n\t\t\t\t\t\t<\/div>\n\t\t\t\t<\/div>\n\t\t\t\t<div class=\"elementor-element elementor-element-f2808b7 elementor-widget__width-initial elementor-absolute elementor-widget elementor-widget-image\" data-id=\"f2808b7\" data-element_type=\"widget\" data-settings=\"{&quot;_position&quot;:&quot;absolute&quot;}\" data-widget_type=\"image.default\">\n\t\t\t\t<div class=\"elementor-widget-container\">\n\t\t\t\t\t\t\t\t\t\t\t\t\t\t\t<img decoding=\"async\" width=\"162\" height=\"147\" src=\"https:\/\/tretinoins.com\/wp-content\/uploads\/2020\/10\/luchiana-2359558945.png\" class=\"attachment-full size-full wp-image-4295\" alt=\"\" srcset=\"https:\/\/tretinoins.com\/wp-content\/uploads\/2020\/10\/luchiana-2359558945.png 162w, https:\/\/tretinoins.com\/wp-content\/uploads\/2020\/10\/luchiana-2359558945-160x145.png 160w\" sizes=\"(max-width: 162px) 100vw, 162px\" \/>\t\t\t\t\t\t\t\t\t\t\t\t\t\t\t<\/div>\n\t\t\t\t<\/div>\n\t\t\t\t\t<\/div>\n\t\t<\/div>\n\t\t\t\t\t<\/div>\n\t\t<\/section>\n\t\t\t\t<section class=\"elementor-section elementor-top-section elementor-element elementor-element-b3539fd elementor-section-full_width elementor-section-height-default elementor-section-height-default\" data-id=\"b3539fd\" data-element_type=\"section\">\n\t\t\t\t\t\t<div class=\"elementor-container elementor-column-gap-no\">\n\t\t\t\t\t<div class=\"elementor-column elementor-col-100 elementor-top-column elementor-element elementor-element-bdd41c1\" data-id=\"bdd41c1\" data-element_type=\"column\">\n\t\t\t<div class=\"elementor-widget-wrap elementor-element-populated\">\n\t\t\t\t\t\t<div class=\"elementor-element elementor-element-631c2cd elementor-widget elementor-widget-ideapark-heading\" data-id=\"631c2cd\" data-element_type=\"widget\" data-widget_type=\"ideapark-heading.default\">\n\t\t\t\t<div class=\"elementor-widget-container\">\n\t\t\t\t\t<div class=\"c-ip-heading c-ip-heading--small c-ip-heading--center c-ip-heading--bullet-after\"><span class=\"c-ip-heading__inner\">Unser Neuestes<\/span><\/div>\t\t\t\t<\/div>\n\t\t\t\t<\/div>\n\t\t\t\t<div class=\"elementor-element elementor-element-09e011a elementor-widget elementor-widget-ideapark-heading\" data-id=\"09e011a\" data-element_type=\"widget\" data-widget_type=\"ideapark-heading.default\">\n\t\t\t\t<div class=\"elementor-widget-container\">\n\t\t\t\t\t<div class=\"c-ip-heading c-ip-heading--medium c-ip-heading--center c-ip-heading--bullet-hide\"><span class=\"c-ip-heading__inner\">Artikel<\/span><\/div>\t\t\t\t<\/div>\n\t\t\t\t<\/div>\n\t\t\t\t<div class=\"elementor-element elementor-element-631bae1 elementor-widget elementor-widget-ideapark-news-carousel\" data-id=\"631bae1\" data-element_type=\"widget\" data-widget_type=\"ideapark-news-carousel.default\">\n\t\t\t\t<div class=\"elementor-widget-container\">\n\t\t\t\t\t\t\t<div class=\"c-ip-news-carousel\">\n\t\t\t<div class=\"c-ip-news-carousel__wrap\">\n\t\t\t\t<div\n\t\t\t\t\tclass=\"c-ip-news-carousel__list c-ip-news-carousel__list--3 js-news-carousel h-carousel h-carousel--default-dots h-carousel--flex h-carousel--outside h-carousel--round-light c-ip-news-carousel__list--dots\">\n\t\t\t\t\t\t\t\t\t\t\t\t\t\t\t\t\t<article\r\n\tid=\"post-7466\" class=\"c-post-list c-post-list--standard c-post-list--grid c-post-list--no-sidebar c-post-list--with-thumb c-post-list--post js-post-item post-7466 post type-post status-publish format-standard has-post-thumbnail hentry category-tretinoin-de tag-tretinoin-de tag-tretinoin-cream-de\">\r\n\r\n\t\t\t<div\r\n\t\t\tclass=\"c-post-list__thumb c-post-list__thumb--standard c-post-list__thumb--grid\">\r\n\t\t\t\t\t\t\t<div\r\n\t\t\t\t\tclass=\"c-post-list__thumb-inner c-post-list__thumb-inner--grid\">\r\n\t\t\t\t\t\t\t\t\t\t\t<a href=\"https:\/\/tretinoins.com\/de\/tretinoin-die-20-bekanntesten-marken\/\">\r\n\t\t\t\t\t\t\t<img decoding=\"async\" width=\"760\" height=\"760\" src=\"https:\/\/tretinoins.com\/wp-content\/uploads\/2024\/01\/Tretinoin-Cream-0.1-Healing-Pharma-Tretiheal-20g-760x760.webp\" class=\"c-post-list__img wp-post-image\" alt=\"Tretinoin\" srcset=\"https:\/\/tretinoins.com\/wp-content\/uploads\/2024\/01\/Tretinoin-Cream-0.1-Healing-Pharma-Tretiheal-20g-760x760.webp 760w, https:\/\/tretinoins.com\/wp-content\/uploads\/2024\/01\/Tretinoin-Cream-0.1-Healing-Pharma-Tretiheal-20g-460x460.webp 460w, https:\/\/tretinoins.com\/wp-content\/uploads\/2024\/01\/Tretinoin-Cream-0.1-Healing-Pharma-Tretiheal-20g-115x115.webp 115w, https:\/\/tretinoins.com\/wp-content\/uploads\/2024\/01\/Tretinoin-Cream-0.1-Healing-Pharma-Tretiheal-20g-920x920.webp 920w, https:\/\/tretinoins.com\/wp-content\/uploads\/2024\/01\/Tretinoin-Cream-0.1-Healing-Pharma-Tretiheal-20g-145x145.webp 145w, https:\/\/tretinoins.com\/wp-content\/uploads\/2024\/01\/Tretinoin-Cream-0.1-Healing-Pharma-Tretiheal-20g-290x290.webp 290w, https:\/\/tretinoins.com\/wp-content\/uploads\/2024\/01\/Tretinoin-Cream-0.1-Healing-Pharma-Tretiheal-20g-50x50.webp 50w, https:\/\/tretinoins.com\/wp-content\/uploads\/2024\/01\/Tretinoin-Cream-0.1-Healing-Pharma-Tretiheal-20g-100x100.webp 100w, https:\/\/tretinoins.com\/wp-content\/uploads\/2024\/01\/Tretinoin-Cream-0.1-Healing-Pharma-Tretiheal-20g.webp 1280w\" sizes=\"(max-width: 760px) 100vw, 760px\" \/>\t\t\t\t\t\t<\/a>\r\n\t\t\t\t\t\t\t\t\t<\/div>\r\n\t\t\t\t\t<\/div>\r\n\t\r\n\t<div\r\n\t\tclass=\"c-post-list__wrap c-post-list__wrap--standard c-post-list__wrap--grid   c-post-list__wrap--no-sidebar \">\r\n\r\n\t\t\t\t\t<div\r\n\t\t\t\tclass=\"c-post-list__meta-date  c-post-list__meta-date--with-thumb   c-post-list__meta-date--no-sidebar  c-post-list__meta-date--grid\">\r\n\t\t\t\t2. Januar 2025\t\t\t<\/div>\r\n\t\t\r\n\t\t\r\n\t\t<a class=\"c-post-list__header-link\" href=\"https:\/\/tretinoins.com\/de\/tretinoin-die-20-bekanntesten-marken\/\"><h2 class=\"c-post-list__header\">Tretinoin &#8211; Die 20 bekanntesten Marken<\/h2><\/a>\r\n\t\t\t\t\t<div class=\"c-post-list__except\">\r\n\t\t\t\t\t\t\t\t\t<p>Tretinoin &#8211; Die 20 bekanntesten Marken. Dieser Artikel bietet eine detaillierte Analyse verschiedener topischer Retinoide, die bei der&hellip;<\/p>\n\t\t\t\t\t\t\t\t<\/div>\r\n\t\t\r\n\t\t\t\t\t\t\t\t<div class=\"c-post-list__meta-category\">\r\n\t\t\t\t<a class=\"c-post-list__categories-item-link\" href=\"https:\/\/tretinoins.com\/de\/tretinoin-de\/\" title=\"View all posts in Tretinoin\">Tretinoin<\/a>\t\t\t<\/div>\r\n\t\t\r\n\t\t\r\n\t\t<a class=\"c-button c-button--outline c-post-list__continue\" href=\"https:\/\/tretinoins.com\/de\/tretinoin-die-20-bekanntesten-marken\/\">Read More<\/a>\r\n\t<\/div>\r\n\r\n<\/article>\t\t\t\t\t\t\t\t\t\t\t\t\t\t\t\t\t<article\r\n\tid=\"post-7427\" class=\"c-post-list c-post-list--standard c-post-list--grid c-post-list--no-sidebar c-post-list--with-thumb c-post-list--post js-post-item post-7427 post type-post status-publish format-standard has-post-thumbnail hentry category-tretinoin-3 tag-tretinoin-de tag-tretinoin-creme\">\r\n\r\n\t\t\t<div\r\n\t\t\tclass=\"c-post-list__thumb c-post-list__thumb--standard c-post-list__thumb--grid\">\r\n\t\t\t\t\t\t\t<div\r\n\t\t\t\t\tclass=\"c-post-list__thumb-inner c-post-list__thumb-inner--grid\">\r\n\t\t\t\t\t\t\t\t\t\t\t<a href=\"https:\/\/tretinoins.com\/de\/tretinoin-creme-ein-umfassender-leitfaden\/\">\r\n\t\t\t\t\t\t\t<img loading=\"lazy\" decoding=\"async\" width=\"760\" height=\"760\" src=\"https:\/\/tretinoins.com\/wp-content\/uploads\/2024\/01\/Tretinoin-Cream-0.025-Healing-Pharma-Tretiheal-20g-760x760.webp\" class=\"c-post-list__img wp-post-image\" alt=\"Tretinoin Creme 0.025% 20g, Healing Pharma, Tretiheal 20g\" srcset=\"https:\/\/tretinoins.com\/wp-content\/uploads\/2024\/01\/Tretinoin-Cream-0.025-Healing-Pharma-Tretiheal-20g-760x760.webp 760w, https:\/\/tretinoins.com\/wp-content\/uploads\/2024\/01\/Tretinoin-Cream-0.025-Healing-Pharma-Tretiheal-20g-460x460.webp 460w, https:\/\/tretinoins.com\/wp-content\/uploads\/2024\/01\/Tretinoin-Cream-0.025-Healing-Pharma-Tretiheal-20g-115x115.webp 115w, https:\/\/tretinoins.com\/wp-content\/uploads\/2024\/01\/Tretinoin-Cream-0.025-Healing-Pharma-Tretiheal-20g-920x920.webp 920w, https:\/\/tretinoins.com\/wp-content\/uploads\/2024\/01\/Tretinoin-Cream-0.025-Healing-Pharma-Tretiheal-20g-145x145.webp 145w, https:\/\/tretinoins.com\/wp-content\/uploads\/2024\/01\/Tretinoin-Cream-0.025-Healing-Pharma-Tretiheal-20g-290x290.webp 290w, https:\/\/tretinoins.com\/wp-content\/uploads\/2024\/01\/Tretinoin-Cream-0.025-Healing-Pharma-Tretiheal-20g-50x50.webp 50w, https:\/\/tretinoins.com\/wp-content\/uploads\/2024\/01\/Tretinoin-Cream-0.025-Healing-Pharma-Tretiheal-20g-100x100.webp 100w, https:\/\/tretinoins.com\/wp-content\/uploads\/2024\/01\/Tretinoin-Cream-0.025-Healing-Pharma-Tretiheal-20g.webp 1280w\" sizes=\"(max-width: 760px) 100vw, 760px\" \/>\t\t\t\t\t\t<\/a>\r\n\t\t\t\t\t\t\t\t\t<\/div>\r\n\t\t\t\t\t<\/div>\r\n\t\r\n\t<div\r\n\t\tclass=\"c-post-list__wrap c-post-list__wrap--standard c-post-list__wrap--grid   c-post-list__wrap--no-sidebar \">\r\n\r\n\t\t\t\t\t<div\r\n\t\t\t\tclass=\"c-post-list__meta-date  c-post-list__meta-date--with-thumb   c-post-list__meta-date--no-sidebar  c-post-list__meta-date--grid\">\r\n\t\t\t\t31. Dezember 2024\t\t\t<\/div>\r\n\t\t\r\n\t\t\r\n\t\t<a class=\"c-post-list__header-link\" href=\"https:\/\/tretinoins.com\/de\/tretinoin-creme-ein-umfassender-leitfaden\/\"><h2 class=\"c-post-list__header\">Tretinoin Creme: Ein umfassender Leitfaden<\/h2><\/a>\r\n\t\t\t\t\t<div class=\"c-post-list__except\">\r\n\t\t\t\t\t\t\t\t\t<p>1. Einf\u00fchrung in Tretinoin Creme Tretinoin Creme ist ein dermatologisches Referenzprodukt, das h\u00e4ufig zur Behandlung von Hauterkrankungen eingesetzt&hellip;<\/p>\n\t\t\t\t\t\t\t\t<\/div>\r\n\t\t\r\n\t\t\t\t\t\t\t\t<div class=\"c-post-list__meta-category\">\r\n\t\t\t\t<a class=\"c-post-list__categories-item-link\" href=\"https:\/\/tretinoins.com\/de\/tretinoin-3\/\" title=\"View all posts in Tretinoin\">Tretinoin<\/a>\t\t\t<\/div>\r\n\t\t\r\n\t\t\r\n\t\t<a class=\"c-button c-button--outline c-post-list__continue\" href=\"https:\/\/tretinoins.com\/de\/tretinoin-creme-ein-umfassender-leitfaden\/\">Read More<\/a>\r\n\t<\/div>\r\n\r\n<\/article>\t\t\t\t\t\t\t\t\t\t\t\t\t\t\t\t\t<article\r\n\tid=\"post-7380\" class=\"c-post-list c-post-list--standard c-post-list--grid c-post-list--no-sidebar c-post-list--with-thumb c-post-list--post js-post-item post-7380 post type-post status-publish format-standard has-post-thumbnail hentry category-tretinoin-3 tag-tretinoin-de tag-was-ist-tretinoin\">\r\n\r\n\t\t\t<div\r\n\t\t\tclass=\"c-post-list__thumb c-post-list__thumb--standard c-post-list__thumb--grid\">\r\n\t\t\t\t\t\t\t<div\r\n\t\t\t\t\tclass=\"c-post-list__thumb-inner c-post-list__thumb-inner--grid\">\r\n\t\t\t\t\t\t\t\t\t\t\t<a href=\"https:\/\/tretinoins.com\/de\/was-ist-tretinoin-coole-anleitung-in-9-schritten\/\">\r\n\t\t\t\t\t\t\t<img loading=\"lazy\" decoding=\"async\" width=\"760\" height=\"950\" src=\"https:\/\/tretinoins.com\/wp-content\/uploads\/2024\/12\/what-is-tretinoin-760x950.jpeg\" class=\"c-post-list__img wp-post-image\" alt=\"what is Tretinoin\" srcset=\"https:\/\/tretinoins.com\/wp-content\/uploads\/2024\/12\/what-is-tretinoin-760x950.jpeg 760w, https:\/\/tretinoins.com\/wp-content\/uploads\/2024\/12\/what-is-tretinoin-460x575.jpeg 460w, https:\/\/tretinoins.com\/wp-content\/uploads\/2024\/12\/what-is-tretinoin-1520x1900.jpeg 1520w, https:\/\/tretinoins.com\/wp-content\/uploads\/2024\/12\/what-is-tretinoin-920x1150.jpeg 920w, https:\/\/tretinoins.com\/wp-content\/uploads\/2024\/12\/what-is-tretinoin-116x145.jpeg 116w, https:\/\/tretinoins.com\/wp-content\/uploads\/2024\/12\/what-is-tretinoin-232x290.jpeg 232w\" sizes=\"(max-width: 760px) 100vw, 760px\" \/>\t\t\t\t\t\t<\/a>\r\n\t\t\t\t\t\t\t\t\t<\/div>\r\n\t\t\t\t\t<\/div>\r\n\t\r\n\t<div\r\n\t\tclass=\"c-post-list__wrap c-post-list__wrap--standard c-post-list__wrap--grid   c-post-list__wrap--no-sidebar \">\r\n\r\n\t\t\t\t\t<div\r\n\t\t\t\tclass=\"c-post-list__meta-date  c-post-list__meta-date--with-thumb   c-post-list__meta-date--no-sidebar  c-post-list__meta-date--grid\">\r\n\t\t\t\t11. Dezember 2024\t\t\t<\/div>\r\n\t\t\r\n\t\t\r\n\t\t<a class=\"c-post-list__header-link\" href=\"https:\/\/tretinoins.com\/de\/was-ist-tretinoin-coole-anleitung-in-9-schritten\/\"><h2 class=\"c-post-list__header\">Was ist Tretinoin: Coole Anleitung in 9 Schritten<\/h2><\/a>\r\n\t\t\t\t\t<div class=\"c-post-list__except\">\r\n\t\t\t\t\t\t\t\t\t<p>1. Allgemeiner \u00dcberblick \u00fcber Tretinoin Was ist Tretinoin? Tretinoin, eine Verbindung abgeleitet von Vitamin A, ist ein aktiver&hellip;<\/p>\n\t\t\t\t\t\t\t\t<\/div>\r\n\t\t\r\n\t\t\t\t\t\t\t\t<div class=\"c-post-list__meta-category\">\r\n\t\t\t\t<a class=\"c-post-list__categories-item-link\" href=\"https:\/\/tretinoins.com\/de\/tretinoin-3\/\" title=\"View all posts in Tretinoin\">Tretinoin<\/a>\t\t\t<\/div>\r\n\t\t\r\n\t\t\r\n\t\t<a class=\"c-button c-button--outline c-post-list__continue\" href=\"https:\/\/tretinoins.com\/de\/was-ist-tretinoin-coole-anleitung-in-9-schritten\/\">Read More<\/a>\r\n\t<\/div>\r\n\r\n<\/article>\t\t\t\t\t\t\t\t\t<\/div>\n\t\t\t<\/div>\n\t\t<\/div>\n\t\t\t\t\t\t<\/div>\n\t\t\t\t<\/div>\n\t\t\t\t\t<\/div>\n\t\t<\/div>\n\t\t\t\t\t<\/div>\n\t\t<\/section>\n\t\t\t\t<\/div>\n\t\t","protected":false},"excerpt":{"rendered":"<p>\u0415\u0444\u0435\u043a\u0442\u0438\u0432\u043d\u043e\u0441\u0442\u0442\u0430 \u043d\u0430 \u043f\u0440\u043e\u0434\u0443\u043a\u0442\u0438\u0442\u0435 Crest \u0432 \u0433\u0440\u0438\u0436\u0430\u0442\u0430 \u0437\u0430 \u0443\u0441\u0442\u043d\u0430\u0442\u0430 \u043a\u0443\u0445\u0438\u043d\u0430 Home Willkommen bei Tretinoins.com, wo Sch\u00f6nheit auf Wellness trifft! Bei Tretinonis.com ist es&hellip;<\/p>\n","protected":false},"author":1,"featured_media":0,"parent":0,"menu_order":0,"comment_status":"closed","ping_status":"closed","template":"elementor_header_footer","meta":{"footnotes":""},"class_list":["post-4655","page","type-page","status-publish","hentry"],"_links":{"self":[{"href":"https:\/\/tretinoins.com\/de\/wp-json\/wp\/v2\/pages\/4655","targetHints":{"allow":["GET"]}}],"collection":[{"href":"https:\/\/tretinoins.com\/de\/wp-json\/wp\/v2\/pages"}],"about":[{"href":"https:\/\/tretinoins.com\/de\/wp-json\/wp\/v2\/types\/page"}],"author":[{"embeddable":true,"href":"https:\/\/tretinoins.com\/de\/wp-json\/wp\/v2\/users\/1"}],"replies":[{"embeddable":true,"href":"https:\/\/tretinoins.com\/de\/wp-json\/wp\/v2\/comments?post=4655"}],"version-history":[{"count":13,"href":"https:\/\/tretinoins.com\/de\/wp-json\/wp\/v2\/pages\/4655\/revisions"}],"predecessor-version":[{"id":5316,"href":"https:\/\/tretinoins.com\/de\/wp-json\/wp\/v2\/pages\/4655\/revisions\/5316"}],"wp:attachment":[{"href":"https:\/\/tretinoins.com\/de\/wp-json\/wp\/v2\/media?parent=4655"}],"curies":[{"name":"wp","href":"https:\/\/api.w.org\/{rel}","templated":true}]}}