{"id":14788,"date":"2024-01-03T14:00:14","date_gmt":"2024-01-03T14:00:14","guid":{"rendered":"https:\/\/tretinoins.com\/tretinoin-gel-005-20g-menarini-a-ret-proti-akne-proti-vraskam\/"},"modified":"2026-04-11T21:03:54","modified_gmt":"2026-04-11T19:03:54","slug":"tretinoin-gel-005-20g-menarini-a-ret-proti-akne-proti-vraskam","status":"publish","type":"product","link":"https:\/\/tretinoins.com\/cs\/tretinoin-gel-005-20g-menarini-a-ret-proti-akne-proti-vraskam\/","title":{"rendered":"Tretinoin gel 0,05 20g, Menarini, A-Ret, proti akn\u00e9, proti vr\u00e1sk\u00e1m"},"content":{"rendered":"<div data-pm-slice=\"1 1 []\" data-en-clipboard=\"true\">Pokud jde o p\u00e9\u010di o ple\u0165, m\u00e1lokter\u00e9 t\u00e9ma vzbud\u00ed takov\u00fd rozruch jako tretinoinov\u00fd gel. A pokud jste v obraze, pravd\u011bpodobn\u011b jste sly\u0161eli \u0161u\u0161kandu &#8211; mo\u017en\u00e1 dokonce nad\u0161en\u00e9 v\u00fdk\u0159iky &#8211; o <b>Tretinoin Gel 0,05 20g, Menarini, A-Ret<\/b>. Pokud se \u0161kr\u00e1bete na hlav\u011b a p\u0159em\u00fd\u0161l\u00edte, co p\u0159esn\u011b tento kouzeln\u00fd lektvar je, jste na spr\u00e1vn\u00e9m m\u00edst\u011b! P\u0159ipoutejte se tedy, proto\u017ee se pono\u0159\u00edme do sv\u011bta tretinoinu, odhal\u00edme jeho tajemstv\u00ed a dozv\u00edte se, jak ho za\u0159adit do sv\u00e9 rutiny, abyste dos\u00e1hli vytou\u017een\u00e9ho lesku.<\/div>\n<div>Tretinoin, deriv\u00e1t vitaminu A, si v oblasti p\u00e9\u010de o ple\u0165 vydobyl pov\u011bst siln\u00e9ho \u00fa\u010dinku. U\u017eivatel\u00e9 si pochvaluj\u00ed jeho schopnost redukovat jemn\u00e9 vr\u00e1sky, bojovat proti akn\u00e9 a vyrovn\u00e1vat t\u00f3n pleti. S velkou silou v\u0161ak p\u0159ich\u00e1z\u00ed i velk\u00e1 zodpov\u011bdnost! V tomto pr\u016fvodci se dozv\u00edte v\u0161e od slo\u017eek, p\u0159es fungov\u00e1n\u00ed, zp\u016fsoby aplikace, mo\u017en\u00e1 \u00faskal\u00ed a\u017e po nej\u010dast\u011bj\u0161\u00ed dotazy &#8211; proto\u017ee v\u00edme, \u017ee m\u00e1te ot\u00e1zky!<\/div>\n<h3>\u010c\u00edm je tretinoin tak v\u00fdjime\u010dn\u00fd?<\/h3>\n<div>Ne\u017e p\u0159ejdeme k na\u0161emu podrobn\u00e9mu obsahu, \u0159ekn\u011bme si n\u011bco o tretinoinu. Na rozd\u00edl od mnoha jin\u00fdch slo\u017eek p\u00e9\u010de o ple\u0165 p\u016fsob\u00ed tento gel na bun\u011b\u010dn\u00e9 \u00farovni, podporuje bun\u011b\u010dnou v\u00fdm\u011bnu a pom\u00e1h\u00e1 va\u0161\u00ed pleti vypadat sv\u011b\u017ee a mladistv\u011b. Nejen\u017ee zvy\u0161uje produkci kolagenu, ale tak\u00e9 uvol\u0148uje p\u00f3ry &#8211; mluvme o multitaskingu!<\/div>\n<div><\/div>\n<div>\n<hr \/>\n<\/div>\n<ol>\n<li>\n<div>Co je tretinoin gel 0,05 %?<\/div>\n<\/li>\n<li>\n<div>V\u00fdhody tretinoinov\u00e9ho gelu 0,05%, 20g, Menarini, A-Ret<\/div>\n<\/li>\n<li>\n<div>Jak \u00fa\u010dinn\u011b pou\u017e\u00edvat tretinoinov\u00fd gel<\/div>\n<ul>\n<li>\n<div>Kroky aplikace<\/div>\n<\/li>\n<li>\n<div>Frekvence pou\u017e\u00edv\u00e1n\u00ed<\/div>\n<\/li>\n<li>\n<div>Tipy pro za\u010d\u00e1te\u010dn\u00edky<\/div>\n<\/li>\n<\/ul>\n<\/li>\n<li>\n<div>Mo\u017en\u00e9 vedlej\u0161\u00ed \u00fa\u010dinky<\/div>\n<\/li>\n<li>\n<div>Kdo by m\u011bl tretinoin pou\u017e\u00edvat?<\/div>\n<\/li>\n<li>\n<div>Tretinoin vs. jin\u00e9 retinoidy<\/div>\n<\/li>\n<li>\n<div>Nej\u010dast\u011bj\u0161\u00ed dotazy<\/div>\n<\/li>\n<li>\n<div>Z\u00e1v\u011br<\/div>\n<\/li>\n<\/ol>\n<hr \/>\n<h3>1. Co je to Tretinoin gel 0,05 20g?<\/h3>\n<div>Tretinoin gel 0,05 20g, Menarini, A-Ret je lok\u00e1ln\u00ed l\u00e9\u010dba pou\u017e\u00edvan\u00e1 p\u0159edev\u0161\u00edm na akn\u00e9 a zlep\u0161en\u00ed vzhledu pleti. Toto gelov\u00e9 slo\u017een\u00ed je lehk\u00e9, rychle pronik\u00e1 do poko\u017eky a je m\u00e9n\u011b mastn\u00e9 ve srovn\u00e1n\u00ed s kr\u00e9my &#8211; co\u017e z n\u011bj \u010din\u00ed pro mnoh\u00e9 preferovanou volbu. S koncentrac\u00ed 0,05 % dosahuje rovnov\u00e1hy mezi \u00fa\u010dinnost\u00ed a sn\u00e1\u0161enlivost\u00ed, tak\u017ee je vhodn\u00fd pro r\u016fzn\u00e9 typy pleti.<\/div>\n<h4>Kl\u00ed\u010dov\u00e9 slo\u017eky:<\/h4>\n<ul>\n<li>\n<div><b>Tretinoin (0,05 %)<\/b>: Hv\u011bzda p\u0159ehl\u00eddky! Tento siln\u00fd retinoid urychluje bun\u011b\u010dnou v\u00fdm\u011bnu a pom\u00e1h\u00e1 odhalit sv\u011b\u017e\u00ed ple\u0165.<\/div>\n<\/li>\n<li>\n<div><b>Kyselina glykolov\u00e1<\/b>: \u010casto se pou\u017e\u00edv\u00e1 k pos\u00edlen\u00ed exfoliace, co\u017e podporuje hladkou texturu.<\/div>\n<\/li>\n<li>\n<div><b>Hydrata\u010dn\u00ed l\u00e1tky<\/b>: Mnoho p\u0159\u00edpravk\u016f obsahuje hydrata\u010dn\u00ed slo\u017eky, kter\u00e9 p\u016fsob\u00ed proti mo\u017en\u00e9mu vysu\u0161ov\u00e1n\u00ed p\u0159i pou\u017e\u00edv\u00e1n\u00ed tretinoinu.<\/div>\n<\/li>\n<\/ul>\n<h3>2. V\u00fdhody tretinoinov\u00e9ho gelu 0,05 20g, Menarini, A-Ret<\/h3>\n<div>Pro\u010d byste m\u011bli zv\u00e1\u017eit p\u0159id\u00e1n\u00ed tretinoinov\u00e9ho gelu do sv\u00e9 p\u00e9\u010de o ple\u0165? Poj\u010fme si to rozebrat!<\/div>\n<table width=\"376px\">\n<colgroup>\n<col \/>\n<col \/><\/colgroup>\n<tbody>\n<tr>\n<th data-colwidth=\"188\">\n<div>Benefit<\/div>\n<\/th>\n<th data-colwidth=\"188\">\n<div>Popis<\/div>\n<\/th>\n<\/tr>\n<tr>\n<td data-colwidth=\"188\">\n<div><b>Redukuje jemn\u00e9 vr\u00e1sky<\/b><\/div>\n<\/td>\n<td data-colwidth=\"188\">\n<div>Podporuje tvorbu kolagenu a zjem\u0148uje jemn\u00e9 vr\u00e1sky.<\/div>\n<\/td>\n<\/tr>\n<tr>\n<td data-colwidth=\"188\">\n<div><b>Bojuje proti akn\u00e9<\/b><\/div>\n<\/td>\n<td data-colwidth=\"188\">\n<div>Uvol\u0148uje p\u00f3ry a zabra\u0148uje tvorb\u011b pup\u00ednk\u016f.<\/div>\n<\/td>\n<\/tr>\n<tr>\n<td data-colwidth=\"188\">\n<div><b>Vyrovn\u00e1v\u00e1 t\u00f3n pleti<\/b><\/div>\n<\/td>\n<td data-colwidth=\"188\">\n<div>Pom\u00e1h\u00e1 zm\u00edr\u0148ovat tmav\u00e9 skvrny a hyperpigmentaci.<\/div>\n<\/td>\n<\/tr>\n<tr>\n<td data-colwidth=\"188\">\n<div><b>Zlep\u0161uje texturu pleti<\/b><\/div>\n<\/td>\n<td data-colwidth=\"188\">\n<div>Podporuje exfoliaci, co\u017e vede k hlad\u0161\u00edmu pocitu.<\/div>\n<\/td>\n<\/tr>\n<tr>\n<td data-colwidth=\"188\">\n<div><b>Zvy\u0161uje z\u00e1\u0159ivost<\/b><\/div>\n<\/td>\n<td data-colwidth=\"188\">\n<div>Zvy\u0161uje celkov\u00fd jas a mladistvost pleti.<\/div>\n<\/td>\n<\/tr>\n<\/tbody>\n<\/table>\n<h3>3. Jak \u00fa\u010dinn\u011b pou\u017e\u00edvat tretinoinov\u00fd gel<\/h3>\n<div>Te\u010f, kdy\u017e u\u017e v\u00edme, co tento klenot dok\u00e1\u017ee, jak ho vlastn\u011b pou\u017e\u00edvat, ani\u017e by se va\u0161e ple\u0165 zm\u011bnila v bitevn\u00ed pole? Nebojte se! Zde je pr\u016fvodce krok za krokem.<\/div>\n<h4><b>Kroky aplikace<\/b><\/h4>\n<ol>\n<li>\n<div><b>O\u010dist\u011bte si obli\u010dej<\/b>: Za\u010dn\u011bte jemn\u00fdm \u010distic\u00edm prost\u0159edkem, kter\u00fd odstran\u00ed ne\u010distoty a oleje.<\/div>\n<\/li>\n<li>\n<div><b>Osu\u0161te si poko\u017eku<\/b>: Po\u010dkejte asi 20 minut po umyt\u00ed. Toto \u010dek\u00e1n\u00ed pom\u00e1h\u00e1 sn\u00ed\u017eit podr\u00e1\u017ed\u011bn\u00ed.<\/div>\n<\/li>\n<li>\n<div><b>Aplikujte mno\u017estv\u00ed o velikosti hr\u00e1\u0161ku<\/b>: Naneste rovnom\u011brn\u011b na obli\u010dej a vyhn\u011bte se citliv\u00fdm m\u00edst\u016fm, jako jsou o\u010di a \u00fasta.<\/div>\n<\/li>\n<li>\n<div><b>Zvlh\u010dujte<\/b>: N\u00e1sledn\u011b pou\u017eijte jemn\u00fd hydrata\u010dn\u00ed kr\u00e9m proti p\u0159\u00edpadn\u00e9mu vysu\u0161en\u00ed.<\/div>\n<\/li>\n<\/ol>\n<h4><b>Frekvence pou\u017e\u00edv\u00e1n\u00ed<\/b><\/h4>\n<ul>\n<li>\n<div><b>Za\u010dn\u011bte pomalu<\/b>: Za\u010dn\u011bte s n\u00edm ka\u017edou t\u0159et\u00ed noc. Va\u0161e ple\u0165 pot\u0159ebuje \u010das na p\u0159izp\u016fsoben\u00ed!<\/div>\n<\/li>\n<li>\n<div><b>Postupn\u00e9 zvy\u0161ov\u00e1n\u00ed<\/b>: Jakmile si va\u0161e ple\u0165 zvykne, m\u016f\u017eete pou\u017e\u00edvat kr\u00e9m \u010dast\u011bji ne\u017e ka\u017edou druhou noc, p\u0159\u00edpadn\u011b ka\u017edou noc, pokud to va\u0161e ple\u0165 dob\u0159e sn\u00e1\u0161\u00ed.<\/div>\n<\/li>\n<\/ul>\n<h4><b>Tipy pro za\u010d\u00e1te\u010dn\u00edky<\/b><\/h4>\n<ul>\n<li>\n<div><b>Dodr\u017eujte rutinu<\/b>: D\u016fslednost je kl\u00ed\u010dov\u00e1! Pravideln\u00e9 pou\u017e\u00edv\u00e1n\u00ed p\u0159in\u00e1\u0161\u00ed nejlep\u0161\u00ed v\u00fdsledky.<\/div>\n<\/li>\n<li>\n<div><b>Opalovac\u00ed kr\u00e9m je v\u00e1\u0161 p\u0159\u00edtel<\/b>: Tretinoin m\u016f\u017ee zv\u00fd\u0161it citlivost na slunce. Ka\u017edodenn\u00ed pou\u017e\u00edv\u00e1n\u00ed opalovac\u00edho kr\u00e9mu je nutnost\u00ed!<\/div>\n<\/li>\n<\/ul>\n<h3>4. Mo\u017en\u00e9 vedlej\u0161\u00ed \u00fa\u010dinky<\/h3>\n<div>Tretinoin je sice hv\u011bzdou pro ple\u0165, ale m\u016f\u017ee m\u00edt n\u011bkter\u00e9 vedlej\u0161\u00ed \u00fa\u010dinky, o kter\u00fdch byste m\u011bli v\u011bd\u011bt.<\/div>\n<table width=\"376px\">\n<colgroup>\n<col \/>\n<col \/><\/colgroup>\n<tbody>\n<tr>\n<th data-colwidth=\"188\">\n<div>Vedlej\u0161\u00ed \u00fa\u010dinek<\/div>\n<\/th>\n<th data-colwidth=\"188\">\n<div>Popis<\/div>\n<\/th>\n<\/tr>\n<tr>\n<td data-colwidth=\"188\">\n<div><b>Suchost<\/b><\/div>\n<\/td>\n<td data-colwidth=\"188\">\n<div>Mnoho u\u017eivatel\u016f se setk\u00e1v\u00e1 se suchost\u00ed, zejm\u00e9na na za\u010d\u00e1tku.<\/div>\n<\/td>\n<\/tr>\n<tr>\n<td data-colwidth=\"188\">\n<div><b>Zarudnut\u00ed a olupov\u00e1n\u00ed<\/b><\/div>\n<\/td>\n<td data-colwidth=\"188\">\n<div>Ty jsou b\u011b\u017en\u00e9, proto\u017ee se va\u0161e k\u016f\u017ee p\u0159izp\u016fsobuje. Nepropadejte panice!<\/div>\n<\/td>\n<\/tr>\n<tr>\n<td data-colwidth=\"188\">\n<div><b>Zv\u00fd\u0161en\u00e1 citlivost<\/b><\/div>\n<\/td>\n<td data-colwidth=\"188\">\n<div>Va\u0161e poko\u017eka m\u016f\u017ee b\u00fdt citliv\u011bj\u0161\u00ed na slune\u010dn\u00ed z\u00e1\u0159en\u00ed.<\/div>\n<\/td>\n<\/tr>\n<\/tbody>\n<\/table>\n<div>V\u011bt\u0161ina ne\u017e\u00e1douc\u00edch \u00fa\u010dink\u016f odezn\u00ed, jakmile se va\u0161e k\u016f\u017ee p\u0159izp\u016fsob\u00ed. Pokud se v\u0161ak ocitnete v p\u0159etrv\u00e1vaj\u00edc\u00ed smy\u010dce podr\u00e1\u017ed\u011bn\u00ed, nev\u00e1hejte se poradit s dermatologem!<\/div>\n<h3>5. Kdo by m\u011bl tretinoin pou\u017e\u00edvat?<\/h3>\n<div>Tretinoin nen\u00ed univerz\u00e1ln\u00ed. I kdy\u017e u mnoha lid\u00ed d\u011bl\u00e1 z\u00e1zraky, je nejlep\u0161\u00ed pro ty, kte\u0159\u00ed se pot\u00fdkaj\u00ed s:<\/div>\n<ul>\n<li>\n<div><b>Akn\u00e9<\/b>: A\u0165 u\u017e jste dosp\u00edvaj\u00edc\u00ed nebo dosp\u011bl\u00fd, je to skv\u011bl\u00e1 prevence vzniku <b>akn\u00e9<\/b>.<\/div>\n<\/li>\n<li>\n<div><b>P\u0159\u00edznaky st\u00e1rnut\u00ed<\/b>: Tretinoin v\u00e1m m\u016f\u017ee pomoci udr\u017eet je na uzd\u011b.<\/div>\n<\/li>\n<li>\n<div><b>Nerovnom\u011brn\u00fd t\u00f3n pleti<\/b>: Tento gel je ide\u00e1ln\u00ed pro ty, kte\u0159\u00ed cht\u011bj\u00ed vyrovnat pigmentaci.<\/div>\n<\/li>\n<\/ul>\n<div>Osoby s velmi citlivou poko\u017ekou nebo specifick\u00fdmi ko\u017en\u00edmi onemocn\u011bn\u00edmi by se v\u0161ak m\u011bly p\u0159ed pono\u0159en\u00edm do vody poradit se sv\u00fdm l\u00e9ka\u0159em.<\/div>\n<h3>6. Tretinoin vs. jin\u00e9 retinoidy<\/h3>\n<div>Tretinoin nen\u00ed jedin\u00fdm hr\u00e1\u010dem ve h\u0159e o retinoidy. Zde je rychl\u00e9 srovn\u00e1n\u00ed s n\u011bkter\u00fdmi alternativami:<\/div>\n<table width=\"752px\">\n<colgroup>\n<col \/>\n<col \/>\n<col \/>\n<col \/><\/colgroup>\n<tbody>\n<tr>\n<th data-colwidth=\"188\">\n<div>Retinoid\/slo\u017eka<\/div>\n<\/th>\n<th data-colwidth=\"188\">\n<div>Dostupn\u00e9 formul\u00e1\u0159e<\/div>\n<\/th>\n<th data-colwidth=\"188\">\n<div>S\u00edla<\/div>\n<\/th>\n<th data-colwidth=\"188\">\n<div>Ide\u00e1ln\u00ed pro<\/div>\n<\/th>\n<\/tr>\n<tr>\n<td data-colwidth=\"188\">\n<div><b>Tretinoin<\/b><\/div>\n<\/td>\n<td data-colwidth=\"188\">\n<div>Gel, kr\u00e9m<\/div>\n<\/td>\n<td data-colwidth=\"188\">\n<div>0.01%, 0.025%, 0.05%<\/div>\n<\/td>\n<td data-colwidth=\"188\">\n<div>Akn\u00e9, st\u00e1rnut\u00ed<\/div>\n<\/td>\n<\/tr>\n<tr>\n<td data-colwidth=\"188\">\n<div><b>Adapalene<\/b><\/div>\n<\/td>\n<td data-colwidth=\"188\">\n<div>Gel, kr\u00e9m<\/div>\n<\/td>\n<td data-colwidth=\"188\">\n<div>0.1%, 0.3%<\/div>\n<\/td>\n<td data-colwidth=\"188\">\n<div>Akn\u00e9, men\u0161\u00ed podr\u00e1\u017ed\u011bn\u00ed<\/div>\n<\/td>\n<\/tr>\n<tr>\n<td data-colwidth=\"188\">\n<div><b>Retinol<\/b><\/div>\n<\/td>\n<td data-colwidth=\"188\">\n<div>R\u016fzn\u00e9 formulace<\/div>\n<\/td>\n<td data-colwidth=\"188\">\n<div>0.1% &#8211; 1%<\/div>\n<\/td>\n<td data-colwidth=\"188\">\n<div>Obecn\u00fd boj proti st\u00e1rnut\u00ed<\/div>\n<\/td>\n<\/tr>\n<\/tbody>\n<\/table>\n<div><b>Profesion\u00e1ln\u00ed rada<\/b>: Pokud s retinoidy za\u010d\u00edn\u00e1te, m\u016f\u017eete za\u010d\u00edt s ni\u017e\u0161\u00ed d\u00e1vkou, kter\u00e1 pom\u016f\u017ee va\u0161\u00ed pleti aklimatizovat se.<\/div>\n<h3>Nej\u010dast\u011bj\u0161\u00ed dotazy<\/h3>\n<h4><b>1. Za jak dlouho se dostav\u00ed v\u00fdsledky?<\/b><\/h4>\n<div>V\u011bt\u0161ina u\u017eivatel\u016f za\u010dne pozorovat zlep\u0161en\u00ed struktury a t\u00f3nu pleti b\u011bhem 8-12 t\u00fddn\u016f. Kl\u00ed\u010dem k \u00fasp\u011bchu je trp\u011blivost!<\/div>\n<h4><b>2. Mohu pou\u017e\u00edvat tretinoin s jinou p\u00e9\u010d\u00ed o ple\u0165?<\/b><\/h4>\n<div>Ano, ale bu\u010fte opatrn\u00ed. Vyhn\u011bte se kombinaci s jin\u00fdmi siln\u00fdmi aktivn\u00edmi l\u00e1tkami, jako jsou AHA nebo BHA, abyste minimalizovali podr\u00e1\u017ed\u011bn\u00ed.<\/div>\n<h4><b>3. Je tretinoin bezpe\u010dn\u00fd b\u011bhem t\u011bhotenstv\u00ed?<\/b><\/h4>\n<div>Obecn\u011b se doporu\u010duje vyh\u00fdbat se retinoid\u016fm b\u011bhem t\u011bhotenstv\u00ed kv\u016fli mo\u017en\u00fdm rizik\u016fm. V\u017edy se pora\u010fte se sv\u00fdm l\u00e9ka\u0159em!<\/div>\n<h4><b>4. Mohu se po aplikaci tretinoinu nal\u00ed\u010dit?<\/b><\/h4>\n<div>P\u0159ed nanesen\u00edm make-upu je nejlep\u0161\u00ed po\u010dkat alespo\u0148 30 minut, aby se tretinoin vst\u0159ebal.<\/div>\n<h4><b>5. Co m\u00e1m d\u011blat, kdy\u017e se u m\u011b objev\u00ed nadm\u011brn\u00e1 suchost?<\/b><\/h4>\n<div>Pokud se c\u00edt\u00edte p\u0159\u00edli\u0161 such\u00e1, zkuste pou\u017e\u00edt siln\u011bj\u0161\u00ed hydrata\u010dn\u00ed kr\u00e9m nebo sni\u017ete frekvenci jeho pou\u017e\u00edv\u00e1n\u00ed.<\/div>\n<div><\/div>\n<div>Pou\u017e\u00edv\u00e1n\u00ed <b>tretinoinov\u00e9ho gelu 0,05 20g, Menarini, A-Ret<\/b> m\u016f\u017ee zm\u011bnit va\u0161i rutinn\u00ed p\u00e9\u010di o ple\u0165! D\u00edky nes\u010detn\u00fdm v\u00fdhod\u00e1m, od boje proti akn\u00e9 a\u017e po redukci zn\u00e1mek st\u00e1rnut\u00ed, se jedn\u00e1 o v\u0161estrann\u00fd dopln\u011bk, kter\u00fd v\u00e1m m\u016f\u017ee pomoci odhalit potenci\u00e1l va\u0161\u00ed pleti.<\/div>\n<div>Je v\u0161ak nutn\u00e9 k tomu p\u0159istupovat promy\u0161len\u011b. Za\u010dn\u011bte pomalu, dejte sv\u00e9 poko\u017ece \u010das na p\u0159izp\u016fsoben\u00ed a nezapome\u0148te na tak d\u016fle\u017eit\u00fd opalovac\u00ed kr\u00e9m! A\u0165 u\u017e se pot\u00fdk\u00e1te s nep\u0159\u00edjemn\u00fdmi v\u00fdtoky, nebo jen chcete dodat sv\u00e9 pleti mladistv\u00fd vzhled, tretinoin by mohl b\u00fdt pr\u00e1v\u011b tou tajnou om\u00e1\u010dkou k dosa\u017een\u00ed pleti va\u0161ich sn\u016f. Jste p\u0159ipraveni vyu\u017e\u00edt s\u00edlu tretinoinu? \u0160\u0165astn\u00e9 a z\u00e1\u0159iv\u00e9!<\/div>\n<div><\/div>\n<div>\n<hr \/>\n<\/div>\n<div>\n<h3>Prom\u011b\u0148te svou ple\u0165 s tretinoinov\u00fdm gelem 0,05 20g: Z\u00e1kladn\u00ed pr\u016fvodce<\/h3>\n<p>Tretinoin gel 0,05 20 g se v honb\u011b za bezchybnou plet\u00ed st\u00e1v\u00e1 transformativn\u00edm \u0159e\u0161en\u00edm p\u00e9\u010de o ple\u0165, kter\u00e9 je cen\u011bno pro svou \u00fa\u010dinnost p\u0159i l\u00e9\u010db\u011b akn\u00e9, sni\u017eov\u00e1n\u00ed zn\u00e1mek st\u00e1rnut\u00ed a zlep\u0161ov\u00e1n\u00ed celkov\u00e9 struktury pleti. Tento \u00fa\u010dinn\u00fd retinoidn\u00ed gel je podlo\u017een desetilet\u00edmi v\u00fdzkumu a je nezbytnou sou\u010d\u00e1st\u00ed p\u00e9\u010de o ple\u0165. Poj\u010fme prozkoumat v\u00fdhody, aplikaci a tipy pro maximalizaci \u00fa\u010dink\u016f tretinoinov\u00e9ho gelu 0,05 20 g.<\/p>\n<hr \/>\n<p>Tretinoin je deriv\u00e1t vitaminu A a pat\u0159\u00ed do skupiny retinoid\u016f. Tretinoin gel 0,05 20 g, zn\u00e1m\u00fd pro sv\u00e9 vlastnosti obnovy bun\u011bk, pronik\u00e1 hluboko do poko\u017eky a urychluje bun\u011b\u010dnou v\u00fdm\u011bnu, sni\u017euje v\u00fdskyt akn\u00e9 a zlep\u0161uje zdrav\u00ed poko\u017eky. Toto gelov\u00e9 slo\u017een\u00ed je obzvl\u00e1\u0161t\u011b \u00fa\u010dinn\u00e9 pro mastnou a akn\u00f3zn\u00ed ple\u0165 a p\u0159edstavuje alternativu pro ty, kte\u0159\u00ed d\u00e1vaj\u00ed p\u0159ednost gelov\u00e9mu o\u0161et\u0159en\u00ed p\u0159ed kr\u00e9mov\u00fdm.<\/p>\n<h4>Jak to funguje:<\/h4>\n<ul>\n<li><strong>Podporuje obnovu poko\u017eky:<\/strong> Urychlen\u00edm odstra\u0148ov\u00e1n\u00ed odum\u0159el\u00fdch ko\u017en\u00edch bun\u011bk tretinoin uvol\u0148uje p\u00f3ry a zabra\u0148uje vzniku nov\u00e9ho akn\u00e9.<\/li>\n<li><strong>Stimuluje tvorbu kolagenu:<\/strong> Pravideln\u00e1 aplikace posiluje tvorbu kolagenu, kter\u00fd redukuje jemn\u00e9 linky a vr\u00e1sky a dod\u00e1v\u00e1 pleti pevn\u00fd a mladistv\u00fd vzhled.<\/li>\n<li><strong>Zlep\u0161uje t\u00f3n pleti:<\/strong> \u00da\u010dinn\u011b redukuje barevn\u00e9 zm\u011bny a hyperpigmentaci, co\u017e vede k rovnom\u011brn\u011bj\u0161\u00edmu t\u00f3nu pleti a jej\u00edmu v\u011bt\u0161\u00edmu rozjasn\u011bn\u00ed.<\/li>\n<\/ul>\n<hr \/>\n<h3>V\u00fdhody tretinoinov\u00e9ho gelu 0,05 20g<\/h3>\n<h4><strong>\u00da\u010dinn\u00e1 l\u00e9\u010dba akn\u00e9<\/strong><\/h4>\n<p>Tretinoin gel 0,05 20 g vynik\u00e1 p\u0159i l\u00e9\u010db\u011b akn\u00e9 t\u00edm, \u017ee \u010dist\u00ed p\u00f3ry a zabra\u0148uje hromad\u011bn\u00ed ne\u010distot zp\u016fsobuj\u00edc\u00edch akn\u00e9. Nejen\u017ee \u0159e\u0161\u00ed aktivn\u00ed akn\u00e9, ale tak\u00e9 pom\u00e1h\u00e1 minimalizovat riziko budouc\u00edch v\u00fdron\u016f a v\u00fdrazn\u011b zlep\u0161uje \u010distotu pleti.<\/p>\n<h4><strong>S\u00edla proti st\u00e1rnut\u00ed<\/strong><\/h4>\n<p>Tretinoin je \u0161iroce oce\u0148ov\u00e1n pro svou schopnost bojovat proti zn\u00e1mk\u00e1m st\u00e1rnut\u00ed. Vyhlazuje jemn\u00e9 linky, redukuje vr\u00e1sky a zlep\u0161uje pru\u017enost poko\u017eky t\u00edm, \u017ee podporuje tvorbu kolagenu. V\u00fdsledkem je mlad\u0161\u00ed a zdrav\u011bji vypadaj\u00edc\u00ed ple\u0165.<\/p>\n<h4><strong>Vylep\u0161en\u00e1 textura poko\u017eky<\/strong><\/h4>\n<p>Pravideln\u00e9 pou\u017e\u00edv\u00e1n\u00ed m\u016f\u017ee v\u00fdrazn\u011b zlep\u0161it strukturu pleti, redukovat hrub\u00e9 skvrny a nerovnosti. Tretinoin se tak\u00e9 zam\u011b\u0159uje na p\u00f3ry, d\u00edky \u010demu\u017e jsou m\u00e9n\u011b viditeln\u00e9 a celkov\u011b zjem\u0148uje povrch pleti.<\/p>\n<hr \/>\n<h3>Jak \u00fa\u010dinn\u011b pou\u017e\u00edvat tretinoin gel 0,05 20g<\/h3>\n<p>Chcete-li vyu\u017e\u00edt pln\u00fd potenci\u00e1l tretinoin gelu 0,05 20g, postupujte podle n\u00e1sleduj\u00edc\u00edch pokyn\u016f:<\/p>\n<h4>Za\u010dn\u011bte jemn\u00fdm \u00favodem<\/h4>\n<ul>\n<li>Pro za\u010d\u00e1tek nan\u00e1\u0161ejte na \u010distou a suchou ple\u0165 ka\u017ed\u00fd druh\u00fd ve\u010der mno\u017estv\u00ed o velikosti hr\u00e1\u0161ku a postupn\u011b, jakmile va\u0161e ple\u0165 z\u00edsk\u00e1 toleranci, za\u010dn\u011bte pou\u017e\u00edvat kr\u00e9m ka\u017ed\u00fd ve\u010der.<\/li>\n<li>Zam\u011b\u0159te se na oblasti posti\u017een\u00e9 akn\u00e9 nebo zn\u00e1mkami st\u00e1rnut\u00ed a vyhn\u011bte se citliv\u00fdm oblastem kolem rt\u016f a o\u010d\u00ed.<\/li>\n<\/ul>\n<h4>Opat\u0159en\u00ed proti slunci<\/h4>\n<ul>\n<li>Tretinoin zvy\u0161uje citlivost poko\u017eky na slune\u010dn\u00ed z\u00e1\u0159en\u00ed. Denn\u00ed pou\u017e\u00edv\u00e1n\u00ed \u0161irokospektr\u00e1ln\u00edho opalovac\u00edho kr\u00e9mu (SPF 30 nebo vy\u0161\u0161\u00ed) je nezbytn\u00e9.<\/li>\n<li>Zva\u017ete pou\u017eit\u00ed gelu v noci, abyste se vyhnuli p\u0159\u00edm\u00e9mu slun\u011bn\u00ed bezprost\u0159edn\u011b po aplikaci.<\/li>\n<\/ul>\n<h4>Hydratace a zvlh\u010dov\u00e1n\u00ed<\/h4>\n<ul>\n<li>Za\u0159a\u010fte do sv\u00e9 rutiny jemn\u00fd hydrata\u010dn\u00ed kr\u00e9m, kter\u00fd p\u016fsob\u00ed proti vysu\u0161ov\u00e1n\u00ed a olupov\u00e1n\u00ed spojen\u00fdm s pou\u017e\u00edv\u00e1n\u00edm tretinoinu.<\/li>\n<li>Pokud dojde k podr\u00e1\u017ed\u011bn\u00ed, vlo\u017ete gel mezi vrstvy hydrata\u010dn\u00edho kr\u00e9mu nebo sni\u017ete frekvenci pou\u017e\u00edv\u00e1n\u00ed.<\/li>\n<\/ul>\n<h4>Vyhn\u011bte se dr\u00e1\u017ediv\u00fdm produkt\u016fm<\/h4>\n<ul>\n<li>P\u0159i pou\u017e\u00edv\u00e1n\u00ed tretinoinu se vyhn\u011bte abrazivn\u00edm \u010distic\u00edm prost\u0159edk\u016fm, exfoliant\u016fm a dal\u0161\u00edm \u00fa\u010dinn\u00fdm l\u00e1tk\u00e1m, kter\u00e9 mohou zv\u00fd\u0161it citlivost.<\/li>\n<li>Ne\u017e za\u010dnete pou\u017e\u00edvat dal\u0161\u00ed \u00fa\u010dinn\u00e9 l\u00e1tky, nechte poko\u017ece \u010das, aby se na p\u0159\u00edpravek Tretinoin Gel 0,05 20g adaptovala.<\/li>\n<\/ul>\n<hr \/>\n<h3>Co m\u016f\u017eete o\u010dek\u00e1vat<\/h3>\n<p>P\u0159i po\u010d\u00e1te\u010dn\u00edm pou\u017e\u00edv\u00e1n\u00ed tretinoinov\u00e9ho gelu se mohou objevit ne\u017e\u00e1douc\u00ed \u00fa\u010dinky, jako je suchost, zarudnut\u00ed nebo m\u00edrn\u00e9 olupov\u00e1n\u00ed &#8211; tato f\u00e1ze se \u010dasto ozna\u010duje jako &#8222;retinoidn\u00ed purge&#8220;. Tyto \u00fa\u010dinky jsou obvykle do\u010dasn\u00e9 a lze je zvl\u00e1dnout d\u016fslednou hydratac\u00ed. Znateln\u00e9 zlep\u0161en\u00ed se obvykle dostav\u00ed b\u011bhem 6-12 t\u00fddn\u016f, p\u0159i\u010dem\u017e optim\u00e1ln\u00ed v\u00fdsledky se objev\u00ed v pr\u016fb\u011bhu dal\u0161\u00edho pou\u017e\u00edv\u00e1n\u00ed.<\/p>\n<h3>Ne\u017e\u00e1douc\u00ed \u00fa\u010dinky a \u00favahy o tretinoinov\u00e9m gelu 0,05 20g<\/h3>\n<p>P\u0159esto\u017ee tretinoin nab\u00edz\u00ed \u0159adu v\u00fdhod, n\u011bkte\u0159\u00ed u\u017eivatel\u00e9 mohou m\u00edt:<\/p>\n<ul>\n<li><strong>Po\u010d\u00e1te\u010dn\u00ed podr\u00e1\u017ed\u011bn\u00ed:<\/strong> V pr\u016fb\u011bhu adapta\u010dn\u00ed f\u00e1ze se m\u016f\u017ee objevit zarudnut\u00ed nebo olupov\u00e1n\u00ed.<\/li>\n<li><strong>Citlivost:<\/strong> Zv\u00fd\u0161en\u00e1 citlivost na faktory prost\u0159ed\u00ed, zejm\u00e9na na slune\u010dn\u00ed sv\u011btlo.<\/li>\n<\/ul>\n<p>P\u0159ed zah\u00e1jen\u00edm l\u00e9\u010dby tretinoinem se v\u017edy pora\u010fte s dermatologem, zejm\u00e9na pokud m\u00e1te citlivou poko\u017eku nebo ji\u017e existuj\u00edc\u00ed ko\u017en\u00ed onemocn\u011bn\u00ed.<\/p>\n<hr \/>\n<p>Tretinoin gel 0,05 20 g je mocn\u00fdm spojencem v boji proti akn\u00e9 a st\u00e1rnut\u00ed pleti. D\u00edky sv\u00e9 siln\u00e9 schopnosti omlazovat a transformovat ple\u0165 je tento gel nezbytnou sou\u010d\u00e1st\u00ed pro ka\u017ed\u00e9ho, kdo usiluje o \u010dist\u0161\u00ed, hlad\u0161\u00ed a mladistv\u011bj\u0161\u00ed ple\u0165. Za\u0159a\u010fte jej promy\u0161len\u011b do sv\u00e9 rutinn\u00ed p\u00e9\u010de o ple\u0165 a u\u017eijte si cestu k z\u00e1\u0159iv\u00e9 a zdrav\u00e9 pleti.<\/p>\n<p>Zodpov\u011bdn\u00fdm pou\u017e\u00edv\u00e1n\u00edm tretinoinov\u00e9ho gelu 0,05 20 g m\u016f\u017eete dos\u00e1hnout pozoruhodn\u00e9ho zlep\u0161en\u00ed pleti, co\u017e z n\u011bj \u010din\u00ed z\u00e1kladn\u00ed k\u00e1men \u00fa\u010dinn\u00e9 p\u00e9\u010de o ple\u0165. Za\u010dn\u011bte svou cestu k z\u00e1\u0159iv\u00e9, revitalizovan\u00e9 pleti je\u0161t\u011b dnes.<\/p>\n<\/div>\n<div><\/div>\n","protected":false},"excerpt":{"rendered":"<div data-pm-slice=\"1 1 []\" data-en-clipboard=\"true\">Objevte v\u0161e, co pot\u0159ebujete v\u011bd\u011bt o Tretinoin Gel 0,05 20g, Menarini, A-Ret. Prozkoumejte jeho v\u00fdhody, zp\u016fsoby aplikace, mo\u017en\u00e9 ne\u017e\u00e1douc\u00ed \u00fa\u010dinky a odborn\u00e9 tipy, jak bez n\u00e1mahy dos\u00e1hnout z\u00e1\u0159iv\u00e9 a mladistv\u00e9 pleti!<\/div>\n","protected":false},"featured_media":12996,"comment_status":"open","ping_status":"closed","template":"","meta":[],"product_cat":[1032],"product_tag":[1035,1074,1075],"class_list":{"0":"post-14788","1":"product","2":"type-product","3":"status-publish","4":"has-post-thumbnail","6":"product_cat-pece-o-oblicej","7":"product_tag-tretinoin-gel","8":"product_tag-tretinoin-gel-005-20g","9":"product_tag-tretinoin-gel-005","11":"first","12":"instock","13":"taxable","14":"shipping-taxable","15":"purchasable","16":"product-type-simple"},"_links":{"self":[{"href":"https:\/\/tretinoins.com\/cs\/wp-json\/wp\/v2\/product\/14788","targetHints":{"allow":["GET"]}}],"collection":[{"href":"https:\/\/tretinoins.com\/cs\/wp-json\/wp\/v2\/product"}],"about":[{"href":"https:\/\/tretinoins.com\/cs\/wp-json\/wp\/v2\/types\/product"}],"replies":[{"embeddable":true,"href":"https:\/\/tretinoins.com\/cs\/wp-json\/wp\/v2\/comments?post=14788"}],"version-history":[{"count":1,"href":"https:\/\/tretinoins.com\/cs\/wp-json\/wp\/v2\/product\/14788\/revisions"}],"predecessor-version":[{"id":14794,"href":"https:\/\/tretinoins.com\/cs\/wp-json\/wp\/v2\/product\/14788\/revisions\/14794"}],"wp:featuredmedia":[{"embeddable":true,"href":"https:\/\/tretinoins.com\/cs\/wp-json\/wp\/v2\/media\/12996"}],"wp:attachment":[{"href":"https:\/\/tretinoins.com\/cs\/wp-json\/wp\/v2\/media?parent=14788"}],"wp:term":[{"taxonomy":"product_cat","embeddable":true,"href":"https:\/\/tretinoins.com\/cs\/wp-json\/wp\/v2\/product_cat?post=14788"},{"taxonomy":"product_tag","embeddable":true,"href":"https:\/\/tretinoins.com\/cs\/wp-json\/wp\/v2\/product_tag?post=14788"}],"curies":[{"name":"wp","href":"https:\/\/api.w.org\/{rel}","templated":true}]}}