{"id":12997,"date":"2024-01-03T14:00:19","date_gmt":"2024-01-03T14:00:19","guid":{"rendered":"https:\/\/tretinoins.com\/tretinoin-krem-01-20g-tretiheal-healing-pharma-proti-akne-proti-vraskam\/"},"modified":"2026-03-20T15:08:50","modified_gmt":"2026-03-20T13:08:50","slug":"tretinoin-krem-01-20g-tretiheal-healing-pharma-proti-akne-proti-vraskam","status":"publish","type":"product","link":"https:\/\/tretinoins.com\/cs\/tretinoin-krem-01-20g-tretiheal-healing-pharma-proti-akne-proti-vraskam\/","title":{"rendered":"Tretinoin kr\u00e9m 0,1%, 20g, Tretiheal, Healing Pharma, proti akn\u00e9, proti vr\u00e1sk\u00e1m"},"content":{"rendered":"<h1 class=\"MuiTypography-root MuiTypography-h1 css-1kx88hb\">Odhalen\u00ed kouzla tretinoinov\u00e9ho kr\u00e9mu 0,1 %: Vydejte se na cestu k Tretihealu od spole\u010dnosti Healing Pharma.<\/h1>\n<div>\n<p>Pod\u00edvali jste se n\u011bkdy do zrcadla a p\u0159\u00e1li si, aby va\u0161e ple\u0165 byla z\u00e1\u0159iv\u011bj\u0161\u00ed? Pokud jste se sna\u017eili o hlad\u0161\u00ed a \u010dist\u0161\u00ed ple\u0165, nejste sami. Mnoho nad\u0161enc\u016f p\u00e9\u010de o ple\u0165 se obrac\u00ed k z\u00e1zrak\u016fm <strong>tretinoinov\u00e9ho kr\u00e9mu 0,1 %<\/strong>, zejm\u00e9na <strong>Tretiheal od spole\u010dnosti Healing Pharma<\/strong>. Co v\u0161ak d\u011bl\u00e1 z tohoto kr\u00e9mu z\u00e1klad nes\u010detn\u00fdch postup\u016f p\u00e9\u010de o ple\u0165? Poj\u010fme odhalit kouzlo tretinoinu, prozkoumat jeho v\u00fdhody a pono\u0159it se do praktick\u00fdch tip\u016f, jak ze sv\u00e9 20g tuby vyt\u011b\u017eit maximum!    <\/p>\n<h2>Co je tretinoinov\u00fd kr\u00e9m?<\/h2>\n<p>Tretinoin je zlat\u00fdm d\u00edt\u011btem dermatologick\u00e9 l\u00e9\u010dby a b\u011b\u017en\u011b se p\u0159edepisuje na r\u016fzn\u00e1 ko\u017en\u00ed onemocn\u011bn\u00ed. Tato \u00fa\u010dinn\u00e1 l\u00e1tka je deriv\u00e1tem vitaminu A, kter\u00fd je zn\u00e1m\u00fd svou schopnost\u00ed podporovat obnovu pleti a l\u00e9\u010dit akn\u00e9. Ale nemyslete si, \u017ee t\u00edm to kon\u010d\u00ed; tretinoin toho um\u00ed mnohem v\u00edc!  <\/p>\n<hr>\n<h3>Slo\u017een\u00ed tretinoinu<\/h3>\n<ul>\n<li><strong>Tretinoin (all-trans kyselina retinov\u00e1):<\/strong> \u00da\u010dinn\u00e1 l\u00e1tka.<\/li>\n<li><strong>Pomocn\u00e9 l\u00e1tky:<\/strong> Jsou to l\u00e1tky, kter\u00e9 jsou obsa\u017eeny vedle \u00fa\u010dinn\u00e9 l\u00e1tky, aby napom\u00e1haly aplikaci a \u00fa\u010dinnosti kr\u00e9mu.<\/li>\n<\/ul>\n<h2>Pro\u010d si vybrat tretinoin kr\u00e9m 0,1 %?<\/h2>\n<p>Ne v\u0161echny tretinoinov\u00e9 kr\u00e9my jsou stejn\u00e9! <strong>Koncentrace 0,1 %<\/strong> v p\u0159\u00edpravku <strong>Tretiheal<\/strong> zaji\u0161\u0165uje rovnov\u00e1hu mezi \u00fa\u010dinnost\u00ed a ko\u017en\u00ed sn\u00e1\u0161enlivost\u00ed. A\u0165 u\u017e bojujete s \u00faporn\u00fdm akn\u00e9, nebo se sna\u017e\u00edte minimalizovat jemn\u00e9 linky a vr\u00e1sky, tento kr\u00e9m m\u016f\u017ee b\u00fdt va\u0161\u00edm nov\u00fdm nejlep\u0161\u00edm p\u0159\u00edtelem.  <\/p>\n<hr>\n<h3>Hlavn\u00ed v\u00fdhody tretinoinov\u00e9ho kr\u00e9mu 0,1 %<\/h3>\n<table>\n<thead>\n<tr>\n<th><strong>Benefit<\/strong><\/th>\n<th><strong>Popis<\/strong><\/th>\n<\/tr>\n<\/thead>\n<tbody>\n<tr>\n<td>Sni\u017euje akn\u00e9<\/td>\n<td>Pom\u00e1h\u00e1 uvol\u0148ovat p\u00f3ry a zmen\u0161ovat st\u00e1vaj\u00edc\u00ed skvrny.<\/td>\n<\/tr>\n<tr>\n<td>Minimalizuje jemn\u00e9 vr\u00e1sky<\/td>\n<td>Stimuluje tvorbu kolagenu a sni\u017euje v\u00fdskyt vr\u00e1sek.<\/td>\n<\/tr>\n<tr>\n<td>Vyrovn\u00e1v\u00e1 t\u00f3n pleti<\/td>\n<td>Podporuje bun\u011b\u010dnou v\u00fdm\u011bnu, \u010d\u00edm\u017e pom\u00e1h\u00e1 zm\u00edrnit tmav\u00e9 skvrny a zabarven\u00ed pleti.<\/td>\n<\/tr>\n<tr>\n<td>Zlep\u0161uje texturu pleti<\/td>\n<td>Vyhlazuje drsn\u00e1 m\u00edsta a zlep\u0161uje celkovou strukturu pleti.<\/td>\n<\/tr>\n<tr>\n<td>Zvy\u0161uje z\u00e1\u0159ivost<\/td>\n<td>Revitalizuje mdlou ple\u0165 a dod\u00e1v\u00e1 j\u00ed mladistv\u00fd lesk.<\/td>\n<\/tr>\n<\/tbody>\n<\/table>\n<h2>Jak tretinoin funguje?<\/h2>\n<p>Zde se odehr\u00e1v\u00e1 skute\u010dn\u00e9 kouzlo. Tretinoin pronik\u00e1 do vrstev k\u016f\u017ee a urychluje bun\u011b\u010dnou v\u00fdm\u011bnu. To znamen\u00e1, \u017ee pom\u00e1h\u00e1 va\u0161\u00ed poko\u017ece zbavit se star\u00fdch, odum\u0159el\u00fdch bun\u011bk a podporuje tvorbu nov\u00fdch, zdrav\u00fdch bun\u011bk. P\u0159edstavte si to jako resetovac\u00ed tla\u010d\u00edtko pro va\u0161i ple\u0165! A zat\u00edmco to d\u011bl\u00e1, zvy\u0161uje tak\u00e9 produkci kolagenu &#8211; sbohem jemn\u00e9 vr\u00e1sky!    <\/p>\n<h3>Mechanismy p\u016fsoben\u00ed<\/h3>\n<ul>\n<li><strong>Zv\u00fd\u0161en\u00fd obrat bun\u011bk:<\/strong> Tretinoin urychluje odbour\u00e1v\u00e1n\u00ed star\u00fdch ko\u017en\u00edch bun\u011bk a umo\u017e\u0148uje tak rychlej\u0161\u00ed vznik nov\u00fdch bun\u011bk.<\/li>\n<li><strong>Synt\u00e9za kolagenu:<\/strong> Zvy\u0161uje p\u0159irozenou produkci kolagenu v poko\u017ece, co\u017e vede k jej\u00edmu zpevn\u011bn\u00ed.<\/li>\n<li><strong>Odblokov\u00e1n\u00ed p\u00f3r\u016f:<\/strong> Zabra\u0148uje tvorb\u011b komedon\u016f (ucp\u00e1vek), co\u017e vede k men\u0161\u00edmu v\u00fdskytu p\u00f3r\u016f.<\/li>\n<\/ul>\n<h2>Jak pou\u017e\u00edvat tretinoin kr\u00e9m 0,1 %<\/h2>\n<p>M\u00e1\u0161 trubku? Skv\u011bl\u00e9! Ale ne\u017e se do n\u00ed pono\u0159\u00edte, p\u0159in\u00e1\u0161\u00edme v\u00e1m stru\u010dn\u00fd n\u00e1vod, jak za\u0159adit <strong>tretinoinov\u00fd kr\u00e9m 0,1 %<\/strong> do sv\u00e9 rutinn\u00ed p\u00e9\u010de o ple\u0165, ani\u017e byste ji p\u0159et\u00ed\u017eili.  <\/p>\n<h3>Pr\u016fvodce aplikac\u00ed krok za krokem<\/h3>\n<ol>\n<li><strong>Za\u010dn\u011bte pomalu:<\/strong> Prvn\u00ed dva t\u00fddny pou\u017e\u00edvejte kr\u00e9m ka\u017ed\u00fd druh\u00fd ve\u010der. To pom\u016f\u017ee va\u0161\u00ed poko\u017ece vybudovat si toleranci. <\/li>\n<li><strong>O\u010dista:<\/strong> Za\u010dn\u011bte jemn\u00fdm \u010distic\u00edm prost\u0159edkem, kter\u00fd odstran\u00ed ve\u0161ker\u00e9 ne\u010distoty a make-up.<\/li>\n<li><strong>Pat Dry:<\/strong> Jemn\u011b poko\u017eku osu\u0161te. Po\u010dkejte asi 20 minut. Tento p\u0159\u00edstup tolerantn\u00ed k past\u011b m\u016f\u017ee pomoci zabr\u00e1nit podr\u00e1\u017ed\u011bn\u00ed!  <\/li>\n<li><strong>Naneste mno\u017estv\u00ed o velikosti hr\u00e1\u0161ku:<\/strong> M\u00e9n\u011b je v\u00edce! Pou\u017eijte mal\u00e9 mno\u017estv\u00ed a naneste ho na cel\u00fd obli\u010dej. <\/li>\n<li><strong>Zvlh\u010dujte:<\/strong> N\u00e1sledn\u011b pou\u017eijte hydrata\u010dn\u00ed kr\u00e9m, abyste zajistili vlhkost.<\/li>\n<\/ol>\n<h3>Tipy pro dosa\u017een\u00ed nejlep\u0161\u00edch v\u00fdsledk\u016f<\/h3>\n<ul>\n<li><strong>Vyhn\u011bte se m\u00edch\u00e1n\u00ed:<\/strong> Nekombinujte tretinoin s jin\u00fdmi siln\u00fdmi \u00fa\u010dinn\u00fdmi l\u00e1tkami, jako jsou alfa-hydroxykyseliny (AHA) a beta-hydroxykyseliny (BHA).<\/li>\n<li><strong>Opalovac\u00ed kr\u00e9m je nutnost\u00ed:<\/strong> Tretinoin m\u016f\u017ee zv\u00fd\u0161it citlivost poko\u017eky na slunce. Denn\u00ed pou\u017e\u00edv\u00e1n\u00ed opalovac\u00edho kr\u00e9mu je z\u00e1sadn\u00ed! <\/li>\n<li><strong>Udr\u017eujte konzistenci:<\/strong> Pravideln\u00e9 pou\u017e\u00edv\u00e1n\u00ed p\u0159inese nejlep\u0161\u00ed v\u00fdsledky. Nenechte se odradit, pokud se zm\u011bny neprojev\u00ed okam\u017eit\u011b! <\/li>\n<\/ul>\n<h2>B\u011b\u017en\u00e9 vedlej\u0161\u00ed \u00fa\u010dinky<\/h2>\n<p>Tretinoin sice dok\u00e1\u017ee z\u00e1zraky, ale zpo\u010d\u00e1tku m\u016f\u017ee vyvolat m\u00edrn\u00e9 vedlej\u0161\u00ed \u00fa\u010dinky. Poj\u010fme si je rozebrat. <\/p>\n<h3>Mo\u017en\u00e9 vedlej\u0161\u00ed \u00fa\u010dinky<\/h3>\n<table>\n<thead>\n<tr>\n<th><strong>Vedlej\u0161\u00ed \u00fa\u010dinek<\/strong><\/th>\n<th><strong>Popis<\/strong><\/th>\n<\/tr>\n<\/thead>\n<tbody>\n<tr>\n<td>Suchost<\/td>\n<td>Poko\u017eka m\u016f\u017ee b\u00fdt such\u00e1 nebo \u0161upinat\u00e1, zejm\u00e9na v prvn\u00edch t\u00fddnech.<\/td>\n<\/tr>\n<tr>\n<td>Zarudnut\u00ed<\/td>\n<td>M\u00edrn\u00e9 zarudnut\u00ed je b\u011b\u017en\u00e9, proto\u017ee se va\u0161e poko\u017eka p\u0159izp\u016fsobuje.<\/td>\n<\/tr>\n<tr>\n<td>Podr\u00e1\u017ed\u011bn\u00ed<\/td>\n<td>N\u011bkte\u0159\u00ed u\u017eivatel\u00e9 poci\u0165uj\u00ed p\u00e1len\u00ed nebo bod\u00e1n\u00ed.<\/td>\n<\/tr>\n<tr>\n<td>Citlivost na slunce<\/td>\n<td>Zv\u00fd\u0161en\u00e9 riziko sp\u00e1len\u00ed od slunce. V\u017edy pou\u017e\u00edvejte opalovac\u00ed kr\u00e9m! <\/td>\n<\/tr>\n<\/tbody>\n<\/table>\n<h3>\u010cast\u00e9 dotazy o tretinoinov\u00e9m kr\u00e9mu 0,1 %<\/h3>\n<ol>\n<li><strong>Za jak dlouho se dostav\u00ed v\u00fdsledky?<\/strong>\n<ul>\n<li>V\u011bt\u0161ina u\u017eivatel\u016f vid\u00ed znateln\u00e9 zlep\u0161en\u00ed p\u0159ibli\u017en\u011b za 6-12 t\u00fddn\u016f soustavn\u00e9ho pou\u017e\u00edv\u00e1n\u00ed.<\/li>\n<\/ul>\n<\/li>\n<li><strong>Mohu jej pou\u017e\u00edvat b\u011bhem t\u011bhotenstv\u00ed?<\/strong>\n<ul>\n<li>Doporu\u010duje se vyhnout se tretinoinu b\u011bhem t\u011bhotenstv\u00ed, proto\u017ee m\u016f\u017ee m\u00edt ne\u017e\u00e1douc\u00ed \u00fa\u010dinky.<\/li>\n<\/ul>\n<\/li>\n<li><strong>Co kdy\u017e poc\u00edt\u00edm siln\u00e9 podr\u00e1\u017ed\u011bn\u00ed?<\/strong>\n<ul>\n<li>Pokud podr\u00e1\u017ed\u011bn\u00ed p\u0159etrv\u00e1v\u00e1, sni\u017ete frekvenci pou\u017e\u00edv\u00e1n\u00ed nebo se pora\u010fte s dermatologem.<\/li>\n<\/ul>\n<\/li>\n<li><strong>Je tretinoin ur\u010den pouze na akn\u00e9?<\/strong>\n<ul>\n<li>Ne! I kdy\u017e je skv\u011bl\u00fd na akn\u00e9, je \u00fa\u010dinn\u00fd i na st\u00e1rnouc\u00ed ple\u0165 a probl\u00e9my s pigmentac\u00ed. <\/li>\n<\/ul>\n<\/li>\n<li><strong>Pot\u0159ebuji l\u00e9ka\u0159sk\u00fd p\u0159edpis?<\/strong>\n<ul>\n<li>Obecn\u011b ano! Tretinoin je v mnoha zem\u00edch l\u00e9kem na p\u0159edpis. <\/li>\n<\/ul>\n<\/li>\n<\/ol>\n<p>&nbsp;<\/p>\n<h2>Zv\u00fd\u0161en\u00fd v\u00fdkon: Kombinace tretinoinu s dal\u0161\u00ed l\u00e9\u010dbou<\/h2>\n<p>Pokud chcete maximalizovat \u00fa\u010dinek <strong>tretinoinov\u00e9ho kr\u00e9mu 0,1 %<\/strong>, stoj\u00ed za to prozkoumat kombinace s jin\u00fdmi p\u0159\u00edpravky, ale postupujte opatrn\u011b.<\/p>\n<h3>Obl\u00edben\u00e9 kombinace<\/h3>\n<table>\n<thead>\n<tr>\n<th><strong>Kombinace<\/strong><\/th>\n<th><strong>Pro\u010d to funguje<\/strong><\/th>\n<\/tr>\n<\/thead>\n<tbody>\n<tr>\n<td>Tretinoin + niacinamid<\/td>\n<td>Zvy\u0161uje hydrataci a sni\u017euje zarudnut\u00ed.<\/td>\n<\/tr>\n<tr>\n<td>Tretinoin + kyselina hyaluronov\u00e1<\/td>\n<td>Hloubkov\u00e1 podpora hydratace, p\u016fsob\u00ed proti vysu\u0161ov\u00e1n\u00ed.<\/td>\n<\/tr>\n<tr>\n<td>Tretinoin + vitamin C<\/td>\n<td>Zvy\u0161uje z\u00e1\u0159ivost a bojuje proti voln\u00fdm radik\u00e1l\u016fm.<\/td>\n<\/tr>\n<\/tbody>\n<\/table>\n<h2>\u0158e\u0161en\u00ed b\u011b\u017en\u00fdch probl\u00e9m\u016f<\/h2>\n<p>I ti nejoddan\u011bj\u0161\u00ed nad\u0161enci p\u00e9\u010de o ple\u0165 mohou na cest\u011b narazit na n\u011bkolik p\u0159ek\u00e1\u017eek. Poj\u010fme se v\u011bnovat n\u011bkter\u00fdm b\u011b\u017en\u00fdm probl\u00e9m\u016fm p\u0159i pou\u017e\u00edv\u00e1n\u00ed <strong>tretinoinov\u00e9ho kr\u00e9mu 0,1 %<\/strong>. <\/p>\n<h3>\u0158e\u0161en\u00ed suchosti<\/h3>\n<ul>\n<li><strong>\u0158e\u0161en\u00ed:<\/strong> Za\u0159a\u010fte do sv\u00e9 rutiny siln\u011bj\u0161\u00ed hydrata\u010dn\u00ed kr\u00e9m.<\/li>\n<li><strong>Tip:<\/strong> V obzvl\u00e1\u0161t\u011b such\u00fdch dnech pou\u017eijte okluzivn\u00ed prost\u0159edek (nap\u0159. vazel\u00ednu).<\/li>\n<\/ul>\n<hr>\n<h3>\u0158\u00edzen\u00ed p\u0159est\u00e1vek<\/h3>\n<ul>\n<li><strong>\u0158e\u0161en\u00ed:<\/strong> Je b\u011b\u017en\u00e9, \u017ee zpo\u010d\u00e1tku doch\u00e1z\u00ed k &#8222;\u010di\u0161t\u011bn\u00ed&#8220;. To je va\u0161e ple\u0165, kter\u00e1 vytla\u010duje ne\u010distoty! <\/li>\n<li><strong>Tip:<\/strong> Z\u016fsta\u0148te d\u016fsledn\u00ed a nevzd\u00e1vejte se p\u0159\u00edli\u0161 brzy.<\/li>\n<\/ul>\n<h2>Kdy se poradit s dermatologem<\/h2>\n<p>N\u011bkdy je lep\u0161\u00ed vyhledat odbornou radu. Zva\u017ete, zda se obr\u00e1tit na dermatologa, pokud: <\/p>\n<ul>\n<li>Va\u0161e poko\u017eka na kr\u00e9m siln\u011b reaguje i p\u0159es pe\u010dlivou aplikaci.<\/li>\n<li>M\u00e1te p\u0159etrv\u00e1vaj\u00edc\u00ed akn\u00e9, kter\u00e9 se nezlep\u0161uje.<\/li>\n<li>Nejste si jisti, jak tretinoin za\u0159adit do sv\u00e9 rutiny.<\/li>\n<\/ul>\n<hr>\n<h2>Podtr\u017eeno, se\u010dteno: Je pro v\u00e1s tretinoinov\u00fd kr\u00e9m 0,1% vhodn\u00fd?<\/h2>\n<p><strong>Tretinoinov\u00fd kr\u00e9m 0,1 %<\/strong> od spole\u010dnosti <strong>Tretiheal<\/strong> vynik\u00e1 svou schopnost\u00ed p\u0159in\u00e1\u0161et v\u00fdsledky v obrovsk\u00e9 nab\u00eddce p\u00e9\u010de o ple\u0165. A\u0165 u\u017e usilujete o \u010dist\u0161\u00ed ple\u0165, nebo bojujete s n\u00e1sledky st\u00e1rnut\u00ed, tento kr\u00e9m m\u016f\u017ee zm\u011bnit pravidla hry. <\/p>\n<h3>Z\u00e1v\u011bre\u010dn\u00e9 my\u0161lenky<\/h3>\n<p>Vyu\u017eit\u00ed potenci\u00e1lu tretinoinu spo\u010d\u00edv\u00e1 v porozum\u011bn\u00ed sv\u00e9 pleti a trp\u011blivosti. P\u0159i d\u016fsledn\u00e9 aplikaci a spr\u00e1vn\u00e9m p\u0159\u00edstupu jste na cest\u011b k prom\u011bn\u011b sv\u00e9 pleti. Jste p\u0159ipraveni ud\u011blat krok vp\u0159ed? Va\u0161e cesta k z\u00e1\u0159iv\u00e9 pleti za\u010d\u00edn\u00e1 pr\u00e1v\u011b te\u010f!   <\/p>\n<hr>\n<p>P\u00e9\u010de o ple\u0165 je maraton, nikoli sprint. V\u011bnujte Tretinoin kr\u00e9mu 0,1 % \u010das a p\u00e9\u010di, kterou si zaslou\u017e\u00ed, a budete p\u0159ekvapeni, co dok\u00e1\u017ee! A\u0165 u\u017e jste v p\u00e9\u010di o ple\u0165 nov\u00e1\u010dkem, nebo zku\u0161en\u00fdm profesion\u00e1lem, Tretiheal od Healing Pharma m\u00e1 m\u00edsto na va\u0161\u00ed poli\u010dce &#8211; a na va\u0161\u00ed pleti!  <\/p>\n<\/div>\n<hr>\n<p>Tretinoinov\u00fd kr\u00e9m 0,1 %, kter\u00fd je k dispozici v praktick\u00e9 20g tub\u011b pod n\u00e1zvem Tretiheal od spole\u010dnosti Healing Pharma, je \u00fa\u010dinnou p\u00e9\u010d\u00ed o ple\u0165. Jeho pov\u011bst ho p\u0159edch\u00e1z\u00ed jako neuv\u011b\u0159iteln\u011b \u00fa\u010dinn\u00e9 \u0159e\u0161en\u00ed pro boj s akn\u00e9, redukci zn\u00e1mek st\u00e1rnut\u00ed a revitalizaci struktury pleti. Tento komplexn\u00ed pr\u016fvodce v\u00e1m pom\u016f\u017ee pochopit, jak maximalizovat v\u00fdhody kr\u00e9mu Tretinoin 0,1 %, za\u010dlenit jej do rutinn\u00ed p\u00e9\u010de o ple\u0165 a prozkoumat, pro\u010d vynik\u00e1 na trhu p\u00e9\u010de o ple\u0165.  <\/p>\n<hr>\n<h2>Co je to tretinoin?<\/h2>\n<p>Tretinoin je deriv\u00e1t vitaminu A, zn\u00e1m\u00fd tak\u00e9 jako kyselina all-trans retinov\u00e1. Pat\u0159\u00ed do skupiny chemick\u00fdch slou\u010denin retinoid\u016f, kter\u00e9 se d\u00edky sv\u00fdm obnovuj\u00edc\u00edm vlastnostem hojn\u011b vyu\u017e\u00edvaj\u00ed v dermatologii. P\u016fvodn\u011b byl vyvinut k l\u00e9\u010db\u011b akn\u00e9, jeho p\u0159\u00ednosy se v\u0161ak roz\u0161\u00ed\u0159ily na \u0159e\u0161en\u00ed r\u016fzn\u00fdch ko\u017en\u00edch probl\u00e9m\u016f, tak\u017ee je obl\u00edbenou volbou pro ty, kte\u0159\u00ed usiluj\u00ed o zlep\u0161en\u00ed estetiky pleti.  <\/p>\n<h3>Jak tretinoin funguje:<\/h3>\n<ul>\n<li><strong>Urychluje bun\u011b\u010dn\u00fd obrat:<\/strong> Tretinoin zvy\u0161uje rychlost zr\u00e1n\u00ed a obnovy ko\u017en\u00edch bun\u011bk, co\u017e vede ke sv\u011b\u017e\u00ed a pru\u017en\u011bj\u0161\u00ed poko\u017ece.<\/li>\n<li><strong>Stimuluje reprodukci kolagenu:<\/strong> Podporuje tvorbu kolagenu, vyhlazuje jemn\u00e9 vr\u00e1sky a zvy\u0161uje pru\u017enost poko\u017eky.<\/li>\n<li><strong>Sni\u017euje pigmentaci:<\/strong> Zrychluje bun\u011b\u010dnou v\u00fdm\u011bnu a sni\u017euje hyperpigmentaci a tmav\u00e9 skvrny.<\/li>\n<\/ul>\n<hr>\n<h2>Hlavn\u00ed v\u00fdhody Tretiheal Tretinoin kr\u00e9mu 0,1 %<\/h2>\n<p>A\u0165 u\u017e bojujete s p\u0159etrv\u00e1vaj\u00edc\u00edm akn\u00e9, nebo chcete vr\u00e1tit \u010das st\u00e1rnut\u00ed, Tretiheal od spole\u010dnosti Healing Pharma nab\u00edz\u00ed mnoho v\u00fdhod, pokud jej za\u0159ad\u00edte do sv\u00e9 p\u00e9\u010de o ple\u0165.<\/p>\n<table>\n<thead>\n<tr>\n<th>V\u00fdhody<\/th>\n<th>Popis<\/th>\n<\/tr>\n<\/thead>\n<tbody>\n<tr>\n<td><strong>L\u00e9\u010dba akn\u00e9<\/strong><\/td>\n<td>Tretinoin pom\u00e1h\u00e1 p\u0159i odstra\u0148ov\u00e1n\u00ed akn\u00e9 t\u00edm, \u017ee zabra\u0148uje ucp\u00e1v\u00e1n\u00ed p\u00f3r\u016f, kter\u00e9 zp\u016fsobuj\u00ed v\u00fdrony. Sni\u017euje z\u00e1n\u011bt a zlep\u0161uje \u010distotu pleti. <\/td>\n<\/tr>\n<tr>\n<td><strong>\u00da\u010dinky proti st\u00e1rnut\u00ed<\/strong><\/td>\n<td>Podporuje bun\u011b\u010dnou v\u00fdm\u011bnu a synt\u00e9zu kolagenu, redukuje jemn\u00e9 vr\u00e1sky a zlep\u0161uje pevnost pleti, \u010d\u00edm\u017e j\u00ed dod\u00e1v\u00e1 mladistv\u00fd vzhled.<\/td>\n<\/tr>\n<tr>\n<td><strong>Zlep\u0161uje t\u00f3n a texturu pleti<\/strong><\/td>\n<td>Pravideln\u00e9 pou\u017e\u00edv\u00e1n\u00ed vede k hlad\u0161\u00ed struktu\u0159e pleti t\u00edm, \u017ee minimalizuje nerovnosti a vyrovn\u00e1v\u00e1 t\u00f3n pleti, tak\u017ee barevn\u00e9 zm\u011bny jsou m\u00e9n\u011b viditeln\u00e9.<\/td>\n<\/tr>\n<\/tbody>\n<\/table>\n<hr>\n<h2>Jak \u00fa\u010dinn\u011b pou\u017e\u00edvat tretinoin kr\u00e9m 0,1 %<\/h2>\n<p>Za\u0159azen\u00ed tretinoinov\u00e9ho kr\u00e9mu do rutinn\u00ed p\u00e9\u010de o ple\u0165 vy\u017eaduje pe\u010dliv\u00e9 zv\u00e1\u017een\u00ed, abyste maximalizovali jeho p\u0159\u00ednosy a z\u00e1rove\u0148 minimalizovali mo\u017en\u00e9 vedlej\u0161\u00ed \u00fa\u010dinky.<\/p>\n<h3>Pokyny pro pod\u00e1v\u00e1n\u00ed \u017e\u00e1dost\u00ed:<\/h3>\n<ol>\n<li><strong>Po\u010d\u00e1te\u010dn\u00ed pou\u017eit\u00ed:<\/strong> Za\u010dn\u011bte t\u00edm, \u017ee ka\u017ed\u00fd druh\u00fd ve\u010der nanesete na \u010distou a suchou ple\u0165 mno\u017estv\u00ed o velikosti hr\u00e1\u0161ku. Postupn\u011b p\u0159ejd\u011bte na no\u010dn\u00ed pou\u017e\u00edv\u00e1n\u00ed, jakmile si va\u0161e poko\u017eka vytvo\u0159\u00ed toleranci. <\/li>\n<li><strong>Zp\u016fsob pou\u017eit\u00ed:<\/strong> Aplikujte rovnom\u011brn\u011b na m\u00edsta se sklonem k akn\u00e9 nebo st\u00e1rnut\u00ed, vyhn\u011bte se citliv\u00fdm oblastem, jako jsou o\u010di a rty.<\/li>\n<li><strong>Na\u010dasov\u00e1n\u00ed:<\/strong> Pro dosa\u017een\u00ed nejlep\u0161\u00edch v\u00fdsledk\u016f pou\u017e\u00edvejte tretinoin na noc, abyste se vyhnuli nadm\u011brn\u00e9mu slun\u011bn\u00ed, kter\u00e9 m\u016f\u017ee zv\u00fd\u0161it citlivost poko\u017eky.<\/li>\n<\/ol>\n<h3>Tabulka: Doporu\u010den\u00e1 p\u00e9\u010de o ple\u0165 s tretinoinem<\/h3>\n<table>\n<thead>\n<tr>\n<th>Krok<\/th>\n<th>Rann\u00ed rutina<\/th>\n<th>Ve\u010dern\u00ed rutina<\/th>\n<\/tr>\n<\/thead>\n<tbody>\n<tr>\n<td><strong>O\u010dista<\/strong><\/td>\n<td>Jemn\u00fd \u010distic\u00ed prost\u0159edek k odstran\u011bn\u00ed ne\u010distot<\/td>\n<td>Jemn\u00fd \u010distic\u00ed p\u0159\u00edpravek pro p\u0159\u00edpravu pleti<\/td>\n<\/tr>\n<tr>\n<td><strong>T\u00f3n<\/strong><\/td>\n<td>Osv\u011b\u017euj\u00edc\u00ed tonikum bez alkoholu<\/td>\n<td>Voliteln\u011b, v z\u00e1vislosti na typu pleti<\/td>\n<\/tr>\n<tr>\n<td><strong>O\u0161et\u0159ujte<\/strong><\/td>\n<td>S\u00e9ra (vitamin C)<\/td>\n<td>Tretiheal Tretinoin kr\u00e9m 0,1%<\/td>\n<\/tr>\n<tr>\n<td><strong>Ochrana\/obnova<\/strong><\/td>\n<td>\u0160irok\u00e9 spektrum SPF 30+<\/td>\n<td>Hydrata\u010dn\u00ed kr\u00e9m vhodn\u00fd pro v\u00e1\u0161 typ pleti<\/td>\n<\/tr>\n<\/tbody>\n<\/table>\n<hr>\n<h2>Bezpe\u010dnostn\u00ed opat\u0159en\u00ed a osv\u011bd\u010den\u00e9 postupy<\/h2>\n<p>P\u0159esto\u017ee je tretinoin vysoce \u00fa\u010dinn\u00fd, je nezbytn\u00e9 dodr\u017eovat n\u00e1sleduj\u00edc\u00ed opat\u0159en\u00ed, aby se zabr\u00e1nilo podr\u00e1\u017ed\u011bn\u00ed a dos\u00e1hlo se optim\u00e1ln\u00edch v\u00fdsledk\u016f:<\/p>\n<h3>Ochrana p\u0159ed sluncem<\/h3>\n<ul>\n<li>Tretinoin m\u016f\u017ee zv\u00fd\u0161it citlivost va\u0161\u00ed poko\u017eky na UV z\u00e1\u0159en\u00ed. Ka\u017ed\u00fd den pou\u017e\u00edvejte \u0161irokospektr\u00e1ln\u00ed opalovac\u00ed kr\u00e9m s ochrann\u00fdm faktorem SPF 30. <\/li>\n<li>Zva\u017ete no\u0161en\u00ed klobouk\u016f nebo vyhled\u00e1v\u00e1n\u00ed st\u00ednu p\u0159i pobytu venku, abyste je\u0161t\u011b v\u00edce omezili vystaven\u00ed slunci.<\/li>\n<\/ul>\n<h3>Zvlh\u010dov\u00e1n\u00ed<\/h3>\n<ul>\n<li>D\u016fsledn\u00e9 pou\u017e\u00edv\u00e1n\u00ed hydrata\u010dn\u00edho kr\u00e9mu m\u016f\u017ee pomoci zm\u00edrnit suchost a odlupov\u00e1n\u00ed spojen\u00e9 s tretinoinem.<\/li>\n<li>Vyb\u00edrejte nekomedogenn\u00ed produkty, abyste zabr\u00e1nili ucp\u00e1v\u00e1n\u00ed p\u00f3r\u016f.<\/li>\n<\/ul>\n<h3>Vyhn\u011bte se m\u00edch\u00e1n\u00ed s n\u011bkter\u00fdmi produkty<\/h3>\n<ul>\n<li>Bu\u010fte opatrn\u00ed p\u0159i pou\u017e\u00edv\u00e1n\u00ed jin\u00fdch lok\u00e1ln\u00edch o\u0161et\u0159en\u00ed, zejm\u00e9na t\u011bch, kter\u00e1 obsahuj\u00ed benzoylperoxid, kyselinu salicylovou nebo kyselinu glykolovou.<\/li>\n<li>Postupn\u011b zav\u00e1d\u011bjte nov\u00e9 produkty a testujte jejich kompatibilitu.<\/li>\n<\/ul>\n<hr>\n<h2>Co m\u016f\u017eete o\u010dek\u00e1vat: P\u0159echod a v\u00fdsledky<\/h2>\n<h3>Po\u010d\u00e1te\u010dn\u00ed reakce<\/h3>\n<ul>\n<li><strong>&#8222;Retinoidov\u00e1 \u010distka&#8220;<\/strong>: Zpo\u010d\u00e1tku se m\u016f\u017ee objevit suchost, olupov\u00e1n\u00ed nebo vzplanut\u00ed akn\u00e9, kdy\u017e se va\u0161e ple\u0165 p\u0159izp\u016fsob\u00ed. Toto obdob\u00ed je do\u010dasn\u00e9. <\/li>\n<li><strong>Podr\u00e1\u017ed\u011bn\u00ed<\/strong>: Zpo\u010d\u00e1tku jsou zarudnut\u00ed a citlivost b\u011b\u017en\u00e9, ale p\u0159i dal\u0161\u00edm pou\u017e\u00edv\u00e1n\u00ed a spr\u00e1vn\u00e9 p\u00e9\u010di o poko\u017eku \u010dasto ustupuj\u00ed.<\/li>\n<\/ul>\n<h3>Dlouhodob\u00e9 v\u00fdhody<\/h3>\n<ul>\n<li>V\u00fdsledky se obvykle za\u010dnou projevovat po n\u011bkolika t\u00fddnech, p\u0159i\u010dem\u017e maxim\u00e1ln\u00ed p\u0159\u00ednos je \u010dasto viditeln\u00fd po t\u0159ech a\u017e \u0161esti m\u011bs\u00edc\u00edch soustavn\u00e9ho pou\u017e\u00edv\u00e1n\u00ed.<\/li>\n<li>Trval\u00e9 u\u017e\u00edv\u00e1n\u00ed tretinoinu p\u0159isp\u00edv\u00e1 k v\u00fdrazn\u00e9mu zlep\u0161en\u00ed jemn\u00fdch vr\u00e1sek, textury pleti a l\u00e9\u010db\u011b akn\u00e9.<\/li>\n<\/ul>\n","protected":false},"excerpt":{"rendered":"<p>Objevte transforma\u010dn\u00ed s\u00edlu tretinoinov\u00e9ho kr\u00e9mu 0,1 % (20 g) od spole\u010dnosti Tretiheal, Healing Pharma. Pono\u0159te se do jeho pou\u017eit\u00ed, v\u00fdhod a tip\u016f pro \u00fa\u010dinnou aplikaci v na\u0161em komplexn\u00edm pr\u016fvodci! <\/p>\n","protected":false},"featured_media":13000,"comment_status":"open","ping_status":"closed","template":"","meta":[],"product_cat":[1032],"product_tag":[1077,1079,1078,1076,1080],"class_list":{"0":"post-12997","1":"product","2":"type-product","3":"status-publish","4":"has-post-thumbnail","6":"product_cat-pece-o-oblicej","7":"product_tag-20g","8":"product_tag-nejlepsi-lecebne-pripravky","9":"product_tag-tretiheal","10":"product_tag-tretinoin-krem-01","11":"product_tag-tretinoin-krem-01-20g","13":"first","14":"instock","15":"taxable","16":"shipping-taxable","17":"purchasable","18":"product-type-simple"},"_links":{"self":[{"href":"https:\/\/tretinoins.com\/cs\/wp-json\/wp\/v2\/product\/12997","targetHints":{"allow":["GET"]}}],"collection":[{"href":"https:\/\/tretinoins.com\/cs\/wp-json\/wp\/v2\/product"}],"about":[{"href":"https:\/\/tretinoins.com\/cs\/wp-json\/wp\/v2\/types\/product"}],"replies":[{"embeddable":true,"href":"https:\/\/tretinoins.com\/cs\/wp-json\/wp\/v2\/comments?post=12997"}],"version-history":[{"count":1,"href":"https:\/\/tretinoins.com\/cs\/wp-json\/wp\/v2\/product\/12997\/revisions"}],"predecessor-version":[{"id":15239,"href":"https:\/\/tretinoins.com\/cs\/wp-json\/wp\/v2\/product\/12997\/revisions\/15239"}],"wp:featuredmedia":[{"embeddable":true,"href":"https:\/\/tretinoins.com\/cs\/wp-json\/wp\/v2\/media\/13000"}],"wp:attachment":[{"href":"https:\/\/tretinoins.com\/cs\/wp-json\/wp\/v2\/media?parent=12997"}],"wp:term":[{"taxonomy":"product_cat","embeddable":true,"href":"https:\/\/tretinoins.com\/cs\/wp-json\/wp\/v2\/product_cat?post=12997"},{"taxonomy":"product_tag","embeddable":true,"href":"https:\/\/tretinoins.com\/cs\/wp-json\/wp\/v2\/product_tag?post=12997"}],"curies":[{"name":"wp","href":"https:\/\/api.w.org\/{rel}","templated":true}]}}