{"id":12992,"date":"2024-01-03T13:59:51","date_gmt":"2024-01-03T13:59:51","guid":{"rendered":"https:\/\/tretinoins.com\/tretinoin-krem-0025-30g-tretin-hh-proti-akne-proti-vraskam\/"},"modified":"2026-03-21T15:03:52","modified_gmt":"2026-03-21T13:03:52","slug":"tretinoin-krem-0025-30g-tretin-hh-proti-akne-proti-vraskam","status":"publish","type":"product","link":"https:\/\/tretinoins.com\/cs\/tretinoin-krem-0025-30g-tretin-hh-proti-akne-proti-vraskam\/","title":{"rendered":"Tretinoin kr\u00e9m 0,025%, 30g, Tretin, H&amp;H, proti akn\u00e9, proti vr\u00e1sk\u00e1m"},"content":{"rendered":"<h1 data-pm-slice=\"0 0 []\" data-en-clipboard=\"true\">Kone\u010dn\u00fd pr\u016fvodce tretinoinov\u00fdm kr\u00e9mem 0,025%, 30g: Cenov\u011b dostupn\u00fd tretin pro z\u00e1\u0159ivou ple\u0165 s H&amp;H<\/h1>\n<hr>\n<h2><b>\u00davod: Pro\u010d je tretinoinov\u00fd kr\u00e9m hoden humbuku?<\/b><\/h2>\n<div>Sly\u0161eli jste n\u011bkdy o kouzeln\u00e9m kr\u00e9mu, kter\u00fd dok\u00e1\u017ee zm\u011bnit va\u0161i ple\u0165, zahnat akn\u00e9 a \u0159e\u0161it prvn\u00ed nep\u0159\u00edjemn\u00e9 zn\u00e1mky st\u00e1rnut\u00ed? Tretinoin kr\u00e9m 0,025 %, 30 g si ve sv\u011bt\u011b p\u00e9\u010de o ple\u0165 ud\u011blal jm\u00e9no, a to z dobr\u00e9ho d\u016fvodu! A\u0165 u\u017e bojujete s \u00faporn\u00fdmi pup\u00ednky nebo si v\u0161\u00edm\u00e1te vr\u00e1sek od sm\u00edchu, kter\u00e9 se v\u00e1s dr\u017e\u00ed o n\u011bco d\u00e9le, ne\u017e byste cht\u011bli, tento cenov\u011b dostupn\u00fd klenot &#8211; zejm\u00e9na cenov\u011b dostupn\u00fd Tretin od H&amp;H &#8211; m\u016f\u017ee b\u00fdt pr\u00e1v\u011b va\u0161\u00edm \u0159e\u0161en\u00edm. A co je na tom nejlep\u0161\u00ed? Je cenov\u011b v\u00fdhodn\u00fd, ani\u017e by se ob\u011btoval kvalit\u011b.    <\/div>\n<div>Pokud jste donekone\u010dna googlovali \u0159e\u0161en\u00ed p\u00e9\u010de o ple\u0165, sna\u017eili se rozlu\u0161tit seznamy ingredienc\u00ed jako detektiv nebo jste se jen nemohli do\u010dkat, a\u017e budete moci vylep\u0161it svou rutinn\u00ed p\u00e9\u010di o ple\u0165, z\u016fsta\u0148te s n\u00e1mi! Tento pr\u016fvodce v\u00e1m rozebere v\u0161e, co pot\u0159ebujete v\u011bd\u011bt o tretinoinov\u00e9m kr\u00e9mu 0,025 %, 30 g, jeho pou\u017eit\u00ed, v\u00fdhod\u00e1ch a o tom, jak tato mal\u00e1, ale mocn\u00e1 tuba od Affordable Tretin by H&amp;H m\u016f\u017ee nadobro zm\u011bnit va\u0161i p\u00e9\u010di o ple\u0165. <\/div>\n<hr>\n<h2><b>Pochopen\u00ed s\u00edly tretinoinov\u00e9ho kr\u00e9mu 0,025%, 30g<\/b><\/h2>\n<h3><b>Co je to vlastn\u011b tretinoinov\u00fd kr\u00e9m?<\/b><\/h3>\n<div>Tretinoinov\u00fd kr\u00e9m nen\u00ed oby\u010dejn\u00fd hydrata\u010dn\u00ed kr\u00e9m nebo p\u0159\u00edpravek na skvrny &#8211; je to siln\u00fd retinoid odvozen\u00fd od vitaminu A. Tento kr\u00e9m je zn\u00e1m\u00fd svou v\u0161estrannost\u00ed a usilovn\u011b pracuje na:<\/div>\n<ul>\n<li>\n<div>Bojuje proti akn\u00e9 t\u00edm, \u017ee uvol\u0148uje p\u00f3ry a zabra\u0148uje vzniku v\u00fdron\u016f.<\/div>\n<\/li>\n<li>\n<div>Minimalizujte v\u00fdskyt jemn\u00fdch linek a vr\u00e1sek.<\/div>\n<\/li>\n<li>\n<div>Vyrovn\u00e1v\u00e1 t\u00f3n pleti a redukuje tmav\u00e9 skvrny.<\/div>\n<\/li>\n<li>\n<div>Stimuluje tvorbu kolagenu pro pevn\u011bj\u0161\u00ed a hlad\u0161\u00ed ple\u0165.<\/div>\n<\/li>\n<\/ul>\n<div>Tretinoin kr\u00e9m 0,025 %, 30 g je obl\u00edben\u00fd, proto\u017ee je dostate\u010dn\u011b jemn\u00fd pro za\u010d\u00e1te\u010dn\u00edky, ale p\u0159esto je \u00fa\u010dinn\u00fd. Nav\u00edc ve srovn\u00e1n\u00ed se \u0161pi\u010dkov\u00fdmi produkty s podobn\u00fdmi slo\u017ekami p\u0159in\u00e1\u0161\u00ed cenov\u011b dostupn\u00fd Tretin od H&amp;H p\u016fsobiv\u00e9 v\u00fdsledky za zlomek ceny. <\/div>\n<hr>\n<h2><b>Pro\u010d si vybrat cenov\u011b dostupn\u00fd Tretin od H&amp;H?<\/b><\/h2>\n<div>Na trhu jsou des\u00edtky tretinoinov\u00fdch kr\u00e9m\u016f, \u010d\u00edm tedy Affordable Tretin by H&amp;H vynik\u00e1?<\/div>\n<ol>\n<li>\n<div><b>Cenov\u011b p\u0159\u00edzniv\u00e1 cena<\/b>: P\u0159iznejme si, \u017ee p\u00e9\u010de o ple\u0165 m\u016f\u017ee ud\u011blat d\u00edru do pen\u011b\u017eenky. Cenov\u011b dostupn\u00fd Tretin dostoj\u00ed sv\u00e9mu n\u00e1zvu a nab\u00edz\u00ed Tretinoin kr\u00e9m 0,025 %, 30 g za cenu, kter\u00e1 v\u00e1s nebude mrzet. <\/div>\n<\/li>\n<li>\n<div><b>Vysoce kvalitn\u00ed slo\u017eky<\/b>: To, \u017ee je cenov\u011b dostupn\u00fd, neznamen\u00e1, \u017ee se \u0161et\u0159\u00ed. Cenov\u011b dostupn\u00fd Tretin v\u00e1m zajist\u00ed v\u0161echny v\u00fdhody tretinoinu bez kompromis\u016f. <\/div>\n<\/li>\n<li>\n<div><b>D\u016fv\u011bryhodn\u00e1 zna\u010dka<\/b>: H&amp;H si vydobyla pov\u011bst spolehliv\u00e9 zna\u010dky v oblasti p\u00e9\u010de o ple\u0165, tak\u017ee v\u00edte, \u017ee jste v dobr\u00fdch rukou!<\/div>\n<\/li>\n<li>\n<div><b>Snadno p\u0159\u00edstupn\u00e9<\/b>: Tretin od H&amp;H je snadno dostupn\u00fd online, tak\u017ee ho nemus\u00edte sh\u00e1n\u011bt ve specializovan\u00fdch obchodech.<\/div>\n<\/li>\n<\/ol>\n<hr>\n<h2><b>Jak pou\u017e\u00edvat tretinoin kr\u00e9m 0,025%, 30g pro dosa\u017een\u00ed nejlep\u0161\u00edch v\u00fdsledk\u016f<\/b><\/h2>\n<div>\u00da\u010dinn\u00e9 pou\u017e\u00edv\u00e1n\u00ed tretinoinov\u00e9ho kr\u00e9mu z\u00e1vis\u00ed na spr\u00e1vn\u00e9m postupu &#8211; chytr\u00e9m, trp\u011bliv\u00e9m a d\u016fsledn\u00e9m. Pro\u010d? Proto\u017ee tretinoin je siln\u00e1 l\u00e1tka a va\u0161e ple\u0165 pot\u0159ebuje \u010das, aby se p\u0159izp\u016fsobila. Zde je postup, kter\u00fd v\u00e1m pom\u016f\u017ee za\u010d\u00edt:   <\/div>\n<h3><b>Krok 1: Jemn\u00e9 \u010di\u0161t\u011bn\u00ed<\/b><\/h3>\n<div>K odstran\u011bn\u00ed ne\u010distot, make-upu a olej\u016f pou\u017eijte jemn\u00fd, nevysu\u0161uj\u00edc\u00ed \u010distic\u00ed prost\u0159edek. Drsn\u00e1 m\u00fddla mohou poko\u017eku podr\u00e1\u017edit a sn\u00ed\u017eit \u00fa\u010dinnost tretinoinu. <\/div>\n<h3><b>Krok 2: Po\u010dkejte a pak pou\u017eijte<\/b><\/h3>\n<div>Ujist\u011bte se, \u017ee je v\u00e1\u0161 obli\u010dej zcela such\u00fd! Aplikace tretinoinu na vlhkou poko\u017eku m\u016f\u017ee zes\u00edlit jeho \u00fa\u010dinnost, co\u017e m\u016f\u017ee v\u00e9st k podr\u00e1\u017ed\u011bn\u00ed. Pou\u017eijte mno\u017estv\u00ed o velikosti hr\u00e1\u0161ku &#8211; ano, jen o velikosti hr\u00e1\u0161ku. V\u011b\u0159te mi, \u017ee sta\u010d\u00ed m\u00e1lo!   <\/div>\n<h3><b>Krok 3: Zvlh\u010dujte, zvlh\u010dujte, zvlh\u010dujte<\/b><\/h3>\n<div>V\u017edy n\u00e1sledn\u011b pou\u017eijte hydrata\u010dn\u00ed kr\u00e9m bez parfemace. Pokud je va\u0161e poko\u017eka velmi such\u00e1 nebo se za\u010d\u00edn\u00e1 loupat (nelekejte se &#8211; je to norm\u00e1ln\u00ed!), naneste siln\u011bj\u0161\u00ed vrstvu hydrata\u010dn\u00edho kr\u00e9mu. <\/div>\n<h3><b>Krok 4: Opalovac\u00ed kr\u00e9m je nezbytn\u00fd<\/b><\/h3>\n<div>Tretinoin m\u016f\u017ee zv\u00fd\u0161it citlivost va\u0161\u00ed poko\u017eky na slunce, tak\u017ee SPF je v\u00e1\u0161 nov\u00fd BFF. P\u0159es den pou\u017e\u00edvejte \u0161irokospektr\u00e1ln\u00ed opalovac\u00ed kr\u00e9m s ochrann\u00fdm faktorem alespo\u0148 SPF 30. <\/div>\n<hr>\n<h2><b>Profesion\u00e1ln\u00ed tipy pro bezprobl\u00e9mov\u00fd p\u0159echod na tretinoin<\/b><\/h2>\n<ul>\n<li>\n<div><b>Za\u010dn\u011bte pomalu<\/b>: 0,025%, 30 g, ka\u017ed\u00fd druh\u00fd ve\u010der, aby se va\u0161e ple\u0165 aklimatizovala. Jakmile se budete c\u00edtit pohodln\u011b, m\u016f\u017eete p\u0159ej\u00edt k no\u010dn\u00edmu pou\u017e\u00edv\u00e1n\u00ed. <\/div>\n<\/li>\n<li>\n<div><b>Vyhn\u011bte se drsn\u00fdm exfoliant\u016fm<\/b>: Vynechejte peelingy a kyseliny, kter\u00e9 by mohly va\u0161i ple\u0165 p\u0159i u\u017e\u00edv\u00e1n\u00ed tretinoinu je\u0161t\u011b v\u00edce podr\u00e1\u017edit.<\/div>\n<\/li>\n<li>\n<div><b>Bu\u010fte trp\u011bliv\u00ed<\/b>: V\u00fdsledky vy\u017eaduj\u00ed \u010das! Mo\u017en\u00e1 za\u017eijete ob\u00e1van\u00e9 obdob\u00ed &#8222;o\u010disty&#8220; (kdy v\u00e1m do\u010dasn\u011b vyraz\u00ed ple\u0165), ale nevzd\u00e1vejte to &#8211; va\u0161e ple\u0165 se \u010dist\u00ed od ne\u010distot hluboko uvnit\u0159. <\/div>\n<\/li>\n<li>\n<div><b>Dr\u017ete se jednoduch\u00fdch produkt\u016f<\/b>: P\u00e1rujte tretinoin s jemnou rutinou. \u010c\u00edm m\u00e9n\u011b slo\u017eek, v\u016fn\u00ed a dr\u00e1\u017ediv\u00fdch l\u00e1tek, t\u00edm l\u00e9pe. <\/div>\n<\/li>\n<\/ul>\n<hr>\n<h2><b>V\u00fdhody tretinoinov\u00e9ho kr\u00e9mu 0,025%, 30g<\/b><\/h2>\n<div>\u010c\u00edm je tato mal\u00e1 tuba tretinoinov\u00e9ho kr\u00e9mu tak v\u00fdjime\u010dn\u00e1? Poj\u010fme si rozebrat jeho kouzlo: <\/div>\n<ul>\n<li>\n<div><b>Hrdina proti st\u00e1rnut\u00ed<\/b>: Tretinoin urychluje v\u00fdm\u011bnu ko\u017en\u00edch bun\u011bk a \u010dasem zjem\u0148uje vr\u00e1sky a jemn\u00e9 linky.<\/div>\n<\/li>\n<li>\n<div><b>Rozjas\u0148uje matnou ple\u0165<\/b>: Pokud m\u00e1te nerovnom\u011brn\u00fd t\u00f3n nebo strukturu, tretinoin v\u00e1m pom\u016f\u017ee ple\u0165 vyhladit.<\/div>\n<\/li>\n<li>\n<div><b>Bojuje proti akn\u00e9<\/b>: Tretinoin p\u016fsob\u00ed na v\u0161ech front\u00e1ch, od \u010dern\u00fdch te\u010dek a\u017e po cystick\u00e9 pup\u00ednky, abyste m\u011bli \u010dist\u0161\u00ed ple\u0165.<\/div>\n<\/li>\n<li>\n<div><b>Dlouhodob\u00e1 n\u00e1vratnost<\/b>: \u010c\u00edm d\u00e9le budete pou\u017e\u00edvat tento p\u0159\u00edpravek, t\u00edm l\u00e9pe bude va\u0161e ple\u0165 vypadat!<\/div>\n<\/li>\n<\/ul>\n<hr>\n<h2><b>Cenov\u011b dostupn\u00fd Tretin od H&amp;H vs. konkurence: Pro\u010d je v\u00edt\u011bzem<\/b><\/h2>\n<div>P\u0159i porovn\u00e1n\u00ed Tretinoin kr\u00e9mu 0,025%, 30g od spole\u010dnosti Affordable Tretin s jin\u00fdmi zna\u010dkami je to jasn\u00e1 volba. Zde je jeho srovn\u00e1n\u00ed: <\/div>\n<table width=\"564px\">\n<colgroup>\n<col>\n<col>\n<col><\/colgroup>\n<tbody>\n<tr>\n<th data-colwidth=\"188\">\n<div><b>Funkce<\/b><\/div>\n<\/th>\n<th data-colwidth=\"188\">\n<div><b>Cenov\u011b dostupn\u00fd Tretin (H&amp;H)<\/b><\/div>\n<\/th>\n<th data-colwidth=\"188\">\n<div><b>Konkuren\u010dn\u00ed zna\u010dky<\/b><\/div>\n<\/th>\n<\/tr>\n<tr>\n<td data-colwidth=\"188\">\n<div><b>Cena<\/b><\/div>\n<\/td>\n<td data-colwidth=\"188\">\n<div>Cenov\u011b v\u00fdhodn\u00e9<\/div>\n<\/td>\n<td data-colwidth=\"188\">\n<div>\u010casto drah\u00e9<\/div>\n<\/td>\n<\/tr>\n<tr>\n<td data-colwidth=\"188\">\n<div><b>Kvalita slo\u017eek<\/b><\/div>\n<\/td>\n<td data-colwidth=\"188\">\n<div>Vysoce kvalitn\u00ed<\/div>\n<\/td>\n<td data-colwidth=\"188\">\n<div>M\u016f\u017ee se li\u0161it<\/div>\n<\/td>\n<\/tr>\n<tr>\n<td data-colwidth=\"188\">\n<div><b>P\u0159\u00edstupnost<\/b><\/div>\n<\/td>\n<td data-colwidth=\"188\">\n<div>Snadn\u00fd n\u00e1kup online<\/div>\n<\/td>\n<td data-colwidth=\"188\">\n<div>Omezen\u00e9<\/div>\n<\/td>\n<\/tr>\n<tr>\n<td data-colwidth=\"188\">\n<div><b>Z\u00e1kaznick\u00e1 podpora<\/b><\/div>\n<\/td>\n<td data-colwidth=\"188\">\n<div>Spolehliv\u00e9<\/div>\n<\/td>\n<td data-colwidth=\"188\">\n<div>Hit-or-iss<\/div>\n<\/td>\n<\/tr>\n<\/tbody>\n<\/table>\n<div>S cenov\u011b dostupn\u00fdm Tretinem od H&amp;H z\u00edsk\u00e1te \u0161pi\u010dkov\u00fd v\u00fdkon bez velk\u00fdch v\u00fddaj\u016f. Nen\u00ed to to, co v\u0161ichni chceme? <\/div>\n<hr>\n<h2><b>\u010cast\u00e9 dotazy o tretinoinov\u00e9m kr\u00e9mu 0,025%, 30g<\/b><\/h2>\n<h3><b>1. Jak dlouho vydr\u017e\u00ed 30g tuba?<\/b><\/h3>\n<div>Sta\u010d\u00ed m\u00e1lo a je to na dlouho! Pokud pou\u017e\u00edv\u00e1te ka\u017ed\u00fd ve\u010der mno\u017estv\u00ed o velikosti hr\u00e1\u0161ku, vydr\u017e\u00ed v\u00e1m 30g tuba p\u0159ibli\u017en\u011b 4-6 m\u011bs\u00edc\u016f. <\/div>\n<h3><b>2. Mohu ji pou\u017e\u00edvat b\u011bhem dne?<\/b><\/h3>\n<div>Tretinoin se obvykle pou\u017e\u00edv\u00e1 na noc, proto\u017ee m\u016f\u017ee zp\u016fsobit, \u017ee va\u0161e poko\u017eka bude citliv\u00e1 na slune\u010dn\u00ed z\u00e1\u0159en\u00ed. P\u0159es den jej v\u017edy pou\u017e\u00edvejte spole\u010dn\u011b s opalovac\u00edm kr\u00e9mem. <\/div>\n<h3><b>3. Je tretinoin kr\u00e9m 0,025% bezpe\u010dn\u00fd pro za\u010d\u00e1te\u010dn\u00edky?<\/b><\/h3>\n<div>Rozhodn\u011b! Tato ni\u017e\u0161\u00ed koncentrace je ide\u00e1ln\u00ed pro ty, kte\u0159\u00ed s retinoidy za\u010d\u00ednaj\u00ed, proto\u017ee je \u00fa\u010dinn\u00e1, ale p\u0159i spr\u00e1vn\u00e9m pou\u017eit\u00ed m\u00e9n\u011b pravd\u011bpodobn\u00e1. <\/div>\n<h3><b>4. Bude se moje ple\u0165 \u010distit?<\/b><\/h3>\n<div>Je to mo\u017en\u00e9! P\u0159i zah\u00e1jen\u00ed u\u017e\u00edv\u00e1n\u00ed tretinoinu je b\u011b\u017en\u00e9 \u010di\u0161t\u011bn\u00ed pleti, proto\u017ee urychluje bun\u011b\u010dnou v\u00fdm\u011bnu a odstra\u0148uje zachycen\u00e9 ne\u010distoty. Vydr\u017ete a va\u0161e trp\u011blivost se vyplat\u00ed.  <\/div>\n<h3><b>5. Mohu jej pou\u017e\u00edvat s jin\u00fdmi \u00fa\u010dinn\u00fdmi l\u00e1tkami?<\/b><\/h3>\n<div>Zpo\u010d\u00e1tku je nejlep\u0161\u00ed zachovat jednoduchost a vyhnout se drsn\u00fdm aktivn\u00edm l\u00e1tk\u00e1m (jako jsou AHA nebo BHA). Jakmile se va\u0161e ple\u0165 p\u0159izp\u016fsob\u00ed, m\u016f\u017eete pomalu a opatrn\u011b zav\u00e1d\u011bt dal\u0161\u00ed slo\u017eky. <\/div>\n<hr>\n<h2><b>V\u00e1\u0161 hrdina v p\u00e9\u010di o ple\u0165 \u010dek\u00e1<\/b><\/h2>\n<div>Tretinoin kr\u00e9m 0,025 %, 30 g je \u00fa\u010dinn\u00fd p\u0159\u00edpravek, kter\u00fd dok\u00e1\u017ee va\u0161i ple\u0165 skute\u010dn\u011b zm\u011bnit k lep\u0161\u00edmu. A\u0165 u\u017e tou\u017e\u00edte po \u010dist\u0161\u00edch p\u00f3rech, hlad\u0161\u00ed struktu\u0159e nebo mladistv\u00e9m lesku, cenov\u011b dostupn\u00fd Tretin od H&amp;H nab\u00edz\u00ed dostupn\u00e9 \u0159e\u0161en\u00ed, kter\u00e9 nezruinuje banku. <\/div>\n<div>Ano, vy\u017eaduje to vytrvalost a trp\u011blivost &#8211; ale na ty, kte\u0159\u00ed se j\u00ed dr\u017e\u00ed, \u010dek\u00e1 neuv\u011b\u0159iteln\u00e1 ple\u0165! Pokud jste p\u0159ipraveni zlep\u0161it svou rutinn\u00ed p\u00e9\u010di o ple\u0165, po\u0159i\u010fte si tubu cenov\u011b dostupn\u00e9ho Tretinu od H&amp;H a sledujte, jak se kouzlo rozvine. Je to rozhodnut\u00ed, za kter\u00e9 v\u00e1m va\u0161e ple\u0165 pod\u011bkuje &#8211; od boje proti otravn\u00e9mu akn\u00e9 a\u017e po zv\u00fd\u0161en\u00ed z\u00e1\u0159ivosti.  <\/div>\n<div>Tak na co \u010dek\u00e1te? A\u0165 se Tretinoin kr\u00e9m 0,025%, 30g stane tajnou zbran\u00ed ve va\u0161em arzen\u00e1lu p\u00e9\u010de o ple\u0165 &#8211; proto\u017ee cenov\u011b dostupn\u00e9 sny se st\u00e1vaj\u00ed <i>skute\u010dnost\u00ed<\/i>! <\/div>\n","protected":false},"excerpt":{"rendered":"<p>Zjist\u011bte, pro\u010d je tretinoinov\u00fd kr\u00e9m 0,025 %, 30 g cenov\u011b dostupnou p\u00e9\u010d\u00ed o ple\u0165 s cenov\u011b dostupn\u00fdm tretinoinem od H&amp;H. Zjist\u011bte, jak\u00e9 jsou jeho v\u00fdhody, jak ho pou\u017e\u00edvat a kde ho sehnat, abyste dos\u00e1hli z\u00e1\u0159iv\u00e9 a mladistv\u00e9 pleti s omezen\u00fdm rozpo\u010dtem. <\/p>\n","protected":false},"featured_media":12993,"comment_status":"open","ping_status":"closed","template":"","meta":[],"product_cat":[1032],"product_tag":[1048,1073,1055,1072],"class_list":{"0":"post-12992","1":"product","2":"type-product","3":"status-publish","4":"has-post-thumbnail","6":"product_cat-pece-o-oblicej","7":"product_tag-tretin","8":"product_tag-tretin-cream","9":"product_tag-tretinoin-krem","10":"product_tag-tretinoin-krem-0025","12":"first","13":"instock","14":"taxable","15":"shipping-taxable","16":"purchasable","17":"product-type-simple"},"_links":{"self":[{"href":"https:\/\/tretinoins.com\/cs\/wp-json\/wp\/v2\/product\/12992","targetHints":{"allow":["GET"]}}],"collection":[{"href":"https:\/\/tretinoins.com\/cs\/wp-json\/wp\/v2\/product"}],"about":[{"href":"https:\/\/tretinoins.com\/cs\/wp-json\/wp\/v2\/types\/product"}],"replies":[{"embeddable":true,"href":"https:\/\/tretinoins.com\/cs\/wp-json\/wp\/v2\/comments?post=12992"}],"version-history":[{"count":1,"href":"https:\/\/tretinoins.com\/cs\/wp-json\/wp\/v2\/product\/12992\/revisions"}],"predecessor-version":[{"id":15277,"href":"https:\/\/tretinoins.com\/cs\/wp-json\/wp\/v2\/product\/12992\/revisions\/15277"}],"wp:featuredmedia":[{"embeddable":true,"href":"https:\/\/tretinoins.com\/cs\/wp-json\/wp\/v2\/media\/12993"}],"wp:attachment":[{"href":"https:\/\/tretinoins.com\/cs\/wp-json\/wp\/v2\/media?parent=12992"}],"wp:term":[{"taxonomy":"product_cat","embeddable":true,"href":"https:\/\/tretinoins.com\/cs\/wp-json\/wp\/v2\/product_cat?post=12992"},{"taxonomy":"product_tag","embeddable":true,"href":"https:\/\/tretinoins.com\/cs\/wp-json\/wp\/v2\/product_tag?post=12992"}],"curies":[{"name":"wp","href":"https:\/\/api.w.org\/{rel}","templated":true}]}}