{"id":12980,"date":"2023-12-29T17:31:13","date_gmt":"2023-12-29T17:31:13","guid":{"rendered":"https:\/\/tretinoins.com\/crest-3d-white-brilliance-hydrogen-peroxide-85g-koupit-belici-zubni-pastu\/"},"modified":"2023-12-29T17:31:13","modified_gmt":"2023-12-29T15:31:13","slug":"crest-3d-white-brilliance-hydrogen-peroxide-85g-koupit-belici-zubni-pastu","status":"publish","type":"product","link":"https:\/\/tretinoins.com\/cs\/crest-3d-white-brilliance-hydrogen-peroxide-85g-koupit-belici-zubni-pastu\/","title":{"rendered":"Crest 3D White Brilliance Hydrogen Peroxide 85g, Koupit b\u011bl\u00edc\u00ed zubn\u00ed pastu"},"content":{"rendered":"<h1>Odemkn\u011bte sv\u016fj nejz\u00e1\u0159iv\u011bj\u0161\u00ed \u00fasm\u011bv: Crest 3D White Brilliance Hydrogen Peroxide 85g, Kupte si b\u011bl\u00edc\u00ed zubn\u00ed pastu je\u0161t\u011b dnes!<\/h1>\n<hr>\n<p>Kdo by nesnil o oslniv\u00e9m a sebev\u011bdom\u00e9m \u00fasm\u011bvu? Je to jedin\u00fd dopln\u011bk, kter\u00fd m\u016f\u017eete nosit ka\u017ed\u00fd den a kter\u00fd nikdy nevyjde z m\u00f3dy. Ale \u017eivot se st\u00e1v\u00e1 &#8211; skvrny od k\u00e1vy, po\u017eitky z \u010derven\u00e9ho v\u00edna a mo\u017en\u00e1 i ob\u010dasn\u00e9 pochyben\u00ed v zubn\u00ed rutin\u011b zp\u016fsob\u00ed, \u017ee zuby nevypadaj\u00ed nejl\u00e9pe. Nyn\u00ed p\u0159ejd\u011bme rovnou k v\u011bci: nic z toho u\u017e v\u00e1s nemus\u00ed zdr\u017eovat. S <i>b\u011bl\u00edc\u00ed zubn\u00ed pastou Crest 3D White Brilliance Hydrogen Peroxide 85g<\/i> nebylo dosa\u017een\u00ed z\u00e1\u0159iv\u00e9ho \u00fasm\u011bvu nikdy jednodu\u0161\u0161\u00ed &#8211; nebo \u00fa\u010dinn\u011bj\u0161\u00ed!    <\/p>\n<p>A\u0165 u\u017e se chyst\u00e1te na prvn\u00ed rande, na velkou prezentaci nebo prost\u011b jen chcete vypadat co nejl\u00e9pe na selfie, b\u011blen\u00ed zub\u016f hraje velkou roli ve va\u0161em sebev\u011bdom\u00ed. \u010c\u00edm je v\u0161ak tato konkr\u00e9tn\u00ed zubn\u00ed pasta v\u00fdjime\u010dn\u00e1? Vyhr\u0148me si ruk\u00e1vy, pono\u0159me se do n\u00ed a prozkoumejme, pro\u010d tolik lid\u00ed sp\u011bch\u00e1 p\u0159idat si Crest 3D White Brilliance do n\u00e1kupn\u00edho ko\u0161\u00edku. Pozor, spoiler: ne\u017e skon\u010d\u00edte, pochop\u00edte, pro\u010d byste to m\u011bli ud\u011blat i <i>vy<\/i>!   <\/p>\n<hr>\n<h2>\u010c\u00edm Crest 3D White Brilliance Hydrogen Peroxide 85g vynik\u00e1?<\/h2>\n<p>Nakupov\u00e1n\u00ed zubn\u00ed pasty nen\u00ed nijak vzru\u0161uj\u00edc\u00ed &#8211; dokud nenaraz\u00edte na malou kouzelnou tubu, jako je tato. Tady je to, co v\u0161echny nadchlo: <\/p>\n<h3>1. <strong>Peroxid vod\u00edku: Peroxid vod\u00edku: zlat\u00fd standard v b\u011blen\u00ed<\/strong><\/h3>\n<p>Pokud jde o b\u011blen\u00ed zub\u016f, peroxid vod\u00edku nen\u00ed jen dal\u0161\u00ed slo\u017ekou &#8211; je to MVP (nejcenn\u011bj\u0161\u00ed hr\u00e1\u010d). Tento osv\u011bd\u010den\u00fd b\u011bl\u00edc\u00ed prost\u0159edek rozkl\u00e1d\u00e1 skvrny pod povrchem i na sklovin\u011b a dod\u00e1v\u00e1 v\u00e1m <i>profesion\u00e1ln\u00ed<\/i> vzhled <i>vy\u010di\u0161t\u011bn\u00fdch zub\u016f<\/i>. Na rozd\u00edl od abrazivn\u00edch zubn\u00edch past, kter\u00e9 drhnou sklovinu (au!), Crest pou\u017e\u00edv\u00e1 tuto \u00fa\u010dinnou l\u00e1tku k <i>bezpe\u010dn\u00e9mu<\/i> odstran\u011bn\u00ed skvrn.  <\/p>\n<h3>2. <strong>Dvoj\u00ed p\u016fsoben\u00ed pro maxim\u00e1ln\u00ed \u00fa\u010dinek<\/strong><\/h3>\n<p>Tato zubn\u00ed pasta d\u011bl\u00e1 dv\u011b v\u011bci sou\u010dasn\u011b: b\u011bl\u00ed zuby <i>a<\/i> chr\u00e1n\u00ed sklovinu. P\u0159iznejme si, \u017ee k \u010demu je b\u011blej\u0161\u00ed \u00fasm\u011bv, kdy\u017e je to za cenu citlivosti zub\u016f? Crest 3D White Brilliance Hydrogen Peroxide 85g tyto priority skv\u011ble vyva\u017euje, tak\u017ee si nemus\u00edte vyb\u00edrat mezi b\u011blej\u0161\u00edmi a zdrav\u00fdmi zuby.  <\/p>\n<h3>3. <strong>85 g \u010dist\u00e9 b\u011bl\u00edc\u00ed s\u00edly v perfektn\u00ed velikosti<\/strong><\/h3>\n<p>Zkou\u0161eli jste n\u011bkdy nacpat do cestovn\u00ed ta\u0161ky tubu zubn\u00ed pasty obrovsk\u00e9 velikosti a zklaman\u011b jste si povzdechli? D\u00edky velikosti 85 g je tento v\u00fdrobek velmi pohodln\u00fd jak pro va\u0161i koupelnu, tak pro v\u00e1\u0161 \u017eivotn\u00ed styl na cest\u00e1ch. Dostate\u010dn\u011b mal\u00e1 na to, aby se dala p\u0159en\u00e1\u0161et, a z\u00e1rove\u0148 dostate\u010dn\u011b v\u00fdkonn\u00e1, aby poskytovala znateln\u00e9 v\u00fdsledky &#8211; <i>to je<\/i> v\u00fdhra pro v\u0161echny.  <\/p>\n<h3>4. <strong>Viditeln\u00e9 v\u00fdsledky za n\u011bkolik dn\u00ed (ne, opravdu!)<\/strong><\/h3>\n<p>Kdo m\u00e1 \u010das \u010dekat t\u00fddny na b\u011blen\u00ed? Studie prok\u00e1zaly, \u017ee peroxid vod\u00edku Crest 3D White Brilliance dok\u00e1\u017ee viditeln\u011b vyb\u011blit zuby ji\u017e za p\u011bt dn\u00ed pravideln\u00e9ho pou\u017e\u00edv\u00e1n\u00ed. P\u0159em\u00fd\u0161lejte o tom: za m\u00e9n\u011b ne\u017e t\u00fdden se bl\u00fdsknete z\u00e1\u0159iv\u011bj\u0161\u00edm a sebev\u011bdom\u011bj\u0161\u00edm \u00fasm\u011bvem.  <\/p>\n<hr>\n<div>\n<p><strong>Pro\u010d je nyn\u00ed ide\u00e1ln\u00ed \u010das na n\u00e1kup b\u011bl\u00edc\u00ed zubn\u00ed pasty Crest 3D White Brilliance Hydrogen Peroxide 85g?<\/strong><\/p>\n<p>A tady je ten prav\u00fd n\u00e1\u0159ez &#8211; \u00fasm\u011bvy jsou v\u017edy v kurzu!<\/p>\n<p>A\u0165 u\u017e je v\u00e1\u0161 kalend\u00e1\u0159 pln\u00fd svateb, sv\u00e1te\u010dn\u00edch setk\u00e1n\u00ed, pracovn\u00edch pohovor\u016f, ve\u010dern\u00edch rande nebo networkingov\u00fdch akc\u00ed, jedno je jist\u00e9: z\u00e1\u0159iv\u011bj\u0161\u00ed a b\u011blej\u0161\u00ed \u00fasm\u011bv m\u016f\u017ee zm\u011bnit v\u00e1\u0161 pocit v jak\u00e9koli spole\u010densk\u00e9 situaci. Nejde jen o vzhled &#8211; jde o sebev\u011bdom\u00ed, kter\u00e9 v\u00e1m dod\u00e1 v\u011bdom\u00ed, \u017ee v\u00e1\u0161 \u00fasm\u011bv je z\u00e1\u0159iv\u00fd a zdrav\u00fd. Pro\u010d tedy \u010dekat? Poj\u010fme se pono\u0159it do toho, pro\u010d je b\u011bl\u00edc\u00ed zubn\u00ed pasta Crest 3D White Brilliance Hydrogen Peroxide 85g tou nejlep\u0161\u00ed volbou (a pro\u010d je dnes ide\u00e1ln\u00ed \u010das si tubu po\u0159\u00eddit):   <\/p>\n<p>\u2714\ufe0f <strong>Cenov\u011b dostupn\u00e1 alternativa k profesion\u00e1ln\u00edmu b\u011blen\u00ed<\/strong><br \/>\nProfesion\u00e1ln\u00ed b\u011blen\u00ed zub\u016f m\u016f\u017ee slibovat znateln\u00e9 v\u00fdsledky &#8211; ale za vy\u0161\u0161\u00ed cenu. N\u011bkter\u00e9 procedury stoj\u00ed a\u017e 500 dolar\u016f nebo v\u00edce za jedno sezen\u00ed! Pro\u010d se p\u0159ipravit o pen\u00edze, kdy\u017e m\u016f\u017eete dos\u00e1hnout p\u016fsobiv\u00fdch v\u00fdsledk\u016f p\u0159\u00edmo doma za zlomek ceny? Crest 3D White Brilliance Hydrogen Peroxide eliminuje nutnost drah\u00fdch n\u00e1v\u0161t\u011bv a z\u00e1rove\u0148 p\u0159in\u00e1\u0161\u00ed prom\u011bnu \u00fasm\u011bvu, kter\u00e1 se vyrovn\u00e1 profesion\u00e1ln\u00edm o\u0161et\u0159en\u00edm.   <\/p>\n<p>\u2714\ufe0f <strong>Rozlu\u010dte se trvale s povrchov\u00fdmi skvrnami<\/strong><br \/>\nBu\u010fme up\u0159\u00edmn\u00ed &#8211; mal\u00e9 radosti \u017eivota, jako je k\u00e1va, \u010daj, v\u00edno a limon\u00e1dy, mohou zanechat otravn\u00e9 skvrny, kter\u00e9 \u010dasem otup\u00ed va\u0161e zuby. Ale nebojte se, Crest 3D White Brilliance je tu, aby v\u00e1m pomohl. Na rozd\u00edl od b\u011b\u017en\u00e9 zubn\u00ed pasty, kter\u00e1 odstra\u0148uje pouze drobn\u00e9 ka\u017edodenn\u00ed n\u00e1nosy, je tato zubn\u00ed pasta poh\u00e1n\u011bna <strong>peroxidem vod\u00edku<\/strong>, kter\u00fd p\u016fsob\u00ed do hloubky, aby odstranil a rozbil l\u00e9ta trvaj\u00edc\u00ed zabarven\u00ed. Nezakr\u00fdv\u00e1 skvrny jen do\u010dasn\u011b &#8211; zam\u011b\u0159uje se na n\u011b, tak\u017ee va\u0161e zuby z\u016fstanou oslniv\u011b b\u00edl\u00e9 po del\u0161\u00ed dobu.   <\/p>\n<p>\u2714\ufe0f <strong>Zna\u010dka, kterou zn\u00e1te a kter\u00e9 d\u016fv\u011b\u0159ujete<\/strong><br \/>\nCrest nen\u00ed jen zubn\u00ed pasta &#8211; je to jm\u00e9no, kter\u00e9 znamen\u00e1 kvalitu, v\u011bdu a v\u00fdsledky. Ji\u017e des\u00edtky let se lid\u00e9 po cel\u00e9m sv\u011bt\u011b spol\u00e9haj\u00ed na Crest, \u017ee jim poskytne tu nejlep\u0161\u00ed p\u00e9\u010di o \u00fastn\u00ed dutinu, a \u0159ada 3D White Brilliance nov\u011b definuje pr\u016fmyslov\u00fd standard pro b\u011bl\u00edc\u00ed zubn\u00ed pasty. Nen\u00ed to jen dal\u0161\u00ed v\u00fdrobek, je to v\u011bdecky podlo\u017een\u00e9 \u0159e\u0161en\u00ed, kter\u00e9mu d\u016fv\u011b\u0159uj\u00ed miliony lid\u00ed po cel\u00e9m sv\u011bt\u011b.  <\/p>\n<p>\u2714\ufe0f <strong>Jednoduch\u00fd dopln\u011bk pro pr\u00e9miovou rutinu<\/strong><br \/>\nMluvme o prakti\u010dnosti. K dosa\u017een\u00ed b\u011blej\u0161\u00edch zub\u016f u v\u00e1s doma nepot\u0159ebujete \u017e\u00e1dn\u00fd slo\u017eit\u00fd pl\u00e1n ani n\u00e1stroje. Crest 3D White Brilliance Hydrogen Peroxide se bez probl\u00e9m\u016f za\u010dlen\u00ed do va\u0161\u00ed ka\u017edodenn\u00ed rutiny. R\u00e1no nebo ve\u010der sta\u010d\u00ed nahradit b\u011b\u017enou zubn\u00ed pastu t\u00edmto v\u00fdkonn\u00fdm produktem a sledovat, jak se v\u00e1\u0161 \u00fasm\u011bv s ka\u017ed\u00fdm \u010di\u0161t\u011bn\u00edm prom\u011b\u0148uje. Je to snadn\u00e9 b\u011blen\u00ed &#8211; \u017e\u00e1dn\u00e9 pot\u00ed\u017ee, \u017e\u00e1dn\u00e9 prostoje, \u017e\u00e1dn\u00e9 komplikace.    <\/p>\n<p>\u2714\ufe0f <strong>Te\u010f je ten spr\u00e1vn\u00fd \u010das<\/strong><br \/>\nCo v\u00e1s brzd\u00ed? Neexistuje \u017e\u00e1dn\u00fd d\u016fvod, pro\u010d s investic\u00ed do sv\u00e9ho \u00fasm\u011bvu d\u00e1le ot\u00e1let. Rozjasn\u011bn\u00ed zub\u016f nejen\u017ee zlep\u0161\u00ed v\u00e1\u0161 vzhled &#8211; zlep\u0161\u00ed i va\u0161i n\u00e1ladu, sebev\u011bdom\u00ed a to, jak se prezentujete p\u0159ed okol\u00edm. A\u0165 u\u017e chcete zaz\u00e1\u0159it na bl\u00ed\u017e\u00edc\u00ed se ud\u00e1losti, nebo jen zlep\u0161it svou ka\u017edodenn\u00ed p\u00e9\u010di o sebe, nen\u00ed lep\u0161\u00ed chv\u00edle za\u010d\u00edt ne\u017e dnes.   <\/p>\n<p>Nechte zubn\u00ed pastu Crest 3D White Brilliance s peroxidem vod\u00edku, aby se o v\u00e1s postarala a s ka\u017ed\u00fdm \u010di\u0161t\u011bn\u00edm va\u0161e zuby zesv\u011btlila. Je cenov\u011b dostupn\u00e1, \u00fa\u010dinn\u00e1, d\u016fv\u011bryhodn\u00e1 a jej\u00ed pou\u017eit\u00ed je velmi snadn\u00e9. Sv\u011bt z\u00e1\u0159ivosti a sebev\u011bdom\u00ed je jen kr\u016f\u010dek od v\u00e1s. Tak do toho, dop\u0159ejte si \u00fasm\u011bv, o kter\u00e9m jste v\u017edycky snili &#8211; nen\u00ed to jen zubn\u00ed pasta, je to va\u0161e nov\u00e1 tajn\u00e1 zbra\u0148.     <strong>Va\u0161e cesta k b\u011blej\u0161\u00edmu a z\u00e1\u0159iv\u011bj\u0161\u00edmu \u00fasm\u011bvu za\u010d\u00edn\u00e1 pr\u00e1v\u011b te\u010f!<\/strong><\/p>\n<\/div>\n<hr>\n<h2>Jak pou\u017e\u00edvat Crest 3D White Brilliance Hydrogen Peroxide 85g jako profesion\u00e1l<\/h2>\n<p>Pou\u017eit\u00ed t\u00e9to zubn\u00ed pasty je tak snadn\u00e9, jak jen to jde &#8211; \u017e\u00e1dn\u00e9 p\u0159ekvapen\u00ed. Ale zde je n\u011bkolik tip\u016f, jak dos\u00e1hnout co nejlep\u0161\u00edch v\u00fdsledk\u016f a je\u0161t\u011b rychleji z\u00edskat dokonal\u00fd lesk: <\/p>\n<ol>\n<li><strong>\u010cist\u011bte si zuby dvakr\u00e1t denn\u011b<\/strong>: R\u00e1no a ve\u010der jsou va\u0161e kouzeln\u00e1 okna. Dodr\u017eujte tuto rutinu, abyste dos\u00e1hli trval\u00fdch v\u00fdsledk\u016f. <\/li>\n<li><strong>Nesp\u011bchejte<\/strong>: V\u011bnujte cel\u00e9 dv\u011b minuty \u010di\u0161t\u011bn\u00ed v\u0161ech \u010d\u00e1st\u00ed \u00fast. P\u0159izn\u00e1n\u00ed: Kolik z n\u00e1s si <i>to<\/i> skute\u010dn\u011b <i>stopuje<\/i>? Za\u010dn\u011bte hned.  <\/li>\n<li><strong>Spojte s b\u011bl\u00edc\u00ed \u00fastn\u00ed vodou<\/strong>: V\u00fdplach, kter\u00fd dopl\u0148uje zubn\u00ed pastu, pom\u016f\u017ee udr\u017eet sv\u011b\u017eest a podpo\u0159\u00ed b\u011blen\u00ed.<\/li>\n<li><strong>B\u011bhem l\u00e9\u010dby se vyh\u00fdbejte j\u00eddl\u016fm a n\u00e1poj\u016fm s vysok\u00fdm obsahem skvrn<\/strong>: Mluv\u00edme o k\u00e1v\u011b, \u010derven\u00e9m v\u00edn\u011b, tmav\u00e9 limon\u00e1d\u011b a dokonce i s\u00f3jov\u00e9 om\u00e1\u010dce. Pokud prost\u011b nem\u016f\u017eete odolat, pop\u00edjejte vodu nebo pou\u017e\u00edvejte br\u010dko. <\/li>\n<\/ol>\n<hr>\n<h2>V\u00fdhody a nev\u00fdhody: stru\u010dn\u00fd p\u0159ehled<\/h2>\n<p>Stejn\u011b jako ka\u017ed\u00fd jin\u00fd produkt m\u00e1 i Crest 3D White Brilliance Hydrogen Peroxide 85g sv\u00e9 p\u0159ednosti a n\u011bkolik drobn\u00fdch nedostatk\u016f. Tady je dohoda: <\/p>\n<h3><strong>Klady:<\/strong><\/h3>\n<ul>\n<li>Cenov\u011b dostupn\u00fd ve srovn\u00e1n\u00ed s b\u011bl\u00edc\u00edmi procedurami<\/li>\n<li>Neabrazivn\u00ed slo\u017een\u00ed bezpe\u010dn\u00e9 pro smaltov\u00e1n\u00ed<\/li>\n<li>Viditeln\u00e9 v\u00fdsledky ji\u017e za 5 dn\u00ed<\/li>\n<li>Kompaktn\u00ed 85g tuba &#8211; snadn\u00e9 cestov\u00e1n\u00ed<\/li>\n<\/ul>\n<h3><strong>Nev\u00fdhody:<\/strong><\/h3>\n<ul>\n<li>Nejl\u00e9pe p\u016fsob\u00ed na vn\u011bj\u0161\u00ed skvrny (hlub\u0161\u00ed zabarven\u00ed m\u016f\u017ee vy\u017eadovat zvl\u00e1\u0161tn\u00ed p\u00e9\u010di).<\/li>\n<li>N\u011bkte\u0159\u00ed mohou poci\u0165ovat m\u00edrnou citlivost (ta v\u0161ak obvykle odezn\u00ed).<\/li>\n<\/ul>\n<hr>\n<h2>\u010casto kladen\u00e9 ot\u00e1zky (FAQ)<\/h2>\n<p><strong>1. Je Crest 3D White Brilliance Hydrogen Peroxide bezpe\u010dn\u00fd pro ka\u017edodenn\u00ed pou\u017eit\u00ed?<\/strong><br \/>\nRozhodn\u011b! Je speci\u00e1ln\u011b navr\u017een pro pravideln\u00e9 pou\u017e\u00edv\u00e1n\u00ed, tak\u017ee m\u016f\u017eete kart\u00e1\u010dkem odstra\u0148ovat skvrny, ani\u017e byste si po\u0161kodili sklovinu. <\/p>\n<p><strong>2. Zp\u016fsob\u00ed citlivost zub\u016f?<\/strong><br \/>\nV\u011bt\u0161ina u\u017eivatel\u016f si citlivosti nev\u0161imne, ale n\u011bkte\u0159\u00ed by mohli. Pokud se tak stane, zkuste st\u0159\u00eddat jej\u00ed pou\u017e\u00edv\u00e1n\u00ed s fluoridovou zubn\u00ed pastou pro citliv\u00e9 zuby. <\/p>\n<p><strong>3. Mohou tuto zubn\u00ed pastu Crest 3D White Brilliance Hydrogen Peroxide pou\u017e\u00edvat d\u011bti?<\/strong><br \/>\nNejvhodn\u011bj\u0161\u00ed je pro dosp\u011bl\u00e9 nebo d\u011bti star\u0161\u00ed 12 let, proto\u017ee mlad\u0161\u00ed d\u011bti nemus\u00ed spr\u00e1vn\u011b zvl\u00e1dnout siln\u011bj\u0161\u00ed fluorid nebo b\u011bl\u00edc\u00ed prost\u0159edky.<\/p>\n<p><strong>4. Jak brzy uvid\u00edm v\u00fdsledky?<\/strong><br \/>\nMnoz\u00ed u\u017eivatel\u00e9 hl\u00e1s\u00ed viditeln\u00e9 v\u00fdsledky do p\u011bti dn\u016f a nep\u0159etr\u017eit\u00e9 u\u017e\u00edv\u00e1n\u00ed \u00fa\u010dinky jen umoc\u0148uje!<\/p>\n<p><strong>5. Mohu jej pou\u017e\u00edvat s rovn\u00e1tky nebo jin\u00fdmi zubn\u00edmi z\u00e1kroky?<\/strong><br \/>\nB\u011bl\u00edc\u00ed zubn\u00ed pasty nemohou zm\u011bnit barvu zubn\u00edch n\u00e1hrad, jako jsou korunky, fazety nebo rovn\u00e1tka. V p\u0159\u00edpad\u011b pochybnost\u00ed se pora\u010fte se sv\u00fdm zubn\u00edm l\u00e9ka\u0159em. <\/p>\n<hr>\n<h2>Skute\u010dn\u00e9 p\u0159\u00edb\u011bhy od fanou\u0161k\u016f Crest 3D White Brilliance<\/h2>\n<p>St\u00e1le nejste p\u0159esv\u011bd\u010deni? Poslechn\u011bte si to p\u0159\u00edmo od u\u017eivatel\u016f, kte\u0159\u00ed p\u0159e\u0161li na jin\u00fd syst\u00e9m. <\/p>\n<p><i>\ud83d\udcac &#8222;Jsem kofeinov\u00fd z\u00e1visl\u00e1k &#8211; m\u011bl jsem trapn\u011b zabarven\u00e9 zuby. Po dvou t\u00fddnech pou\u017e\u00edv\u00e1n\u00ed t\u00e9to zubn\u00ed pasty m\u00e1m pocit, \u017ee se mi vr\u00e1til \u00fasm\u011bv!&#8220; &#8211; Amanda L.<\/i><\/p>\n<p><i>\ud83d\udcac &#8222;Tuba m\u00e1 perfektn\u00ed velikost pro m\u00e9 p\u0159\u00edru\u010dn\u00ed zavazadlo a skute\u010dn\u011b funguje! Moje zuby vypadaj\u00ed z\u00e1\u0159iv\u011bji u\u017e po n\u011bkolika pou\u017eit\u00edch.&#8220; &#8211; Jonathan K.<\/i><\/p>\n<p><i>\ud83d\udcac &#8222;Byla jsem skeptick\u00e1 k tomu, \u017ee zubn\u00ed pasta dok\u00e1\u017ee znateln\u011b vyb\u011blit zuby, ale p\u00e1ni! Tahle v\u011bc spl\u0148uje sv\u016fj slib.&#8220; &#8211; Elisa M.<\/i><\/p>\n<hr>\n<h2>Zubn\u00ed pasta, kterou si v\u00e1\u0161 \u00fasm\u011bv zaslou\u017e\u00ed &#8211; Crest 3D White Brilliance s peroxidem vod\u00edku<\/h2>\n<p>P\u0159iznejme si to &#8211; v\u00e1\u0161 \u00fasm\u011bv je jednou z prvn\u00edch v\u011bc\u00ed, kter\u00e9 si na v\u00e1s lid\u00e9 v\u0161imnou, a m\u00e1 moc zanechat trval\u00fd dojem. Kdo by necht\u011bl m\u00edt \u00fasm\u011bv, kter\u00fd vzbuzuje komplimenty, dod\u00e1v\u00e1 sebev\u011bdom\u00ed a ot\u00e1\u010d\u00ed se za v\u00e1mi, kamkoli p\u0159ijdete? Dos\u00e1hnout oslniv\u00e9ho, bezchybn\u00e9ho \u00fasm\u011bvu u\u017e nen\u00ed jen snem &#8211; nyn\u00ed je to na dosah. Pozdravte sv\u00e9ho nov\u00e9ho nejlep\u0161\u00edho p\u0159\u00edtele: <strong>Crest 3D White Brilliance Hydrogen Peroxide 85g zubn\u00ed pasta<\/strong>. Tato revolu\u010dn\u00ed zubn\u00ed pasta p\u0159esahuje r\u00e1mec \u010di\u0161t\u011bn\u00ed &#8211; ne\u00fanavn\u011b pracuje na tom, abyste z\u00edskali z\u00e1\u0159iv\u011b b\u00edl\u00fd \u00fasm\u011bv, kter\u00fd jste si v\u017edy zaslou\u017eili.    <\/p>\n<p>Promluvme si o skute\u010dn\u00fdch v\u00fdsledc\u00edch. A\u0165 u\u017e jste o b\u011blen\u00ed zub\u016f p\u0159em\u00fd\u0161leli u\u017e dlouho, ale nev\u011bd\u011bli jste, kde za\u010d\u00edt, hledali jste na vysok\u00e9 noze dokonalou zubn\u00ed pastu, kter\u00e1 by rozjasnila va\u0161i sklovinu, nebo jste mo\u017en\u00e1 jen zv\u011bdav\u00ed na rozruch kolem pr\u00e9miov\u00fdch b\u011bl\u00edc\u00edch p\u0159\u00edpravk\u016f &#8211; tohle je va\u0161e znamen\u00ed. Zubn\u00ed pasta Crest 3D White Brilliance nejen \u00fa\u010dinn\u011b odstra\u0148uje povrchov\u00e9 skvrny, ale tak\u00e9 s ka\u017ed\u00fdm pou\u017eit\u00edm pozvedne va\u0161e sebev\u011bdom\u00ed. Tato zubn\u00ed pasta, pln\u00e1 d\u016fv\u011bryhodn\u00e9 s\u00edly <strong>peroxidu vod\u00edku<\/strong>, b\u011bl\u00ed va\u0161e zuby a z\u00e1rove\u0148 je \u0161etrn\u00e1 k va\u0161\u00ed sklovin\u011b. Tak pro\u010d je\u0161t\u011b \u010dekat s prom\u011bnou sv\u00e9ho \u00fasm\u011bvu?    <\/p>\n<p>Cesta ke genialit\u011b nebyla nikdy jednodu\u0161\u0161\u00ed. Vezm\u011bte si tubu je\u0161t\u011b dnes u sv\u00e9ho obl\u00edben\u00e9ho prodejce &#8211; proto\u017ee, bu\u010fme up\u0159\u00edmn\u00ed, v\u00e1\u0161 \u00fasm\u011bv za to stoj\u00ed. S ka\u017ed\u00fdm kart\u00e1\u010dkem jste o krok bl\u00ed\u017e k odhalen\u00ed sv\u00e9ho nejz\u00e1\u0159iv\u011bj\u0161\u00edho a nejodv\u00e1\u017en\u011bj\u0161\u00edho j\u00e1. A\u0165 u\u017e jde o d\u016fle\u017eitou sch\u016fzku, rande nebo jen ka\u017edodenn\u00ed interakci, z\u00e1\u0159iv\u00fd chrup dok\u00e1\u017ee pozvednout ka\u017ed\u00fd okam\u017eik.   <\/p>\n<hr>\n<p>Crest 3D White Brilliance Hydrogen Peroxide 85g nen\u00ed oby\u010dejn\u00e1 zubn\u00ed pasta &#8211; m\u011bn\u00ed pravidla hry. Nejde jen o \u010dist\u0161\u00ed \u00fasm\u011bv, ale o \u00fasm\u011bv, kter\u00fd vyza\u0159uje lesk, sebed\u016fv\u011bru a z\u00e1\u0159ivost. Jej\u00ed v\u011bdecky podlo\u017een\u00e9 b\u011bl\u00edc\u00ed slo\u017een\u00ed s prok\u00e1zanou \u00fa\u010dinnost\u00ed peroxidu vod\u00edku z n\u00ed \u010din\u00ed v\u00fdjime\u010dnou volbu pro ka\u017ed\u00e9ho, kdo chce m\u00edt b\u011blej\u0161\u00ed \u00fasm\u011bv bez po\u0161kozen\u00ed skloviny. A co v\u00edc? Je cenov\u011b dostupn\u00fd a p\u0159edstavuje jednoduch\u00fd zp\u016fsob, jak zcela vylep\u0161it svou rutinn\u00ed p\u00e9\u010di o \u00fastn\u00ed dutinu.    <\/p>\n<p>Nespokojte se s oby\u010dejnost\u00ed, kdy\u017e je tu mo\u017enost v\u00fdjime\u010dnosti. Zaslou\u017e\u00edte si v\u00edc ne\u017e jen &#8222;dostate\u010dn\u011b dobr\u00fd&#8220; \u00fasm\u011bv &#8211; zaslou\u017e\u00edte si <strong>z\u00e1\u0159iv\u00fd \u00fasm\u011bv<\/strong>, kter\u00fd rozz\u00e1\u0159\u00ed ka\u017ed\u00fd prostor, v n\u011bm\u017e se nach\u00e1z\u00edte. U\u017e \u017e\u00e1dn\u00e9 v\u00e1h\u00e1n\u00ed nebo odkl\u00e1d\u00e1n\u00ed sv\u00fdch c\u00edl\u016f v oblasti \u00fasm\u011bvu. \u010cas ud\u011blat tento krok je pr\u00e1v\u011b te\u010f. V\u011b\u0159te n\u00e1m &#8211; jakmile za\u010dnete pou\u017e\u00edvat Crest 3D White Brilliance Hydrogen Peroxide, i va\u0161e zrcadlo bude m\u00edt pocit, \u017ee vid\u00ed \u00fapln\u011b nov\u00e9 j\u00e1. Ne\u010dekejte u\u017e ani okam\u017eik. Dop\u0159ejte si p\u00e9\u010di, investujte do sv\u00e9ho sebev\u011bdom\u00ed a znovu objevte s\u00edlu sv\u00e9ho \u00fasm\u011bvu. V\u00e1\u0161 nov\u00fd z\u00e1\u0159iv\u00fd vzhled je vzd\u00e1len jen jeden zubn\u00ed kart\u00e1\u010dek! Crest 3D White Brilliance Peroxid vod\u00edku.        <\/p>\n<hr>\n<p><i>[Pozn\u00e1mka: P\u0159ed pou\u017eit\u00edm nov\u00fdch b\u011bl\u00edc\u00edch p\u0159\u00edpravk\u016f se v\u017edy pora\u010fte se sv\u00fdm zubn\u00edm l\u00e9ka\u0159em, zejm\u00e9na pokud m\u00e1te ji\u017e existuj\u00edc\u00ed zubn\u00ed pot\u00ed\u017ee. Zdrav\u00ed va\u0161\u00ed \u00fastn\u00ed dutiny je stejn\u011b jedine\u010dn\u00e9 jako v\u00e1\u0161 \u00fasm\u011bv a v\u017edy je lep\u0161\u00ed b\u00fdt v bezpe\u010d\u00ed ne\u017e litovat. I kdy\u017e jsou b\u011bl\u00edc\u00ed produkty ur\u010deny k prom\u011bn\u011b va\u0161eho \u00fasm\u011bvu odstran\u011bn\u00edm skvrn a zv\u00fd\u0161en\u00edm jasu zub\u016f, je d\u016fle\u017eit\u00e9 se ujistit, \u017ee jsou vhodn\u00e9 pro va\u0161e specifick\u00e9 zubn\u00ed pot\u0159eby. P\u0159edchoz\u00ed stavy, jako je citlivost zub\u016f, onemocn\u011bn\u00ed d\u00e1sn\u00ed, zubn\u00ed kazy nebo oslaben\u00e1 sklovina, mohou zp\u016fsobit, \u017ee va\u0161e zuby budou p\u0159i pou\u017e\u00edv\u00e1n\u00ed b\u011blic\u00edch prost\u0159edk\u016f n\u00e1chyln\u011bj\u0161\u00ed k podr\u00e1\u017ed\u011bn\u00ed nebo nep\u0159\u00edjemn\u00fdm pocit\u016fm. P\u0159edchoz\u00ed konzultace se zubn\u00edm l\u00e9ka\u0159em v\u00e1m umo\u017en\u00ed zjistit, zda je pro v\u00e1s produkt, jako je nap\u0159\u00edklad Crest 3D White Brilliance Hydrogen Peroxide, vhodn\u00fd. nav\u00edc v\u00e1m zubn\u00ed l\u00e9ka\u0159 m\u016f\u017ee nab\u00eddnout cenn\u00e9 rady, jak b\u011bl\u00edc\u00ed produkty bezpe\u010dn\u011b a efektivn\u011b za\u0159adit do va\u0161\u00ed rutiny. P\u0159ed zah\u00e1jen\u00edm b\u011bl\u00edc\u00edho re\u017eimu m\u016f\u017ee doporu\u010dit vy\u0159e\u0161en\u00ed jak\u00fdchkoli z\u00e1kladn\u00edch probl\u00e9m\u016f, jako je zubn\u00ed kaz nebo citlivost d\u00e1sn\u00ed, aby byly zaji\u0161t\u011bny optim\u00e1ln\u00ed v\u00fdsledky. Pokud jste v ned\u00e1vn\u00e9 dob\u011b podstoupili zubn\u00ed z\u00e1kroky, jako jsou v\u00fdpln\u011b, korunky, fazety nebo ortodontick\u00e9 z\u00e1kroky, m\u016f\u017ee v\u00e1m v\u00e1\u0161 zubn\u00ed l\u00e9ka\u0159 tak\u00e9 poskytnout informace o tom, jak\u00fd vliv na n\u011b mohou m\u00edt b\u011bl\u00edc\u00ed produkty.Pamatujte, \u017ee i d\u016fv\u011bryhodn\u00e9 a \u0161iroce pou\u017e\u00edvan\u00e9 produkty, jako je peroxid vod\u00edku Crest 3D White Brilliance, jsou nej\u00fa\u010dinn\u011bj\u0161\u00ed, pokud jsou spojeny s dobrou celkovou p\u00e9\u010d\u00ed o zuby a p\u0159izp\u016fsobeny va\u0161im jedine\u010dn\u00fdm pot\u0159eb\u00e1m. Zdrav\u00fd a sebev\u011bdom\u00fd \u00fasm\u011bv za\u010d\u00edn\u00e1 informovan\u00fdm rozhodnut\u00edm a odborn\u00fdm veden\u00edm!]<\/i><\/p>\n","protected":false},"excerpt":{"rendered":"<p>Dos\u00e1hn\u011bte b\u011blej\u0161\u00edho a z\u00e1\u0159iv\u011bj\u0161\u00edho \u00fasm\u011bvu s peroxidem vod\u00edku Crest 3D White Brilliance 85 g. Zjist\u011bte, pro\u010d tato \u00fa\u010dinn\u00e1 b\u011bl\u00edc\u00ed zubn\u00ed pasta m\u011bn\u00ed pravidla p\u00e9\u010de o \u00fastn\u00ed dutinu. <\/p>\n","protected":false},"featured_media":12990,"comment_status":"open","ping_status":"closed","template":"","meta":[],"product_cat":[1005],"product_tag":[1016,1071,1070],"class_list":{"0":"post-12980","1":"product","2":"type-product","3":"status-publish","4":"has-post-thumbnail","6":"product_cat-zubni-pasta-crest","7":"product_tag-crest-3d-white-brilliance","8":"product_tag-crest-3d-white-brilliance-hydrogen","9":"product_tag-crest-3d-white-brilliance-peroxid-vodiku","10":"pa_brands-crest","12":"first","13":"outofstock","14":"taxable","15":"shipping-taxable","16":"purchasable","17":"product-type-simple"},"_links":{"self":[{"href":"https:\/\/tretinoins.com\/cs\/wp-json\/wp\/v2\/product\/12980","targetHints":{"allow":["GET"]}}],"collection":[{"href":"https:\/\/tretinoins.com\/cs\/wp-json\/wp\/v2\/product"}],"about":[{"href":"https:\/\/tretinoins.com\/cs\/wp-json\/wp\/v2\/types\/product"}],"replies":[{"embeddable":true,"href":"https:\/\/tretinoins.com\/cs\/wp-json\/wp\/v2\/comments?post=12980"}],"version-history":[{"count":0,"href":"https:\/\/tretinoins.com\/cs\/wp-json\/wp\/v2\/product\/12980\/revisions"}],"wp:featuredmedia":[{"embeddable":true,"href":"https:\/\/tretinoins.com\/cs\/wp-json\/wp\/v2\/media\/12990"}],"wp:attachment":[{"href":"https:\/\/tretinoins.com\/cs\/wp-json\/wp\/v2\/media?parent=12980"}],"wp:term":[{"taxonomy":"product_cat","embeddable":true,"href":"https:\/\/tretinoins.com\/cs\/wp-json\/wp\/v2\/product_cat?post=12980"},{"taxonomy":"product_tag","embeddable":true,"href":"https:\/\/tretinoins.com\/cs\/wp-json\/wp\/v2\/product_tag?post=12980"}],"curies":[{"name":"wp","href":"https:\/\/api.w.org\/{rel}","templated":true}]}}