{"id":12979,"date":"2024-01-03T14:00:09","date_gmt":"2024-01-03T14:00:09","guid":{"rendered":"https:\/\/tretinoins.com\/tretinoin-krem-005-20g-tretiheal-healing-pharma-proti-akne-proti-vraskam\/"},"modified":"2026-05-06T14:56:37","modified_gmt":"2026-05-06T12:56:37","slug":"tretinoin-krem-005-20g-tretiheal-healing-pharma-proti-akne-proti-vraskam","status":"publish","type":"product","link":"https:\/\/tretinoins.com\/cs\/tretinoin-krem-005-20g-tretiheal-healing-pharma-proti-akne-proti-vraskam\/","title":{"rendered":"Tretinoin kr\u00e9m 0,05 20g, Tretiheal, Healing Pharma, proti akn\u00e9, proti vr\u00e1sk\u00e1m"},"content":{"rendered":"<h1>Objevte s\u00edlu tretinoinov\u00e9ho kr\u00e9mu 0,05 20g: Vyzkou\u0161ejte tento produkt: Revoluce v p\u00e9\u010di o ple\u0165<\/h1>\n<hr>\n<p>U\u017e jste se n\u011bkdy pod\u00edvali do zrcadla a \u0159ekli si: &#8222;K\u00e9\u017e by moje ple\u0165 vypadala trochu l\u00e9pe&#8220;? Tak to nejste sami! Na trhu je tolik produkt\u016f p\u00e9\u010de o ple\u0165, \u017ee se snadno c\u00edt\u00edte zahlceni. Mezi mo\u0159em mo\u017enost\u00ed si neust\u00e1le z\u00edsk\u00e1v\u00e1 pozornost Tretinoin kr\u00e9m 0,05 20 g od spole\u010dnosti <strong>Tretiheal<\/strong>, v\u00fdrobek spole\u010dnosti <strong>Healing Pharma<\/strong>, kter\u00fd m\u00e1 siln\u00e9 \u00fa\u010dinky na ple\u0165. Co to ale p\u0159esn\u011b je a pro\u010d by m\u011bl b\u00fdt ve va\u0161em hled\u00e1\u010dku?    <\/p>\n<p>V tomto \u010dl\u00e1nku se v\u011bnujeme v\u0161emu, co pot\u0159ebujete v\u011bd\u011bt o tretinoinov\u00e9m kr\u00e9mu &#8211; jeho v\u00fdhod\u00e1m, pou\u017eit\u00ed, vedlej\u0161\u00edm \u00fa\u010dink\u016fm a dal\u0161\u00edm. Na konci tohoto \u010dten\u00ed budete p\u0159ipraveni vrhnout se do z\u00e1\u0159iv\u011bj\u0161\u00ed verze sebe sama! <\/p>\n<hr>\n<h2>Co je to Tretinoin kr\u00e9m 0,05 20g?<\/h2>\n<p>Tretinoin, deriv\u00e1t vitaminu A, je ve sv\u011bt\u011b dermatologie \u0161ampionem t\u011b\u017ek\u00e9 v\u00e1hy. B\u011b\u017en\u011b se pou\u017e\u00edv\u00e1 k l\u00e9\u010db\u011b akn\u00e9, ke zm\u00edrn\u011bn\u00ed zn\u00e1mek st\u00e1rnut\u00ed a ke zlep\u0161en\u00ed celkov\u00e9 struktury a t\u00f3nu pleti. <\/p>\n<h3>Pro\u010d tretinoin?<\/h3>\n<ul>\n<li><strong>L\u00e9\u010dba akn\u00e9<\/strong>: Pom\u00e1h\u00e1 uvol\u0148ovat p\u00f3ry a p\u0159edch\u00e1zet tak budouc\u00edm v\u00fdron\u016fm.<\/li>\n<li><strong>Proti st\u00e1rnut\u00ed<\/strong>: Zmen\u0161uje jemn\u00e9 linky a vr\u00e1sky a dod\u00e1v\u00e1 pleti mladistv\u00fd lesk.<\/li>\n<li><strong>T\u00f3n pleti<\/strong>: Pom\u00e1h\u00e1 zm\u00edrnit tmav\u00e9 skvrny a vyrovnat t\u00f3n pleti.<\/li>\n<\/ul>\n<p>Tretinoin kr\u00e9m 0,05 20 g je velmi \u00fa\u010dinn\u00fd p\u0159i ko\u017en\u00edch probl\u00e9mech, tak\u017ee je pro mnoh\u00e9 obl\u00edbenou volbou!<\/p>\n<hr>\n<h2>V\u00fdhoda spole\u010dnosti Tretiheal<\/h2>\n<p>Kdy\u017e hled\u00e1te tretinoinov\u00fd kr\u00e9m, m\u016f\u017ee b\u00fdt l\u00e1kav\u00e9 vybrat si drah\u00e9 zna\u010dky. Vstupte na trh s <strong>Tretihealem<\/strong> od spole\u010dnosti <strong>Healing Pharma &#8211; je zam\u011b\u0159en na \u0159e\u0161en\u00ed<\/strong>a je cenov\u011b v\u00fdhodn\u00fd. <\/p>\n<h3>Pro\u010d si vybrat Tretiheal?<\/h3>\n<ul>\n<li><strong>N\u00e1kladov\u011b efektivn\u00ed<\/strong>: Kvalitn\u00ed p\u00e9\u010de o ple\u0165 by nem\u011bla p\u0159ij\u00edt draho!<\/li>\n<li><strong>\u00da\u010dinn\u00e9 slo\u017een\u00ed<\/strong>: Vychutnejte si v\u00fdhody tretinoinu bez kompromis\u016f v kvalit\u011b.<\/li>\n<li><strong>P\u0159\u00edstupn\u00e9<\/strong>: T\u011b\u017eko byste ji nena\u0161li.<\/li>\n<\/ul>\n<hr>\n<h2>V\u011bda o tretinoinov\u00e9m kr\u00e9mu 0,05 20g<\/h2>\n<h3>Jak to funguje?<\/h3>\n<p>Tretinoin p\u016fsob\u00ed na bun\u011b\u010dn\u00e9 \u00farovni. Zde je stru\u010dn\u00fd p\u0159ehled: <\/p>\n<ol>\n<li><strong>Obrat bun\u011bk<\/strong>: Tretinoin urychluje p\u0159irozen\u00fd proces exfoliace k\u016f\u017ee.<\/li>\n<li><strong>Produkce kolagenu<\/strong>: Stimuluje tvorbu kolagenu, kter\u00fd m\u00e1 z\u00e1sadn\u00ed v\u00fdznam pro udr\u017een\u00ed pevn\u00e9 a hladk\u00e9 poko\u017eky.<\/li>\n<li><strong>Odblokov\u00e1n\u00ed p\u00f3r\u016f<\/strong>: Tento retinoid redukuje p\u0159ebyte\u010dnou mastnotu a pom\u00e1h\u00e1 p\u0159edch\u00e1zet nep\u0159\u00edjemn\u00fdm b\u00edl\u00fdm a \u010dern\u00fdm te\u010dk\u00e1m.<\/li>\n<\/ol>\n<h3><strong>Tabulka 1: P\u0159\u00ednosy tretinoinov\u00e9ho kr\u00e9mu 0,05 20g<\/strong><\/h3>\n<table>\n<thead>\n<tr>\n<th>Benefit<\/th>\n<th>Popis<\/th>\n<\/tr>\n<\/thead>\n<tbody>\n<tr>\n<td>Prevence akn\u00e9<\/td>\n<td>Uvol\u0148uje p\u00f3ry a p\u0159edch\u00e1z\u00ed budouc\u00edm v\u00fdron\u016fm<\/td>\n<\/tr>\n<tr>\n<td>Anti-Aging<\/td>\n<td>Sni\u017euje v\u00fdskyt vr\u00e1sek a jemn\u00fdch linek<\/td>\n<\/tr>\n<tr>\n<td>Rovnom\u011brn\u00fd t\u00f3n pleti<\/td>\n<td>Bledne hyperpigmentace a tmav\u00e9 skvrny<\/td>\n<\/tr>\n<tr>\n<td>Vylep\u0161en\u00e1 textura<\/td>\n<td>Zaji\u0161\u0165uje hlad\u0161\u00ed a jemn\u011bj\u0161\u00ed poko\u017eku<\/td>\n<\/tr>\n<\/tbody>\n<\/table>\n<hr>\n<h2>Jak pou\u017e\u00edvat tretinoin kr\u00e9m 0,05 20g<\/h2>\n<p>Pou\u017eit\u00ed tretinoinov\u00e9ho kr\u00e9mu je jednoduch\u00e9, ale existuje n\u011bkolik tip\u016f a trik\u016f, jak maximalizovat jeho \u00fa\u010dinnost:<\/p>\n<h3>Kroky pro pod\u00e1n\u00ed \u017e\u00e1dosti:<\/h3>\n<ol>\n<li><strong>O\u010dista<\/strong>: Umyjte si obli\u010dej jemn\u00fdm \u010distic\u00edm prost\u0159edkem a osu\u0161te ho.<\/li>\n<li><strong>Po\u010dkejte<\/strong>: Nechte poko\u017eku zcela zaschnout (ide\u00e1ln\u011b asi 20-30 minut).<\/li>\n<li><strong>Pou\u017e\u00edt<\/strong>: Pou\u017eijte mno\u017estv\u00ed o velikosti hr\u00e1\u0161ku a naneste ho na \u010delo, tv\u00e1\u0159e, nos a bradu. Rovnom\u011brn\u011b ji rozet\u0159ete. <\/li>\n<li><strong>Zvlh\u010dujte<\/strong>: N\u00e1sledn\u011b pou\u017eijte nekomedogenn\u00ed hydrata\u010dn\u00ed kr\u00e9m, abyste zabr\u00e1nili vysu\u0161en\u00ed.<\/li>\n<li><strong>Opalovac\u00ed kr\u00e9m<\/strong>: Tretinoin m\u016f\u017ee zp\u016fsobit, \u017ee va\u0161e poko\u017eka bude citliv\u00e1 na slune\u010dn\u00ed z\u00e1\u0159en\u00ed.<\/li>\n<\/ol>\n<h3><strong>D\u016fle\u017eit\u00e9 tipy<\/strong><\/h3>\n<ul>\n<li>Za\u010dn\u011bte pomalu! Pou\u017e\u00edvejte jej ka\u017ed\u00fd druh\u00fd ve\u010der a postupn\u011b, jak si na n\u011bj va\u0161e ple\u0165 zvykne, p\u0159ejd\u011bte na no\u010dn\u00ed pou\u017e\u00edv\u00e1n\u00ed. <\/li>\n<li>Zpo\u010d\u00e1tku se vyhn\u011bte kombinaci s jin\u00fdmi siln\u00fdmi produkty, jako jsou alfa-hydroxykyseliny nebo vitamin C.<\/li>\n<li>Z\u016fsta\u0148te d\u016fsledn\u00ed! M\u016f\u017ee trvat n\u011bkolik t\u00fddn\u016f, ne\u017e zaznamen\u00e1te v\u00fdrazn\u00e9 v\u00fdsledky. <\/li>\n<\/ul>\n<hr>\n<h2>Mo\u017en\u00e9 vedlej\u0161\u00ed \u00fa\u010dinky<\/h2>\n<p>I kdy\u017e je tretinoinov\u00fd kr\u00e9m obecn\u011b bezpe\u010dn\u00fd, m\u016f\u017ee m\u00edt ne\u017e\u00e1douc\u00ed \u00fa\u010dinky &#8211; nej\u010dast\u011bji:<\/p>\n<ul>\n<li><strong>Suchost a olupov\u00e1n\u00ed<\/strong>: To je znamen\u00ed, \u017ee kr\u00e9m p\u016fsob\u00ed; je u\u017eite\u010dn\u00e9 pou\u017e\u00edvat dobr\u00fd hydrata\u010dn\u00ed kr\u00e9m!<\/li>\n<li><strong>Z\u010derven\u00e1n\u00ed<\/strong>: M\u016f\u017ee se objevit, zejm\u00e9na p\u0159i prvn\u00edm pou\u017eit\u00ed; obvykle ustupuje.<\/li>\n<li><strong>Citlivost na slunce<\/strong>: Chra\u0148te svou poko\u017eku p\u0159ed sluncem.<\/li>\n<\/ul>\n<h3><strong>Tabulka 2: \u010cast\u00e9 ne\u017e\u00e1douc\u00ed \u00fa\u010dinky<\/strong><\/h3>\n<table>\n<thead>\n<tr>\n<th>Vedlej\u0161\u00ed \u00fa\u010dinek<\/th>\n<th>Popis<\/th>\n<\/tr>\n<\/thead>\n<tbody>\n<tr>\n<td>Suchost a olupov\u00e1n\u00ed<\/td>\n<td>\u010cast\u00e9, \u010dasto se pou\u017e\u00edv\u00e1n\u00edm zlep\u0161uje<\/td>\n<\/tr>\n<tr>\n<td>Zarudnut\u00ed<\/td>\n<td>Do\u010dasn\u00e9, obvykle ustupuje<\/td>\n<\/tr>\n<tr>\n<td>Citlivost na slunce<\/td>\n<td>Zv\u00fd\u0161en\u00e9 riziko, pou\u017e\u00edvejte opalovac\u00ed kr\u00e9m<\/td>\n<\/tr>\n<\/tbody>\n<\/table>\n<hr>\n<h2>\u010cast\u00e9 dotazy t\u00fdkaj\u00edc\u00ed se tretinoinov\u00e9ho kr\u00e9mu 0,05 20g<\/h2>\n<h3>1. Mohu pou\u017e\u00edvat tretinoin, pokud jsem t\u011bhotn\u00e1?<\/h3>\n<p>Obecn\u011b se nedoporu\u010duje b\u011bhem t\u011bhotenstv\u00ed nebo kojen\u00ed. P\u0159ed zah\u00e1jen\u00edm u\u017e\u00edv\u00e1n\u00ed jak\u00e9hokoli nov\u00e9ho l\u00e9ku se v\u017edy pora\u010fte se sv\u00fdm l\u00e9ka\u0159em. <\/p>\n<h3>2. Za jak dlouho se dostav\u00ed v\u00fdsledky?<\/h3>\n<p>Zlep\u0161en\u00ed m\u016f\u017eete zaznamenat b\u011bhem 4-6 t\u00fddn\u016f, ale optim\u00e1ln\u00ed v\u00fdsledky mohou trvat 3-6 m\u011bs\u00edc\u016f.<\/p>\n<h3>3. Mohu s tretinoinem pou\u017e\u00edvat i jin\u00e9 p\u0159\u00edpravky p\u00e9\u010de o ple\u0165?<\/h3>\n<p>Ano, ale bu\u010fte opatrn\u00ed. Vyvarujte se pou\u017e\u00edv\u00e1n\u00ed siln\u00fdch p\u0159\u00edpravk\u016f, zejm\u00e9na zpo\u010d\u00e1tku. Zva\u017ete, zda mezi aplikac\u00ed dal\u0161\u00edch o\u0161et\u0159en\u00ed nepo\u010dkat n\u011bkolik hodin.  <\/p>\n<h3>4. Je tretinoin vhodn\u00fd pro v\u0161echny typy pleti?<\/h3>\n<p>I kdy\u017e je pro v\u011bt\u0161inu lid\u00ed \u00fa\u010dinn\u00fd, osoby s velmi citlivou poko\u017ekou by m\u011bly postupovat opatrn\u011b. Dermatolog v\u00e1m m\u016f\u017ee pomoci sestavit pl\u00e1n na m\u00edru. <\/p>\n<hr>\n<h2>Podtr\u017eeno, se\u010dteno<\/h2>\n<p>Tretinoinov\u00fd kr\u00e9m 0,05 20 g od spole\u010dnosti <strong>Tretiheal<\/strong> by <strong>Healing Pharma<\/strong> je zkr\u00e1tka osv\u011bd\u010den\u00fdm \u0159e\u0161en\u00edm pro zlep\u0161en\u00ed vzhledu va\u0161\u00ed pleti. D\u00edky sv\u00e9 p\u016fsobiv\u00e9 schopnosti bojovat proti akn\u00e9, sni\u017eovat zn\u00e1mky st\u00e1rnut\u00ed a vyrovn\u00e1vat t\u00f3n pleti rozhodn\u011b stoj\u00ed za zv\u00e1\u017een\u00ed ve va\u0161\u00ed rutinn\u00ed p\u00e9\u010di o ple\u0165. <\/p>\n<p>Pokud se tedy sna\u017e\u00edte odemknout zdrav\u011bj\u0161\u00ed a mladistv\u011bj\u0161\u00ed ple\u0165, pro\u010d nevyzkou\u0161et tuto s\u00edlu? Vydejte se na cestu k z\u00e1\u0159iv\u00e9 pleti a sledujte, jak tretinoin zm\u011bn\u00ed v\u00e1\u0161 ka\u017edodenn\u00ed re\u017eim p\u00e9\u010de o ple\u0165! <\/p>\n<hr>\n<p>Orientace ve sv\u011bt\u011b p\u00e9\u010de o ple\u0165 m\u016f\u017ee p\u0159ipom\u00ednat bloud\u011bn\u00ed bludi\u0161t\u011bm, ale s produkty, jako je <strong>Tretinoin kr\u00e9m 0,05 20g<\/strong> od spole\u010dnosti<strong> Tretiheal<\/strong>, m\u00e1te spolehlivou mapu! Pamatujte, \u017ee kl\u00ed\u010dem k \u00fasp\u011bchu je d\u016fslednost a znalosti jsou va\u0161\u00edm nejlep\u0161\u00edm spojencem. A\u0165 u\u017e se chcete vypo\u0159\u00e1dat s akn\u00e9, bojovat proti zn\u00e1mk\u00e1m st\u00e1rnut\u00ed nebo jednodu\u0161e zlep\u0161it sv\u016fj vzhled, p\u0159ijet\u00ed Tretinoinov\u00e9ho kr\u00e9mu m\u016f\u017ee b\u00fdt va\u0161\u00ed vstupenkou k dosa\u017een\u00ed pleti sn\u016f.  <\/p>\n<p>Tak do toho &#8211; vyzkou\u0161ejte po\u017eitek z tretinoinu a ud\u011blejte prvn\u00ed krok k va\u0161\u00ed nejlep\u0161\u00ed pleti!<\/p>\n<hr>\n<h3>Va\u0161e cesta za p\u00e9\u010d\u00ed o ple\u0165 \u010dek\u00e1!<\/h3>\n<ul>\n<li><strong>Z\u016fsta\u0148te u toho<\/strong>: Stejn\u011b jako u mnoha jin\u00fdch dobr\u00fdch v\u011bc\u00ed se trp\u011blivost vyplat\u00ed!<\/li>\n<li><strong>U\u010dte se d\u00e1l<\/strong>: Udr\u017eujte si informace o slo\u017ek\u00e1ch a postupech p\u00e9\u010de o ple\u0165.<\/li>\n<li><strong>Vyhledejte pomoc<\/strong>: Nev\u00e1hejte se obr\u00e1tit na dermatologa a po\u017e\u00e1dat ho o individu\u00e1ln\u00ed radu.<\/li>\n<\/ul>\n<p>Pamatujte, \u017ee kr\u00e1sa vych\u00e1z\u00ed zevnit\u0159, ale trocha pomoci od Tretinoin kr\u00e9mu 0,05 20g rozhodn\u011b neu\u0161kod\u00ed!<\/p>\n<p>&nbsp;<\/p>\n<div data-pm-slice=\"0 0 []\" data-en-clipboard=\"true\">V neust\u00e1le se vyv\u00edjej\u00edc\u00edm sv\u011bt\u011b p\u00e9\u010de o ple\u0165 jen m\u00e1lokter\u00fd produkt obst\u00e1l ve zkou\u0161ce \u010dasu tak jako tretinoinov\u00fd kr\u00e9m. Tretinoinov\u00fd kr\u00e9m 0,05 % v tub\u011b o hmotnosti 20 g, kter\u00fd je \u010dasto ozna\u010dov\u00e1n za svat\u00fd gr\u00e1l pro sv\u00e9 \u00fa\u010dinky proti st\u00e1rnut\u00ed a akn\u00e9, nab\u00edz\u00ed \u00fa\u010dinn\u00e9 \u0159e\u0161en\u00ed n\u011bkter\u00fdch z nejn\u00e1ro\u010dn\u011bj\u0161\u00edch probl\u00e9m\u016f s plet\u00ed. V tomto \u010dl\u00e1nku se dozv\u00edte, jak tretinoin funguje, jak\u00e9 jsou jeho v\u00fdhody, tipy pro aplikaci a co m\u016f\u017eete o\u010dek\u00e1vat od za\u010dlen\u011bn\u00ed tohoto \u00fa\u010dinn\u00e9ho p\u0159\u00edpravku do sv\u00e9 p\u00e9\u010de o ple\u0165.  <\/div>\n<hr>\n<h3>Co je to tretinoin?<\/h3>\n<div>Tretinoin, deriv\u00e1t vitaminu A, pat\u0159\u00ed do skupiny l\u00e9k\u016f zn\u00e1m\u00fdch jako retinoidy. P\u016fvodn\u011b byl vyvinut k l\u00e9\u010db\u011b akn\u00e9, ale nyn\u00ed je \u0161iroce pou\u017e\u00edv\u00e1n pro sv\u00e9 \u0161irokospektr\u00e1ln\u00ed \u00fa\u010dinky, v\u010detn\u011b \u00fa\u010dink\u016f proti st\u00e1rnut\u00ed a zlep\u0161en\u00ed struktury pleti. Tretinoin p\u016fsob\u00ed tak, \u017ee ovliv\u0148uje bun\u011b\u010dnou v\u00fdm\u011bnu a podporuje odbour\u00e1v\u00e1n\u00ed star\u00fdch, odum\u0159el\u00fdch ko\u017en\u00edch bun\u011bk, co\u017e pom\u00e1h\u00e1 minimalizovat v\u00fdskyt akn\u00e9 a odhalit pod n\u00edm nov\u011bj\u0161\u00ed, zdrav\u011bj\u0161\u00ed poko\u017eku.  <\/div>\n<h4>Jak tretinoin kr\u00e9m 0,05 20g funguje:<\/h4>\n<ul>\n<li>\n<div><b>Zvy\u0161uje produkci kolagenu:<\/b> Tretinoin stimuluje synt\u00e9zu kolagenu, co\u017e vede k pevn\u011bj\u0161\u00ed a pru\u017en\u011bj\u0161\u00ed poko\u017ece.<\/div>\n<\/li>\n<li>\n<div><b>Exfoliuje vrchn\u00ed vrstvy poko\u017eky:<\/b> Podporuje obnovu ko\u017en\u00edch bun\u011bk, \u010d\u00edm\u017e pom\u00e1h\u00e1 zm\u00edrnit zabarven\u00ed a redukovat jemn\u00e9 vr\u00e1sky.<\/div>\n<\/li>\n<li>\n<div><b>Uvol\u0148uje p\u00f3ry:<\/b> D\u00edky tomu, \u017ee zabra\u0148uje ucp\u00e1v\u00e1n\u00ed p\u00f3r\u016f odum\u0159el\u00fdmi bu\u0148kami, omezuje tvorbu nov\u00e9ho akn\u00e9 a podporuje \u010dist\u0161\u00ed ple\u0165.<\/div>\n<\/li>\n<\/ul>\n<hr>\n<h3>V\u00fdhody tretinoinov\u00e9ho kr\u00e9mu 0,05 20g<\/h3>\n<h4>1. <b>\u00da\u010dinky proti st\u00e1rnut\u00ed<\/b><\/h4>\n<div>Tretinoin je zn\u00e1m\u00fd pro svou schopnost redukovat jemn\u00e9 linky, vr\u00e1sky a sta\u0159eck\u00e9 skvrny. Podporuje r\u016fst nov\u00fdch bun\u011bk a tvorbu kolagenu, \u010d\u00edm\u017e pom\u00e1h\u00e1 udr\u017eovat pru\u017enost a hladkost pleti a \u00fa\u010dinn\u011b tak vrac\u00ed \u010das st\u00e1rnut\u00ed pleti. Pravideln\u00e9 pou\u017e\u00edv\u00e1n\u00ed m\u016f\u017ee v\u00e9st k v\u00fdrazn\u011b pevn\u011bj\u0161\u00ed a mladistv\u011bj\u0161\u00ed pleti.  <\/div>\n<h4>2. <b>L\u00e9\u010dba akn\u00e9<\/b><\/h4>\n<div>Tretinoin je d\u00edky sv\u00e9 schopnosti urychlovat bun\u011b\u010dnou v\u00fdm\u011bnu \u00fa\u010dinnou l\u00e9\u010dbou akn\u00e9. Pom\u00e1h\u00e1 p\u0159edch\u00e1zet tvorb\u011b komedon\u016f (p\u0159edch\u016fdc\u016f pup\u00ednk\u016f), sni\u017euje z\u00e1n\u011bt a pom\u00e1h\u00e1 hojit st\u00e1vaj\u00edc\u00ed l\u00e9ze akn\u00e9, \u010d\u00edm\u017e uvol\u0148uje cestu k hlad\u0161\u00ed pleti. <\/div>\n<h4>3. <b>Zlep\u0161uje texturu a t\u00f3n pleti<\/b><\/h4>\n<div>Pravideln\u00e1 aplikace tretinoinu m\u016f\u017ee v\u00e9st k jednotn\u011bj\u0161\u00edmu t\u00f3nu pleti. Pom\u00e1h\u00e1 redukovat hyperpigmentace, jako jsou slune\u010dn\u00ed skvrny a melasma, a m\u016f\u017ee vyrovnat strukturu pleti, \u010d\u00edm\u017e z\u00edsk\u00e1te jemn\u011bj\u0161\u00ed odst\u00edn. <\/div>\n<hr>\n<h3>Jak za\u0159adit tretinoinov\u00fd kr\u00e9m 0,05 20g do rutinn\u00ed p\u00e9\u010de?<\/h3>\n<div>Zaveden\u00ed tretinoinu do rutinn\u00ed p\u00e9\u010de o ple\u0165 vy\u017eaduje trp\u011blivost a p\u00e9\u010di. Zde je n\u011bkolik tip\u016f pro \u00fa\u010dinn\u00e9 a bezpe\u010dn\u00e9 pou\u017e\u00edv\u00e1n\u00ed: <\/div>\n<h4>Za\u010dn\u011bte pomalu<\/h4>\n<ul>\n<li>\n<div>Za\u010dn\u011bte s aplikac\u00ed mno\u017estv\u00ed o velikosti hr\u00e1\u0161ku jednou za n\u011bkolik noc\u00ed. Postupn\u011b zvy\u0161ujte frekvenci, jakmile va\u0161e poko\u017eka z\u00edsk\u00e1 toleranci. <\/div>\n<\/li>\n<li>\n<div>V\u017edy nan\u00e1\u0161ejte na \u010distou a suchou poko\u017eku. Po umyt\u00ed obli\u010deje po\u010dkejte 15-20 minut, abyste sn\u00ed\u017eili podr\u00e1\u017ed\u011bn\u00ed. <\/div>\n<\/li>\n<\/ul>\n<h4>Bu\u010fte opatrn\u00ed p\u0159i vystavov\u00e1n\u00ed se slune\u010dn\u00edmu z\u00e1\u0159en\u00ed<\/h4>\n<ul>\n<li>\n<div>Tretinoin zvy\u0161uje citlivost poko\u017eky na slunce. V\u017edy pou\u017e\u00edvejte denn\u011b \u0161irokospektr\u00e1ln\u00ed opalovac\u00ed kr\u00e9m s ochrann\u00fdm faktorem SPF 30 nebo vy\u0161\u0161\u00edm, a to i v zamra\u010den\u00fdch dnech. <\/div>\n<\/li>\n<li>\n<div>Zva\u017ete pou\u017eit\u00ed tretinoinu v noci, abyste minimalizovali vystaven\u00ed slune\u010dn\u00edmu z\u00e1\u0159en\u00ed.<\/div>\n<\/li>\n<\/ul>\n<h4>Zvlh\u010dujte<\/h4>\n<ul>\n<li>\n<div>Pou\u017e\u00edvejte jemn\u00fd hydrata\u010dn\u00ed kr\u00e9m proti p\u0159\u00edpadn\u00e9mu vysu\u0161en\u00ed a \u0161upinat\u011bn\u00ed.<\/div>\n<\/li>\n<li>\n<div>Pokud se u v\u00e1s objev\u00ed v\u00fdrazn\u00e9 podr\u00e1\u017ed\u011bn\u00ed, pora\u010fte se se sv\u00fdm dermatologem o pou\u017eit\u00ed voln\u011b prodejn\u00e9ho hydrata\u010dn\u00edho kr\u00e9mu spolu s tretinoinem.<\/div>\n<\/li>\n<\/ul>\n<h4>Zpo\u010d\u00e1tku se vyhn\u011bte kombinaci s jin\u00fdmi aktivn\u00edmi l\u00e1tkami<\/h4>\n<ul>\n<li>\n<div>Bu\u010fte opatrn\u00ed p\u0159i pou\u017e\u00edv\u00e1n\u00ed tretinoinu s dal\u0161\u00edmi \u00fa\u010dinn\u00fdmi l\u00e1tkami, jako je benzoylperoxid, AHA nebo BHA, proto\u017ee ty mohou zv\u00fd\u0161it podr\u00e1\u017ed\u011bn\u00ed.<\/div>\n<\/li>\n<\/ul>\n<hr>\n<h3>Co m\u016f\u017eete o\u010dek\u00e1vat<\/h3>\n<div>P\u0159i zah\u00e1jen\u00ed l\u00e9\u010dby tretinoinem se nez\u0159\u00eddka objev\u00ed suchost, \u0161upinat\u011bn\u00ed nebo m\u00edrn\u00e9 podr\u00e1\u017ed\u011bn\u00ed &#8211; \u010dasto se tomu \u0159\u00edk\u00e1 &#8222;tretinoinov\u00e1 \u010distka&#8220;. Tyto pot\u00ed\u017ee jsou obvykle do\u010dasn\u00e9 a lze je zvl\u00e1dnout spr\u00e1vnou p\u00e9\u010d\u00ed o ple\u0165 a hydratac\u00ed. V\u00fdsledky se mohou dostavit a\u017e po n\u011bkolika t\u00fddnech, ale vytrvalost se vyplat\u00ed, proto\u017ee se znateln\u011b zlep\u0161\u00ed \u010distota a struktura pleti.  <\/div>\n<h3>Mo\u017en\u00e9 vedlej\u0161\u00ed \u00fa\u010dinky<\/h3>\n<div>Stejn\u011b jako ka\u017ed\u00e1 siln\u00e1 p\u00e9\u010de o ple\u0165 m\u016f\u017ee m\u00edt i tretinoin ne\u017e\u00e1douc\u00ed \u00fa\u010dinky, zejm\u00e9na kdy\u017e jej za\u010dnete pou\u017e\u00edvat poprv\u00e9. Mezi \u010dast\u00e9 ne\u017e\u00e1douc\u00ed \u00fa\u010dinky pat\u0159\u00ed: <\/div>\n<ul>\n<li>\n<div>Zarudnut\u00ed a podr\u00e1\u017ed\u011bn\u00ed<\/div>\n<\/li>\n<li>\n<div>Suchost a odlupov\u00e1n\u00ed k\u016f\u017ee<\/div>\n<\/li>\n<li>\n<div>Zv\u00fd\u0161en\u00e1 citlivost na slune\u010dn\u00ed sv\u011btlo<\/div>\n<\/li>\n<\/ul>\n<div>Je d\u016fle\u017eit\u00e9 sledovat reakci poko\u017eky a v p\u0159\u00edpad\u011b pot\u0159eby upravit frekvenci nebo zp\u016fsob aplikace.<\/div>\n<hr>\n<div>Tretinoinov\u00fd kr\u00e9m 0,05 20 g je \u00fa\u010dinn\u00fdm n\u00e1strojem v reperto\u00e1ru p\u00e9\u010de o ple\u0165, proto\u017ee nab\u00edz\u00ed v\u00fdznamn\u00e9 \u00fa\u010dinky proti st\u00e1rnut\u00ed a \u00fa\u010dinnou l\u00e9\u010dbu akn\u00e9. P\u0159i d\u016fsledn\u00e9m pou\u017e\u00edv\u00e1n\u00ed m\u016f\u017ee v\u00fdrazn\u011b zlep\u0161it strukturu, t\u00f3n a celkov\u00fd vzhled va\u0161\u00ed pleti. Stejn\u011b jako u ka\u017ed\u00e9 l\u00e9\u010dby je v\u0161ak nezbytn\u00e9 pou\u017e\u00edvat ji zodpov\u011bdn\u011b a pod dohledem, zejm\u00e9na pokud s retinoidy za\u010d\u00edn\u00e1te. V\u017edy se pora\u010fte s dermatologem, abyste jeho pou\u017e\u00edv\u00e1n\u00ed p\u0159izp\u016fsobili sv\u00e9mu typu pleti a probl\u00e9m\u016fm.   <\/div>\n<div>Za\u010dn\u011bte svou cestu s tretinoinov\u00fdm kr\u00e9mem 0,05 20 g je\u0161t\u011b dnes a odhalte tajemstv\u00ed z\u00e1\u0159iv\u00e9 a mladistv\u00e9 pleti, kter\u00e1 vzdoruje v\u011bku i skvrn\u00e1m. Va\u0161e ple\u0165 v\u00e1m pod\u011bkuje! <\/div>\n<div><b>[P\u0159ed zah\u00e1jen\u00edm nov\u00e9 l\u00e9\u010dby se v\u017edy pora\u010fte s l\u00e9ka\u0159em, zejm\u00e9na pokud m\u00e1te citlivou poko\u017eku nebo podstupujete jinou dermatologickou l\u00e9\u010dbu.]<\/b><\/div>\n<hr>\n","protected":false},"excerpt":{"rendered":"<p>Objevte v\u00fdhody tretinoinov\u00e9ho kr\u00e9mu 0,05 20g od spole\u010dnosti Tretiheal, \u0159e\u0161en\u00ed od Healing Pharma. V tomto komplexn\u00edm pr\u016fvodci se dozv\u00edte o jeho pou\u017eit\u00ed, tipech pro aplikaci a odpov\u011bd\u00edch na \u010dast\u00e9 ot\u00e1zky. <\/p>\n","protected":false},"featured_media":12983,"comment_status":"open","ping_status":"closed","template":"","meta":[],"product_cat":[1032],"product_tag":[1068,1069,1033,1055,1067],"class_list":{"0":"post-12979","1":"product","2":"type-product","3":"status-publish","4":"has-post-thumbnail","6":"product_cat-pece-o-oblicej","7":"product_tag-cenove-dostupny-tretiheal","8":"product_tag-healing-pharma","9":"product_tag-tretinoin","10":"product_tag-tretinoin-krem","11":"product_tag-tretinoin-krem-005-20g","13":"first","14":"instock","15":"taxable","16":"shipping-taxable","17":"purchasable","18":"product-type-simple"},"_links":{"self":[{"href":"https:\/\/tretinoins.com\/cs\/wp-json\/wp\/v2\/product\/12979","targetHints":{"allow":["GET"]}}],"collection":[{"href":"https:\/\/tretinoins.com\/cs\/wp-json\/wp\/v2\/product"}],"about":[{"href":"https:\/\/tretinoins.com\/cs\/wp-json\/wp\/v2\/types\/product"}],"replies":[{"embeddable":true,"href":"https:\/\/tretinoins.com\/cs\/wp-json\/wp\/v2\/comments?post=12979"}],"version-history":[{"count":1,"href":"https:\/\/tretinoins.com\/cs\/wp-json\/wp\/v2\/product\/12979\/revisions"}],"predecessor-version":[{"id":15249,"href":"https:\/\/tretinoins.com\/cs\/wp-json\/wp\/v2\/product\/12979\/revisions\/15249"}],"wp:featuredmedia":[{"embeddable":true,"href":"https:\/\/tretinoins.com\/cs\/wp-json\/wp\/v2\/media\/12983"}],"wp:attachment":[{"href":"https:\/\/tretinoins.com\/cs\/wp-json\/wp\/v2\/media?parent=12979"}],"wp:term":[{"taxonomy":"product_cat","embeddable":true,"href":"https:\/\/tretinoins.com\/cs\/wp-json\/wp\/v2\/product_cat?post=12979"},{"taxonomy":"product_tag","embeddable":true,"href":"https:\/\/tretinoins.com\/cs\/wp-json\/wp\/v2\/product_tag?post=12979"}],"curies":[{"name":"wp","href":"https:\/\/api.w.org\/{rel}","templated":true}]}}