{"id":12970,"date":"2023-12-29T17:31:09","date_gmt":"2023-12-29T17:31:09","guid":{"rendered":"https:\/\/tretinoins.com\/crest-cavity-protection-161g-bezna-zubni-pasta-koupit-beleni-zubu\/"},"modified":"2023-12-29T17:31:09","modified_gmt":"2023-12-29T15:31:09","slug":"crest-cavity-protection-161g-bezna-zubni-pasta-koupit-beleni-zubu","status":"publish","type":"product","link":"https:\/\/tretinoins.com\/cs\/crest-cavity-protection-161g-bezna-zubni-pasta-koupit-beleni-zubu\/","title":{"rendered":"Crest Cavity Protection 161g, b\u011b\u017en\u00e1 zubn\u00ed pasta, Koupit b\u011blen\u00ed zub\u016f"},"content":{"rendered":"<h1 data-pm-slice=\"0 0 []\" data-en-clipboard=\"true\">Z\u00e1\u0159iv\u00e9 \u00fasm\u011bvy, siln\u00e9 zuby: Pro\u010d je zubn\u00ed pasta Crest Cavity Protection 161g, b\u011b\u017en\u00e1 zubn\u00ed pasta, zm\u011bnou pro zdrav\u00ed \u00fastn\u00ed dutiny?<\/h1>\n<hr>\n<div>Na z\u00e1\u0159iv\u00e9m \u00fasm\u011bvu je prost\u011b n\u011bco kouzeln\u00e9ho, \u017ee? P\u0159edstavte si tu jistotu, kdy\u017e vejdete do m\u00edstnosti s v\u011bdom\u00edm, \u017ee va\u0161e zuby jsou z\u00e1\u0159iv\u00e9, siln\u00e9 a zdrav\u00e9. Hezk\u00fd \u00fasm\u011bv nen\u00ed jen estetickou z\u00e1le\u017eitost\u00ed &#8211; je tak\u00e9 zn\u00e1mkou dobr\u00e9ho zdrav\u00ed \u00fastn\u00ed dutiny. Pr\u00e1v\u011b proto je v\u00fdb\u011br spr\u00e1vn\u00e9 zubn\u00ed pasty nemal\u00fdm rozhodnut\u00edm. Pokud jde o ochranu va\u0161ich perle\u0165ov\u00fdch b\u00edl\u00fdch zub\u016f, boj proti zubn\u00edmu kazu a dokonce i o zv\u00fd\u0161en\u00ed z\u00e1\u0159ivosti va\u0161eho \u00fasm\u011bvu, <b>zubn\u00ed pasta Crest Cavity Protection 161g, Regular<\/b> spl\u0148uje v\u0161echny po\u017eadavky.    <\/div>\n<div>Ale po\u010dkejte &#8211; nemluv\u00edme jen o ochran\u011b dutin. Vzhledem k tomu, \u017ee nespo\u010det spot\u0159ebitel\u016f nyn\u00ed hled\u00e1 zp\u016fsoby, jak <i>si<\/i> vedle mo\u017enost\u00ed prevence zubn\u00edho kazu <i>koupit<\/i> i p\u0159\u00edpravky na <i>b\u011blen\u00ed zub\u016f<\/i>, je jasn\u00e9, \u017ee v\u0161ichni hled\u00e1me dokonalou rovnov\u00e1hu mezi zdrav\u00edm a vzhledem. Je tedy tato zubn\u00ed pasta tou, kterou jste hledali? Poj\u010fme se pod\u00edvat, pro\u010d si tato tuba m\u00e1tov\u00e9 dobroty zaslou\u017e\u00ed m\u00edsto na poli\u010dce ve va\u0161\u00ed koupeln\u011b.   <\/div>\n<hr>\n<h2>Pro\u010d byste se m\u011bli zaj\u00edmat o zubn\u00ed pastu Crest Cavity Protection 161g, Regular?<\/h2>\n<div>Kdy\u017e stoj\u00edte v uli\u010dce se zubn\u00ed pastou (a m\u00e1te p\u0159ed sebou <i>stovky<\/i> mo\u017enost\u00ed), m\u016f\u017ee se v\u00e1m zd\u00e1t, \u017ee v\u00fdb\u011br je zdrcuj\u00edc\u00ed. V \u010dem se <b>zubn\u00ed pasta Crest Cavity Protection 161g, Regular<\/b> li\u0161\u00ed? Poj\u010fme si to rozebrat:  <\/div>\n<h3><b>1. Je nabit\u00fd v\u00fdkonem proti zubn\u00edmu kazu<\/b><\/h3>\n<div>V\u0161imli jste si n\u011bkdy, jak se k v\u00e1m zubn\u00ed kazy pl\u00ed\u017e\u00ed? Jeden den va\u0161e zuby prosp\u00edvaj\u00ed a druh\u00fd den se v zuba\u0159sk\u00e9m k\u0159esle tr\u00e1p\u00edte. P\u0159\u00edpravek Crest se v boji proti zubn\u00edmu kazu nefl\u00e1k\u00e1.  <\/div>\n<div>Tato zubn\u00ed pasta s <b>fluoridem<\/b>, kter\u00fd je hlavn\u00ed hv\u011bzdou prevence zubn\u00edho kazu, posiluje zubn\u00ed sklovinu a zt\u011b\u017euje bakteri\u00edm ni\u010dit va\u0161e zuby. A up\u0159\u00edmn\u011b, kdo m\u00e1 \u010das na zubn\u00ed kazy, kdy\u017e \u017eivot u\u017e tak h\u00e1z\u00ed klacky pod nohy? <\/div>\n<ul>\n<li>\n<div>Posiluje sklovinu a chr\u00e1n\u00ed ji p\u0159ed ka\u017edodenn\u00edm opot\u0159eben\u00edm.<\/div>\n<\/li>\n<li>\n<div>Bojuje proti bakteri\u00edm zp\u016fsobuj\u00edc\u00edm zubn\u00ed kazy<\/div>\n<\/li>\n<li>\n<div>Udr\u017euje zuby chr\u00e1n\u011bn\u00e9 je\u0161t\u011b dlouho po vy\u010di\u0161t\u011bn\u00ed<\/div>\n<\/li>\n<\/ul>\n<h3><b>2. Sv\u011b\u017e\u00ed dech, na kter\u00fd se m\u016f\u017eete spolehnout<\/b><\/h3>\n<div>P\u0159iznejme si to &#8211; nikdo se nechce pot\u00fdkat se z\u00e1pachem z \u00fast. M\u00e1tov\u00e1 p\u0159\u00edchu\u0165 Crest zajist\u00ed, \u017ee va\u0161e \u00fasta budou sv\u011b\u017e\u00ed a \u010dist\u00e1, tak\u017ee budete moci bez obav zvl\u00e1dnout sv\u016fj den (nebo se t\u0159eba pochlubit oslniv\u00fdm \u00fasm\u011bvem p\u0159i dal\u0161\u00edm hovoru se Zoomem). <\/div>\n<h3><b>3. Je cenov\u011b dostupn\u00fd a p\u0159\u00edstupn\u00fd<\/b><\/h3>\n<div>A tady je ta zaj\u00edmavost: a\u010dkoli tato zubn\u00ed pasta poskytuje \u0161pi\u010dkov\u00fd v\u00fdkon, jej\u00ed cena nen\u00ed nijak z\u00e1vratn\u00e1. Jej\u00ed velikost je tak akor\u00e1t (161 g je ide\u00e1ln\u00ed &#8211; ani p\u0159\u00edli\u0161 velk\u00e1, ani p\u0159\u00edli\u0161 mal\u00e1), tak\u017ee se perfektn\u011b hod\u00ed do va\u0161\u00ed rutiny a nezruinuje banku. <\/div>\n<hr>\n<h2>Jak se ochrana proti zubn\u00edmu kazu Crest hod\u00ed k b\u011blen\u00ed zub\u016f?<\/h2>\n<div>Dobr\u00e1, poj\u010fme se zab\u00fdvat slonem v m\u00edstnosti. M\u016f\u017eete pou\u017e\u00edvat <b>zubn\u00ed pastu Crest Cavity Protection 161g, Regular<\/b> v kombinaci se snahou o b\u011blej\u0161\u00ed zuby? Rozhodn\u011b! Ve skute\u010dnosti tato zubn\u00ed pasta hraje z\u00e1sadn\u00ed podp\u016frnou roli p\u0159i udr\u017eov\u00e1n\u00ed v\u0161estrann\u011b siln\u00e9ho a kr\u00e1sn\u00e9ho \u00fasm\u011bvu.   <\/div>\n<div>Zde se dozv\u00edte, jak m\u016f\u017eete ochranu p\u0159ed zubn\u00edm kazem a b\u011blen\u00ed zub\u016f za\u010dlenit do sv\u00e9 ka\u017edodenn\u00ed rutiny:<\/div>\n<h3><b>1. Za\u010dn\u011bte s ochranou dutin<\/b><\/h3>\n<div>Na vratk\u00fdch z\u00e1kladech nelze vybudovat skv\u011bl\u00fd \u00fasm\u011bv. Za\u010dn\u011bte se spolehlivou zubn\u00ed pastou, jako je Crest Cavity Protection, kter\u00e1 v\u00e1m pom\u016f\u017ee zajistit zdrav\u00e9 zuby bez po\u0161kozen\u00ed. <\/div>\n<ul>\n<li>\n<div>Dvakr\u00e1t denn\u011b si vy\u010dist\u011bte zuby kr\u00e9mem Crest o velikosti hr\u00e1\u0161ku.<\/div>\n<\/li>\n<li>\n<div>Zam\u011b\u0159te se na v\u0161echny oblasti zub\u016f (zejm\u00e9na na t\u011b\u017eko p\u0159\u00edstupn\u00e9 \u0161t\u011brbiny)!<\/div>\n<\/li>\n<li>\n<div>D\u016fkladn\u011b opl\u00e1chn\u011bte a poci\u0165te m\u00e1tovou sv\u011b\u017eest.<\/div>\n<\/li>\n<\/ul>\n<h3><b>2. P\u0159idejte do sm\u011bsi p\u0159\u00edpravek na b\u011blen\u00ed zub\u016f<\/b><\/h3>\n<div>Jakmile zajist\u00edte ochranu zub\u016f p\u0159ed zubn\u00edm kazem, je dal\u0161\u00edm krokem b\u011blen\u00ed. A\u0165 u\u017e se jedn\u00e1 o b\u011bl\u00edc\u00ed p\u00e1sky Crest Whitestrip, b\u011bl\u00edc\u00ed gely nebo o\u0161et\u0159en\u00ed v ordinaci, tyto produkty funguj\u00ed je\u0161t\u011b l\u00e9pe, kdy\u017e je va\u0161e zubn\u00ed sklovina zdrav\u00e1 a siln\u00e1 (n\u00e1pov\u011bda: od toho je tu va\u0161e b\u011b\u017en\u00e1 zubn\u00ed pasta!). <\/div>\n<h3><b>3. Udr\u017eujte si dobr\u00e9 n\u00e1vyky<\/b><\/h3>\n<div>M\u016f\u017eete si koupit ka\u017ed\u00fd produkt na b\u011blen\u00ed zub\u016f na sv\u011bt\u011b, ale bez d\u016fslednosti v\u00fdsledky nevydr\u017e\u00ed. Abyste si udr\u017eeli z\u00e1\u0159iv\u00fd \u00fasm\u011bv, dopl\u0148te zubn\u00ed pastu t\u011bmito n\u00e1vyky v p\u00e9\u010di o zuby: <\/div>\n<ul>\n<li>\n<div>Denn\u011b si \u010dist\u011bte zuby zubn\u00ed nit\u00ed (ano, je to otravn\u00e9, ale stoj\u00ed to za to!).<\/div>\n<\/li>\n<li>\n<div>Vyhn\u011bte se barv\u00edc\u00edm n\u00e1poj\u016fm, jako je k\u00e1va, \u010derven\u00e9 v\u00edno a limon\u00e1dy.<\/div>\n<\/li>\n<li>\n<div>Nav\u0161tivte sv\u00e9ho zuba\u0159e dvakr\u00e1t ro\u010dn\u011b na profesion\u00e1ln\u00ed \u010di\u0161t\u011bn\u00ed.<\/div>\n<\/li>\n<\/ul>\n<hr>\n<h2>Na co se zam\u011b\u0159it p\u0159i n\u00e1kupu produkt\u016f na b\u011blen\u00ed zub\u016f<\/h2>\n<div>P\u0159id\u00e1n\u00edm produktu na b\u011blen\u00ed zub\u016f do sv\u00e9 rutiny m\u016f\u017eete sv\u016fj \u00fasm\u011bv posunout na dal\u0161\u00ed \u00farove\u0148. Jak ale vybrat ten spr\u00e1vn\u00fd? Zde je n\u011bkolik kl\u00ed\u010dov\u00fdch v\u011bc\u00ed, kter\u00e9 je t\u0159eba zv\u00e1\u017eit:  <\/div>\n<h3><b>1. Slo\u017een\u00ed D\u016fle\u017eit\u00e9<\/b><\/h3>\n<div>Peroxid vod\u00edku a karbamid peroxid jsou zlat\u00fdm standardem v b\u011blen\u00ed zub\u016f. Pom\u00e1haj\u00ed odbour\u00e1vat skvrny a zaji\u0161\u0165uj\u00ed jasn\u011bj\u0161\u00ed vzhled. <\/div>\n<h3><b>2. Obavy z citlivosti<\/b><\/h3>\n<div>M\u00e1te citliv\u00e9 zuby? Hledejte b\u011bl\u00edc\u00ed produkty ur\u010den\u00e9 pro \u0161etrn\u00e9 pou\u017eit\u00ed nebo st\u0159\u00eddejte dny, kdy pou\u017e\u00edv\u00e1te vysoce intenzivn\u00ed produkty, abyste se vyhnuli nep\u0159\u00edjemn\u00fdm pocit\u016fm. <\/div>\n<h3><b>3. Rozpo\u010dtov\u011b p\u0159\u00edzniv\u00e9 mo\u017enosti<\/b><\/h3>\n<div>Pro b\u011blej\u0161\u00ed zuby nemus\u00edte vyprazd\u0148ovat pen\u011b\u017eenku. Nap\u0159\u00edklad spole\u010dnost Crest nab\u00edz\u00ed cenov\u011b dostupn\u00e1 dom\u00e1c\u00ed \u0159e\u0161en\u00ed, kter\u00e1 p\u0159in\u00e1\u0161ej\u00ed znateln\u00e9 v\u00fdsledky, ani\u017e by st\u00e1la cel\u00e9 jm\u011bn\u00ed. <\/div>\n<hr>\n<h2>\u010cast\u00e9 dotazy o zubn\u00ed past\u011b Crest Cavity Protection 161g, b\u011b\u017en\u00e9 zubn\u00ed past\u011b a b\u011blen\u00ed zub\u016f<\/h2>\n<div><b>Ot\u00e1zka: Mohu pou\u017e\u00edvat Crest Cavity Protection sou\u010dasn\u011b s b\u011bl\u00edc\u00ed zubn\u00ed pastou?<\/b>  Odpov\u011b\u010f: Ur\u010dit\u011b! R\u00e1no pou\u017e\u00edvejte zubn\u00ed pastu Crest Cavity Protection pro ochranu p\u0159ed zubn\u00edm kazem a ve\u010der p\u0159ejd\u011bte na b\u011bl\u00edc\u00ed zubn\u00ed pastu pro komplexn\u00ed \u010di\u0161t\u011bn\u00ed. <\/div>\n<div><b>Ot\u00e1zka: Zabra\u0148uje Crest Cavity Protection tak\u00e9 vzniku skvrn?<\/b>  Odpov\u011b\u010f: I kdy\u017e je hlavn\u00edm \u00fakolem zub\u016f Crest prevence zubn\u00edho kazu, fluoridov\u00e9 slo\u017een\u00ed zub\u016f Crest pom\u00e1h\u00e1 redukovat zubn\u00ed plak, kter\u00fd je jedn\u00edm z hlavn\u00edch vin\u00edk\u016f zabarven\u00ed zub\u016f! Nejlep\u0161\u00edch v\u00fdsledk\u016f dos\u00e1hnete, kdy\u017e jej zkombinujete s b\u011bl\u00edc\u00edm o\u0161et\u0159en\u00edm. <\/div>\n<div><b>Ot\u00e1zka: Je zubn\u00ed pasta Crest Cavity Protection bezpe\u010dn\u00e1 pro d\u011bti?<\/b>  Odpov\u011b\u010f: Ano, ale d\u011bti mlad\u0161\u00ed \u0161esti let by m\u011bly pou\u017e\u00edvat pouze mno\u017estv\u00ed o velikosti hr\u00e1\u0161ku a \u010distit si zuby pod dohledem, aby nedo\u0161lo k jejich spolknut\u00ed. Rad\u011bji bezpe\u010dn\u011b, ne\u017e abyste litovali! <\/div>\n<div><b>Ot\u00e1zka: Jak \u010dasto bych m\u011bl\/a pou\u017e\u00edvat p\u0159\u00edpravky na b\u011blen\u00ed zub\u016f?<\/b>  Odpov\u011b\u010f: Z\u00e1le\u017e\u00ed na v\u00fdrobku. Nap\u0159\u00edklad b\u011blic\u00ed p\u00e1sky lze pou\u017e\u00edvat denn\u011b po ur\u010ditou dobu, zat\u00edmco gely s vysokou koncentrac\u00ed mohou vy\u017eadovat m\u00e9n\u011b \u010dastou aplikaci. V\u017edy se \u0159i\u010fte pokyny uveden\u00fdmi na obalu.  <\/div>\n<div><b>Ot\u00e1zka: Kde mohu koupit zubn\u00ed pastu Crest Cavity Protection 161g, b\u011b\u017enou zubn\u00ed pastu nebo produkty na b\u011blen\u00ed zub\u016f?<\/b>  Odpov\u011b\u010f: Najdete je ve v\u011bt\u0161in\u011b velk\u00fdch supermarket\u016f, l\u00e9k\u00e1rn\u00e1ch a v internetov\u00fdch obchodech, jako je Amazon, kde jsou \u010dasto k dispozici ak\u010dn\u00ed nab\u00eddky a bal\u00ed\u010dky.<\/div>\n<hr>\n<h2>Pro\u010d si v\u00e1\u0161 \u00fasm\u011bv zaslou\u017e\u00ed to nejlep\u0161\u00ed<\/h2>\n<div>Investice do produkt\u016f, jako je <b>zubn\u00ed pasta Crest Cavity Protection 161g, Regular,<\/b> je v\u00edc ne\u017e jen ochrana p\u0159ed zubn\u00edm kazem. Jde o p\u00e9\u010di o v\u00e1\u0161 \u00fasm\u011bv a o p\u00e9\u010di, kterou si zaslou\u017e\u00ed. Koneckonc\u016f, v\u00e1\u0161 \u00fasm\u011bv je jednou z prvn\u00edch v\u011bc\u00ed, kter\u00e9 si na v\u00e1s lid\u00e9 v\u0161imnou, a stoj\u00ed za to se j\u00edm chlubit!  <\/div>\n<div>A\u0165 u\u017e pracujete na prevenci zubn\u00edho kazu, osv\u011b\u017eujete si dech nebo hled\u00e1te zp\u016fsoby, jak <b>si koupit<\/b> produkty na <b>b\u011blen\u00ed zub\u016f<\/b>, kl\u00ed\u010dem k \u00fasp\u011bchu je vytvo\u0159en\u00ed rutiny, kter\u00e1 v\u00e1m bude vyhovovat. Vyzbrojeni spolehlivou ochranou Crest m\u016f\u017eete svou cestu ke zdrav\u011bj\u0161\u00edmu a z\u00e1\u0159iv\u011bj\u0161\u00edmu \u00fasm\u011bvu za\u010d\u00edt pr\u00e1v\u011b te\u010f. <\/div>\n<hr>\n<div>Pokud jde o p\u00e9\u010di o \u00fastn\u00ed dutinu, nem\u016f\u017eete porazit v\u00fdrobek, kter\u00fd je v ka\u017ed\u00e9m ohledu dokonal\u00fd. <b>Zubn\u00ed pasta Crest Cavity Protection 161g, Regular<\/b> je jednoduchou, ale \u00fa\u010dinnou odpov\u011bd\u00ed na starosti se zubn\u00edm kazem a nab\u00edz\u00ed vynikaj\u00edc\u00ed ochranu va\u0161\u00ed zubn\u00ed skloviny s p\u0159\u00eddavkem dlouhotrvaj\u00edc\u00ed sv\u011b\u017eesti. Zkombinujte ji s chytr\u00fdm b\u011bl\u00edc\u00edm p\u0159\u00edpravkem a z\u00edsk\u00e1te dokonal\u00fd recept na \u00fasm\u011bv, kter\u00fd je pevn\u00fd a ohromuj\u00edc\u00ed. <\/div>\n<div>Tak na co \u010dek\u00e1te? A\u0165 u\u017e si dopl\u0148ujete z\u00e1soby, nebo se chyst\u00e1te na n\u00e1kup roztok\u016f na b\u011blen\u00ed zub\u016f, ud\u011blejte z Crestu z\u00e1kladn\u00ed k\u00e1men sv\u00e9 p\u00e9\u010de o \u00fastn\u00ed dutinu. V\u00e1\u0161 \u00fasm\u011bv v\u00e1m pozd\u011bji pod\u011bkuje!  <\/div>\n<div><\/div>\n","protected":false},"excerpt":{"rendered":"<p>Zjist\u011bte, jak zubn\u00ed pasta Crest Cavity Protection 161g, Regular udr\u017euje zubn\u00ed kazy na uzd\u011b pro zdrav\u011bj\u0161\u00ed \u00fasm\u011bv, a z\u00e1rove\u0148 prozkoumejte mo\u017enosti n\u00e1kupu produkt\u016f na b\u011blen\u00ed zub\u016f pro kompletn\u00ed p\u00e9\u010di o \u00fastn\u00ed dutinu!<\/p>\n","protected":false},"featured_media":12975,"comment_status":"open","ping_status":"closed","template":"","meta":[],"product_cat":[1005],"product_tag":[1066,1065,1064,1063],"class_list":{"0":"post-12970","1":"product","2":"type-product","3":"status-publish","4":"has-post-thumbnail","6":"product_cat-zubni-pasta-crest","7":"product_tag-beleni-zubu","8":"product_tag-bezna-zubni-pasta","9":"product_tag-crest-cavity-protection-161g","10":"product_tag-ochrana-dutin-crest","11":"pa_brands-crest","13":"first","14":"instock","15":"taxable","16":"shipping-taxable","17":"purchasable","18":"product-type-simple"},"_links":{"self":[{"href":"https:\/\/tretinoins.com\/cs\/wp-json\/wp\/v2\/product\/12970","targetHints":{"allow":["GET"]}}],"collection":[{"href":"https:\/\/tretinoins.com\/cs\/wp-json\/wp\/v2\/product"}],"about":[{"href":"https:\/\/tretinoins.com\/cs\/wp-json\/wp\/v2\/types\/product"}],"replies":[{"embeddable":true,"href":"https:\/\/tretinoins.com\/cs\/wp-json\/wp\/v2\/comments?post=12970"}],"version-history":[{"count":0,"href":"https:\/\/tretinoins.com\/cs\/wp-json\/wp\/v2\/product\/12970\/revisions"}],"wp:featuredmedia":[{"embeddable":true,"href":"https:\/\/tretinoins.com\/cs\/wp-json\/wp\/v2\/media\/12975"}],"wp:attachment":[{"href":"https:\/\/tretinoins.com\/cs\/wp-json\/wp\/v2\/media?parent=12970"}],"wp:term":[{"taxonomy":"product_cat","embeddable":true,"href":"https:\/\/tretinoins.com\/cs\/wp-json\/wp\/v2\/product_cat?post=12970"},{"taxonomy":"product_tag","embeddable":true,"href":"https:\/\/tretinoins.com\/cs\/wp-json\/wp\/v2\/product_tag?post=12970"}],"curies":[{"name":"wp","href":"https:\/\/api.w.org\/{rel}","templated":true}]}}