{"id":12961,"date":"2024-01-03T13:59:59","date_gmt":"2024-01-03T13:59:59","guid":{"rendered":"https:\/\/tretinoins.com\/tretinoin-krem-0025-20g-tretiheal-healing-pharma-proti-akne-proti-vraskam\/"},"modified":"2026-03-21T15:03:52","modified_gmt":"2026-03-21T13:03:52","slug":"tretinoin-krem-0025-20g-tretiheal-healing-pharma-proti-akne-proti-vraskam","status":"publish","type":"product","link":"https:\/\/tretinoins.com\/cs\/tretinoin-krem-0025-20g-tretiheal-healing-pharma-proti-akne-proti-vraskam\/","title":{"rendered":"Tretinoin kr\u00e9m 0,025% 20g, Tretiheal, Healing Pharma, proti akn\u00e9, proti vr\u00e1sk\u00e1m"},"content":{"rendered":"<h1>Uvoln\u011bn\u00ed s\u00edly tretinoinov\u00e9ho kr\u00e9mu 0,025% 20g: Cenov\u011b dostupn\u00fd tretinoin od spole\u010dnosti Healing Pharma<\/h1>\n<p>Zjist\u011bte, jak m\u016f\u017ee Tretinoin kr\u00e9m 0,025% 20g, cenov\u011b dostupn\u00fd Tretiheal od spole\u010dnosti Healing Pharma, v\u00fdrazn\u011b zlep\u0161it zdrav\u00ed va\u0161\u00ed pleti. Prozkoumejte jeho v\u00fdhody, pou\u017eit\u00ed a zku\u0161enosti u\u017eivatel\u016f v tomto komplexn\u00edm pr\u016fvodci. <\/p>\n<hr>\n<p>U\u017e se v\u00e1m n\u011bkdy stalo, \u017ee jste proch\u00e1zeli nekone\u010dn\u00e9 mno\u017estv\u00ed produkt\u016f p\u00e9\u010de o ple\u0165 a c\u00edtili se zahlceni sliby o z\u00e1\u0159iv\u00e9 pleti? Nejste sami! S rozmachem kosmetick\u00e9ho pr\u016fmyslu m\u016f\u017ee b\u00fdt proch\u00e1zen\u00ed nab\u00eddkou docela n\u00e1ro\u010dn\u00fd \u00fakol. Ale tady je mal\u00fd klenot, kter\u00fd byste mohli zv\u00e1\u017eit: <strong>Tretinoin kr\u00e9m 0,025 % 20 g<\/strong>, cenov\u011b dostupn\u00e1 varianta od spole\u010dnosti Healing Pharma, kter\u00e1 je zn\u00e1m\u00e1 t\u00edm, \u017ee s va\u0161\u00ed plet\u00ed dok\u00e1\u017ee z\u00e1zraky.   <\/p>\n<p>Nen\u00ed to jen tak ledajak\u00fd kr\u00e9m; obsahuje \u00fa\u010dinnou slo\u017eku retinoid, tak\u017ee je obl\u00edben\u00fd pro ty, kte\u0159\u00ed bojuj\u00ed s akn\u00e9, jemn\u00fdmi vr\u00e1skami a nerovnom\u011brn\u00fdm t\u00f3nov\u00e1n\u00edm pleti. Zaj\u00edm\u00e1 v\u00e1s, jak to v\u0161echno funguje? Poj\u010fme se pono\u0159it do fascinuj\u00edc\u00edho sv\u011bta tretinoinu!  <\/p>\n<hr>\n<h2>Co je tretinoinov\u00fd kr\u00e9m?<\/h2>\n<h3>Z\u00e1klady tretinoinu<\/h3>\n<p>Nejprve si rozebereme, co to vlastn\u011b tretinoin je. Tretinoin, zn\u00e1m\u00fd tak\u00e9 jako kyselina all-trans-retinov\u00e1, je deriv\u00e1tem vitaminu A. Je to \u00fa\u010dinn\u00e1 slo\u017eka, kter\u00e1 urychluje v\u00fdm\u011bnu ko\u017en\u00edch bun\u011bk, pom\u00e1h\u00e1 odstra\u0148ovat odum\u0159el\u00e9 ko\u017en\u00ed bu\u0148ky a podporuje nov\u00fd r\u016fst. Zjednodu\u0161en\u011b \u0159e\u010deno, prom\u011bn\u00ed va\u0161i ple\u0165 z nudn\u00e9 na b\u00e1je\u010dnou!  <\/p>\n<h4>Pro\u010d si vybrat tretinoin kr\u00e9m 0,025% 20g?<\/h4>\n<ul>\n<li><strong>Na koncentraci z\u00e1le\u017e\u00ed<\/strong>: Tento p\u0159\u00edpravek s koncentrac\u00ed 0,025 % je dokonale vyv\u00e1\u017een\u00fd pro za\u010d\u00e1te\u010dn\u00edky. Je dostate\u010dn\u011b siln\u00fd, aby p\u0159inesl v\u00fdsledky, a z\u00e1rove\u0148 \u0161etrn\u00fd k va\u0161\u00ed poko\u017ece. <\/li>\n<li><strong>Cenov\u011b dostupn\u00fd Tretiheal<\/strong>: Na rozd\u00edl od mnoha \u0161pi\u010dkov\u00fdch produkt\u016f, kter\u00e9 slibuj\u00ed sv\u011bt, ale maj\u00ed vysokou cenu, Tretinoin kr\u00e9m poskytuje <i>cenov\u011b v\u00fdhodn\u00e9<\/i> \u0159e\u0161en\u00ed, ani\u017e by \u0161et\u0159il na kvalit\u011b.<\/li>\n<\/ul>\n<hr>\n<h2>V\u00fdhody tretinoinov\u00e9ho kr\u00e9mu 0,025% 20g<\/h2>\n<p>Co tedy m\u016f\u017eete o\u010dek\u00e1vat od za\u0159azen\u00ed tretinoinov\u00e9ho kr\u00e9mu 0,025% do sv\u00e9 rutinn\u00ed p\u00e9\u010de o ple\u0165? Zde je stru\u010dn\u00fd p\u0159ehled: <\/p>\n<ol>\n<li><strong>Boj proti akn\u00e9<\/strong>: Tretinoin pom\u00e1h\u00e1 uvol\u0148ovat p\u00f3ry a p\u0159edch\u00e1zet tak nep\u0159\u00edjemn\u00fdm v\u00fdron\u016fm.<\/li>\n<li><strong>Redukce jemn\u00fdch vr\u00e1sek<\/strong>: Pravideln\u00e9 pou\u017e\u00edv\u00e1n\u00ed m\u016f\u017ee viditeln\u011b zm\u00edrnit v\u00fdskyt jemn\u00fdch linek a vr\u00e1sek.<\/li>\n<li><strong>Zlep\u0161en\u00ed textury pleti<\/strong>: Rozlu\u010dte se s hrub\u00fdmi m\u00edsty a p\u0159iv\u00edtejte hlad\u0161\u00ed ple\u0165!<\/li>\n<li><strong>Nerovnom\u011brn\u00fd t\u00f3n pleti<\/strong>: Sbohem tmav\u00e9 skvrny, ahoj rovnom\u011brn\u00e1 ple\u0165.<\/li>\n<li><strong>Zv\u00fd\u0161en\u00ed produkce kolagenu<\/strong>: S tretinoinem nel\u00e9\u010d\u00edte pouze st\u00e1vaj\u00edc\u00ed probl\u00e9my, ale aktivn\u011b pe\u010dujete o pru\u017enost sv\u00e9 pleti.<\/li>\n<\/ol>\n<h3>Tabulka: Tretinoin kr\u00e9m 0,025% V\u00fdhody<\/h3>\n<table>\n<thead>\n<tr>\n<th><strong>Benefit<\/strong><\/th>\n<th><strong>Popis<\/strong><\/th>\n<\/tr>\n<\/thead>\n<tbody>\n<tr>\n<td>Kontrola akn\u00e9<\/td>\n<td>Omezuje tvorbu pup\u00ednk\u016f a v\u00fdtok\u016f t\u00edm, \u017ee udr\u017euje p\u00f3ry \u010dist\u00e9.<\/td>\n<\/tr>\n<tr>\n<td>Redukce vr\u00e1sek<\/td>\n<td>Minimalizuje jemn\u00e9 vr\u00e1sky a dod\u00e1v\u00e1 mladistv\u00fd vzhled.<\/td>\n<\/tr>\n<tr>\n<td>Zlep\u0161en\u00ed textury<\/td>\n<td>Vyhlazuje povrch poko\u017eky a dod\u00e1v\u00e1 j\u00ed jemnost.<\/td>\n<\/tr>\n<tr>\n<td>Rozjasn\u011bn\u00ed<\/td>\n<td>Vyrovn\u00e1v\u00e1 t\u00f3n pleti a redukuje tmav\u00e9 skvrny.<\/td>\n<\/tr>\n<tr>\n<td>Zv\u00fd\u0161en\u00fd obsah kolagenu<\/td>\n<td>Podporuje zpevn\u011bn\u00ed poko\u017eky a zvy\u0161uje jej\u00ed pru\u017enost.<\/td>\n<\/tr>\n<\/tbody>\n<\/table>\n<hr>\n<h2>Jak \u00fa\u010dinn\u011b pou\u017e\u00edvat tretinoin kr\u00e9m 0,025% 20g<\/h2>\n<p>Dob\u0159e, tak\u017ee m\u00e1te smetanu &#8211; co te\u010f? Zde je jednoduch\u00fd n\u00e1vod, jak pou\u017e\u00edvat 0,025% tretinoinov\u00fd kr\u00e9m pro dosa\u017een\u00ed optim\u00e1ln\u00edch v\u00fdsledk\u016f. <\/p>\n<h3>Aplikace krok za krokem<\/h3>\n<ol>\n<li><strong>O\u010dista<\/strong>: Za\u010dn\u011bte jemn\u00fdm \u010distic\u00edm prost\u0159edkem, kter\u00fd odstran\u00ed ne\u010distoty a make-up.<\/li>\n<li><strong>Pat Dry<\/strong>: Jemn\u011b osu\u0161te obli\u010dej, aby nebyl p\u0159\u00edli\u0161 vlhk\u00fd.<\/li>\n<li><strong>Aplikujte tretinoinov\u00fd kr\u00e9m<\/strong>: Pou\u017eijte mno\u017estv\u00ed o velikosti hr\u00e1\u0161ku a rovnom\u011brn\u011b jej naneste na obli\u010dej.<\/li>\n<li><strong>Zvlh\u010dujte<\/strong>: Zejm\u00e9na u osob se suchou poko\u017ekou pou\u017eijte hydrata\u010dn\u00ed kr\u00e9m.<\/li>\n<li><strong>Opalovac\u00ed kr\u00e9m je nutnost\u00ed<\/strong>: Tretinoin m\u016f\u017ee zp\u016fsobit, \u017ee va\u0161e poko\u017eka bude citliv\u00e1 na slune\u010dn\u00ed z\u00e1\u0159en\u00ed.<\/li>\n<\/ol>\n<h3>Tipy pro za\u010d\u00ednaj\u00edc\u00ed u\u017eivatele<\/h3>\n<ul>\n<li><strong>Za\u010dn\u011bte pomalu<\/strong>: Za\u010dn\u011bte pou\u017e\u00edvat kr\u00e9m ka\u017ed\u00fd druh\u00fd ve\u010der, aby si va\u0161e ple\u0165 zvykla.<\/li>\n<li><strong>Pozor na podr\u00e1\u017ed\u011bn\u00ed<\/strong>: Pokud se objev\u00ed zarudnut\u00ed nebo olupov\u00e1n\u00ed, p\u0159eru\u0161te pou\u017e\u00edv\u00e1n\u00ed nebo jej pou\u017e\u00edvejte m\u00e9n\u011b \u010dasto.<\/li>\n<li><strong>Pora\u010fte se s odborn\u00edkem<\/strong>: Pokud si nejste jisti, jak bude va\u0161e poko\u017eka reagovat, v\u017edy je dobr\u00e9 se poradit s odborn\u00edkem.<\/li>\n<\/ul>\n<hr>\n<h2>B\u011b\u017en\u00e9 ne\u017e\u00e1douc\u00ed \u00fa\u010dinky a jejich zvl\u00e1d\u00e1n\u00ed<\/h2>\n<p>P\u0159esto\u017ee tretinoin m\u011bn\u00ed pravidla hry, nen\u00ed bez probl\u00e9m\u016f. Zde je popis toho, s \u010d\u00edm se m\u016f\u017eete setkat: <\/p>\n<h3>Typick\u00e9 vedlej\u0161\u00ed \u00fa\u010dinky<\/h3>\n<ul>\n<li><strong>Z\u010derven\u00e1n\u00ed<\/strong>: To je b\u011b\u017en\u00e9, zejm\u00e9na u u\u017eivatel\u016f, kte\u0159\u00ed se s t\u00edmto probl\u00e9mem setk\u00e1vaj\u00ed poprv\u00e9.<\/li>\n<li><strong>Odlupov\u00e1n\u00ed<\/strong>: P\u0159i p\u0159izp\u016fsobov\u00e1n\u00ed poko\u017eky se m\u016f\u017ee objevit \u0161upinat\u011bn\u00ed.<\/li>\n<li><strong>Suchost<\/strong>: Abyste s n\u00ed bojovali, dbejte na dobrou hydrataci.<\/li>\n<\/ul>\n<h3>Zvl\u00e1d\u00e1n\u00ed vedlej\u0161\u00edch \u00fa\u010dink\u016f<\/h3>\n<ul>\n<li>Zva\u017ete pou\u017eit\u00ed hydrata\u010dn\u00edho s\u00e9ra pod hydrata\u010dn\u00ed kr\u00e9m.<\/li>\n<li>Pokud dojde k podr\u00e1\u017ed\u011bn\u00ed, upravte frekvenci &#8211; je v po\u0159\u00e1dku b\u00fdt jemn\u00fd!<\/li>\n<li>Hydratujte se &#8211; pijte hodn\u011b vody a dodr\u017eujte vyv\u00e1\u017eenou stravu.<\/li>\n<\/ul>\n<hr>\n<h2>\u010cast\u00e9 dotazy o tretinoinov\u00e9m kr\u00e9mu 0,025% 20g, cenov\u011b dostupn\u00fd Tretiheal<\/h2>\n<h3>Jak\u00e1 je doba pou\u017eitelnosti tretinoinov\u00e9ho kr\u00e9mu 0,025% 20g?<\/h3>\n<p>Tretinoinov\u00fd kr\u00e9m vydr\u017e\u00ed p\u0159i spr\u00e1vn\u00e9m skladov\u00e1n\u00ed obvykle p\u0159ibli\u017en\u011b 12 a\u017e 18 m\u011bs\u00edc\u016f. Uchov\u00e1vejte jej mimo dosah p\u0159\u00edm\u00e9ho slune\u010dn\u00edho sv\u011btla a nadm\u011brn\u00e9ho tepla! <\/p>\n<h3>Mohu tretinoin pou\u017e\u00edvat s jin\u00fdmi p\u0159\u00edpravky p\u00e9\u010de o ple\u0165?<\/h3>\n<p>Ur\u010dit\u011b! Jen bu\u010fte opatrn\u00ed p\u0159i kombinaci s jin\u00fdmi siln\u00fdmi aktivn\u00edmi l\u00e1tkami (jako jsou AHA nebo BHA), pokud v\u00e1m nen\u00ed doporu\u010deno jinak, proto\u017ee to m\u016f\u017ee v\u00e9st k podr\u00e1\u017ed\u011bn\u00ed. <\/p>\n<h3>Za jak dlouho uvid\u00edm v\u00fdsledky?<\/h3>\n<p>V\u011bt\u0161ina u\u017eivatel\u016f za\u010dne pozorovat zlep\u0161en\u00ed b\u011bhem 6 a\u017e 12 t\u00fddn\u016f! Kl\u00ed\u010dem k \u00fasp\u011bchu je trp\u011blivost; dobr\u00e9 v\u011bci p\u0159ich\u00e1zej\u00ed k t\u011bm, kte\u0159\u00ed \u010dekaj\u00ed! <\/p>\n<h3>Je tretinoin vhodn\u00fd pro v\u0161echny typy pleti?<\/h3>\n<p>Tretinoin m\u016f\u017ee b\u00fdt prosp\u011b\u0161n\u00fd pro v\u0161echny typy pleti, ale u citliv\u00e9 pleti je t\u0159eba postupovat opatrn\u011b.<\/p>\n<h3>Mohu pou\u017e\u00edvat tretinoin, pokud jsem t\u011bhotn\u00e1?<\/h3>\n<p>P\u0159ed pou\u017eit\u00edm tretinoinu b\u011bhem t\u011bhotenstv\u00ed se pora\u010fte se sv\u00fdm l\u00e9ka\u0159em, proto\u017ee retinoidy mohou p\u0159edstavovat riziko.<\/p>\n<hr>\n<h2>Zku\u0161enosti a reference u\u017eivatel\u016f<\/h2>\n<p>Tak\u017ee, co si skute\u010dn\u00ed u\u017eivatel\u00e9 mysl\u00ed o <strong>Tretinoin kr\u00e9m 0,025% 20g, cenov\u011b dostupn\u00fd Tretiheal, Healing Pharma<\/strong>? Zde je n\u011bkolik sv\u011bdectv\u00ed, kter\u00e1 v\u00e1s mohou inspirovat: <\/p>\n<h3>Sarah, 32 let<\/h3>\n<p><i>&#8222;Tretinoin jsem za\u010dala pou\u017e\u00edvat, kdy\u017e jsem si v\u0161imla, \u017ee se mi d\u011blaj\u00ed jemn\u00e9 vr\u00e1sky. Up\u0159\u00edmn\u011b \u0159e\u010deno, trvalo mi p\u00e1r t\u00fddn\u016f, ne\u017e jsem si na n\u011bj zvykla, ale te\u010f moje ple\u0165 vypad\u00e1 mlad\u0161\u00ed ne\u017e kdy d\u0159\u00edv! Nem\u016f\u017eu uv\u011b\u0159it, jak je cenov\u011b dostupn\u00fd!&#8220;<\/i><\/p>\n<h3>Mark, 25 let<\/h3>\n<p><i>&#8222;Jako \u010dlov\u011bk, kter\u00fd se pot\u00fdk\u00e1 s ob\u010dasn\u00fdmi v\u00fdpadky, jsem byl skeptick\u00fd. Ale ten rozd\u00edl je \u0161\u00edlen\u00fd! Moje ple\u0165 je hlad\u0161\u00ed a c\u00edt\u00edm se mnohem sebev\u011bdom\u011bji!&#8220;<\/i><\/p>\n<h3>Emily, 29 let<\/h3>\n<p><i>&#8222;Necht\u011bl jsem utr\u00e1cet za p\u00e9\u010di o ple\u0165 a tento tretinoinov\u00fd kr\u00e9m je perfektn\u00ed! Odpov\u00edd\u00e1 m\u00e9mu rozpo\u010dtu a udr\u017euje mou ple\u0165 z\u00e1\u0159ivou!&#8220;<\/i><\/p>\n<hr>\n<p>Ve sv\u011bt\u011b p\u0159epln\u011bn\u00e9m mo\u017enostmi p\u00e9\u010de o ple\u0165 vynik\u00e1 <strong>Tretinoin kr\u00e9m 0,025% 20g<\/strong>, cenov\u011b dostupn\u00fd Tretiheal od spole\u010dnosti Healing Pharma, jako spolehliv\u00fd spojenec pro dosa\u017een\u00ed zdrav\u011bj\u0161\u00ed pleti. A\u0165 u\u017e bojujete s akn\u00e9, pot\u00fdk\u00e1te se s p\u0159\u00edznaky st\u00e1rnut\u00ed nebo prost\u011b jen chcete vylep\u0161it svou ple\u0165, tento kr\u00e9m p\u0159in\u00e1\u0161\u00ed mno\u017estv\u00ed v\u00fdhod za dostupnou cenu. <\/p>\n<p>Te\u010f, kdy\u017e jste se o tom dozv\u011bd\u011bli, pro\u010d to nezkusit? P\u0159i spr\u00e1vn\u00e9m p\u0159\u00edstupu m\u016f\u017eete b\u00fdt na cest\u011b k z\u00e1\u0159iv\u00e9 pleti, o kter\u00e9 jste v\u017edy snili. Nezapome\u0148te, \u017ee kl\u00ed\u010dem k \u00fasp\u011bchu je trp\u011blivost a d\u016fslednost. \u0160\u0165astnou cestu v p\u00e9\u010di o ple\u0165!   <\/p>\n<hr>\n<p>P\u0159evezm\u011bte kontrolu nad svou p\u00e9\u010d\u00ed o ple\u0165 s tretinoinov\u00fdm kr\u00e9mem 0,025% 20g je\u0161t\u011b dnes a zm\u011b\u0148te svou ple\u0165 krok za krokem!<\/p>\n","protected":false},"excerpt":{"rendered":"<p>Zjist\u011bte, jak m\u016f\u017ee Tretinoin kr\u00e9m 0,025% 20g, cenov\u011b dostupn\u00fd Tretiheal od spole\u010dnosti Healing Pharma, v\u00fdrazn\u011b zlep\u0161it zdrav\u00ed va\u0161\u00ed pleti. Prozkoumejte jeho v\u00fdhody, pou\u017eit\u00ed a zku\u0161enosti u\u017eivatel\u016f v tomto komplexn\u00edm pr\u016fvodci. <\/p>\n","protected":false},"featured_media":12965,"comment_status":"open","ping_status":"closed","template":"","meta":[],"product_cat":[1032],"product_tag":[1033,1055,1056],"class_list":{"0":"post-12961","1":"product","2":"type-product","3":"status-publish","4":"has-post-thumbnail","6":"product_cat-pece-o-oblicej","7":"product_tag-tretinoin","8":"product_tag-tretinoin-krem","9":"product_tag-tretinoin-krem-0025-20g","11":"first","12":"instock","13":"taxable","14":"shipping-taxable","15":"purchasable","16":"product-type-simple"},"_links":{"self":[{"href":"https:\/\/tretinoins.com\/cs\/wp-json\/wp\/v2\/product\/12961","targetHints":{"allow":["GET"]}}],"collection":[{"href":"https:\/\/tretinoins.com\/cs\/wp-json\/wp\/v2\/product"}],"about":[{"href":"https:\/\/tretinoins.com\/cs\/wp-json\/wp\/v2\/types\/product"}],"replies":[{"embeddable":true,"href":"https:\/\/tretinoins.com\/cs\/wp-json\/wp\/v2\/comments?post=12961"}],"version-history":[{"count":1,"href":"https:\/\/tretinoins.com\/cs\/wp-json\/wp\/v2\/product\/12961\/revisions"}],"predecessor-version":[{"id":15263,"href":"https:\/\/tretinoins.com\/cs\/wp-json\/wp\/v2\/product\/12961\/revisions\/15263"}],"wp:featuredmedia":[{"embeddable":true,"href":"https:\/\/tretinoins.com\/cs\/wp-json\/wp\/v2\/media\/12965"}],"wp:attachment":[{"href":"https:\/\/tretinoins.com\/cs\/wp-json\/wp\/v2\/media?parent=12961"}],"wp:term":[{"taxonomy":"product_cat","embeddable":true,"href":"https:\/\/tretinoins.com\/cs\/wp-json\/wp\/v2\/product_cat?post=12961"},{"taxonomy":"product_tag","embeddable":true,"href":"https:\/\/tretinoins.com\/cs\/wp-json\/wp\/v2\/product_tag?post=12961"}],"curies":[{"name":"wp","href":"https:\/\/api.w.org\/{rel}","templated":true}]}}