{"id":12947,"date":"2024-01-03T14:04:47","date_gmt":"2024-01-03T14:04:47","guid":{"rendered":"https:\/\/tretinoins.com\/crest-3d-white-brilliance-2-step-kit-zubni-pasta-elite-deep-clean-113g-belici-gel-na-zuby-65g\/"},"modified":"2024-01-03T14:04:47","modified_gmt":"2024-01-03T12:04:47","slug":"crest-3d-white-brilliance-2-step-kit-zubni-pasta-elite-deep-clean-113g-belici-gel-na-zuby-65g","status":"publish","type":"product","link":"https:\/\/tretinoins.com\/cs\/crest-3d-white-brilliance-2-step-kit-zubni-pasta-elite-deep-clean-113g-belici-gel-na-zuby-65g\/","title":{"rendered":"Crest 3D White Brilliance 2 Step Kit, zubn\u00ed pasta Elite Deep Clean 113g + b\u011bl\u00edc\u00ed gel na zuby 65g"},"content":{"rendered":"<h1>Dos\u00e1hn\u011bte oslniv\u00e9ho \u00fasm\u011bvu: Brilantn\u00ed zuby: komplexn\u00ed pr\u016fvodce sadou Crest 3D White Brilliance 2 Step Kit<\/h1>\n<p>Odhalte tajemstv\u00ed z\u00e1\u0159iv\u011bj\u0161\u00edho \u00fasm\u011bvu se sadou Crest 3D White Brilliance 2 Step Kit, kter\u00e1 obsahuje zubn\u00ed pastu Deep Clean a b\u011bl\u00edc\u00ed gel na zuby. Objevte v\u00fdhody, tipy na pou\u017eit\u00ed a jak tato sada m\u016f\u017ee zm\u011bnit va\u0161i rutinn\u00ed p\u00e9\u010di o \u00fastn\u00ed dutinu. <\/p>\n<hr>\n<p>Ve snaze o z\u00e1\u0159iv\u00fd a sebev\u011bdom\u00fd \u00fasm\u011bv se mnoz\u00ed z n\u00e1s obracej\u00ed na r\u016fzn\u00e9 b\u011bl\u00edc\u00ed p\u0159\u00edpravky. <strong>Sada Crest 3D White Brilliance 2 Step Kit<\/strong>, kter\u00e1 se skl\u00e1d\u00e1 ze <strong>zubn\u00ed pasty Deep Clean (113 g)<\/strong> a <strong>b\u011bl\u00edc\u00edho gelu na zuby (65 g)<\/strong>, v\u0161ak vynik\u00e1 jako komplexn\u00ed \u0159e\u0161en\u00ed. Tato inovativn\u00ed sada slibuje nejen \u00fa\u010dinn\u00e9 b\u011blen\u00ed zub\u016f, ale tak\u00e9 udr\u017een\u00ed zdrav\u00ed zub\u016f d\u00edky v\u00fdjime\u010dn\u00e9mu \u010di\u0161t\u011bn\u00ed.  <\/p>\n<p>V tomto podrobn\u00e9m \u010dl\u00e1nku se sezn\u00e1m\u00edme se sou\u010d\u00e1stmi t\u00e9to sady, jej\u00edmi v\u00fdhodami, pokyny pro spr\u00e1vn\u00e9 pou\u017eit\u00ed a dal\u0161\u00edmi informacemi, kter\u00e9 v\u00e1m pomohou dos\u00e1hnout oslniv\u00e9ho \u00fasm\u011bvu, po kter\u00e9m jste v\u017edy tou\u017eili.<\/p>\n<hr>\n<h2>Co obsahuje sada Crest 3D White Brilliance?<\/h2>\n<p>Pro maxim\u00e1ln\u00ed vyu\u017eit\u00ed v\u00fdhod t\u00e9to sady je z\u00e1sadn\u00ed pochopit, co jednotliv\u00e9 sou\u010d\u00e1sti sady d\u011blaj\u00ed. V tomto dvoukrokov\u00e9m syst\u00e9mu najdete n\u00e1sleduj\u00edc\u00ed informace: <\/p>\n<table>\n<thead>\n<tr>\n<th><strong>Produkt<\/strong><\/th>\n<th><strong>Velikost<\/strong><\/th>\n<th><strong>Funkce<\/strong><\/th>\n<\/tr>\n<\/thead>\n<tbody>\n<tr>\n<td>Zubn\u00ed pasta Deep Clean<\/td>\n<td>113g<\/td>\n<td>\u010cist\u00ed zuby, odstra\u0148uje skvrny a osv\u011b\u017euje dech<\/td>\n<\/tr>\n<tr>\n<td>Gel na b\u011blen\u00ed zub\u016f<\/td>\n<td>65g<\/td>\n<td>Poskytuje siln\u00e9 b\u011blen\u00ed pro viditeln\u00e9 v\u00fdsledky<\/td>\n<\/tr>\n<\/tbody>\n<\/table>\n<h3>Zubn\u00ed pasta Deep Clean: Zubn\u00ed pasta: z\u00e1klad pro b\u011blost<\/h3>\n<p><strong>Zubn\u00ed pasta Deep Clean<\/strong> je prvn\u00edm krokem na cest\u011b k z\u00e1\u0159iv\u011bj\u0161\u00edmu \u00fasm\u011bvu. Tato zubn\u00ed pasta je navr\u017eena tak, aby pronikala do hloubky, bojovala proti zubn\u00edmu plaku a poskytovala d\u016fkladn\u00e9 \u010di\u0161t\u011bn\u00ed. Mezi kl\u00ed\u010dov\u00e9 vlastnosti pat\u0159\u00ed:  <\/p>\n<ul>\n<li><strong>O\u010distn\u00fd \u00fa\u010dinek<\/strong>: Slo\u017een\u00ed \u00fa\u010dinn\u011b odstra\u0148uje povrchov\u00e9 skvrny a zubn\u00ed plak.<\/li>\n<li><strong>P\u0159\u00edchu\u0165 \u010derstv\u00e9 m\u00e1ty<\/strong>: Dod\u00e1v\u00e1 dlouhotrvaj\u00edc\u00ed sv\u011b\u017e\u00ed dech.<\/li>\n<li><strong>Obsah fluorid\u016f<\/strong>: Posiluje sklovinu a pom\u00e1h\u00e1 p\u0159edch\u00e1zet vzniku zubn\u00edho kazu.<\/li>\n<\/ul>\n<h3>Gel na b\u011blen\u00ed zub\u016f: Tajemstv\u00ed b\u011blej\u0161\u00edho \u00fasm\u011bvu<\/h3>\n<p>Druh\u00fdm krokem je <strong>b\u011bl\u00edc\u00ed gel,<\/strong> kter\u00fd zlep\u0161uje v\u00fdsledky b\u011blen\u00ed. Tento gel je navr\u017een tak, aby fungoval spole\u010dn\u011b se zubn\u00ed pastou a rychle poskytoval siln\u00e9 b\u011blen\u00ed. Mezi vlastnosti pat\u0159\u00ed:  <\/p>\n<ul>\n<li><strong>Pokro\u010dil\u00e1 b\u011bl\u00edc\u00ed formule<\/strong>: Pro dosa\u017een\u00ed p\u016fsobiv\u00fdch v\u00fdsledk\u016f se zam\u011b\u0159uje na hlubok\u00e9 skvrny a odstra\u0148uje je.<\/li>\n<li><strong>Snadn\u00e9 pou\u017eit\u00ed<\/strong>: Slo\u017een\u00ed gelu umo\u017e\u0148uje snadnou aplikaci.<\/li>\n<li><strong>\u0160etrn\u00fd ke smaltu<\/strong>: Vytvo\u0159eno pro b\u011blen\u00ed bez ohro\u017een\u00ed zdrav\u00ed zub\u016f.<\/li>\n<\/ul>\n<hr>\n<h2>V\u00fdhody pou\u017e\u00edv\u00e1n\u00ed sady Crest 3D White Brilliance<\/h2>\n<p>Nyn\u00ed, kdy\u017e jsme prozkoumali sou\u010d\u00e1sti sady, probereme \u010detn\u00e9 v\u00fdhody, kter\u00e9 nab\u00edz\u00ed:<\/p>\n<h3>1. \u00da\u010dinn\u00e9 odstra\u0148ov\u00e1n\u00ed skvrn<\/h3>\n<ul>\n<li><strong>C\u00edlen\u00e1 akce<\/strong>: Zubn\u00ed pasta i gel spole\u010dn\u011b odstra\u0148uj\u00ed skvrny od k\u00e1vy, \u010daje, v\u00edna a dal\u0161\u00edch skvrnit\u00fdch l\u00e1tek.<\/li>\n<li><strong>Du\u00e1ln\u00ed syst\u00e9m<\/strong>: Tato kombinace zaji\u0161\u0165uje komplexn\u00ed p\u0159\u00edstup k p\u00e9\u010di o zuby, nebo\u0165 se zab\u00fdv\u00e1 skvrnami nad i pod povrchem zub\u016f.<\/li>\n<\/ul>\n<h3>2. Znateln\u00e9 v\u00fdsledky b\u011blen\u00ed<\/h3>\n<ul>\n<li><strong>Rychl\u00fd \u00fa\u010dinek<\/strong>: Mnoho u\u017eivatel\u016f hl\u00e1s\u00ed viditeln\u00e9 zlep\u0161en\u00ed jasu sv\u00e9ho \u00fasm\u011bvu b\u011bhem n\u011bkolika dn\u00ed po pou\u017eit\u00ed sady.<\/li>\n<li><strong>Profesion\u00e1ln\u00ed \u00farove\u0148 b\u011blen\u00ed<\/strong>: Slo\u017een\u00ed se bl\u00ed\u017e\u00ed profesion\u00e1ln\u00ed \u00farovni b\u011blen\u00ed, co\u017e je ide\u00e1ln\u00ed pro ty, kte\u0159\u00ed d\u00e1vaj\u00ed p\u0159ednost dom\u00e1c\u00edmu b\u011blen\u00ed.<\/li>\n<\/ul>\n<h3>3. Zlep\u0161en\u00e9 zdrav\u00ed \u00fastn\u00ed dutiny<\/h3>\n<ul>\n<li><strong>Boj o plaketu<\/strong>: Zubn\u00ed pasta zabra\u0148uje tvorb\u011b zubn\u00edho plaku, co\u017e vede ke zdrav\u011bj\u0161\u00edm d\u00e1sn\u00edm a zub\u016fm.<\/li>\n<li><strong>Ochrana proti zubn\u00edmu kazu<\/strong>: Denn\u00ed o\u0161et\u0159en\u00ed fluoridy posiluje sklovinu a sni\u017euje riziko vzniku zubn\u00edho kazu.<\/li>\n<\/ul>\n<h3>4. Sv\u011b\u017e\u00ed dech<\/h3>\n<ul>\n<li><strong>Dlouhotrvaj\u00edc\u00ed sv\u011b\u017eest<\/strong>: D\u00edky osv\u011b\u017euj\u00edc\u00ed m\u00e1tov\u00e9 p\u0159\u00edchuti z\u016fst\u00e1v\u00e1 v \u00fastech sv\u011b\u017e\u00ed, tak\u017ee je ide\u00e1ln\u00ed jak pro ka\u017edodenn\u00ed pou\u017eit\u00ed, tak pro zvl\u00e1\u0161tn\u00ed p\u0159\u00edle\u017eitosti.<\/li>\n<li><strong>Kontrola bakteri\u00ed<\/strong>: Slo\u017eky pom\u00e1haj\u00ed neutralizovat bakterie zp\u016fsobuj\u00edc\u00ed z\u00e1pach a p\u0159isp\u00edvaj\u00ed k celkov\u011b lep\u0161\u00edmu dechu.<\/li>\n<\/ul>\n<hr>\n<h2>Jak pou\u017e\u00edvat sadu Crest 3D White Brilliance?<\/h2>\n<p>Pro dosa\u017een\u00ed optim\u00e1ln\u00edch v\u00fdsledk\u016f je nezbytn\u00e9 dodr\u017eovat spr\u00e1vn\u00e9 kroky p\u0159i aplikaci. Zde se dozv\u00edte, jak ze <strong>sady Crest 3D White Brilliance 2 Step Kit<\/strong> vyt\u011b\u017eit maximum: <\/p>\n<h3>Pokyny krok za krokem<\/h3>\n<ol>\n<li><strong>Za\u010dn\u011bte zubn\u00ed pastou Deep Clean<\/strong>:\n<ul>\n<li>Vym\u00e1\u010dkn\u011bte na zubn\u00ed kart\u00e1\u010dek mno\u017estv\u00ed o velikosti hr\u00e1\u0161ku.<\/li>\n<li>\u010cist\u011bte si zuby d\u016fkladn\u011b alespo\u0148 dv\u011b minuty a dbejte na to, abyste pokryli v\u0161echny plochy.<\/li>\n<li>\u00dasta si dob\u0159e vypl\u00e1chn\u011bte vodou.<\/li>\n<\/ul>\n<\/li>\n<li><strong>N\u00e1sledn\u011b pou\u017eijte gel na b\u011blen\u00ed zub\u016f<\/strong>:\n<ul>\n<li>Naneste mal\u00e9 mno\u017estv\u00ed b\u011bl\u00edc\u00edho gelu na zubn\u00ed kart\u00e1\u010dek nebo p\u0159\u00edmo na zuby.<\/li>\n<li>Zuby \u010dist\u011bte jemn\u011b po dobu 30 sekund a\u017e 1 minuty.<\/li>\n<li>Neoplachujte ihned; p\u0159ed opl\u00e1chnut\u00edm nechte gel na zubech p\u016fsobit, abyste dos\u00e1hli optim\u00e1ln\u00edho b\u011bl\u00edc\u00edho \u00fa\u010dinku.<\/li>\n<\/ul>\n<\/li>\n<\/ol>\n<h3>Tipy pro pou\u017eit\u00ed<\/h3>\n<ul>\n<li><strong>Frekvence<\/strong>: Pro dosa\u017een\u00ed nejlep\u0161\u00edch v\u00fdsledk\u016f pou\u017e\u00edvejte sadu dvakr\u00e1t denn\u011b &#8211; jednou r\u00e1no a jednou p\u0159ed span\u00edm.<\/li>\n<li><strong>Nep\u0159etr\u017eit\u00e9 pou\u017e\u00edv\u00e1n\u00ed<\/strong>: Pravideln\u00e9 pou\u017e\u00edv\u00e1n\u00ed udr\u017euje v\u00fdsledky b\u011blen\u00ed a zlep\u0161uje celkovou \u00fastn\u00ed hygienu.<\/li>\n<li><strong>Vyvarujte se barven\u00ed potravin a n\u00e1poj\u016f<\/strong>: B\u011bhem pou\u017e\u00edv\u00e1n\u00ed sady m\u016f\u017eete minimalizovat konzumaci vysoce pigmentovan\u00fdch potravin, co\u017e v\u00e1m pom\u016f\u017ee udr\u017eet v\u00fdsledky.<\/li>\n<\/ul>\n<hr>\n<h2>P\u0159echod na sadu Crest 3D White Brilliance Kit<\/h2>\n<p>P\u0159echod na nov\u00fd v\u00fdrobek pro p\u00e9\u010di o \u00fastn\u00ed dutinu m\u016f\u017ee vyvolat ot\u00e1zky. Zde se dozv\u00edte, jak tuto sadu hladce za\u010dlenit do sv\u00e9 rutiny: <\/p>\n<table>\n<thead>\n<tr>\n<th><strong>Krok<\/strong><\/th>\n<th><strong>Poradenstv\u00ed<\/strong><\/th>\n<\/tr>\n<\/thead>\n<tbody>\n<tr>\n<td>Postupn\u00fd p\u0159echod<\/td>\n<td>Pokud p\u0159ech\u00e1z\u00edte z jin\u00e9 zubn\u00ed pasty, zkuste ji prvn\u00ed t\u00fdden st\u0159\u00eddat.<\/td>\n<\/tr>\n<tr>\n<td>Citlivost monitoru<\/td>\n<td>Pokud se u v\u00e1s projev\u00ed citlivost, sni\u017ete d\u00e1vku na jednou denn\u011b, dokud se zuby nep\u0159izp\u016fsob\u00ed.<\/td>\n<\/tr>\n<tr>\n<td>Udr\u017eov\u00e1n\u00ed rutiny<\/td>\n<td>Dodr\u017eujte ka\u017edodenn\u00ed \u010di\u0161t\u011bn\u00ed zub\u016f zubn\u00ed nit\u00ed a pravideln\u00e9 zubn\u00ed prohl\u00eddky.<\/td>\n<\/tr>\n<\/tbody>\n<\/table>\n<hr>\n<h2>\u010casto kladen\u00e9 ot\u00e1zky<\/h2>\n<h3>1. Je sada Crest 3D White Brilliance bezpe\u010dn\u00e1 pro ka\u017edodenn\u00ed pou\u017eit\u00ed?<\/h3>\n<p>Ano! Sada Crest 3D White Brilliance je ur\u010dena pro ka\u017edodenn\u00ed pou\u017eit\u00ed, tak\u017ee je vhodn\u00e1 pro pravidelnou \u00fastn\u00ed hygienu. <\/p>\n<h3>2. Jak brzy mohu o\u010dek\u00e1vat v\u00fdsledky?<\/h3>\n<p>Mnoho u\u017eivatel\u016f si v\u0161imne rozd\u00edlu ji\u017e po n\u011bkolika dnech pravideln\u00e9ho pou\u017e\u00edv\u00e1n\u00ed. Kl\u00ed\u010dem k dosa\u017een\u00ed nejlep\u0161\u00edch v\u00fdsledk\u016f je d\u016fslednost. <\/p>\n<h3>3. Mohu jej pou\u017e\u00edvat, pokud m\u00e1m citliv\u00e9 zuby?<\/h3>\n<p>Ano, p\u0159\u00edpravek je vyroben pro bezpe\u010dn\u00e9 pou\u017eit\u00ed, ale pokud m\u00e1te extr\u00e9mn\u00ed citlivost, doporu\u010dujeme se p\u0159ed zah\u00e1jen\u00edm konzultovat se zubn\u00edm l\u00e9ka\u0159em.<\/p>\n<h3>4. Lze gel pou\u017e\u00edvat samostatn\u011b bez zubn\u00ed pasty?<\/h3>\n<p>Gel lze sice pou\u017e\u00edvat samostatn\u011b, ale pro dosa\u017een\u00ed optim\u00e1ln\u00edch v\u00fdsledk\u016f je nej\u00fa\u010dinn\u011bj\u0161\u00ed v kombinaci se zubn\u00ed pastou Deep Clean.<\/p>\n<h3>5. Jak by m\u011bla b\u00fdt tato souprava skladov\u00e1na?<\/h3>\n<p>Sadu uchov\u00e1vejte na chladn\u00e9m a such\u00e9m m\u00edst\u011b, mimo dosah p\u0159\u00edm\u00e9ho slune\u010dn\u00edho z\u00e1\u0159en\u00ed, aby se zachovala \u00fa\u010dinnost jej\u00edch slo\u017eek.<\/p>\n<hr>\n<h2>Porovn\u00e1n\u00ed Crest 3D White Brilliance Kit s jin\u00fdmi b\u011bl\u00edc\u00edmi produkty<\/h2>\n<p>P\u0159i zva\u017eov\u00e1n\u00ed nejlep\u0161\u00ed volby pro b\u011blen\u00ed zub\u016f je v\u00fdhodn\u00e9 porovnat ji s ostatn\u00edmi produkty na trhu. Zde je stru\u010dn\u00fd p\u0159ehled: <\/p>\n<table>\n<thead>\n<tr>\n<th><strong>Zna\u010dka\/v\u00fdrobek<\/strong><\/th>\n<th><strong>Whitening Power<\/strong><\/th>\n<th><strong>Zp\u016fsob aplikace<\/strong><\/th>\n<th><strong>Bezpe\u010dn\u00e9 pro sklovinu<\/strong><\/th>\n<\/tr>\n<\/thead>\n<tbody>\n<tr>\n<td>Sada Crest 3D White Brilliance<\/td>\n<td>High<\/td>\n<td>Dvouf\u00e1zov\u00fd syst\u00e9m (zubn\u00ed pasta + gel)<\/td>\n<td>Ano<\/td>\n<\/tr>\n<tr>\n<td>Syst\u00e9m Colgate Optic White<\/td>\n<td>M\u00edrn\u00fd<\/td>\n<td>Pouze zubn\u00ed pasta<\/td>\n<td>Ano<\/td>\n<\/tr>\n<tr>\n<td>Sada na b\u011blen\u00ed zub\u016f AuraGlow<\/td>\n<td>Vysok\u00fd<\/td>\n<td>Gel se z\u00e1sobn\u00edky<\/td>\n<td>Ano<\/td>\n<\/tr>\n<\/tbody>\n<\/table>\n<p>Sada Crest se vyzna\u010duje dvoj\u00edm \u00fa\u010dinkem, kter\u00fd kombinuje hloubkov\u00e9 \u010di\u0161t\u011bn\u00ed a b\u011blen\u00ed v jednom praktick\u00e9m syst\u00e9mu.<\/p>\n<hr>\n<p>V dne\u0161n\u00edm sv\u011bt\u011b m\u016f\u017ee z\u00e1\u0159iv\u00fd \u00fasm\u011bv zv\u00fd\u0161it sebev\u011bdom\u00ed a zanechat trval\u00fd dojem. <strong>Sada Crest 3D White Brilliance 2 Step Kit<\/strong> kombinuje \u00fa\u010dinn\u00e9 \u010di\u0161t\u011bn\u00ed \u00fastn\u00ed dutiny s pokro\u010dilou technologi\u00ed b\u011blen\u00ed, kter\u00e1 v\u00e1m pom\u016f\u017ee dos\u00e1hnout z\u00e1\u0159iv\u00e9ho \u00fasm\u011bvu, po kter\u00e9m tou\u017e\u00edte. Tato sada, kter\u00e1 obsahuje <strong>zubn\u00ed pastu Deep Clean<\/strong> i <strong>b\u011bl\u00edc\u00ed gel,<\/strong> nejen odstra\u0148uje skvrny, ale tak\u00e9 podporuje celkov\u00e9 zdrav\u00ed zub\u016f.  <\/p>\n<p>Pro\u010d tedy neud\u011blat dal\u0161\u00ed krok k z\u00e1\u0159iv\u011bj\u0161\u00edmu \u00fasm\u011bvu? Vyzkou\u0161ejte <strong>sadu Crest 3D White Brilliance<\/strong> a vyzkou\u0161ejte prom\u011b\u0148uj\u00edc\u00ed s\u00edlu profesion\u00e1ln\u00edho b\u011blen\u00ed v pohodl\u00ed domova. V\u00e1\u0161 dokonal\u00fd \u00fasm\u011bv \u010dek\u00e1!  <\/p>\n","protected":false},"excerpt":{"rendered":"<p>Odhalte tajemstv\u00ed z\u00e1\u0159iv\u011bj\u0161\u00edho \u00fasm\u011bvu se sadou Crest 3D White Brilliance 2 Step Kit, kter\u00e1 obsahuje zubn\u00ed pastu Deep Clean a b\u011bl\u00edc\u00ed gel na zuby. Objevte v\u00fdhody, tipy na pou\u017eit\u00ed a jak tato sada m\u016f\u017ee zm\u011bnit va\u0161i rutinn\u00ed p\u00e9\u010di o \u00fastn\u00ed dutinu. <\/p>\n","protected":false},"featured_media":12948,"comment_status":"open","ping_status":"closed","template":"","meta":[],"product_cat":[1005],"product_tag":[1016,1047,1045,1046],"class_list":{"0":"post-12947","1":"product","2":"type-product","3":"status-publish","4":"has-post-thumbnail","6":"product_cat-zubni-pasta-crest","7":"product_tag-crest-3d-white-brilliance","8":"product_tag-gel-na-beleni-zubu-65g","9":"product_tag-sada-crest-3d-white-brilliance-2-kroky","10":"product_tag-zubni-pasta-elite-deep-clean-113g-belici-gel-na-zuby-65g","11":"pa_brands-crest","13":"first","14":"instock","15":"taxable","16":"shipping-taxable","17":"purchasable","18":"product-type-simple"},"_links":{"self":[{"href":"https:\/\/tretinoins.com\/cs\/wp-json\/wp\/v2\/product\/12947","targetHints":{"allow":["GET"]}}],"collection":[{"href":"https:\/\/tretinoins.com\/cs\/wp-json\/wp\/v2\/product"}],"about":[{"href":"https:\/\/tretinoins.com\/cs\/wp-json\/wp\/v2\/types\/product"}],"replies":[{"embeddable":true,"href":"https:\/\/tretinoins.com\/cs\/wp-json\/wp\/v2\/comments?post=12947"}],"version-history":[{"count":0,"href":"https:\/\/tretinoins.com\/cs\/wp-json\/wp\/v2\/product\/12947\/revisions"}],"wp:featuredmedia":[{"embeddable":true,"href":"https:\/\/tretinoins.com\/cs\/wp-json\/wp\/v2\/media\/12948"}],"wp:attachment":[{"href":"https:\/\/tretinoins.com\/cs\/wp-json\/wp\/v2\/media?parent=12947"}],"wp:term":[{"taxonomy":"product_cat","embeddable":true,"href":"https:\/\/tretinoins.com\/cs\/wp-json\/wp\/v2\/product_cat?post=12947"},{"taxonomy":"product_tag","embeddable":true,"href":"https:\/\/tretinoins.com\/cs\/wp-json\/wp\/v2\/product_tag?post=12947"}],"curies":[{"name":"wp","href":"https:\/\/api.w.org\/{rel}","templated":true}]}}