{"id":12941,"date":"2024-01-03T14:04:42","date_gmt":"2024-01-03T14:04:42","guid":{"rendered":"https:\/\/tretinoins.com\/crest-3d-white-charcoal-deep-clean-99g-povzbuzujici-mata-belici-zubni-pasta-elite\/"},"modified":"2024-01-03T14:04:42","modified_gmt":"2024-01-03T12:04:42","slug":"crest-3d-white-charcoal-deep-clean-99g-povzbuzujici-mata-belici-zubni-pasta-elite","status":"publish","type":"product","link":"https:\/\/tretinoins.com\/cs\/crest-3d-white-charcoal-deep-clean-99g-povzbuzujici-mata-belici-zubni-pasta-elite\/","title":{"rendered":"Crest 3D White Charcoal Deep Clean 99g, Povzbuzuj\u00edc\u00ed m\u00e1ta, b\u011bl\u00edc\u00ed zubn\u00ed pasta Elite"},"content":{"rendered":"<h1>Odemknut\u00ed oslniv\u00e9ho \u00fasm\u011bvu: B\u011bl\u00edc\u00ed zubn\u00ed pasta Crest 3D White Charcoal Deep Clean 99g, povzbuzuj\u00edc\u00ed m\u00e1ta.<\/h1>\n<hr>\n<p>Z\u00e1\u0159iv\u00fd \u00fasm\u011bv dok\u00e1\u017ee rozz\u00e1\u0159it celou m\u00edstnost. Vyza\u0159uje z n\u011bj d\u016fv\u011bra, v\u0159elost a p\u0159\u00edstupnost. Jak si ale tuto jiskru udr\u017eet? <strong>Zubn\u00ed pasta Crest 3D White Charcoal Deep Clean 99 g, Invigorating Mint Whitening<\/strong> je navr\u017eena tak, aby v\u00e1m toho pomohla dos\u00e1hnout. Tato inovativn\u00ed zubn\u00ed pasta kombinuje pokro\u010dilou technologii b\u011blen\u00ed s hloubkov\u011b \u010distic\u00edmi schopnostmi aktivn\u00edho uhl\u00ed a osv\u011b\u017euj\u00edc\u00ed m\u00e1tovou p\u0159\u00edchut\u00ed. V tomto \u010dl\u00e1nku prozkoum\u00e1me v\u00fdhody, slo\u017een\u00ed a tipy, jak tuto v\u00fdkonnou zubn\u00ed pastu za\u0159adit do ka\u017edodenn\u00ed p\u00e9\u010de o \u00fastn\u00ed dutinu.    <\/p>\n<hr>\n<h2>Co je obsa\u017eeno v p\u0159\u00edpravku Crest 3D White Charcoal Deep Clean?<\/h2>\n<p>Abychom pochopili, pro\u010d je tato zubn\u00ed pasta tak \u00fa\u010dinn\u00e1, pod\u00edvejme se na jej\u00ed kl\u00ed\u010dov\u00e9 slo\u017eky a jejich jedine\u010dn\u00e9 funkce:<\/p>\n<table>\n<thead>\n<tr>\n<th><strong>P\u0159\u00edsady<\/strong><\/th>\n<th><strong>Funkce<\/strong><\/th>\n<\/tr>\n<\/thead>\n<tbody>\n<tr>\n<td>D\u0159ev\u011bn\u00e9 uhl\u00ed<\/td>\n<td>Absorbuje skvrny a toxiny pro hloubkov\u00e9 \u010di\u0161t\u011bn\u00ed<\/td>\n<\/tr>\n<tr>\n<td>B\u011bl\u00edc\u00ed prost\u0159edky<\/td>\n<td>Zam\u011b\u0159uj\u00ed se na povrchov\u00e9 skvrny a odstra\u0148uj\u00ed je<\/td>\n<\/tr>\n<tr>\n<td>Povzbuzuj\u00edc\u00ed m\u00e1tov\u00e1 p\u0159\u00edchu\u0165<\/td>\n<td>Osv\u011b\u017euje dech a zlep\u0161uje celkov\u00fd z\u00e1\u017eitek<\/td>\n<\/tr>\n<tr>\n<td>Fluorid<\/td>\n<td>Posiluje sklovinu a chr\u00e1n\u00ed p\u0159ed zubn\u00edm kazem<\/td>\n<\/tr>\n<\/tbody>\n<\/table>\n<h3>Uhl\u00ed: Hloubkov\u00fd \u010disti\u010d<\/h3>\n<p>Aktivn\u00ed uhl\u00ed si v posledn\u00edch letech z\u00edskalo oblibu nejen v p\u00e9\u010di o \u00fastn\u00ed dutinu, ale i v r\u016fzn\u00fdch kosmetick\u00fdch a zdravotn\u00edch produktech. Jeho por\u00e9zn\u00ed povaha mu umo\u017e\u0148uje absorbovat ne\u010distoty, co\u017e z n\u011bj \u010din\u00ed vynikaj\u00edc\u00ed slo\u017eku pro: <\/p>\n<ul>\n<li><strong>Odstra\u0148ov\u00e1n\u00ed skvrn<\/strong>: D\u0159ev\u011bn\u00e9 uhl\u00ed pom\u00e1h\u00e1 odstra\u0148ovat povrchov\u00e9 skvrny od j\u00eddla, n\u00e1poj\u016f a kou\u0159en\u00ed.<\/li>\n<li><strong>Kontrola z\u00e1pachu<\/strong>: \u00da\u010dinn\u011b neutralizuje bakterie a toxiny zp\u016fsobuj\u00edc\u00ed z\u00e1pach z \u00fast.<\/li>\n<\/ul>\n<h3>B\u011bl\u00edc\u00ed prost\u0159edky: V\u011bda o jasu<\/h3>\n<p>Crest obsahuje ve sv\u00e9m slo\u017een\u00ed specifick\u00e9 b\u011bl\u00edc\u00ed l\u00e1tky, kter\u00e9 rozkl\u00e1daj\u00ed a odstra\u0148uj\u00ed zabarven\u00ed a zaji\u0161\u0165uj\u00ed, \u017ee va\u0161e zuby jsou nejen \u010dist\u00e9, ale p\u0159i pravideln\u00e9m pou\u017e\u00edv\u00e1n\u00ed tak\u00e9 vypadaj\u00ed z\u00e1\u0159iv\u011bji.<\/p>\n<h3>O\u017eivuj\u00edc\u00ed m\u00e1ta: Z\u00e1van \u010derstv\u00e9ho vzduchu<\/h3>\n<p>Osv\u011b\u017euj\u00edc\u00ed m\u00e1tov\u00e1 p\u0159\u00edchu\u0165 dod\u00e1 va\u0161im \u00fast\u016fm osv\u011b\u017euj\u00edc\u00ed pocit po ka\u017ed\u00e9m \u010di\u0161t\u011bn\u00ed. To nejen maskuje nep\u0159\u00edjemn\u00e9 pachy, ale tak\u00e9 p\u0159isp\u00edv\u00e1 k p\u0159\u00edjemn\u00e9mu z\u00e1\u017eitku z \u010di\u0161t\u011bn\u00ed zub\u016f. <\/p>\n<h3>Fluoridy: Fluorid: Ochr\u00e1nce skloviny<\/h3>\n<p>Fluorid je v modern\u00edch zubn\u00edch past\u00e1ch d\u016fle\u017eit\u00fd d\u00edky sv\u00e9 prok\u00e1zan\u00e9 schopnosti posilovat zubn\u00ed sklovinu. Tato ochrann\u00e1 vrstva je z\u00e1sadn\u00ed v boji proti zubn\u00edmu kazu a kazivosti, a proto jsou v\u00fdrobky bohat\u00e9 na fluorid, jako je Crest, z\u00e1kladem dobr\u00e9ho zdrav\u00ed \u00fastn\u00ed dutiny. <\/p>\n<hr>\n<h2>V\u00fdhody pou\u017e\u00edv\u00e1n\u00ed Crest 3D White Charcoal Deep Clean<\/h2>\n<p>Nyn\u00ed, kdy\u017e jsme rozebrali jej\u00ed slo\u017eky, prozkoumejme, jak m\u016f\u017ee <strong>b\u011bl\u00edc\u00ed zubn\u00ed pasta Crest 3D White Charcoal Deep Clean 99g, Invigorating Mint<\/strong> zlep\u0161it zdrav\u00ed va\u0161\u00ed \u00fastn\u00ed dutiny a poskytnout kosmetick\u00e9 v\u00fdhody: <\/p>\n<h3>1. Superior Whiting Power<\/h3>\n<ul>\n<li><strong>\u00da\u010dinn\u00e9 odstra\u0148ov\u00e1n\u00ed skvrn<\/strong>: Kombinace d\u0159ev\u011bn\u00e9ho uhl\u00ed a b\u011bl\u00edc\u00edch l\u00e1tek se zam\u011b\u0159uje na skvrny od k\u00e1vy, \u010daje, v\u00edna a dal\u0161\u00edch b\u011b\u017en\u00fdch vin\u00edk\u016f a p\u0159in\u00e1\u0161\u00ed znateln\u00e9 v\u00fdsledky.<\/li>\n<li><strong>Postupn\u00fd jas<\/strong>: P\u0159i d\u016fsledn\u00e9m pou\u017e\u00edv\u00e1n\u00ed m\u016f\u017eete o\u010dek\u00e1vat jasn\u011bj\u0161\u00ed \u00fasm\u011bv bez citlivosti, kter\u00e1 je n\u011bkdy spojena s jin\u00fdmi b\u011bl\u00edc\u00edmi produkty.<\/li>\n<\/ul>\n<h3>2. Akce hloubkov\u00e9ho \u010di\u0161t\u011bn\u00ed<\/h3>\n<ul>\n<li><strong>\u00da\u010dinn\u011b odstra\u0148uje zubn\u00ed plak<\/strong>: Aktivn\u00ed uhl\u00ed nejen b\u011bl\u00ed, ale tak\u00e9 pom\u00e1h\u00e1 odstra\u0148ovat nahromad\u011bn\u00fd plak, kter\u00fd je d\u016fle\u017eit\u00fd pro udr\u017een\u00ed zdrav\u00fdch d\u00e1sn\u00ed a zub\u016f.<\/li>\n<li><strong>\u010cist\u00ed t\u011b\u017eko p\u0159\u00edstupn\u00e1 m\u00edsta<\/strong>: Jedine\u010dn\u00e9 slo\u017een\u00ed pom\u00e1h\u00e1 \u010distit m\u00edsta v \u00fastech, kter\u00e1 by b\u011b\u017en\u00e1 zubn\u00ed pasta mohla vynechat.<\/li>\n<\/ul>\n<h3>3. Osv\u011b\u017euje dech<\/h3>\n<ul>\n<li><strong>Dlouhotrvaj\u00edc\u00ed sv\u011b\u017eest<\/strong>: D\u00edky osv\u011b\u017euj\u00edc\u00ed m\u00e1tov\u00e9 p\u0159\u00edchuti z\u016fstane v\u00e1\u0161 dech sv\u011b\u017e\u00ed po cel\u00fd den, co\u017e je ide\u00e1ln\u00ed pro spole\u010densk\u00e9 kontakty.<\/li>\n<li><strong>Kontrola bakteri\u00ed<\/strong>: Tato zubn\u00ed pasta bojuje proti bakteri\u00edm, kter\u00e9 zp\u016fsobuj\u00ed z\u00e1pach z \u00fast, a p\u0159isp\u00edv\u00e1 tak ke zlep\u0161en\u00ed celkov\u00e9 \u00fastn\u00ed hygieny.<\/li>\n<\/ul>\n<h3>4. Ochrana skloviny<\/h3>\n<ul>\n<li><strong>Posiluje zuby<\/strong>: Fluorid obsa\u017een\u00fd ve slo\u017een\u00ed posiluje zubn\u00ed sklovinu, kter\u00e1 je tak odoln\u011bj\u0161\u00ed v\u016f\u010di zubn\u00edmu kazu a kazivosti.<\/li>\n<li><strong>Udr\u017euje zdrav\u00ed \u00fastn\u00ed dutiny<\/strong>: Dobr\u00e1 \u00fastn\u00ed hygiena vede ke zdrav\u011bj\u0161\u00edm d\u00e1sn\u00edm a zub\u016fm a p\u0159isp\u00edv\u00e1 k celkov\u011b lep\u0161\u00ed kvalit\u011b \u017eivota.<\/li>\n<\/ul>\n<hr>\n<h2>Jak pou\u017e\u00edvat Crest 3D White Charcoal Deep Clean<\/h2>\n<p>Za\u0159azen\u00ed t\u00e9to zubn\u00ed pasty do ka\u017edodenn\u00ed rutiny je jednoduch\u00e9. Zde je pr\u016fvodce krok za krokem: <\/p>\n<h3>Denn\u00ed rutina \u010di\u0161t\u011bn\u00ed zub\u016f<\/h3>\n<ol>\n<li><strong>Naneste zubn\u00ed pastu<\/strong>: Vym\u00e1\u010dkn\u011bte na zubn\u00ed kart\u00e1\u010dek mno\u017estv\u00ed o velikosti hr\u00e1\u0161ku.<\/li>\n<li><strong>Za\u010dn\u011bte \u010distit<\/strong> zuby: \u010cist\u011bte si zuby jemn\u011b po dobu dvou minut a dbejte na to, abyste pokryli v\u0161echny plochy &#8211; p\u0159edn\u00ed, zadn\u00ed i \u017ev\u00fdkac\u00ed.<\/li>\n<li><strong>Vyplivn\u011bte a vypl\u00e1chn\u011bte<\/strong>: Po vy\u010di\u0161t\u011bn\u00ed zub\u016f vyplivn\u011bte pastu a d\u016fkladn\u011b si vypl\u00e1chn\u011bte \u00fasta vodou.<\/li>\n<\/ol>\n<h3>Tipy pro dosa\u017een\u00ed nejlep\u0161\u00edch v\u00fdsledk\u016f<\/h3>\n<ul>\n<li><strong>\u010cist\u011bte si zuby dvakr\u00e1t denn\u011b<\/strong>: Pro optim\u00e1ln\u00ed b\u011blen\u00ed a p\u00e9\u010di o zuby si \u010dist\u011bte zuby ka\u017ed\u00e9 r\u00e1no a p\u0159ed span\u00edm.<\/li>\n<li><strong>Za\u0159a\u010fte pou\u017e\u00edv\u00e1n\u00ed zubn\u00ed nit\u011b<\/strong>: Zubn\u00ed pasta v kombinaci s ka\u017edodenn\u00edm pou\u017e\u00edv\u00e1n\u00edm zubn\u00ed nit\u011b pom\u016f\u017ee odstranit \u010d\u00e1ste\u010dky j\u00eddla a plak mezi zuby.<\/li>\n<li><strong>Vyhn\u011bte se barv\u00edc\u00edm potravin\u00e1m<\/strong>: P\u0159i pou\u017e\u00edv\u00e1n\u00ed b\u011bl\u00edc\u00ed zubn\u00ed pasty se sna\u017ete omezit konzumaci vysoce pigmentovan\u00fdch potravin nebo n\u00e1poj\u016f, abyste dos\u00e1hli co nejlep\u0161\u00edch v\u00fdsledk\u016f.<\/li>\n<li><strong>Pravideln\u00e9 zubn\u00ed prohl\u00eddky<\/strong>: Pravideln\u011b nav\u0161t\u011bvujte sv\u00e9ho zubn\u00edho l\u00e9ka\u0159e na odborn\u00e9 \u010di\u0161t\u011bn\u00ed a prohl\u00eddky. M\u016f\u017ee v\u00e1m poskytnout individu\u00e1ln\u00ed poradenstv\u00ed ohledn\u011b udr\u017eov\u00e1n\u00ed zubn\u00edho zdrav\u00ed. <\/li>\n<\/ul>\n<hr>\n<h2>P\u0159echod na Crest 3D White Charcoal Deep Clean<\/h2>\n<p>P\u0159echod na novou zubn\u00ed pastu m\u016f\u017ee n\u011bkdy vyvolat obavy, jak ovlivn\u00ed zdrav\u00ed va\u0161\u00ed \u00fastn\u00ed dutiny. Zde se dozv\u00edte, jak p\u0159echod usnadnit: <\/p>\n<table>\n<thead>\n<tr>\n<th><strong>Krok<\/strong><\/th>\n<th><strong>Poradenstv\u00ed<\/strong><\/th>\n<\/tr>\n<\/thead>\n<tbody>\n<tr>\n<td>Za\u010dn\u011bte postupn\u011b<\/td>\n<td>Pokud pou\u017e\u00edv\u00e1te jinou zubn\u00ed pastu, za\u010dn\u011bte ji prvn\u00ed t\u00fdden st\u0159\u00eddat.<\/td>\n<\/tr>\n<tr>\n<td>Citlivost monitoru<\/td>\n<td>Pokud se u v\u00e1s objev\u00ed citlivost, zva\u017ete sn\u00ed\u017een\u00ed frekvence a v p\u0159\u00edpad\u011b p\u0159etrv\u00e1vaj\u00edc\u00edch p\u0159\u00edznak\u016f se pora\u010fte se zubn\u00edm l\u00e9ka\u0159em.<\/td>\n<\/tr>\n<tr>\n<td>Udr\u017eov\u00e1n\u00ed \u00fastn\u00ed hygieny<\/td>\n<td>Dodr\u017eujte pravideln\u00e9 zubn\u00ed n\u00e1vyky, abyste zajistili zdrav\u00e9 zuby a d\u00e1sn\u011b.<\/td>\n<\/tr>\n<\/tbody>\n<\/table>\n<hr>\n<h2>\u010cast\u00e9 dotazy o p\u0159\u00edpravku Crest 3D White Charcoal Deep Clean<\/h2>\n<h3>1. Je bezpe\u010dn\u00fd pro ka\u017edodenn\u00ed pou\u017eit\u00ed?<\/h3>\n<p>Ano, <strong>Crest 3D White Charcoal Deep Clean<\/strong> je ur\u010den pro ka\u017edodenn\u00ed pou\u017eit\u00ed. Pro dosa\u017een\u00ed nejlep\u0161\u00edch v\u00fdsledk\u016f sta\u010d\u00ed dodr\u017eovat doporu\u010den\u00e9 pokyny. <\/p>\n<h3>2. Za jak dlouho uvid\u00edm v\u00fdsledky?<\/h3>\n<p>Mnoho u\u017eivatel\u016f hl\u00e1s\u00ed viditeln\u00e9 b\u011bl\u00edc\u00ed \u00fa\u010dinky b\u011bhem n\u011bkolika t\u00fddn\u016f soustavn\u00e9ho pou\u017e\u00edv\u00e1n\u00ed.<\/p>\n<h3>3. Lze jej bezpe\u010dn\u011b pou\u017e\u00edvat s rovn\u00e1tky?<\/h3>\n<p>Obecn\u011b lze \u0159\u00edci, \u017ee je bezpe\u010dn\u00e9 jej pou\u017e\u00edvat s rovn\u00e1tky, ale v\u017edy se pora\u010fte se sv\u00fdm ortodontistou.<\/p>\n<h3>4. Funguje na citliv\u00e9 zuby?<\/h3>\n<p>Zat\u00edmco mnoz\u00ed ji pova\u017euj\u00ed za \u00fa\u010dinnou, jedinci s extr\u00e9mn\u00ed citlivost\u00ed by se p\u0159ed jej\u00edm pravideln\u00fdm pou\u017e\u00edv\u00e1n\u00edm m\u011bli poradit se sv\u00fdm zuba\u0159em.<\/p>\n<h3>5. Jak\u00fd je nejlep\u0161\u00ed zp\u016fsob skladov\u00e1n\u00ed?<\/h3>\n<p>Zubn\u00ed pastu uchov\u00e1vejte na chladn\u00e9m a such\u00e9m m\u00edst\u011b, mimo dosah p\u0159\u00edm\u00e9ho slune\u010dn\u00edho z\u00e1\u0159en\u00ed, aby si zachovala svou \u00fa\u010dinnost.<\/p>\n<hr>\n<h2>Porovn\u00e1n\u00ed Crest 3D White Charcoal s jin\u00fdmi zna\u010dkami b\u011bl\u00edc\u00edch p\u0159\u00edpravk\u016f<\/h2>\n<p>P\u0159i zva\u017eov\u00e1n\u00ed mo\u017enost\u00ed zubn\u00ed pasty je v\u017edy u\u017eite\u010dn\u00e9 porovn\u00e1vat. Zde se dozv\u00edte, jak si Crest stoj\u00ed v porovn\u00e1n\u00ed s n\u011bkter\u00fdmi konkurenty: <\/p>\n<table>\n<thead>\n<tr>\n<th><strong>Zna\u010dka\/v\u00fdrobek<\/strong><\/th>\n<th><strong>Whitening Power<\/strong><\/th>\n<th><strong>Mo\u017enosti p\u0159\u00edchut\u00ed<\/strong><\/th>\n<th><strong>Bezpe\u010dn\u00e9 pro sklovinu<\/strong><\/th>\n<\/tr>\n<\/thead>\n<tbody>\n<tr>\n<td>Crest 3D White Charcoal Deep Clean<\/td>\n<td>High<\/td>\n<td>Povzbuzuj\u00edc\u00ed m\u00e1ta<\/td>\n<td>Ano<\/td>\n<\/tr>\n<tr>\n<td>Colgate Optic White Charcoal<\/td>\n<td>M\u00edrn\u00e9<\/td>\n<td>Icy Blast, Fresh Mint<\/td>\n<td>Ano<\/td>\n<\/tr>\n<tr>\n<td>Sensodyne Pronamel Gentle Whitening<\/td>\n<td>M\u00edrn\u00e9<\/td>\n<td>Sv\u011b\u017e\u00ed m\u00e1ta<\/td>\n<td>Ano<\/td>\n<\/tr>\n<\/tbody>\n<\/table>\n<p>Crest vynik\u00e1 siln\u00fdm slo\u017een\u00edm d\u0159ev\u011bn\u00e9ho uhl\u00ed a osv\u011b\u017euj\u00edc\u00ed chut\u00ed, tak\u017ee je vhodnou volbou pro ty, kte\u0159\u00ed to s b\u011blen\u00edm mysl\u00ed v\u00e1\u017en\u011b.<\/p>\n<hr>\n<p><strong>Zubn\u00ed pasta Crest 3D White Charcoal Deep Clean 99g, Invigorating Mint Whitening<\/strong> p\u0159edstavuje v\u00fdznamn\u00fd pokrok v oblasti \u00fastn\u00ed hygieny a kosmetick\u00e9 p\u00e9\u010de. Jedine\u010dn\u00e1 sm\u011bs d\u0159ev\u011bn\u00e9ho uhl\u00ed a b\u011blic\u00edch l\u00e1tek zaji\u0161\u0165uje nejen z\u00e1\u0159iv\u00fd \u00fasm\u011bv, ale tak\u00e9 podporuje hlub\u0161\u00ed \u010di\u0161t\u011bn\u00ed a sv\u011b\u017eej\u0161\u00ed dech. S ochranou proti fluoridu spl\u0148uje v\u0161echny po\u017eadavky na komplexn\u00ed p\u00e9\u010di o zuby.  <\/p>\n<p>Tak pro\u010d \u010dekat? Zm\u011b\u0148te svou zubn\u00ed rutinu a odhalte pln\u00fd potenci\u00e1l sv\u00e9ho \u00fasm\u011bvu s hloubkov\u00fdm \u010di\u0161t\u011bn\u00edm Crest 3D White Charcoal je\u0161t\u011b dnes! Zjist\u00edte, \u017ee z\u00e1\u0159iv\u00fd \u00fasm\u011bv je v\u00edc ne\u017e jen estetick\u00fd prvek; je to posilova\u010d sebev\u011bdom\u00ed, kter\u00fd m\u016f\u017ee zm\u011bnit va\u0161e ka\u017edodenn\u00ed interakce. Vyzkou\u0161ejte jej a za\u017eijte ten rozd\u00edl na vlastn\u00ed k\u016f\u017ei!   <\/p>\n","protected":false},"excerpt":{"rendered":"<p>Prozkoumejte zubn\u00ed pastu Crest 3D White Charcoal Deep Clean 99 g, b\u011bl\u00edc\u00ed pasta s povzbuzuj\u00edc\u00ed m\u00e1tou. Seznamte se s jej\u00edmi inovativn\u00edmi slo\u017ekami, v\u00fdhodami a tipy pro dosa\u017een\u00ed z\u00e1\u0159iv\u011bj\u0161\u00edho \u00fasm\u011bvu. <\/p>\n","protected":false},"featured_media":12942,"comment_status":"open","ping_status":"closed","template":"","meta":[],"product_cat":[1005],"product_tag":[1011,1044,1041,1042,1043],"class_list":{"0":"post-12941","1":"product","2":"type-product","3":"status-publish","4":"has-post-thumbnail","6":"product_cat-zubni-pasta-crest","7":"product_tag-crest-3d-white","8":"product_tag-crest-3d-white-charcoal","9":"product_tag-crest-3d-white-charcoal-deep-clean-99g","10":"product_tag-ozivujici-mata","11":"product_tag-zubni-pasta-elite-whitening","12":"pa_brands-crest","14":"first","15":"outofstock","16":"taxable","17":"shipping-taxable","18":"purchasable","19":"product-type-simple"},"_links":{"self":[{"href":"https:\/\/tretinoins.com\/cs\/wp-json\/wp\/v2\/product\/12941","targetHints":{"allow":["GET"]}}],"collection":[{"href":"https:\/\/tretinoins.com\/cs\/wp-json\/wp\/v2\/product"}],"about":[{"href":"https:\/\/tretinoins.com\/cs\/wp-json\/wp\/v2\/types\/product"}],"replies":[{"embeddable":true,"href":"https:\/\/tretinoins.com\/cs\/wp-json\/wp\/v2\/comments?post=12941"}],"version-history":[{"count":0,"href":"https:\/\/tretinoins.com\/cs\/wp-json\/wp\/v2\/product\/12941\/revisions"}],"wp:featuredmedia":[{"embeddable":true,"href":"https:\/\/tretinoins.com\/cs\/wp-json\/wp\/v2\/media\/12942"}],"wp:attachment":[{"href":"https:\/\/tretinoins.com\/cs\/wp-json\/wp\/v2\/media?parent=12941"}],"wp:term":[{"taxonomy":"product_cat","embeddable":true,"href":"https:\/\/tretinoins.com\/cs\/wp-json\/wp\/v2\/product_cat?post=12941"},{"taxonomy":"product_tag","embeddable":true,"href":"https:\/\/tretinoins.com\/cs\/wp-json\/wp\/v2\/product_tag?post=12941"}],"curies":[{"name":"wp","href":"https:\/\/api.w.org\/{rel}","templated":true}]}}