{"id":12937,"date":"2024-01-03T14:04:36","date_gmt":"2024-01-03T14:04:36","guid":{"rendered":"https:\/\/tretinoins.com\/crest-baking-soda-peroxide-161g-fresh-mint-belici-zubni-pasta\/"},"modified":"2024-01-03T14:04:36","modified_gmt":"2024-01-03T12:04:36","slug":"crest-baking-soda-peroxide-161g-fresh-mint-belici-zubni-pasta","status":"publish","type":"product","link":"https:\/\/tretinoins.com\/cs\/crest-baking-soda-peroxide-161g-fresh-mint-belici-zubni-pasta\/","title":{"rendered":"Crest Baking Soda &amp; Peroxide 161g, Fresh Mint, b\u011bl\u00edc\u00ed zubn\u00ed pasta"},"content":{"rendered":"<h1>Tajemstv\u00ed z\u00e1\u0159iv\u00e9ho \u00fasm\u011bvu: Zubn\u00ed pasta Crest Baking Soda &amp; Peroxide 161g, Fresh Mint Whitening Toothpaste: Rozbalen\u00ed b\u011bl\u00edc\u00ed zubn\u00ed pasty Crest Baking Soda &amp; Peroxide 161g, Fresh Mint.<\/h1>\n<hr>\n<p>V\u0161ichni zn\u00e1me p\u0159\u00edslov\u00ed: &#8222;\u00dasm\u011bv je ten nejlep\u0161\u00ed dopln\u011bk, jak\u00fd \u010dlov\u011bk m\u016f\u017ee m\u00edt.&#8220; Jak ale zajistit, aby n\u00e1\u0161 \u00fasm\u011bv z\u016fstal oslniv\u00fd a z\u00e1\u0159iv\u00fd? P\u0159ich\u00e1z\u00ed <strong>Crest Baking Soda &amp; Peroxide 161g, Fresh Mint Whitening Toothpaste<\/strong> &#8211; s\u00edla ve sv\u011bt\u011b zubn\u00ed p\u00e9\u010de, kter\u00e1 je stejn\u011b osv\u011b\u017euj\u00edc\u00ed jako \u00fa\u010dinn\u00e1.  <\/p>\n<p>Pokud v\u00e1s u\u017e unavuj\u00ed matn\u00e9, zabarven\u00e9 zuby a hled\u00e1te zubn\u00ed pastu, kter\u00e1 nejen b\u011bl\u00ed, ale tak\u00e9 podporuje celkov\u00e9 zdrav\u00ed \u00fastn\u00ed dutiny, jste na spr\u00e1vn\u00e9m m\u00edst\u011b! V tomto \u010dl\u00e1nku se poutavou a snadno stravitelnou formou pono\u0159\u00edme do v\u0161eho, co pot\u0159ebujete v\u011bd\u011bt o tomto fantastick\u00e9m v\u00fdrobku, a prozkoum\u00e1me jeho slo\u017een\u00ed, v\u00fdhody, pou\u017eit\u00ed a mnoho dal\u0161\u00edho. <\/p>\n<hr>\n<h2>Co obsahuje b\u011bl\u00edc\u00ed zubn\u00ed pasta Crest Baking Soda &amp; Peroxide 161g, Fresh Mint?<\/h2>\n<p>Rozebereme si z\u00e1kladn\u00ed slo\u017eky a jejich role. Zde je jednoduch\u00e1 tabulka pro objasn\u011bn\u00ed: <\/p>\n<table>\n<thead>\n<tr>\n<th><strong>P\u0159\u00edsady<\/strong><\/th>\n<th><strong>Funkce<\/strong><\/th>\n<\/tr>\n<\/thead>\n<tbody>\n<tr>\n<td>Jedl\u00e1 soda<\/td>\n<td>Jemn\u011b b\u011bl\u00ed a \u010dist\u00ed zuby<\/td>\n<\/tr>\n<tr>\n<td>Peroxid<\/td>\n<td>Hloubkov\u011b \u010dist\u00ed a pom\u00e1h\u00e1 b\u011blit zuby<\/td>\n<\/tr>\n<tr>\n<td>P\u0159\u00edchu\u0165 \u010derstv\u00e9 m\u00e1ty<\/td>\n<td>Dod\u00e1v\u00e1 osv\u011b\u017euj\u00edc\u00ed chu\u0165<\/td>\n<\/tr>\n<tr>\n<td>Fluorid<\/td>\n<td>Posiluje sklovinu a zabra\u0148uje vzniku zubn\u00edho kazu<\/td>\n<\/tr>\n<\/tbody>\n<\/table>\n<h3>Jedl\u00e1 soda: \u0160etrn\u00e9 abrazivo<\/h3>\n<p>Ach, jedl\u00e1 soda &#8211; v\u0161estrann\u00fd hrdina p\u0159\u00edrody! Je zn\u00e1m\u00e1 pro svou jemnou abrazivitu a pom\u00e1h\u00e1 odstra\u0148ovat povrchov\u00e9 skvrny, ani\u017e by po\u0161kodila sklovinu. Pokud jste n\u011bkdy pou\u017eili jedlou sodu p\u0159i pe\u010den\u00ed nebo \u00faklidu, v\u00edte, \u017ee je to siln\u00e1 s\u00edla, a tot\u00e9\u017e plat\u00ed i pro zdrav\u00ed va\u0161\u00ed \u00fastn\u00ed dutiny! Pr\u00e1v\u011b v tom <strong>Crest Baking Soda &amp; Peroxide 161g, Fresh Mint Whitening Toothpaste<\/strong> z\u00e1\u0159\u00ed. Je to jako m\u00edt v\u011brn\u00e9ho pomocn\u00edka, kter\u00fd m\u00e1 za \u00fakol udr\u017eet va\u0161e zuby z\u00e1\u0159iv\u00e9.    <\/p>\n<h3>Peroxid: B\u011bl\u00edc\u00ed bojovn\u00edk<\/h3>\n<p>Peroxid vod\u00edku nen\u00ed jen z\u00e1kladn\u00edm prost\u0159edkem pro dezinfekci v dom\u00e1cnosti, ale tak\u00e9 b\u011blic\u00edm prost\u0159edkem. Mnoho zubn\u00edch l\u00e9ka\u0159\u016f ho pou\u017e\u00edv\u00e1 ve sv\u00e9 praxi, a pokud je sou\u010d\u00e1st\u00ed zubn\u00ed pasty, jako je <strong>Crest Baking Soda &amp; Peroxide<\/strong>, m\u016f\u017ee zv\u00fd\u0161it kvalitu b\u011blen\u00ed zub\u016f t\u00edm, \u017ee se vypo\u0159\u00e1d\u00e1 se skvrnami hloub\u011bji, ne\u017e je mo\u017en\u00e9 dos\u00e1hnout standardn\u00ed zubn\u00ed pastou. <\/p>\n<h3>\u010cerstv\u00e1 m\u00e1ta: Z\u00e1van \u010derstv\u00e9ho vzduchu<\/h3>\n<p>Nezapome\u0148me na \u010derstvou m\u00e1tovou p\u0159\u00edchu\u0165! Nen\u00ed jen na par\u00e1du; zanech\u00e1 va\u0161e \u00fasta osv\u011b\u017een\u00e1 a v\u00e1\u0161 dech n\u00e1dhern\u011b von\u00ed. Kdo by necht\u011bl zubn\u00ed pastu, kter\u00e1 bojuje proti z\u00e1pachu z \u00fast a z\u00e1rove\u0148 rozz\u00e1\u0159\u00ed jeho \u00fasm\u011bv?  <\/p>\n<hr>\n<h2>V\u00fdhody pou\u017e\u00edv\u00e1n\u00ed jedl\u00e9 sody a peroxidu Crest<\/h2>\n<p>Pro\u010d byste tedy m\u011bli za\u0159adit <strong>b\u011bl\u00edc\u00ed zubn\u00ed pastu Crest Baking Soda &amp; Peroxide 161g, Fresh Mint<\/strong> do sv\u00e9 ka\u017edodenn\u00ed rutiny? Poj\u010fme si nast\u00ednit n\u011bkter\u00e9 z jej\u00edch ohromuj\u00edc\u00edch v\u00fdhod: <\/p>\n<h3>1. Odstra\u0148ov\u00e1n\u00ed skvrn Fantastick\u00e9!<\/h3>\n<ul>\n<li><strong>Rozjasn\u00ed v\u00e1\u0161 \u00fasm\u011bv<\/strong>: \u0158ekn\u011bte sbohem skvrn\u00e1m od k\u00e1vy, \u010daje nebo \u010derven\u00e9ho v\u00edna! Pravideln\u00fdm pou\u017e\u00edv\u00e1n\u00edm t\u00e9to zubn\u00ed pasty m\u016f\u017eete v\u00fdrazn\u011b zlep\u0161it b\u011blost sv\u00fdch zub\u016f. <\/li>\n<li><strong>Jemn\u011b le\u0161t\u00ed<\/strong>: Jedl\u00e1 soda d\u011bl\u00e1 z\u00e1zraky a poskytuje le\u0161tic\u00ed efekt, kter\u00fd podporuje jasn\u011bj\u0161\u00ed vzhled, ani\u017e by zp\u016fsobovala nadm\u011brn\u00e9 opot\u0159eben\u00ed.<\/li>\n<\/ul>\n<h3>2. Sv\u011b\u017e\u00ed dech po cel\u00fd den<\/h3>\n<ul>\n<li><strong>M\u00e1tov\u00e1 sv\u011b\u017eest<\/strong>: Sv\u011b\u017e\u00ed m\u00e1tov\u00e1 p\u0159\u00edchu\u0165 nen\u00ed jen o chuti &#8211; odstra\u0148uje nep\u0159\u00edjemn\u00fd z\u00e1pach a zanech\u00e1v\u00e1 \u00fasta d\u00e9le \u010dist\u00e1.<\/li>\n<li><strong>O\u010distn\u00fd \u00fa\u010dinek<\/strong>: Jedine\u010dn\u00e9 slo\u017een\u00ed pom\u00e1h\u00e1 bojovat proti bakteri\u00edm zp\u016fsobuj\u00edc\u00edm z\u00e1pach z \u00fast.<\/li>\n<\/ul>\n<h3>3. Ochrana dutin<\/h3>\n<ul>\n<li><strong>Fluoridov\u00e1 s\u00edla<\/strong>: D\u00edky p\u0159idan\u00e9mu fluoridu tato zubn\u00ed pasta pom\u00e1h\u00e1 posilovat zubn\u00ed sklovinu, kter\u00e1 je tak odoln\u011bj\u0161\u00ed v\u016f\u010di zubn\u00edmu kazu.<\/li>\n<li><strong>Celkov\u00e9 zdrav\u00ed \u00fastn\u00ed dutiny<\/strong>: <strong>Crest Baking Soda &amp; Peroxide<\/strong> zaji\u0161\u0165uje, \u017ee jste dob\u0159e chr\u00e1n\u011bni.<\/li>\n<\/ul>\n<h3>4. Snadn\u00e9 pou\u017eit\u00ed<\/h3>\n<ul>\n<li><strong>Pohodl\u00ed<\/strong>: Sta\u010d\u00ed na zubn\u00ed kart\u00e1\u010dek vytla\u010dit mno\u017estv\u00ed o velikosti hr\u00e1\u0161ku, \u010distit zuby dv\u011b minuty a voil\u00e0! Jste na cest\u011b k \u010dist\u0161\u00edmu a z\u00e1\u0159iv\u011bj\u0161\u00edmu \u00fasm\u011bvu. <\/li>\n<li><strong>\u0160etrn\u00fd pro ka\u017edodenn\u00ed pou\u017eit\u00ed<\/strong>: Lze jej pou\u017e\u00edvat denn\u011b bez obav z po\u0161kozen\u00ed skloviny, tak\u017ee je vhodn\u00fd pro v\u0161echny v\u011bkov\u00e9 kategorie.<\/li>\n<\/ul>\n<hr>\n<h2>Jak za\u0159adit sodu a peroxid do ka\u017edodenn\u00ed rutiny?<\/h2>\n<p>Za\u0159azen\u00ed jak\u00e9hokoli nov\u00e9ho produktu do ka\u017edodenn\u00ed rutiny m\u016f\u017ee vyvolat n\u011bkolik ot\u00e1zek. Jak \u010dasto byste ho m\u011bli pou\u017e\u00edvat? Kdy je nejvhodn\u011bj\u0161\u00ed doba? Poj\u010fme si to zjednodu\u0161it!   <\/p>\n<h3>Denn\u00ed rutina \u010di\u0161t\u011bn\u00ed zub\u016f<\/h3>\n<ol>\n<li><strong>Rann\u00ed ritu\u00e1l<\/strong>: \u010cist\u011bte si zuby ka\u017ed\u00e9 r\u00e1no hned po sn\u00eddani. Sv\u011b\u017e\u00ed m\u00e1ta pom\u00e1h\u00e1 proti rann\u00edmu dechu a je to skv\u011bl\u00fd za\u010d\u00e1tek dne! <\/li>\n<li><strong>P\u0159ed span\u00edm<\/strong>: Ne\u017e se ulo\u017e\u00edte do postele, po\u0159\u00e1dn\u011b si vy\u010dist\u011bte zuby. Zajist\u00edte tak, \u017ee se z nich smyj\u00ed v\u0161echny \u010d\u00e1ste\u010dky j\u00eddla a bakterie z cel\u00e9ho dne. <\/li>\n<\/ol>\n<h3>Tipy pro maxim\u00e1ln\u00ed \u00fa\u010dinnost<\/h3>\n<ul>\n<li><strong>Pou\u017eijte spr\u00e1vnou techniku<\/strong>: Nesp\u011bchejte! Jemn\u00fdmi krou\u017eiv\u00fdmi pohyby se ujist\u011bte, \u017ee jste vy\u010distili v\u0161echny plochy zub\u016f. <\/li>\n<li><strong>Nezapome\u0148te pou\u017e\u00edvat zubn\u00ed nit<\/strong>: Zubn\u00ed pasta je spojena s pou\u017e\u00edv\u00e1n\u00edm zubn\u00ed nit\u011b, co\u017e zaji\u0161\u0165uje dokonal\u00e9 vy\u010di\u0161t\u011bn\u00ed zub\u016f.<\/li>\n<li><strong>Opl\u00e1chn\u011bte vodou<\/strong>: Po \u010di\u0161t\u011bn\u00ed zub\u016f si vypl\u00e1chn\u011bte \u00fasta vodou, abyste smyli zbytky zubn\u00ed pasty.<\/li>\n<\/ul>\n<h2>P\u0159echod na jedlou sodu a peroxid Crest<\/h2>\n<p>Pokud ji\u017e pou\u017e\u00edv\u00e1te jinou zubn\u00ed pastu, mo\u017en\u00e1 v\u00e1s zaj\u00edm\u00e1, jak na ni p\u0159ej\u00edt. Zde je jednoduch\u00fd n\u00e1vod: <\/p>\n<ul>\n<li><strong>1. t\u00fdden<\/strong>: Za\u010dn\u011bte t\u00edm, \u017ee prvn\u00ed t\u00fdden vyst\u0159\u00edd\u00e1te svou st\u00e1vaj\u00edc\u00ed zubn\u00ed pastu s <strong>Crest Baking Soda &amp; Peroxide<\/strong>.<\/li>\n<li><strong>2. t\u00fdden<\/strong>: Postupn\u011b jej pou\u017e\u00edvejte \u010dast\u011bji a sna\u017ete se o \u00fapln\u00fd p\u0159echod do konce dvou t\u00fddn\u016f.<\/li>\n<\/ul>\n<p>Pou\u017eit\u00ed nov\u00e9 zubn\u00ed pasty m\u016f\u017ee n\u011bkdy vyvolat citlivost. Pokud se v\u00e1m to stane, zde je n\u011bkolik rychl\u00fdch tip\u016f, jak tuto p\u0159ek\u00e1\u017eku p\u0159ekonat: <\/p>\n<table>\n<thead>\n<tr>\n<th><strong>Krok<\/strong><\/th>\n<th><strong>Poradenstv\u00ed<\/strong><\/th>\n<\/tr>\n<\/thead>\n<tbody>\n<tr>\n<td>Jd\u011bte pomalu<\/td>\n<td>Za\u010dn\u011bte ji pou\u017e\u00edvat ka\u017ed\u00fd druh\u00fd den.<\/td>\n<\/tr>\n<tr>\n<td>Zam\u011b\u0159en\u00ed na techniku<\/td>\n<td>Dbejte na to, abyste si zuby ne\u010distili p\u0159\u00edli\u0161 siln\u011b.<\/td>\n<\/tr>\n<tr>\n<td>Hl\u00eddejte<\/td>\n<td>Pokud citlivost p\u0159etrv\u00e1v\u00e1, pora\u010fte se se zubn\u00edm l\u00e9ka\u0159em.<\/td>\n<\/tr>\n<\/tbody>\n<\/table>\n<hr>\n<h2>\u010cast\u00e9 dotazy o b\u011bl\u00edc\u00ed zubn\u00ed past\u011b Crest Baking Soda &amp; Peroxide<\/h2>\n<h3>1. Je jedl\u00e1 soda a peroxid Crest bezpe\u010dn\u00fd pro ka\u017ed\u00e9ho?<\/h3>\n<p>Rozhodn\u011b! Je ur\u010den pro v\u0161echny v\u011bkov\u00e9 kategorie, ale pro mlad\u0161\u00ed d\u011bti je v\u017edy dobr\u00e9, aby ho pou\u017e\u00edvaly pod dohledem dosp\u011bl\u00fdch. <\/p>\n<h3>2. Jak dlouho budu muset p\u0159\u00edpravek pou\u017e\u00edvat, ne\u017e uvid\u00edm v\u00fdsledky?<\/h3>\n<p>Obvykle m\u016f\u017eete za\u010d\u00edt pozorovat rozd\u00edl b\u011bhem jednoho t\u00fddne pravideln\u00e9ho pou\u017e\u00edv\u00e1n\u00ed. D\u016fslednost je kl\u00ed\u010dov\u00e1! <\/p>\n<h3>3. Mohu jej pou\u017e\u00edvat, pokud m\u00e1m citliv\u00e9 zuby?<\/h3>\n<p>Ano! I kdy\u017e n\u011bkte\u0159\u00ed lid\u00e9 s citlivost\u00ed mohou poci\u0165ovat m\u00edrn\u00e9 pot\u00ed\u017ee p\u0159i pou\u017eit\u00ed jak\u00e9hokoli b\u011bl\u00edc\u00edho p\u0159\u00edpravku, tato zubn\u00ed pasta je obecn\u011b dostate\u010dn\u011b \u0161etrn\u00e1 pro ka\u017edodenn\u00ed pou\u017eit\u00ed. <\/p>\n<h3>4. Co kdy\u017e m\u00e1m rovn\u00e1tka nebo jin\u00e9 zubn\u00ed z\u00e1kroky?<\/h3>\n<p>P\u0159i pou\u017eit\u00ed jak\u00e9hokoli lok\u00e1ln\u00edho b\u011bl\u00edc\u00edho p\u0159\u00edpravku se v\u017edy rad\u011bji pora\u010fte se sv\u00fdm zubn\u00edm l\u00e9ka\u0159em. Ten v\u00e1m m\u016f\u017ee poskytnout individu\u00e1ln\u00ed rady na z\u00e1klad\u011b situace va\u0161eho chrupu. <\/p>\n<h3>5. Mohu jej pou\u017e\u00edvat spole\u010dn\u011b s \u00fastn\u00ed vodou?<\/h3>\n<p>Ur\u010dit\u011b! Jen nezapome\u0148te po \u010di\u0161t\u011bn\u00ed zub\u016f po\u010dkat alespo\u0148 30 minut, ne\u017e pou\u017eijete \u00fastn\u00ed vodu, aby fluoridy mohly za\u010d\u00edt p\u016fsobit. <\/p>\n<h2>Sc\u00e9na na trhu: Crest vs. ostatn\u00ed zna\u010dky<\/h2>\n<p>V\u017edy je dobr\u00e9 prozkoumat, jak si produkt stoj\u00ed v porovn\u00e1n\u00ed s konkurenc\u00ed. Zde je stru\u010dn\u00e9 srovn\u00e1n\u00ed. <\/p>\n<table>\n<thead>\n<tr>\n<th><strong>Zna\u010dka\/v\u00fdrobek<\/strong><\/th>\n<th><strong>Whitening Power<\/strong><\/th>\n<th><strong>Mo\u017enosti p\u0159\u00edchut\u00ed<\/strong><\/th>\n<th><strong>Bezpe\u010dn\u00e9 pro sklovinu<\/strong><\/th>\n<\/tr>\n<\/thead>\n<tbody>\n<tr>\n<td>Crest Soda a peroxid<\/td>\n<td>Vysok\u00fd<\/td>\n<td>Sv\u011b\u017e\u00ed m\u00e1ta<\/td>\n<td>Ano<\/td>\n<\/tr>\n<tr>\n<td>Colgate Optic White<\/td>\n<td>M\u00edrn\u00fd<\/td>\n<td>Cool Mint, Whitening Blast<\/td>\n<td>Ano<\/td>\n<\/tr>\n<tr>\n<td>Sensodyne Extra Whitening<\/td>\n<td>M\u00edrn\u00e9<\/td>\n<td>Sv\u011b\u017e\u00ed m\u00e1ta<\/td>\n<td>Ano<\/td>\n<\/tr>\n<\/tbody>\n<\/table>\n<p>P\u0159i pohledu na tyto mo\u017enosti je z\u0159ejm\u00e9, \u017ee <strong>b\u011bl\u00edc\u00ed zubn\u00ed pasta Crest Baking Soda &amp; Peroxide 161g, Fresh Mint<\/strong> vede d\u00edky sv\u00e9 jedine\u010dn\u00e9 sm\u011bsi b\u011bl\u00edc\u00edch l\u00e1tek a chu\u0165ov\u00e9mu profilu.<\/p>\n<hr>\n<p>Pokud to shrneme, za\u0159azen\u00ed <strong>b\u011bl\u00edc\u00ed zubn\u00ed pasty Crest Baking Soda &amp; Peroxide 161g, Fresh Mint<\/strong> do va\u0161\u00ed zubn\u00ed rutiny nen\u00ed jen o marnivosti, ale je to z\u00e1vazek k celkov\u00e9mu zdrav\u00ed va\u0161\u00ed \u00fastn\u00ed dutiny. D\u00edky sv\u00fdm siln\u00fdm schopnostem v boji proti skvrn\u00e1m, osv\u011b\u017euj\u00edc\u00ed chuti a ochrann\u00fdm vlastnostem pln\u00ed dvoj\u00ed \u00fakol &#8211; udr\u017euje va\u0161e \u00fasta \u010dist\u00e1 a v\u00e1\u0161 \u00fasm\u011bv z\u00e1\u0159iv\u00fd. <\/p>\n<p>Tak pro\u010d to nezkusit? P\u0159ijm\u011bte kouzlo zubn\u00ed kosmetiky Crest a brzy se budete sebev\u011bdom\u011b usm\u00edvat v\u0161ude, kam p\u0159ijdete. Nechte sv\u016fj \u00fasm\u011bv z\u00e1\u0159it jasem a sv\u011b\u017eest\u00ed &#8211; v\u017edy\u0165 je to v\u00e1\u0161 nejlep\u0161\u00ed dopln\u011bk!  <\/p>\n<p>Na co \u010dek\u00e1te? Vezm\u011bte si tubu je\u0161t\u011b dnes a vydejte se na cestu k oslniv\u00e9mu \u00fasm\u011bvu! <\/p>\n","protected":false},"excerpt":{"rendered":"<p>Zjist\u011bte, jak m\u016f\u017ee b\u011bl\u00edc\u00ed zubn\u00ed pasta Crest Baking Soda &amp; Peroxide 161g, Fresh Mint zm\u011bnit va\u0161i \u00fastn\u00ed hygienu. Odhalte jej\u00ed v\u00fdhody, tipy na pou\u017eit\u00ed a d\u016fvody, pro\u010d je z\u00e1\u0159iv\u00fd \u00fasm\u011bv vzd\u00e1len\u00fd jen jeden kart\u00e1\u010dek! <\/p>\n","protected":false},"featured_media":12938,"comment_status":"open","ping_status":"closed","template":"","meta":[],"product_cat":[1005],"product_tag":[1014,1039,1038,1040,1010],"class_list":{"0":"post-12937","1":"product","2":"type-product","3":"status-publish","4":"has-post-thumbnail","6":"product_cat-zubni-pasta-crest","7":"product_tag-belici-zubni-pasta","8":"product_tag-cerstva-mata","9":"product_tag-crest-soda-bikarbona-a-peroxid-161g","10":"product_tag-soda-do-peciva-crest","11":"product_tag-zubni-pasta","12":"pa_brands-crest","14":"first","15":"instock","16":"taxable","17":"shipping-taxable","18":"purchasable","19":"product-type-simple"},"_links":{"self":[{"href":"https:\/\/tretinoins.com\/cs\/wp-json\/wp\/v2\/product\/12937","targetHints":{"allow":["GET"]}}],"collection":[{"href":"https:\/\/tretinoins.com\/cs\/wp-json\/wp\/v2\/product"}],"about":[{"href":"https:\/\/tretinoins.com\/cs\/wp-json\/wp\/v2\/types\/product"}],"replies":[{"embeddable":true,"href":"https:\/\/tretinoins.com\/cs\/wp-json\/wp\/v2\/comments?post=12937"}],"version-history":[{"count":0,"href":"https:\/\/tretinoins.com\/cs\/wp-json\/wp\/v2\/product\/12937\/revisions"}],"wp:featuredmedia":[{"embeddable":true,"href":"https:\/\/tretinoins.com\/cs\/wp-json\/wp\/v2\/media\/12938"}],"wp:attachment":[{"href":"https:\/\/tretinoins.com\/cs\/wp-json\/wp\/v2\/media?parent=12937"}],"wp:term":[{"taxonomy":"product_cat","embeddable":true,"href":"https:\/\/tretinoins.com\/cs\/wp-json\/wp\/v2\/product_cat?post=12937"},{"taxonomy":"product_tag","embeddable":true,"href":"https:\/\/tretinoins.com\/cs\/wp-json\/wp\/v2\/product_tag?post=12937"}],"curies":[{"name":"wp","href":"https:\/\/api.w.org\/{rel}","templated":true}]}}