{"id":12859,"date":"2024-08-27T14:27:21","date_gmt":"2024-08-27T12:27:21","guid":{"rendered":"https:\/\/tretinoins.com\/minoxidil-5-roztok-kirkland-lecba-rustu-vlasu-a-vousu\/"},"modified":"2024-08-27T14:27:21","modified_gmt":"2024-08-27T12:27:21","slug":"minoxidil-5-roztok-kirkland-lecba-rustu-vlasu-a-vousu","status":"publish","type":"product","link":"https:\/\/tretinoins.com\/cs\/minoxidil-5-roztok-kirkland-lecba-rustu-vlasu-a-vousu\/","title":{"rendered":"Minoxidil 5% roztok, Kirkland, l\u00e9\u010dba r\u016fstu vlas\u016f a vous\u016f"},"content":{"rendered":"<h1>Od strni\u0161t\u011b ke sl\u00e1v\u011b: Minoxidil 5% roztok od Kirklandu m\u011bn\u00ed r\u016fst vlas\u016f a vous\u016f.<\/h1>\n<p>Chlupy na tv\u00e1\u0159i a bujn\u00e9 kade\u0159e se staly charakteristick\u00fdmi znaky modern\u00edho stylu. A\u0165 u\u017e se hon\u00edte za ostr\u00fdmi vousy hodn\u00fdmi Instagramu, nebo se sna\u017e\u00edte bojovat s \u0159\u00eddnut\u00edm vlas\u016f, hled\u00e1n\u00ed spr\u00e1vn\u00e9 p\u00e9\u010de m\u016f\u017ee p\u0159ipom\u00ednat loven\u00ed ryb v sudu. Trh je zaplaven sliby, ale jen m\u00e1lo produkt\u016f d\u016fsledn\u011b p\u0159in\u00e1\u0161\u00ed v\u00fdsledky podlo\u017een\u00e9 v\u011bdeck\u00fdmi poznatky. P\u0159ich\u00e1z\u00ed <strong>Minoxidil 5% Solution, Kirkland<\/strong>, p\u0159\u00edpravek, kter\u00fd m\u011bn\u00ed pravidla hry pro r\u016fst vlas\u016f a vous\u016f.   <\/p>\n<p>Pro ty, kte\u0159\u00ed se pot\u00fdkaj\u00ed s d\u011bdi\u010dnou ple\u0161atost\u00ed, nejednotn\u00fdmi vousy nebo \u0159\u00eddnouc\u00edmi vlasy, m\u016f\u017ee va\u0161e hled\u00e1n\u00ed skon\u010dit pr\u00e1v\u011b zde. O roztoku Minoxidil od spole\u010dnosti Kirkland se mluv\u00ed z dobr\u00fdch d\u016fvod\u016f. Ale tady je ot\u00e1zka za milion dolar\u016f: funguje a stoj\u00ed za v\u0161echen ten humbuk? P\u0159ipoutejte se &#8211; pono\u0159\u00edme se do tohoto z\u00e1zraku v lahvi\u010dce.   <\/p>\n<hr>\n<h1>Jak\u00fd je humbuk kolem roztoku Minoxidil 5%, Kirkland?<\/h1>\n<h2>V\u011bdeck\u00e9 poznatky o minoxidilu<\/h2>\n<p>Ne\u017e za\u010dneme mluvit o samotn\u00e9m produktu, poj\u010fme se zab\u00fdvat pal\u010divou ot\u00e1zkou: jak Minoxidil funguje? V\u011bdci tento p\u0159\u00edpravek p\u016fvodn\u011b vyvinuli k l\u00e9\u010db\u011b vysok\u00e9ho krevn\u00edho tlaku. Kupodivu se b\u011bhem testov\u00e1n\u00ed objevil jeden zvl\u00e1\u0161tn\u00ed vedlej\u0161\u00ed \u00fa\u010dinek &#8211; r\u016fst vlas\u016f! Mluv\u00edme o \u0161\u0165astn\u00e9 n\u00e1hod\u011b, \u017ee?   <\/p>\n<p>Minoxidil p\u016fsob\u00ed tak, \u017ee otev\u00edr\u00e1 c\u00e9vy a zvy\u0161uje pr\u016ftok krve do vlasov\u00fdch folikul\u016f, \u010d\u00edm\u017e jim dod\u00e1v\u00e1 \u017eiviny, kter\u00e9 pot\u0159ebuj\u00ed ke sv\u00e9mu r\u016fstu. Anagenn\u00ed neboli r\u016fstov\u00e1 f\u00e1ze vlasov\u00e9ho cyklu se prodlu\u017euje, co\u017e vede k siln\u011bj\u0161\u00edm a zdrav\u011bj\u0161\u00edm vlas\u016fm v oblastech, kter\u00e9 byly d\u0159\u00edve \u0159\u00eddk\u00e9 nebo ple\u0161at\u00e9. <\/p>\n<h3>Kl\u00ed\u010dov\u00e9 vlastnosti roztoku Kirkland&#8217;s Minoxidil 5%<\/h3>\n<p>Zna\u010dka Kirkland, kter\u00e1 je zn\u00e1m\u00e1 t\u00edm, \u017ee nab\u00edz\u00ed v\u00fdhodnou cenu, ani\u017e by \u0161et\u0159ila na kvalit\u011b, zintenzivnila svou hru a nab\u00eddla p\u0159\u00edpravek s 5% obsahem minoxidilu bez zbyte\u010dn\u00fdch p\u0159\u00edkras. Zde je to, co ho odli\u0161uje: <\/p>\n<ul>\n<li><strong>Vysok\u00e1 koncentrace:<\/strong> 5 % je nejslad\u0161\u00ed d\u00e1vka klinicky ov\u011b\u0159en\u00e9ho minoxidilu.<\/li>\n<li><strong>C\u00edlen\u00e9 \u00fa\u010dinky:<\/strong> Ide\u00e1ln\u00ed pro ustupuj\u00edc\u00ed linie vlas\u016f, \u0159\u00eddnouc\u00ed koruny a nerovnom\u011brn\u00fd r\u016fst vous\u016f.<\/li>\n<li><strong>N\u00e1kladov\u011b efektivn\u00ed:<\/strong> Cenov\u011b v\u00fdhodn\u00e9 v porovn\u00e1n\u00ed s jin\u00fdmi \u0159e\u0161en\u00edmi velk\u00fdch zna\u010dek.<\/li>\n<li><strong>Dermatologicky testov\u00e1no:<\/strong> P\u0159esto\u017ee nen\u00ed pro ka\u017ed\u00e9ho, je obecn\u011b bezpe\u010dn\u00fd pro v\u011bt\u0161inu typ\u016f pleti, pokud se aplikuje podle pokyn\u016f.<\/li>\n<\/ul>\n<hr>\n<h1>Pro\u010d si vybrat Kirkland m\u00edsto jin\u00fdch zna\u010dek?<\/h1>\n<p>P\u0159iznejme si, \u017ee trh je zaplaven napodobeninami. V\u00fdb\u011br spr\u00e1vn\u00e9ho produktu, od velk\u00fdch zna\u010dek, kter\u00e9 si \u00fa\u010dtuj\u00ed vysok\u00e9 ceny, a\u017e po pochybn\u00e9 napodobeniny dostupn\u00e9 na str\u00e1nk\u00e1ch t\u0159et\u00edch stran, m\u016f\u017ee p\u0159ipom\u00ednat pohyb v minov\u00e9m poli. Zna\u010dka Kirkland z\u00e1\u0159\u00ed, proto\u017ee se j\u00ed poda\u0159ilo naj\u00edt dokonalou rovnov\u00e1hu mezi cenou a kvalitou.  <\/p>\n<h3>V\u00fdhodn\u00fd n\u00e1kup<\/h3>\n<p>Pro\u010d platit vysokou cenu za v podstat\u011b stejn\u00fd p\u0159\u00edpravek Minoxidil? Zna\u010dka Kirkland je jednoduch\u00e1, ale \u00fa\u010dinn\u00e1. To znamen\u00e1, \u017ee z\u00edsk\u00e1te pr\u00e9miovou 5% koncentraci bez pr\u00e9miov\u00e9 ceny.  <\/p>\n<h3>Kompatibilita s r\u016fstem vous\u016f<\/h3>\n<p>N\u011bkter\u00e9 produkty se v\u00fdslovn\u011b zam\u011b\u0159uj\u00ed na vlasy na hlav\u011b, ale Kirkland? Ten se postar\u00e1 i o va\u0161e vousy! P\u0159i d\u016fsledn\u00e9m pou\u017e\u00edv\u00e1n\u00ed podporuje hustotu na nejednotn\u00fdch m\u00edstech a podporuje r\u016fst nov\u00fdch folikul\u016f pod\u00e9l \u010delisti, tv\u00e1\u0159\u00ed a kn\u00edru.  <\/p>\n<hr>\n<h1>Jak pou\u017e\u00edvat Minoxidil 5% roztok?<\/h1>\n<h1><i>Pr\u00e1vo<\/i><\/h1>\n<h1>Cesta<\/h1>\n<h2>D\u016fslednost je kl\u00ed\u010dov\u00e1<\/h2>\n<p>Je l\u00e1kav\u00e9 myslet si, \u017ee v\u00edce znamen\u00e1 l\u00e9pe. U minoxidilu je v\u0161ak nejlep\u0161\u00ed dr\u017eet se doporu\u010den\u00e9 d\u00e1vky. N\u00e1vratnost se p\u0159i nadm\u011brn\u00e9m pou\u017e\u00edv\u00e1n\u00ed sni\u017euje a nespr\u00e1vn\u00e1 aplikace m\u016f\u017ee v\u00e9st k ne\u017e\u00e1douc\u00edm vedlej\u0161\u00edm \u00fa\u010dink\u016fm. Zde je rozpis postupu:   <\/p>\n<ol>\n<li><strong>O\u010dist\u011bte si obli\u010dej\/skalp:<\/strong> \u010cerstv\u00e9 pl\u00e1tno zaji\u0161\u0165uje lep\u0161\u00ed vst\u0159eb\u00e1v\u00e1n\u00ed.<\/li>\n<li><strong>Zm\u011b\u0159te d\u00e1vku:<\/strong> Pou\u017eijte p\u0159ilo\u017een\u00e9 kap\u00e1tko k aplikaci 1 ml roztoku.<\/li>\n<li><strong>Zam\u011b\u0159te se na probl\u00e9mov\u00e9 oblasti:<\/strong> Zam\u011b\u0159te se na lysiny, ustupuj\u00edc\u00ed linie nebo \u0159\u00eddk\u00e9 vousy.<\/li>\n<li><strong>Rovnom\u011brn\u011b rozet\u0159ete:<\/strong> Pomoc\u00ed prst\u016f roztok rozet\u0159ete a rozprost\u0159ete.<\/li>\n<li><strong>Nechte ji uschnout:<\/strong> M\u00edsto aplikace nemyjte nejm\u00e9n\u011b \u010dty\u0159i hodiny.<\/li>\n<\/ol>\n<p>Chcete rychlej\u0161\u00ed v\u00fdsledky? Trp\u011blivost, p\u0159\u00edteli. Viditeln\u00fdch zm\u011bn si obvykle v\u0161imnete po t\u0159ech m\u011bs\u00edc\u00edch pravideln\u00e9ho pou\u017e\u00edv\u00e1n\u00ed.  <\/p>\n<hr>\n<h1>Prolomen\u00ed m\u00fdt\u016f o l\u00e9\u010db\u011b r\u016fstu vlas\u016f<\/h1>\n<p>Ujasn\u011bme si n\u011bco &#8211; minoxidil nen\u00ed kouzeln\u00e1 h\u016flka. Da\u0159\u00ed se mu v oblasti realistick\u00fdch o\u010dek\u00e1v\u00e1n\u00ed. Je \u010das vyvr\u00e1tit n\u011bkolik roz\u0161\u00ed\u0159en\u00fdch m\u00fdt\u016f:  <\/p>\n<h3>M\u00fdtus 1: &#8222;Bude to fungovat p\u0159es noc!&#8220;<\/h3>\n<p>K\u00e9\u017e by to bylo tak snadn\u00e9! Dor\u016fst\u00e1n\u00ed vlas\u016f je pomal\u00fd a trval\u00fd proces; prvn\u00ed v\u00fdsledky mohou zahrnovat vypad\u00e1v\u00e1n\u00ed slab\u0161\u00edch vlas\u016f, kter\u00e9 uvol\u0148uj\u00ed m\u00edsto siln\u011bj\u0161\u00edmu r\u016fstu. (Ano, vypad\u00e1v\u00e1n\u00ed je norm\u00e1ln\u00ed!)  <\/p>\n<h3>M\u00fdtus 2: &#8222;Funguje pouze na vlasy na hlav\u011b.&#8220;<\/h3>\n<p>\u0160patn\u011b! Studie a nespo\u010det \u00fasp\u011bch\u016f potvrzuj\u00ed, \u017ee Minoxidil Kirkland&#8217;s 5 % je skv\u011ble p\u0159izp\u016fsobiteln\u00fd i pro chloupky na obli\u010deji. Tup\u00e9 vousy? Z\u016fsta\u0148te d\u016fsledn\u00ed a sledujte prom\u011bnu.   <\/p>\n<h3>M\u00fdtus 3: &#8222;Kdy\u017e p\u0159estanete, p\u0159ijdete o v\u0161echny zisky.&#8220;<\/h3>\n<p>No, tak n\u011bjak. Minoxidil funguje tak dlouho, dokud ho pou\u017e\u00edv\u00e1te. Jakmile p\u0159estanete, mohou se sp\u00edc\u00ed folikuly vr\u00e1tit do neaktivn\u00edho stavu. Pokud usilujete o dlouhodob\u00e9 v\u00fdsledky, je d\u016fslednost neoddiskutovateln\u00e1.   <\/p>\n<h3>M\u00fdtus 4: &#8222;Je to nebezpe\u010dn\u00e9.&#8220;<\/h3>\n<p>Minoxidil je schv\u00e1len FDA a je podlo\u017een desetilet\u00edmi v\u00fdzkumu. Pokud m\u00e1te obavy, jako v\u017edy se pora\u010fte se sv\u00fdm l\u00e9ka\u0159em, zejm\u00e9na pokud jste t\u011bhotn\u00e1, koj\u00edte nebo m\u00e1te z\u00e1kladn\u00ed zdravotn\u00ed probl\u00e9my. <\/p>\n<hr>\n<h1>\u010cast\u00e9 dotazy k p\u0159\u00edpravku Minoxidil 5% Solution, Kirkland, l\u00e9\u010dba r\u016fstu vlas\u016f a vous\u016f<\/h1>\n<h3>Bude Minoxidil fungovat pro ka\u017ed\u00e9ho?<\/h3>\n<p>Bohu\u017eel ne. Minoxidil vykazuje nejlep\u0161\u00ed v\u00fdsledky pro ty, kte\u0159\u00ed trp\u00ed androgenn\u00ed alopeci\u00ed (ple\u0161atost\u00ed) nebo \u0159\u00eddk\u00fdmi vousy. Pokud je va\u0161e vypad\u00e1v\u00e1n\u00ed vlas\u016f zp\u016fsobeno jin\u00fdmi faktory, jako je zjizven\u00ed, hormon\u00e1ln\u00ed nerovnov\u00e1ha nebo zdravotn\u00ed stav, m\u016f\u017ee b\u00fdt jeho \u00fa\u010dinnost omezen\u00e1.  <\/p>\n<h3>Existuj\u00ed n\u011bjak\u00e9 vedlej\u0161\u00ed \u00fa\u010dinky?<\/h3>\n<p>N\u011bkte\u0159\u00ed u\u017eivatel\u00e9 zpo\u010d\u00e1tku hl\u00e1s\u00ed m\u00edrn\u00e9 podr\u00e1\u017ed\u011bn\u00ed, sv\u011bd\u011bn\u00ed nebo suchost. Vz\u00e1cn\u011b byly zaznamen\u00e1ny p\u0159\u00edpady z\u00e1vrat\u00ed nebo zrychlen\u00e9ho srde\u010dn\u00edho tepu. V\u017edy prove\u010fte n\u00e1plas\u0165ov\u00fd test a dodr\u017eujte pokyny, abyste minimalizovali rizika.  <\/p>\n<h3>Mohou \u017eeny pou\u017e\u00edvat Kirkland&#8217;s Minoxidil?<\/h3>\n<p>Ano, ale \u017eeny by se m\u011bly poradit s l\u00e9ka\u0159em kv\u016fli mo\u017en\u00fdm ne\u017e\u00e1douc\u00edm \u00fa\u010dink\u016fm spojen\u00fdm s vy\u0161\u0161\u00edmi koncentracemi, jako je 5% vzorec. Koncentrace 2 % je obecn\u011b bezpe\u010dn\u011bj\u0161\u00ed a stejn\u011b \u00fa\u010dinn\u00e1 p\u0159i vypad\u00e1v\u00e1n\u00ed vlas\u016f u \u017een. <\/p>\n<hr>\n<h1>Real Talk: V\u00fdsledky, kter\u00e9 mluv\u00ed<\/h1>\n<h3>\u00dasp\u011b\u0161n\u00e9 p\u0159\u00edb\u011bhy ka\u017edodenn\u00edch u\u017eivatel\u016f<\/h3>\n<p>Dvaat\u0159icetilet\u00fd Jared v\u017edy z\u00e1vid\u011bl sv\u00fdm kamar\u00e1d\u016fm plnovous. Po t\u0159ech m\u011bs\u00edc\u00edch pou\u017e\u00edv\u00e1n\u00ed roztoku Minoxidil 5 % od Kirklandu se mu za\u010daly zapl\u0148ovat skvrny na tv\u00e1\u0159\u00edch. Po \u0161esti m\u011bs\u00edc\u00edch? Jared m\u00e1 vousy, kter\u00e9 by mu z\u00e1vid\u011bl i s\u00e1m Santa!   <\/p>\n<p>Co se t\u00fd\u010de vlas\u016f, 28let\u00e1 Sophia zaznamenala fantastick\u00e9 v\u00fdsledky p\u0159i \u0159e\u0161en\u00ed \u0159\u00eddnouc\u00edch okraj\u016f. &#8222;Zpo\u010d\u00e1tku jsem byla skeptick\u00e1,&#8220; p\u0159izn\u00e1v\u00e1, &#8222;ale postupem \u010dasu jsem si v\u0161imla, \u017ee mi ve spr\u0161e odt\u00e9k\u00e1 m\u00e9n\u011b pramen\u016f a kolem temene mi rostou siln\u011bj\u0161\u00ed prameny.&#8220; <\/p>\n<hr>\n<h1>Tipy pro maxim\u00e1ln\u00ed vyu\u017eit\u00ed potenci\u00e1lu minoxidilu<\/h1>\n<ol>\n<li><strong>Kombinujte s Dermarollery:<\/strong> Mikrojehli\u010dkov\u00e1n\u00ed otev\u00edr\u00e1 cesty pro \u00fa\u010dinn\u011bj\u0161\u00ed pronik\u00e1n\u00ed minoxidilu.<\/li>\n<li><strong>\u017d\u00e1dosti nevynech\u00e1vejte:<\/strong> D\u016fslednost se vyplat\u00ed. P\u0159eskakov\u00e1n\u00ed dn\u016f m\u016f\u017ee zpozdit pokrok. <\/li>\n<li><strong>Spojte ji se zdrav\u011bj\u0161\u00edmi n\u00e1vyky:<\/strong> Strava bohat\u00e1 na vitam\u00edny, jako je biotin a \u017eelezo, a dobr\u00e9 zvl\u00e1d\u00e1n\u00ed stresu dopl\u0148uj\u00ed l\u00e9\u010dbu. Koneckonc\u016f, je to proces, kter\u00fd se odehr\u00e1v\u00e1 zevnit\u0159 ven! <\/li>\n<\/ol>\n<hr>\n<h1>Z\u00e1v\u011br: Stoj\u00ed Minoxidil 5% Solution by Kirkland za to?<\/h1>\n<p>Rozhodn\u011b. Vzhledem k cen\u011b a prok\u00e1zan\u00e9 \u00fa\u010dinnosti je t\u011b\u017ek\u00e9 p\u0159ekonat roztok Minoxidil od Kirklanda. A\u0165 u\u017e usilujete o pln\u011bj\u0161\u00ed vousy, nebo se pot\u00fdk\u00e1te s \u0159\u00eddnouc\u00edmi vlasy, tento p\u0159\u00edpravek spln\u00ed sv\u016fj slib, pokud se pou\u017e\u00edv\u00e1 podle n\u00e1vodu. Jist\u011b, nen\u00ed to okam\u017eit\u00e1 n\u00e1prava, ale \u0158\u00edm nebyl postaven za den a stejn\u011b tak ani va\u0161e vysn\u011bn\u00e1 linie vlas\u016f nebo vous\u016f.   <\/p>\n<p>Jste p\u0159ipraveni se do toho pustit? Zkuste Minoxidil 5% roztok, Kirkland &#8211; mo\u017en\u00e1 se za p\u00e1r m\u011bs\u00edc\u016f ohl\u00e9dnete, pohlad\u00edte si pln\u011bj\u0161\u00ed vousy nebo budete obdivovat siln\u011bj\u0161\u00ed vlasy a budete se divit, pro\u010d jste tak dlouho \u010dekali. <\/p>\n","protected":false},"excerpt":{"rendered":"<p id=\"tw-target-text\" class=\"tw-data-text tw-text-large tw-ta\" dir=\"ltr\" data-placeholder=\"Traducere\" aria-label=\"Text tradus\" data-ved=\"2ahUKEwiKz6uumJWIAxUD_rsIHWp_KH8Q3ewLegQIBxAU\">Zjist\u011bte, jak m\u016f\u017ee Minoxidil 5% Solution od Kirklandu podpo\u0159it r\u016fst va\u0161ich vlas\u016f a vous\u016f! P\u0159e\u010dt\u011bte si o jeho \u00fa\u010dinnosti a zp\u016fsobu pou\u017eit\u00ed. <\/p>\n","protected":false},"featured_media":12862,"comment_status":"open","ping_status":"closed","template":"","meta":[],"product_cat":[1028,1029],"product_tag":[1031,1030],"class_list":{"0":"post-12859","1":"product","2":"type-product","3":"status-publish","4":"has-post-thumbnail","6":"product_cat-pece-o-vlasy","7":"product_cat-minoxidil","8":"product_tag-minoxidil","9":"product_tag-minoxidil-5","10":"pa_brands-kirkland","12":"first","13":"instock","14":"featured","15":"taxable","16":"shipping-taxable","17":"purchasable","18":"product-type-variable"},"_links":{"self":[{"href":"https:\/\/tretinoins.com\/cs\/wp-json\/wp\/v2\/product\/12859","targetHints":{"allow":["GET"]}}],"collection":[{"href":"https:\/\/tretinoins.com\/cs\/wp-json\/wp\/v2\/product"}],"about":[{"href":"https:\/\/tretinoins.com\/cs\/wp-json\/wp\/v2\/types\/product"}],"replies":[{"embeddable":true,"href":"https:\/\/tretinoins.com\/cs\/wp-json\/wp\/v2\/comments?post=12859"}],"version-history":[{"count":0,"href":"https:\/\/tretinoins.com\/cs\/wp-json\/wp\/v2\/product\/12859\/revisions"}],"wp:featuredmedia":[{"embeddable":true,"href":"https:\/\/tretinoins.com\/cs\/wp-json\/wp\/v2\/media\/12862"}],"wp:attachment":[{"href":"https:\/\/tretinoins.com\/cs\/wp-json\/wp\/v2\/media?parent=12859"}],"wp:term":[{"taxonomy":"product_cat","embeddable":true,"href":"https:\/\/tretinoins.com\/cs\/wp-json\/wp\/v2\/product_cat?post=12859"},{"taxonomy":"product_tag","embeddable":true,"href":"https:\/\/tretinoins.com\/cs\/wp-json\/wp\/v2\/product_tag?post=12859"}],"curies":[{"name":"wp","href":"https:\/\/api.w.org\/{rel}","templated":true}]}}