{"id":12853,"date":"2024-01-03T14:05:19","date_gmt":"2024-01-03T14:05:19","guid":{"rendered":"https:\/\/tretinoins.com\/crest-3d-white-arctic-fresh-93g-belici-zubni-pasta\/"},"modified":"2024-01-03T14:05:19","modified_gmt":"2024-01-03T12:05:19","slug":"crest-3d-white-arctic-fresh-93g-belici-zubni-pasta","status":"publish","type":"product","link":"https:\/\/tretinoins.com\/cs\/crest-3d-white-arctic-fresh-93g-belici-zubni-pasta\/","title":{"rendered":"Crest 3D White Arctic Fresh 93g &#8211; b\u011bl\u00edc\u00ed zubn\u00ed pasta"},"content":{"rendered":"<div>\n<h1>Z\u00e1\u0159iv\u00fd \u00fasm\u011bv s cenov\u011b dostupn\u00fdm kr\u00e9mem Crest 3D White Arctic Fresh 107g: Je to ta nejlep\u0161\u00ed b\u011bl\u00edc\u00ed zubn\u00ed pasta?<\/h1>\n<hr>\n<p>V\u00e1\u0161 \u00fasm\u011bv je jednou z prvn\u00edch v\u011bc\u00ed, kter\u00e9 si na v\u00e1s lid\u00e9 v\u0161imnou &#8211; je to va\u0161e vizitka pro sv\u011bt. Z\u00e1\u0159iv\u011b b\u00edl\u00fd \u00fasm\u011bv nejen skv\u011ble vypad\u00e1, ale tak\u00e9 zvy\u0161uje sebev\u011bdom\u00ed, vytv\u00e1\u0159\u00ed trval\u00fd dojem a vyza\u0159uje zdrav\u00ed. Ale p\u0159iznejme si, \u017ee \u017eivot nen\u00ed zrovna p\u0159\u00edv\u011btiv\u00fd k \u00fasm\u011bvu, kdy\u017e do hry vstoup\u00ed k\u00e1va, v\u00edno a sladk\u00e9 pochutiny, kter\u00e9 v\u0161ichni milujeme. Pr\u00e1v\u011b tady vstupuje na sc\u00e9nu <strong>b\u011bl\u00edc\u00ed zubn\u00ed pasta Crest 3D White Arctic Fresh 107g<\/strong>, kter\u00e1 slibuje, \u017ee rozz\u00e1\u0159\u00ed va\u0161e zuby, osv\u011b\u017e\u00ed v\u00e1\u0161 dech a zanech\u00e1 ve v\u00e1s pocit nezastavitelnosti.   <\/p>\n<p>V p\u0159epln\u011bn\u00e9m sv\u011bt\u011b b\u011bl\u00edc\u00edch zubn\u00edch past jste pravd\u011bpodobn\u011b vid\u011bli nespo\u010det tvrzen\u00ed, velkolep\u00fdch slib\u016f a honosn\u00fdch obal\u016f. Ot\u00e1zka tedy zn\u00ed: spl\u0148uje Crest 3D White Arctic Fresh o\u010dek\u00e1v\u00e1n\u00ed? Rozeb\u00edr\u00e1me pro v\u00e1s, co je jej\u00ed p\u0159ednost\u00ed, jak funguje a zda si zaslou\u017e\u00ed m\u00edsto ve va\u0161\u00ed ka\u017edodenn\u00ed rutin\u011b.  <\/p>\n<hr>\n<h2>\u010c\u00edm je Crest 3D White Arctic Fresh 107g v\u00fdjime\u010dn\u00fd?<\/h2>\n<p>Ne nadarmo jsou uli\u010dky se zubn\u00edmi pastami p\u0159epln\u011bn\u00e9: o va\u0161i pozornost bojuje spousta zna\u010dek! Crest 3D White Arctic Fresh 107g nen\u00ed jen dal\u0161\u00edm hr\u00e1\u010dem; je navr\u017eena tak, aby revolu\u010dn\u011b zm\u011bnila v\u00e1\u0161 p\u0159\u00edstup k p\u00e9\u010di o \u00fastn\u00ed dutinu. Ale neberte m\u011b jen za slovo. Poj\u010fme prozkoumat jeho vlastnosti, kter\u00e9 m\u011bn\u00ed pravidla hry, po\u010d\u00ednaje jeho hlavn\u00edm p\u0159\u00edslibem.   <\/p>\n<h3># 1. Pokro\u010dil\u00e1 technologie b\u011blen\u00ed: Mimo\u0159\u00e1dn\u00fd bojovn\u00edk proti skvrn\u00e1m <\/h3>\n<p>B\u011bl\u00edc\u00ed zubn\u00ed pasty jsou \u010dasto obvi\u0148ov\u00e1ny z toho, \u017ee jen \u0161t\u011bkaj\u00ed a nekou\u0161ou. Crest 3D White Arctic Fresh v\u0161ak d\u00edky <strong>pokro\u010dil\u00e9 technologii b\u011blen\u00ed<\/strong> pod\u00e1v\u00e1 skute\u010dn\u011b p\u016fsobiv\u00fd v\u00fdkon. Tato zubn\u00ed pasta nejen\u017ee po\u0161kr\u00e1be povrch zub\u016f &#8211; pronik\u00e1 do skloviny a odstra\u0148uje skvrny zp\u016fsoben\u00e9 k\u00e1vou, v\u00ednem, \u010dajem a dal\u0161\u00edmi l\u00e1tkami, kter\u00e9 zp\u016fsobuj\u00ed tmavnut\u00ed skloviny.  <\/p>\n<p>V \u010dem se li\u0161\u00ed od ostatn\u00edch:<\/p>\n<ul>\n<li>P\u0159i ka\u017edodenn\u00edm pou\u017e\u00edv\u00e1n\u00ed <strong>odstra\u0148uje a\u017e 80 % povrchov\u00fdch skvrn<\/strong>.<\/li>\n<li>Le\u0161t\u00ed zuby, ani\u017e by vyvol\u00e1val citlivost &#8211; proto\u017ee nikdo nem\u00e1 r\u00e1d to nep\u0159\u00edjemn\u00e9 p\u00e1len\u00ed!<\/li>\n<li>V\u00fdrazn\u011b vyb\u011bl\u00ed zuby ji\u017e za n\u011bkolik t\u00fddn\u016f.<\/li>\n<\/ul>\n<p>P\u0159em\u00fd\u0161lejte o tom: jednoduch\u00e1 zm\u011bna zubn\u00ed pasty v\u00e1s m\u016f\u017ee u\u0161et\u0159it n\u00e1kladn\u00fdch b\u011bl\u00edc\u00edch procedur. To je docela oslniv\u00e1 nab\u00eddka! <\/p>\n<hr>\n<h3># 2. Rozd\u00edl Arctic Fresh: Nen\u00ed to jen o vzhledu <\/h3>\n<p>B\u011blen\u00ed je skv\u011bl\u00e9, ale k \u010demu to je, kdy\u017e v\u00e1\u0161 dech nez\u016fstane sv\u011b\u017e\u00ed? Sebev\u011bdom\u00ed p\u0159ece neplyne jen z perle\u0165ov\u011b b\u00edl\u00fdch zub\u016f, ale tak\u00e9 ze schopnosti mluvit s n\u011bk\u00fdm zbl\u00edzka, ani\u017e byste se c\u00edtili nesv\u00ed. <strong> P\u0159\u00edchu\u0165 &#8222;Arctic Fresh&#8220;<\/strong> prom\u011bn\u00ed \u010di\u0161t\u011bn\u00ed zub\u016f v osv\u011b\u017euj\u00edc\u00ed z\u00e1\u017eitek, kter\u00fd zanech\u00e1 v \u00fastech pocit \u010distoty a osv\u011b\u017een\u00ed na dlouh\u00e9 hodiny.  <\/p>\n<p>Jej\u00ed ledov\u011b chladiv\u00fd m\u00e1tov\u00fd z\u00e1van fanou\u0161ky nadchne. Pro\u010d je to d\u016fle\u017eit\u00e9? Proto\u017ee bu\u010fme realist\u00e9 &#8211; pokud v\u00e1m p\u00e9\u010de o \u00fastn\u00ed dutinu p\u0159ipad\u00e1 jako povinnost, je pravd\u011bpodobn\u00e9, \u017ee ji budete vynech\u00e1vat, a\u017e bude \u017eivot n\u00e1ro\u010dn\u00fd. S kart\u00e1\u010dkem Crest 3D White Arctic Fresh se \u010di\u0161t\u011bn\u00ed zub\u016f stane m\u00e9n\u011b povinnost\u00ed a v\u00edce osv\u011b\u017euj\u00edc\u00edm ritu\u00e1lem.   <\/p>\n<hr>\n<h3># 3. Ochrann\u00fd v\u00fdkon: Pos\u00edlen\u00ed pevnosti smaltu <\/h3>\n<p>Co je lep\u0161\u00ed ne\u017e b\u011bl\u00edc\u00ed zubn\u00ed pasta? Takov\u00e1, kter\u00e1 z\u00e1rove\u0148 posiluje sklovinu! Sklovina je ochranou va\u0161ich zub\u016f a bez n\u00ed jste n\u00e1chyln\u00ed k odlupov\u00e1n\u00ed, kaz\u016fm a matnosti. Slo\u017een\u00ed zubn\u00ed pasty Crest obsahuje <strong>fluorid<\/strong>, kter\u00fd p\u016fsob\u00ed p\u0159es\u010das, posiluje sklovinu a chr\u00e1n\u00ed va\u0161e zuby p\u0159ed budouc\u00edm po\u0161kozen\u00edm. Nejde tedy jen o to, abyste dnes vypadali dob\u0159e &#8211; jde tak\u00e9 o zaji\u0161t\u011bn\u00ed dlouhodob\u00e9ho zdrav\u00ed \u00fastn\u00ed dutiny.    <\/p>\n<hr>\n<h2># Pro\u010d byste m\u011bli v\u011b\u0159it Crest 3D White Arctic Fresh? #<\/h2>\n<p>Jist\u011b, ka\u017ed\u00e1 zna\u010dka zubn\u00ed pasty ve h\u0159e slibuje sv\u011bt. Ale Crest si svou silnou pov\u011bst v oblasti p\u00e9\u010de o \u00fastn\u00ed dutinu vydobyl za des\u00edtky let. Jej\u00ed z\u00e1vazek ke klinicky testovan\u00fdm v\u00fdrobk\u016fm, spokojenosti z\u00e1kazn\u00edk\u016f a osv\u011bd\u010den\u00e9mu v\u00fdkonu nem\u00e1 konkurenci. Zde je d\u016fvod, pro\u010d vynik\u00e1:   <\/p>\n<ul>\n<li><strong>D\u016fv\u011bryhodn\u00e9 d\u011bdictv\u00ed zna\u010dky<\/strong>: Crest p\u0159in\u00e1\u0161\u00ed \u00fasm\u011bvy ji\u017e od roku 1955.<\/li>\n<li><strong>Inovace \u0159\u00edzen\u00e9 v\u00fdzkumem<\/strong>: Produkty jsou neust\u00e1le aktualizov\u00e1ny na z\u00e1klad\u011b nejnov\u011bj\u0161\u00edch v\u011bdeck\u00fdch poznatk\u016f.<\/li>\n<li><strong>Miliony fanou\u0161k\u016f po cel\u00e9m sv\u011bt\u011b<\/strong>: Kladn\u00e9 recenze jsou v\u00edc ne\u017e jen sv\u011bdectv\u00ed &#8211; jsou d\u016fkazem.<\/li>\n<\/ul>\n<p>Nez\u016fst\u00e1vejte v\u0161ak jen u d\u016fv\u011bry ve zna\u010dku. Arctic Fresh obstoj\u00ed pod drobnohledem d\u00edky skute\u010dn\u00fdm v\u00fdsledk\u016fm a v\u0161estrann\u00fdm v\u00fdhod\u00e1m. Je vhodn\u00fd pro ka\u017ed\u00e9ho &#8211; studenty, pracuj\u00edc\u00ed profesion\u00e1ly i rodi\u010de, kte\u0159\u00ed se sna\u017e\u00ed udr\u017eet \u00fasm\u011bv sv\u00e9 rodiny bez poskvrnky.  <\/p>\n<hr>\n<h2># Funguje to skute\u010dn\u011b? V\u00fdsledky z re\u00e1ln\u00e9ho sv\u011bta mluv\u00ed hlasit\u011bji ne\u017e slova # <\/h2>\n<p>St\u00e1le jste skepti\u010dt\u00ed? Tady jsou zpr\u00e1vy skute\u010dn\u00fdch u\u017eivatel\u016f Crest 3D White Arctic Fresh 107g: <\/p>\n<ul>\n<li><strong>Viditeln\u00e1 b\u011blost za pouh\u00fdch 7 dn\u00ed<\/strong>: Mnoho u\u017eivatel\u016f tvrd\u00ed, \u017ee si v\u0161imli zlep\u0161en\u00ed jasnosti sv\u00fdch zub\u016f ji\u017e po t\u00fddnu pravideln\u00e9ho \u010di\u0161t\u011bn\u00ed.<\/li>\n<li><strong>S\u00edla odstra\u0148ov\u00e1n\u00ed skvrn<\/strong>: Milovn\u00edci k\u00e1vy a limon\u00e1d si pochvaluj\u00ed, jak si zubn\u00ed pasta hrav\u011b porad\u00ed s odoln\u00fdmi skvrnami.<\/li>\n<li><strong>\u017d\u00e1dn\u00e9 st\u00ed\u017enosti na citlivost<\/strong>: Na rozd\u00edl od n\u011bkter\u00fdch agresivn\u00edch b\u011bl\u00edc\u00edch p\u0159\u00edpravk\u016f je p\u0159\u00edpravek Crest jemn\u00fd, ale \u00fa\u010dinn\u00fd.<\/li>\n<\/ul>\n<p>M\u011bli byste tedy p\u0159es noc o\u010dek\u00e1vat zuby na hollywoodsk\u00e9 \u00farovni? Pravd\u011bpodobn\u011b ne. Zubn\u00ed pasta nedok\u00e1\u017ee z\u00e1zraky p\u0159es noc, ale p\u0159i d\u016fsledn\u00e9m pou\u017e\u00edv\u00e1n\u00ed vytv\u00e1\u0159\u00ed Crest 3D White Arctic Fresh z\u00e1klad pro postupn\u00e9 a znateln\u00e9 zlep\u0161en\u00ed.  <\/p>\n<hr>\n<h2>\u010cast\u00e9 dotazy o b\u011bl\u00edc\u00ed zubn\u00ed past\u011b Crest 3D White Arctic Fresh 107g<\/h2>\n<p><i>M\u00e1te je\u0161t\u011b n\u011bjak\u00e9 ot\u00e1zky? Poj\u010fme se jich zbavit hned te\u010f. <\/i><\/p>\n<h3>1.<\/h3>\n<h3><strong>Je kr\u00e9m Crest 3D White Arctic Fresh bezpe\u010dn\u00fd pro ka\u017edodenn\u00ed pou\u017eit\u00ed?<\/strong><\/h3>\n<p>Rozhodn\u011b! Obsah fluoridu poskytuje ochranu zubn\u00ed skloviny, zat\u00edmco b\u011bl\u00edc\u00ed l\u00e1tky se zam\u011b\u0159uj\u00ed na skvrny, ani\u017e by po\u0161kodily zuby, pokud se pou\u017e\u00edvaj\u00ed podle n\u00e1vodu. <\/p>\n<h3>2.<\/h3>\n<h3><strong>Za jak dlouho se dostav\u00ed v\u00fdsledky?<\/strong><\/h3>\n<p>A\u010dkoli se individu\u00e1ln\u00ed zku\u0161enosti mohou li\u0161it, v\u011bt\u0161ina u\u017eivatel\u016f uv\u00e1d\u00ed v\u00fdrazn\u00e9 zlep\u0161en\u00ed b\u011bhem 1-2 t\u00fddn\u016f pravideln\u00e9ho \u010di\u0161t\u011bn\u00ed zub\u016f.<\/p>\n<h3>3.<\/h3>\n<h3><strong>Pom\u00e1h\u00e1 p\u0159i z\u00e1pachu z \u00fast?<\/strong><\/h3>\n<p>To si pi\u0161te! P\u0159\u00edchu\u0165 Arctic Fresh p\u0159in\u00e1\u0161\u00ed dlouhotrvaj\u00edc\u00ed chladiv\u00fd pocit a sv\u011b\u017eej\u0161\u00ed dech je\u0161t\u011b n\u011bkolik hodin po \u010di\u0161t\u011bn\u00ed zub\u016f. <\/p>\n<h3>4.<\/h3>\n<h3><strong>Je vhodn\u00fd pro citliv\u00e9 zuby?<\/strong><\/h3>\n<p>Ano! Slo\u017een\u00ed je navr\u017eeno tak, aby bylo \u00fa\u010dinn\u00e9 proti skvrn\u00e1m a z\u00e1rove\u0148 \u0161etrn\u00e9 k citliv\u00fdm zub\u016fm, tak\u017ee se nemus\u00edte ob\u00e1vat nep\u0159\u00edjemn\u00fdch pocit\u016f. <\/p>\n<h3>5.<\/h3>\n<h3><strong>Jak je to ve srovn\u00e1n\u00ed s profesion\u00e1ln\u00edmi b\u011bl\u00edc\u00edmi procedurami?<\/strong><\/h3>\n<p>I kdy\u017e Crest 3D White Arctic Fresh nenahrazuje profesion\u00e1ln\u00ed b\u011blen\u00ed, je cenov\u011b dostupnou a pohodlnou alternativou pro udr\u017een\u00ed nebo vylep\u0161en\u00ed va\u0161eho \u00fasm\u011bvu doma.<\/p>\n<hr>\n<h2>D\u016fslednost je kl\u00ed\u010dov\u00e1: Maximalizujte v\u00fdsledky b\u011blen\u00ed<\/h2>\n<p>Chcete z\u00edskat co nejv\u00edce z Crest 3D White Arctic Fresh? Zde je stru\u010dn\u00fd pr\u016fvodce, kter\u00fd v\u00e1m pom\u016f\u017ee zlep\u0161it v\u00fdsledky: <\/p>\n<ol>\n<li><strong>\u010cist\u011bte si zuby dvakr\u00e1t denn\u011b<\/strong>: Rann\u00ed a ve\u010dern\u00ed \u010di\u0161t\u011bn\u00ed zub\u016f je z\u00e1kladem \u00fasp\u011bchu.<\/li>\n<li><strong>Spojte s b\u011bl\u00edc\u00ed \u00fastn\u00ed vodou<\/strong>: Zdvojn\u00e1sobte b\u011bl\u00edc\u00ed \u00fa\u010dinek a z\u00e1rove\u0148 bojujte proti z\u00e1pachu z \u00fast!<\/li>\n<li><strong>Vyhn\u011bte se barv\u00edc\u00edm potravin\u00e1m<\/strong>: K\u00e1va, \u010derven\u00e9 v\u00edno a bobulovit\u00e9 ovoce mohou zni\u010dit va\u0161i tvrdou pr\u00e1ci. Pou\u017eit\u00ed br\u010dka pom\u00e1h\u00e1 minimalizovat kontakt se zuby. <\/li>\n<li><strong>Pravideln\u011b vym\u011b\u0148ujte zubn\u00ed kart\u00e1\u010dek<\/strong>: Opot\u0159ebovan\u00e9 \u0161t\u011btiny nemohou \u00fa\u010dinn\u011b \u010distit. Vym\u011b\u0148te je ka\u017ed\u00e9 2-3 m\u011bs\u00edce nebo d\u0159\u00edve, pokud jsou rozt\u0159epen\u00e9. <\/li>\n<\/ol>\n<p>Kouzeln\u00fdm slovem je d\u016fslednost. Dr\u017ete se sv\u00e9 rutiny a nechte svou t\u011b\u017ece pracuj\u00edc\u00ed zubn\u00ed pastu d\u011blat t\u011b\u017ekou pr\u00e1ci. <\/p>\n<hr>\n<h2># Z\u00e1v\u011br: B\u011bl\u00edc\u00ed zubn\u00ed pasta Crest 3D White Arctic Fresh 107g? #<\/h2>\n<p>V rychl\u00e9m a n\u00e1ro\u010dn\u00e9m sv\u011bt\u011b, ve kter\u00e9m \u017eijeme, nem\u00e1 nikdo \u010das na pr\u016fm\u011brnou zubn\u00ed pastu. <strong>B\u011bl\u00edc\u00ed zubn\u00ed pasta Crest 3D White Arctic Fresh 107 g<\/strong> m\u011bn\u00ed pravidla hry pro ka\u017ed\u00e9ho, kdo hled\u00e1 z\u00e1\u0159iv\u011b b\u00edl\u00e9 zuby s minim\u00e1ln\u00edm \u00fasil\u00edm. Jej\u00ed slo\u017een\u00ed s dvoj\u00edm \u00fa\u010dinkem pro b\u011blen\u00ed a pos\u00edlen\u00ed skloviny z n\u00ed d\u011bl\u00e1 v\u00fdjime\u010dnou volbu, zat\u00edmco d\u00edky osv\u011b\u017euj\u00edc\u00ed arktick\u00e9 p\u0159\u00edchuti se budete na \u010di\u0161t\u011bn\u00ed zub\u016f t\u011b\u0161it ka\u017ed\u00fd den (p\u0159edstavte si to!).  <\/p>\n<p>Do sv\u00e9ho \u00fasm\u011bvu se vyplat\u00ed investovat &#8211; je to n\u00e1stroj, kter\u00fd m\u016f\u017ee zm\u011bnit va\u0161e sebev\u011bdom\u00ed, vztahy, a dokonce i kari\u00e9ru. Zbavte se proto nev\u00fdrazn\u00e9 zubn\u00ed pasty, kter\u00e1 v\u00e1m le\u017e\u00ed na umyvadle, a p\u0159ejd\u011bte na zubn\u00ed pastu Crest 3D White Arctic Fresh. Ot\u00e1zka nezn\u00ed &#8222;Pro\u010d byste ji m\u011bli vyzkou\u0161et?&#8220;, ale sp\u00ed\u0161e &#8222;Pro\u010d jste to je\u0161t\u011b neud\u011blali?&#8220;.  <\/p>\n<hr>\n<h2>Jste p\u0159ipraveni zm\u011bnit sv\u016fj \u00fasm\u011bv?<\/h2>\n<p>Ne\u010dekejte na zvl\u00e1\u0161tn\u00ed p\u0159\u00edle\u017eitost. Va\u0161e cesta k b\u011blej\u0161\u00edmu a z\u00e1\u0159iv\u011bj\u0161\u00edmu \u00fasm\u011bvu za\u010d\u00edn\u00e1 je\u0161t\u011b dnes s jedinou <strong>b\u011bl\u00edc\u00ed zubn\u00ed pastou Crest 3D White Arctic Fresh 107g.<\/strong> Dejte sbohem skvrn\u00e1m, p\u0159ijm\u011bte dlouhotrvaj\u00edc\u00ed sv\u011b\u017eest a znovu objevte radost ze z\u00e1\u0159iv\u00e9ho \u00fasm\u011bvu. Vyzkou\u0161ejte ji a sami uvid\u00edte ten rozd\u00edl &#8211; budete se divit, jak jste bez n\u00ed mohli \u017e\u00edt!   <\/p>\n<\/div>\n","protected":false},"excerpt":{"rendered":"<p>Objevte kouzlo b\u011bl\u00edc\u00ed zubn\u00ed pasty Crest 3D White Arctic Fresh 107g! Zjist\u011bte, jak m\u011bn\u00ed \u00fasm\u011bvy, jak\u00e9 jsou jej\u00ed hlavn\u00ed v\u00fdhody a pro\u010d vynik\u00e1 ve sv\u011bt\u011b p\u00e9\u010de o \u00fastn\u00ed dutinu. Dejte sbohem skvrn\u00e1m a p\u0159iv\u00edtejte oslniv\u00e9 zuby!  <\/p>\n","protected":false},"featured_media":12856,"comment_status":"open","ping_status":"closed","template":"","meta":[],"product_cat":[1005],"product_tag":[1025,1019,1011,1024],"class_list":{"0":"post-12853","1":"product","2":"type-product","3":"status-publish","4":"has-post-thumbnail","6":"product_cat-zubni-pasta-crest","7":"product_tag-crest","8":"product_tag-crest-3d","9":"product_tag-crest-3d-white","10":"product_tag-crest-3d-white-arctic-fresh","12":"first","13":"instock","14":"featured","15":"taxable","16":"shipping-taxable","17":"purchasable","18":"product-type-simple"},"_links":{"self":[{"href":"https:\/\/tretinoins.com\/cs\/wp-json\/wp\/v2\/product\/12853","targetHints":{"allow":["GET"]}}],"collection":[{"href":"https:\/\/tretinoins.com\/cs\/wp-json\/wp\/v2\/product"}],"about":[{"href":"https:\/\/tretinoins.com\/cs\/wp-json\/wp\/v2\/types\/product"}],"replies":[{"embeddable":true,"href":"https:\/\/tretinoins.com\/cs\/wp-json\/wp\/v2\/comments?post=12853"}],"version-history":[{"count":0,"href":"https:\/\/tretinoins.com\/cs\/wp-json\/wp\/v2\/product\/12853\/revisions"}],"wp:featuredmedia":[{"embeddable":true,"href":"https:\/\/tretinoins.com\/cs\/wp-json\/wp\/v2\/media\/12856"}],"wp:attachment":[{"href":"https:\/\/tretinoins.com\/cs\/wp-json\/wp\/v2\/media?parent=12853"}],"wp:term":[{"taxonomy":"product_cat","embeddable":true,"href":"https:\/\/tretinoins.com\/cs\/wp-json\/wp\/v2\/product_cat?post=12853"},{"taxonomy":"product_tag","embeddable":true,"href":"https:\/\/tretinoins.com\/cs\/wp-json\/wp\/v2\/product_tag?post=12853"}],"curies":[{"name":"wp","href":"https:\/\/api.w.org\/{rel}","templated":true}]}}