{"id":12835,"date":"2024-01-03T14:05:02","date_gmt":"2024-01-03T14:05:02","guid":{"rendered":"https:\/\/tretinoins.com\/crest-3d-white-glamorous-white-107g-belici-zubni-pasta\/"},"modified":"2024-01-03T14:05:02","modified_gmt":"2024-01-03T12:05:02","slug":"crest-3d-white-glamorous-white-107g-belici-zubni-pasta","status":"publish","type":"product","link":"https:\/\/tretinoins.com\/cs\/crest-3d-white-glamorous-white-107g-belici-zubni-pasta\/","title":{"rendered":"Crest 3D White Glamorous White 107g, b\u011bl\u00edc\u00ed zubn\u00ed pasta"},"content":{"rendered":"<h1 data-pm-slice=\"0 0 []\" data-en-clipboard=\"true\">Crest 3D White Glamorous White 107g b\u011bl\u00edc\u00ed zubn\u00ed pasta: Z\u00e1\u0159iv\u00fd \u00fasm\u011bv, z\u00e1\u0159iv\u011bj\u0161\u00ed \u00fasm\u011bv!<\/h1>\n<div>Z\u00e1\u0159iv\u00fd \u00fasm\u011bv dok\u00e1\u017ee zvednout sebev\u011bdom\u00ed. Je to v\u00e1\u0161 prvn\u00ed dojem, va\u0161e nejz\u00e1\u0159iv\u011bj\u0161\u00ed p\u0159ednost a va\u0161e ka\u017edodenn\u00ed superschopnost. Ale p\u0159iznejme si, \u017ee jen m\u00e1lo v\u011bc\u00ed ohro\u017euje perle\u0165ov\u011b b\u00edl\u00e9 sebev\u011bdom\u00ed tak jako skvrny od k\u00e1vy, zbytky v\u00edna a ka\u017edodenn\u00ed opot\u0159eben\u00ed zub\u016f. Na\u0161t\u011bst\u00ed pro n\u00e1s b\u011bl\u00edc\u00ed zubn\u00ed pasta Crest 3D White Glamorous White 107g slibuje n\u011bco opravdu kouzeln\u00e9ho: v\u00fdrobek, kter\u00fd nejen \u010dist\u00ed, ale i prom\u011b\u0148uje.   <\/div>\n<div>Mohla by b\u00fdt tato mal\u00e1 trubi\u010dka chyb\u011bj\u00edc\u00edm tajemstv\u00edm k odemknut\u00ed va\u0161eho nejz\u00e1\u0159iv\u011bj\u0161\u00edho \u00fasm\u011bvu? V tomto \u010dl\u00e1nku se po\u0159\u00e1dn\u011b pod\u00edv\u00e1me na to, co d\u011bl\u00e1 z b\u011bl\u00edc\u00ed zubn\u00ed pasty Crest 3D White Glamorous White 107g p\u0159evratnou novinku v p\u00e9\u010di o \u00fastn\u00ed dutinu. M\u00e1me pro v\u00e1s v\u0161echny podrobnosti, od jej\u00edch jedine\u010dn\u00fdch vlastnost\u00ed a\u017e po tipy, jak dos\u00e1hnout maxim\u00e1ln\u00edch v\u00fdsledk\u016f. Poj\u010fme se do toho pustit, ano?   <\/div>\n<hr>\n<h2>\u010c\u00edm vynik\u00e1 b\u011bl\u00edc\u00ed zubn\u00ed pasta Crest 3D White Glamorous White 107g?<\/h2>\n<div>Pry\u010d jsou doby, kdy se kart\u00e1\u010dovalo jen tak, &#8222;aby se to dalo p\u0159e\u017e\u00edt&#8220;. Tato zubn\u00ed pasta pat\u0159\u00ed do vlastn\u00ed ligy. Pro\u010d je kolem n\u00ed tolik povyku?  <\/div>\n<h3>1. Pokro\u010dil\u00e1 technologie b\u011blen\u00ed<\/h3>\n<div>Zubn\u00ed pasta Crest 3D White Glamorous White nen\u00ed b\u011b\u017en\u00e1 zubn\u00ed pasta. Je vybavena \u0161pi\u010dkovou technologi\u00ed, kter\u00e1 \u0161etrn\u011b, ale \u00fa\u010dinn\u011b odstra\u0148uje 90 % povrchov\u00fdch skvrn ji\u017e za p\u011bt dn\u00ed! Ano, \u010dtete spr\u00e1vn\u011b &#8211; p\u011bt dn\u00ed!  <\/div>\n<ul>\n<li>\n<div>Tato zubn\u00ed pasta s <b>technologi\u00ed 3D White<\/b> vyu\u017e\u00edv\u00e1 mikrole\u0161t\u00edc\u00ed \u010d\u00e1stice, kter\u00e9 odstra\u0148uj\u00ed skvrny, ani\u017e by po\u0161kodily sklovinu.<\/div>\n<\/li>\n<li>\n<div>Jeho slo\u017een\u00ed je tak\u00e9 obohaceno o fluorid, kter\u00fd posiluje zuby a z\u00e1rove\u0148 je chr\u00e1n\u00ed p\u0159ed otravn\u00fdmi kazy.<\/div>\n<\/li>\n<\/ul>\n<h3>2. V\u0161e se to\u010d\u00ed kolem lesku<\/h3>\n<div>Na rozd\u00edl od mnoha b\u011bl\u00edc\u00edch p\u0159\u00edpravk\u016f, kter\u00e9 zanech\u00e1vaj\u00ed v \u00fastech pocit nadm\u011brn\u00e9 chemie, Glamorous White dostoj\u00ed sv\u00e9mu n\u00e1zvu. Osv\u011b\u017euje, rozjas\u0148uje a dod\u00e1v\u00e1 v\u00e1m okouzluj\u00edc\u00ed lesk hodn\u00fd z\u00e1\u0159e reflektor\u016f. <\/div>\n<ul>\n<li>\n<div>P\u0159edstavte si to jako o\u0161et\u0159en\u00ed na \u010derven\u00e9m koberci &#8211; pro va\u0161e zuby!<\/div>\n<\/li>\n<li>\n<div>Nen\u00ed drsn\u00fd ani abrazivn\u00ed, tak\u017ee je dostate\u010dn\u011b jemn\u00fd pro ka\u017edodenn\u00ed pou\u017eit\u00ed.<\/div>\n<\/li>\n<\/ul>\n<div>Ale to nejlep\u0161\u00ed? Nejen\u017ee to funguje &#8211; funguje to, ani\u017e byste museli sk\u00e1kat p\u0159es obru\u010de, jako jsou nepo\u0159\u00e1dn\u00e9 z\u00e1sobn\u00edky nebo prou\u017eky. Tradi\u010dn\u00ed b\u011bl\u00edc\u00ed syst\u00e9my mohou b\u00fdt \u010dasov\u011b n\u00e1ro\u010dn\u00e9, ale tato zubn\u00ed pasta se bez probl\u00e9m\u016f za\u010dlen\u00ed do va\u0161\u00ed ka\u017edodenn\u00ed rutiny. Skv\u011bl\u00e9!   <\/div>\n<hr>\n<h2>Pro\u010d se o n\u011bm lid\u00e9 rozpl\u00fdvaj\u00ed<\/h2>\n<div>Pot\u0159ebujete v\u00edce d\u016fvod\u016f, pro\u010d si ve sv\u00e9 koupeln\u011b ud\u011blat m\u00edsto pro tuto b\u011bl\u00edc\u00ed superstar? Zde je d\u016fvod, pro\u010d lid\u00e9 jednodu\u0161e miluj\u00ed b\u011bl\u00edc\u00ed zubn\u00ed pastu Crest 3D White Glamorous White 107g: <\/div>\n<h3>Okam\u017eit\u00e1 \u010derstvost<\/h3>\n<div>Tato zubn\u00ed pasta se s \u010derstvost\u00ed v\u016fbec nemazl\u00ed. D\u00edky jej\u00ed m\u00e1tov\u00e9 p\u0159\u00edchuti budete m\u00edt nejen b\u011blej\u0161\u00ed zuby, ale i sv\u011b\u017e\u00ed dech, kter\u00fd v\u00e1m vydr\u017e\u00ed po cel\u00fd den. <\/div>\n<h3>Cenov\u011b dostupn\u00e9 a p\u0159esto \u00fa\u010dinn\u00e9<\/h3>\n<div>Na rozd\u00edl od profesion\u00e1ln\u00edch b\u011bl\u00edc\u00edch procedur, kter\u00e9 stoj\u00ed nemal\u00e9 pen\u00edze, b\u011bl\u00edc\u00ed zubn\u00ed pasta Crest 3D White Glamorous White 107g poskytuje konzistentn\u00ed v\u00fdsledky za zlomek ceny. Jin\u00fdmi slovy, je to mal\u00e1 investice do milionov\u00e9ho \u00fasm\u011bvu. <\/div>\n<h3>Zvy\u0161ov\u00e1n\u00ed sebev\u011bdom\u00ed<\/h3>\n<div>P\u0159edstavte si, \u017ee jdete na sch\u016fzku nebo na v\u00fdlet s v\u011bdom\u00edm, \u017ee v\u00e1\u0161 \u00fasm\u011bv je dokonal\u00fd &#8211; u\u017e se nemus\u00edte skr\u00fdvat za \u00fasm\u011bvem. To je skute\u010dn\u00e9 kouzlo t\u00e9to zubn\u00ed pasty. Pom\u016f\u017ee v\u00e1m z\u00edskat zp\u011bt va\u0161i z\u00e1\u0159ivost.  <\/div>\n<hr>\n<h2>Tipy, jak z\u00edskat co nejv\u00edce z produktu Crest 3D White<\/h2>\n<div>Chcete dos\u00e1hnout co nejlep\u0161\u00edch v\u00fdsledk\u016f? Zp\u016fsob, jak\u00fdm p\u0159istupujete ke sv\u00e9 \u00fastn\u00ed hygien\u011b, m\u00e1 z\u00e1sadn\u00ed v\u00fdznam. Zde je n\u011bkolik praktick\u00fdch tip\u016f, jak co nejl\u00e9pe vyu\u017e\u00edt b\u011bl\u00edc\u00ed zubn\u00ed pastu Crest 3D White Glamorous White:  <\/div>\n<ol>\n<li>\n<div><b>D\u016fslednost je kl\u00ed\u010dov\u00e1<\/b><\/div>\n<ul>\n<li>\n<div>Zubn\u00ed pastu pou\u017e\u00edvejte dvakr\u00e1t denn\u011b, abyste vid\u011bli viditeln\u00e9 v\u00fdsledky. I pot\u00e9, co budou va\u0161e zuby vypadat skv\u011ble, pokra\u010dujte v pou\u017e\u00edv\u00e1n\u00ed pasty &#8211; nechcete, aby se skvrny vr\u00e1tily zp\u011bt. <\/div>\n<\/li>\n<\/ul>\n<\/li>\n<li>\n<div><b>Spojte jej s b\u011bl\u00edc\u00edm zubn\u00edm kart\u00e1\u010dkem<\/b><\/div>\n<ul>\n<li>\n<div>Poohl\u00e9dn\u011bte se po zubn\u00edm kart\u00e1\u010dku ur\u010den\u00e9m k b\u011blen\u00ed, zejm\u00e9na po kart\u00e1\u010dc\u00edch s le\u0161t\u00edc\u00edmi \u0161t\u011btinami, kter\u00e9 nepo\u0161kod\u00ed va\u0161i sklovinu, ale umocn\u00ed v\u00fdsledky.<\/div>\n<\/li>\n<\/ul>\n<\/li>\n<li>\n<div><b>Omezte potraviny a n\u00e1poje zp\u016fsobuj\u00edc\u00ed skvrny<\/b><\/div>\n<ul>\n<li>\n<div>K\u00e1va, \u010daj a \u010derven\u00e9 v\u00edno jsou zn\u00e1m\u00e9 t\u00edm, \u017ee zanech\u00e1vaj\u00ed skvrny. I kdy\u017e se jich nemus\u00edte \u00fapln\u011b vzd\u00e1t (bu\u010fme realist\u00e9), zkuste je pop\u00edjet br\u010dkem nebo si pot\u00e9 vypl\u00e1chnout \u00fasta vodou. <\/div>\n<\/li>\n<\/ul>\n<\/li>\n<li>\n<div><b>Nezapome\u0148te na zubn\u00ed nit<\/b><\/div>\n<ul>\n<li>\n<div>B\u011bl\u00edc\u00ed zubn\u00ed pasta dok\u00e1\u017ee na povrchu z\u00e1zraky, ale nezapome\u0148te se v\u011bnovat i d\u00e1sn\u00edm a mezizubn\u00edm prostor\u00e1m. Denn\u011b pou\u017e\u00edvejte zubn\u00ed nit, abyste zlep\u0161ili svou \u00fastn\u00ed hygienu. <\/div>\n<\/li>\n<\/ul>\n<\/li>\n<li>\n<div><b>Zkuste za\u0159adit b\u011bl\u00edc\u00ed oplachovac\u00ed prost\u0159edky<\/b><\/div>\n<ul>\n<li>\n<div>Pokud se c\u00edt\u00edte mimo\u0159\u00e1dn\u011b ambici\u00f3zn\u00ed, p\u0159idejte do sv\u00e9 rutiny b\u011bl\u00edc\u00ed \u00fastn\u00ed vodu, kter\u00e1 v\u00e1m poskytne dal\u0161\u00ed podporu.<\/div>\n<\/li>\n<\/ul>\n<\/li>\n<\/ol>\n<hr>\n<h2>\u010casto kladen\u00e9 ot\u00e1zky o b\u011bl\u00edc\u00ed zubn\u00ed past\u011b Crest 3D White Glamorous White 107g<\/h2>\n<h3>1. Opravdu vyb\u011bl\u00ed zuby za p\u011bt dn\u00ed?<\/h3>\n<div>Rozhodn\u011b! V\u011bt\u0161ina u\u017eivatel\u016f si v\u0161imne viditeln\u00e9ho zlep\u0161en\u00ed b\u011bhem p\u011bti dn\u016f soustavn\u00e9ho pou\u017e\u00edv\u00e1n\u00ed. M\u011bjte v\u0161ak na pam\u011bti, \u017ee v\u00fdsledky se mohou li\u0161it v z\u00e1vislosti na stupni zabarven\u00ed a celkov\u00e9 zubn\u00ed hygien\u011b.  <\/div>\n<h3>2. Je zubn\u00ed pasta Crest 3D White Glamorous White bezpe\u010dn\u00e1 pro ka\u017edodenn\u00ed pou\u017eit\u00ed?<\/h3>\n<div>Ano, je to naprosto bezpe\u010dn\u00e9! Slo\u017een\u00ed je \u0161etrn\u00e9 ke sklovin\u011b a z\u00e1rove\u0148 odoln\u00e9 v\u016f\u010di povrchov\u00fdm skvrn\u00e1m, tak\u017ee jej m\u016f\u017eete bez obav pou\u017e\u00edvat ka\u017ed\u00fd den. <\/div>\n<h3>3. Odstran\u00ed hlubok\u00e9, vnit\u0159n\u00ed skvrny?<\/h3>\n<div>Tato zubn\u00ed pasta je speci\u00e1ln\u011b navr\u017eena pro odstra\u0148ov\u00e1n\u00ed povrchov\u00fdch skvrn. Pokud chcete \u0159e\u0161it hlubok\u00e9, vnit\u0159n\u00ed zabarven\u00ed, mo\u017en\u00e1 budete cht\u00edt zv\u00e1\u017eit profesion\u00e1ln\u00ed b\u011blen\u00ed, abyste dos\u00e1hli lep\u0161\u00edch v\u00fdsledk\u016f. <\/div>\n<h3>4. Mohu jej pou\u017e\u00edvat s rovn\u00e1tky nebo jin\u00fdmi zubn\u00edmi z\u00e1kroky?<\/h3>\n<div>V p\u0159\u00edpad\u011b obav se rad\u011bji pora\u010fte se sv\u00fdm ortodontistou nebo zuba\u0159em. I kdy\u017e je zubn\u00ed pasta obecn\u011b bezpe\u010dn\u00e1 pro pou\u017eit\u00ed spolu s rovn\u00e1tky nebo zubn\u00edmi z\u00e1kroky, v\u00e1\u0161 zubn\u00ed l\u00e9ka\u0159 v\u00e1m m\u016f\u017ee poskytnout individu\u00e1ln\u00ed radu. <\/div>\n<hr>\n<h2>V\u011bda, kter\u00e1 se skr\u00fdv\u00e1 za leskem<\/h2>\n<div>Jestli n\u011bco Crest um\u00ed, tak jsou to zuby! Tajn\u00e1 om\u00e1\u010dka jejich b\u011bl\u00edc\u00ed zubn\u00ed pasty Glamorous White spo\u010d\u00edv\u00e1 v dokonale vyv\u00e1\u017een\u00e9m slo\u017een\u00ed navr\u017een\u00e9m odborn\u00edky. Tady je to, co dod\u00e1 va\u0161im zub\u016fm lesk nov\u00e9 \u00farovn\u011b:  <\/div>\n<h3>Mikro\u010distic\u00ed slo\u017eky<\/h3>\n<div>Tito drobe\u010dci funguj\u00ed jako kouzlo, \u00fa\u010dinn\u011b odstra\u0148uj\u00ed skvrny od k\u00e1vy, limon\u00e1d a dal\u0161\u00edch potravin a z\u00e1rove\u0148 udr\u017euj\u00ed sklovinu neporu\u0161enou. P\u0159edstavte si to jako l\u00e1ze\u0148sk\u00fd den pro va\u0161e zuby! <\/div>\n<h3>B\u011blen\u00ed bez kompromis\u016f<\/h3>\n<div>Na rozd\u00edl od abrazivn\u00edch alternativ tato zubn\u00ed pasta le\u0161t\u00ed zuby, ani\u017e by je zdrs\u0148ovala. Dokazuje, \u017ee pro \u00fasm\u011bv p\u0159ipraven\u00fd pro fotoapar\u00e1ty nemus\u00edte ob\u011btovat sklovinu. <\/div>\n<h3>V\u00fdhody proti dutin\u00e1m<\/h3>\n<div>Nenechte se zm\u00e1st n\u00e1zvem &#8222;b\u011blen\u00ed&#8220;. Tato zubn\u00ed pasta pln\u00ed dvoj\u00ed funkci &#8211; chr\u00e1n\u00ed tak\u00e9 p\u0159ed zubn\u00edm kazem. Fluoridov\u00fd krok pom\u00e1h\u00e1 pos\u00edlit v\u00e1\u0161 \u00fasm\u011bv zevnit\u0159.  <\/div>\n<hr>\n<h2>Z\u00e1v\u011bre\u010dn\u00e9 my\u0161lenky: M\u011bli byste p\u0159ej\u00edt?<\/h2>\n<div>Pokud hled\u00e1te snadn\u00fd a cenov\u011b dostupn\u00fd zp\u016fsob, jak vylep\u0161it sv\u016fj \u00fasm\u011bv, Crest 3D White Glamorous White 107g b\u011bl\u00edc\u00ed zubn\u00ed pasta by mohla b\u00fdt ide\u00e1ln\u00ed volbou. D\u00edky pokro\u010dil\u00e9 technologii b\u011blen\u00ed, \u0161etrn\u00e9mu slo\u017een\u00ed a osv\u011b\u017euj\u00edc\u00ed m\u00e1tov\u00e9 p\u0159\u00edchuti nen\u00ed divu, \u017ee o n\u00ed lid\u00e9 nep\u0159est\u00e1vaj\u00ed mluvit. <\/div>\n<div>Ano, mus\u00edte b\u00fdt trp\u011bliv\u00ed, d\u016fsledn\u00ed a pro dosa\u017een\u00ed nejlep\u0161\u00edch v\u00fdsledk\u016f ji spojit se spr\u00e1vn\u00fdmi zubn\u00edmi n\u00e1vyky, ale nestoj\u00ed to za oslniv\u00fd \u00fasm\u011bv? Va\u0161e zuby jsou v\u00edc ne\u017e jen n\u00e1stroj na \u017ev\u00fdk\u00e1n\u00ed &#8211; jsou to kl\u00ed\u010dov\u00ed hr\u00e1\u010di, kte\u0159\u00ed ovliv\u0148uj\u00ed va\u0161e sebev\u011bdom\u00ed a to, jak se prezentujete sv\u011btu. <\/div>\n<hr>\n<h2>Z\u00e1v\u011bre\u010dn\u00e1 my\u0161lenka<\/h2>\n<div>Z\u00e1\u0159iv\u011bj\u0161\u00ed \u00fasm\u011bv nen\u00ed nedosa\u017eiteln\u00fd. Najdete ji ve 107g tub\u011b s ozna\u010den\u00edm &#8222;Crest 3D White Glamorous White Whitening Toothpaste&#8220;. Tak sm\u011ble do toho, dop\u0159ejte si ten p\u016fvab. Proto\u017ee bu\u010fme realist\u00e9 &#8211; v\u00e1\u0161 \u00fasm\u011bv si zaslou\u017e\u00ed b\u00fdt st\u0159edem pozornosti!   <\/div>\n","protected":false},"excerpt":{"rendered":"<p>Objevte prom\u011b\u0148uj\u00edc\u00ed s\u00edlu b\u011bl\u00edc\u00ed zubn\u00ed pasty Crest 3D White Glamorous White 107g. Zjist\u011bte, jak v\u00e1m tato zubn\u00ed pasta m\u016f\u017ee pomoci dos\u00e1hnout oslniv\u00e9ho \u00fasm\u011bvu, a to d\u00edky skute\u010dn\u00fdm v\u00fdsledk\u016fm, tip\u016fm, v\u00fdhod\u00e1m a \u010dasto kladen\u00fdm ot\u00e1zk\u00e1m. <\/p>\n","protected":false},"featured_media":12837,"comment_status":"open","ping_status":"closed","template":"","meta":[],"product_cat":[1005],"product_tag":[1011,1015,1013,1012],"class_list":{"0":"post-12835","1":"product","2":"type-product","3":"status-publish","4":"has-post-thumbnail","6":"product_cat-zubni-pasta-crest","7":"product_tag-crest-3d-white","8":"product_tag-crest-3d-white-glamorous","9":"product_tag-crest-3d-white-glamorous-white","10":"product_tag-crest-3d-white-glamorous-white-107g","11":"pa_brands-crest","13":"first","14":"outofstock","15":"featured","16":"taxable","17":"shipping-taxable","18":"purchasable","19":"product-type-simple"},"_links":{"self":[{"href":"https:\/\/tretinoins.com\/cs\/wp-json\/wp\/v2\/product\/12835","targetHints":{"allow":["GET"]}}],"collection":[{"href":"https:\/\/tretinoins.com\/cs\/wp-json\/wp\/v2\/product"}],"about":[{"href":"https:\/\/tretinoins.com\/cs\/wp-json\/wp\/v2\/types\/product"}],"replies":[{"embeddable":true,"href":"https:\/\/tretinoins.com\/cs\/wp-json\/wp\/v2\/comments?post=12835"}],"version-history":[{"count":0,"href":"https:\/\/tretinoins.com\/cs\/wp-json\/wp\/v2\/product\/12835\/revisions"}],"wp:featuredmedia":[{"embeddable":true,"href":"https:\/\/tretinoins.com\/cs\/wp-json\/wp\/v2\/media\/12837"}],"wp:attachment":[{"href":"https:\/\/tretinoins.com\/cs\/wp-json\/wp\/v2\/media?parent=12835"}],"wp:term":[{"taxonomy":"product_cat","embeddable":true,"href":"https:\/\/tretinoins.com\/cs\/wp-json\/wp\/v2\/product_cat?post=12835"},{"taxonomy":"product_tag","embeddable":true,"href":"https:\/\/tretinoins.com\/cs\/wp-json\/wp\/v2\/product_tag?post=12835"}],"curies":[{"name":"wp","href":"https:\/\/api.w.org\/{rel}","templated":true}]}}