{"id":12900,"date":"2024-06-19T16:54:56","date_gmt":"2024-06-19T14:54:56","guid":{"rendered":"https:\/\/tretinoins.com\/zpusoby-platby\/"},"modified":"2025-09-15T17:26:42","modified_gmt":"2025-09-15T15:26:42","slug":"zpusoby-platby","status":"publish","type":"page","link":"https:\/\/tretinoins.com\/cs\/zpusoby-platby\/","title":{"rendered":"Zp\u016fsoby platby"},"content":{"rendered":"\t\t<div data-elementor-type=\"wp-page\" data-elementor-id=\"12900\" class=\"elementor elementor-12900 elementor-4096\">\n\t\t\t\t<div class=\"elementor-element elementor-element-0457deb e-flex e-con-boxed e-con e-parent\" data-id=\"0457deb\" data-element_type=\"container\">\n\t\t\t\t\t<div class=\"e-con-inner\">\n\t\t\t\t<div class=\"elementor-element elementor-element-00304eb elementor-widget elementor-widget-text-editor\" data-id=\"00304eb\" data-element_type=\"widget\" data-widget_type=\"text-editor.default\">\n\t\t\t\t<div class=\"elementor-widget-container\">\n\t\t\t\t\t\t\t\t\t<p>Na na\u0161ich webov\u00fdch str\u00e1nk\u00e1ch maj\u00ed na\u0161i klienti dv\u011b mo\u017enosti platby za sv\u00e9 objedn\u00e1vky:<\/p><ol><li><strong>Dob\u00edrka<\/strong>: S touto mo\u017enost\u00ed m\u016f\u017eete v dostupn\u00fdch zem\u00edch zaplatit kur\u00fdrovi v hotovosti v okam\u017eiku p\u0159\u00edjezdu bal\u00edku na m\u00edsto, tak\u017ee nemus\u00edte platit p\u0159edem. Tento zp\u016fsob platby je k dispozici pouze v n\u00e1sleduj\u00edc\u00edch zem\u00edch a v budoucnu pracujeme na jeho p\u0159id\u00e1n\u00ed do dal\u0161\u00edch zem\u00ed: <\/li><\/ol><ul><li>Bulharsko<\/li><li>Ma\u010farsko<\/li><li>Rumunsko<\/li><\/ul><p>2. <strong> Platba kartou<\/strong>: P\u0159i t\u00e9to metod\u011b m\u016f\u017eete zaplatit za objedn\u00e1vku p\u0159edem pomoc\u00ed debetn\u00ed karty a va\u0161e transakce bude zpracov\u00e1na prost\u0159ednictv\u00edm online platformy pro platby kartou Viva Payments. Viva Payments v\u00e1m nebude \u00fa\u010dtovat \u017e\u00e1dn\u00e9 dal\u0161\u00ed poplatky, tak\u017ee cena, kterou zaplat\u00edte, je p\u0159esn\u011b takov\u00e1, jak\u00e1 se zobraz\u00ed u pokladny. <\/p>\t\t\t\t\t\t\t\t<\/div>\n\t\t\t\t<\/div>\n\t\t\t\t\t<\/div>\n\t\t\t\t<\/div>\n\t\t\t\t<\/div>\n\t\t","protected":false},"excerpt":{"rendered":"<p>Na na\u0161ich webov\u00fdch str\u00e1nk\u00e1ch maj\u00ed na\u0161i klienti dv\u011b mo\u017enosti platby za sv\u00e9 objedn\u00e1vky: Dob\u00edrka: S touto mo\u017enost\u00ed m\u016f\u017eete v dostupn\u00fdch zem\u00edch zaplatit&hellip;<\/p>\n","protected":false},"author":1,"featured_media":0,"parent":0,"menu_order":0,"comment_status":"closed","ping_status":"closed","template":"","meta":{"footnotes":""},"class_list":["post-12900","page","type-page","status-publish","hentry"],"_links":{"self":[{"href":"https:\/\/tretinoins.com\/cs\/wp-json\/wp\/v2\/pages\/12900","targetHints":{"allow":["GET"]}}],"collection":[{"href":"https:\/\/tretinoins.com\/cs\/wp-json\/wp\/v2\/pages"}],"about":[{"href":"https:\/\/tretinoins.com\/cs\/wp-json\/wp\/v2\/types\/page"}],"author":[{"embeddable":true,"href":"https:\/\/tretinoins.com\/cs\/wp-json\/wp\/v2\/users\/1"}],"replies":[{"embeddable":true,"href":"https:\/\/tretinoins.com\/cs\/wp-json\/wp\/v2\/comments?post=12900"}],"version-history":[{"count":3,"href":"https:\/\/tretinoins.com\/cs\/wp-json\/wp\/v2\/pages\/12900\/revisions"}],"predecessor-version":[{"id":14819,"href":"https:\/\/tretinoins.com\/cs\/wp-json\/wp\/v2\/pages\/12900\/revisions\/14819"}],"wp:attachment":[{"href":"https:\/\/tretinoins.com\/cs\/wp-json\/wp\/v2\/media?parent=12900"}],"curies":[{"name":"wp","href":"https:\/\/api.w.org\/{rel}","templated":true}]}}