{"id":12890,"date":"2023-12-29T00:15:10","date_gmt":"2023-12-28T22:15:10","guid":{"rendered":"https:\/\/tretinoins.com\/pravidla-pro-vraceni-zbozi\/"},"modified":"2025-09-15T17:26:02","modified_gmt":"2025-09-15T15:26:02","slug":"pravidla-pro-vraceni-zbozi","status":"publish","type":"page","link":"https:\/\/tretinoins.com\/cs\/pravidla-pro-vraceni-zbozi\/","title":{"rendered":"Pravidla pro vracen\u00ed zbo\u017e\u00ed"},"content":{"rendered":"\t\t<div data-elementor-type=\"wp-page\" data-elementor-id=\"12890\" class=\"elementor elementor-12890 elementor-3260\">\n\t\t\t\t<div class=\"elementor-element elementor-element-801ecfb e-flex e-con-boxed e-con e-parent\" data-id=\"801ecfb\" data-element_type=\"container\">\n\t\t\t\t\t<div class=\"e-con-inner\">\n\t\t\t\t<div class=\"elementor-element elementor-element-b94c368 elementor-widget elementor-widget-text-editor\" data-id=\"b94c368\" data-element_type=\"widget\" data-widget_type=\"text-editor.default\">\n\t\t\t\t<div class=\"elementor-widget-container\">\n\t\t\t\t\t\t\t\t\t<p><strong>Z\u00e1sady vracen\u00ed a vr\u00e1cen\u00ed pen\u011bz<\/strong><\/p><p><strong>Kdy a jak m\u016f\u017ee z\u00e1kazn\u00edk po\u017e\u00e1dat o vr\u00e1cen\u00ed zbo\u017e\u00ed?<\/strong><\/p><p>Po obdr\u017een\u00ed objedn\u00e1vky m\u00e1te 14 kalend\u00e1\u0159n\u00edch dn\u016f na to, abyste se rozhodli, zda v\u00fdrobek spl\u0148uje va\u0161e o\u010dek\u00e1v\u00e1n\u00ed. Pokud jsou v objedn\u00e1vce polo\u017eky, kter\u00e9 chcete vr\u00e1tit, vypl\u0148te pros\u00edm formul\u00e1\u0159 pro vr\u00e1cen\u00ed zbo\u017e\u00ed. <\/p><p>Po vypln\u011bn\u00ed a odesl\u00e1n\u00ed formul\u00e1\u0159e pro vr\u00e1cen\u00ed zbo\u017e\u00ed nebo ozn\u00e1men\u00ed o p\u0159\u00e1n\u00ed z\u00e1kazn\u00edka vr\u00e1tit zbo\u017e\u00ed, my, Tretinoins.com, zajist\u00edme bezplatn\u00e9 vyzvednut\u00ed z\u00e1silky na\u0161\u00edm partnersk\u00fdm kur\u00fdrem Sameday nebo Packeta, aby n\u00e1m byla zasl\u00e1na zp\u011bt.<\/p><p><strong>Kdy za\u010d\u00edn\u00e1 z\u00e1kazn\u00edkovi b\u011b\u017eet 14denn\u00ed lh\u016fta?<\/strong><\/p><p>\u010ctrn\u00e1ctidenn\u00ed lh\u016fta za\u010d\u00edn\u00e1 pro z\u00e1kazn\u00edka b\u011b\u017eet od okam\u017eiku, kdy obdr\u017e\u00ed bal\u00ed\u010dek.<\/p><p><strong>Vr\u00e1cen\u00ed zaplacen\u00e9 \u010d\u00e1stky<\/strong><\/p><p>Po obdr\u017een\u00ed a kontrole vr\u00e1cen\u00e9ho v\u00fdrobku v\u00e1s budeme informovat a ozn\u00e1m\u00edme v\u00e1m, kdy bude vr\u00e1cen\u00ed p\u0159ijato.<\/p><p>Pokud bude vr\u00e1cen\u00ed zbo\u017e\u00ed p\u0159ijato, bude v\u00e1m zaplacen\u00e1 \u010d\u00e1stka vr\u00e1cena bankovn\u00edm p\u0159evodem.<\/p><p>Spole\u010dnost DIGITALEASE SOLUTIONS S.R.L. se zavazuje vr\u00e1tit hodnotu vr\u00e1cen\u00fdch v\u00fdrobk\u016f do 14 kalend\u00e1\u0159n\u00edch dn\u016f od jejich obdr\u017een\u00ed na z\u00e1klad\u011b z\u00e1kazn\u00edkem vypln\u011bn\u00e9ho formul\u00e1\u0159e o vr\u00e1cen\u00ed nebo ozn\u00e1men\u00ed zaslan\u00e9ho e-mailem na adresu contact@tretinoins.com.<\/p><p>\u010c\u00e1stku zaplacenou za vr\u00e1cen\u00e9 v\u00fdrobky a dopravu vr\u00e1t\u00ed prod\u00e1vaj\u00edc\u00ed na \u00fa\u010det uveden\u00fd z\u00e1kazn\u00edkem do 14 dn\u016f od obdr\u017een\u00ed vr\u00e1cen\u00fdch v\u00fdrobk\u016f.<\/p><p>Pokud od p\u0159ijet\u00ed vr\u00e1cen\u00e9ho zbo\u017e\u00ed uplynulo v\u00edce ne\u017e 14 kalend\u00e1\u0159n\u00edch dn\u016f, kontaktujte n\u00e1s na adrese contact@tretinoins.com.<\/p><p>Ve formul\u00e1\u0159i\/ p\u00edsemn\u00e9m ozn\u00e1men\u00ed o vr\u00e1cen\u00ed budou vypln\u011bny \u00fadaje a bankovn\u00ed \u00fa\u010det osoby, kter\u00e1 o vr\u00e1cen\u00ed \u017e\u00e1d\u00e1, v\u010detn\u011b jm\u00e9na, p\u0159\u00edjmen\u00ed a \u010d\u00edsla objedn\u00e1vky.<\/p><p>Formul\u00e1\u0159 n\u00e1vratky, kter\u00fd je k dispozici na webov\u00fdch str\u00e1nk\u00e1ch, je pouze p\u0159\u00edkladem. Podle pr\u00e1vn\u00edch p\u0159edpis\u016f m\u00e1 z\u00e1kazn\u00edk pr\u00e1vo odstoupit od smlouvy prost\u0159ednictv\u00edm jasn\u00e9ho prohl\u00e1\u0161en\u00ed, a to jak\u00fdmkoli preferovan\u00fdm zp\u016fsobem, nap\u0159\u00edklad e-mailem, po\u0161tou, \u00fastn\u011b atd. <\/p><p><strong>Ne\u00fa\u010dtujeme \u017e\u00e1dn\u00e9 dal\u0161\u00ed poplatky za vr\u00e1cen\u00ed zbo\u017e\u00ed<\/strong><\/p><ul><li>\u017d\u00e1dn\u00fd poplatek za vr\u00e1cen\u00ed zbo\u017e\u00ed.<\/li><li>\u017d\u00e1dn\u00fd poplatek za vr\u00e1cen\u00ed vadn\u00fdch v\u00fdrobk\u016f.<\/li><li>\u017d\u00e1dn\u00fd poplatek za vr\u00e1cen\u00ed zbo\u017e\u00ed, pokud si z\u00e1kazn\u00edk objednal \u0161patn\u00fd produkt nebo obdr\u017eel \u0161patn\u00fd produkt.<\/li><li>N\u00e1klady na zp\u011btn\u00e9 zasl\u00e1n\u00ed pln\u011b hrad\u00ed spole\u010dnost DIGITALEASE SOLUTIONS S.R.L., kter\u00e1 vlastn\u00ed webov\u00e9 str\u00e1nky www.tretinoins.com.<\/li><\/ul><p><strong>Krit\u00e9ria pro vr\u00e1cen\u00ed:<\/strong><\/p><ul><li>V\u00fdrobek mus\u00ed b\u00fdt nepou\u017eit\u00fd, neotev\u0159en\u00fd a neporu\u0161en\u00fd, vhodn\u00fd k dal\u0161\u00edmu prodeji.<\/li><li>Ze zdravotn\u00edch a hygienick\u00fdch d\u016fvod\u016f mus\u00ed b\u00fdt vr\u00e1cena zape\u010det\u011bn\u00e1.<\/li><li>Zakoupen\u00e9 produkty mus\u00ed b\u00fdt ve stejn\u00e9m stavu jako v dob\u011b n\u00e1kupu nebo p\u0159evzet\u00ed, v\u010detn\u011b zachov\u00e1n\u00ed neporu\u0161en\u00e9ho obalu.<\/li><li>P\u0159edm\u011bty osobn\u00ed p\u00e9\u010de nebo v\u00fdrobky osobn\u00ed hygieny nelze vr\u00e1tit po rozpe\u010det\u011bn\u00ed nebo jednor\u00e1zov\u00e9m pou\u017eit\u00ed, jako je zubn\u00ed pasta, \u0161ampon atd., podle \u010dl\u00e1nku 16 p\u00edsm. e) na\u0159\u00edzen\u00ed 34\/2014.<\/li><li>Vr\u00e1cen\u00e9 zbo\u017e\u00ed mus\u00ed obsahovat p\u016fvodn\u00ed \u0161t\u00edtky i doklady, se kter\u00fdmi bylo odesl\u00e1no.<\/li><li>Kupuj\u00edc\u00ed m\u00e1 mo\u017enost vr\u00e1tit v\u00fdrobky zakoupen\u00e9 v internetov\u00e9m obchod\u011b tretinoins.com, ani\u017e by musel sv\u00e9 rozhodnut\u00ed odstoupit od smlouvy zd\u016fvod\u0148ovat a ani\u017e by mu vznikly jak\u00e9koli dal\u0161\u00ed n\u00e1klady.<\/li><\/ul><p><strong>Vr\u00e1cen\u00ed pen\u011bz nebo v\u00fdm\u011bna v\u00fdrobku<\/strong><\/p><p>Pokud byl dod\u00e1n jin\u00fd v\u00fdrobek nebo jin\u00e9 mno\u017estv\u00ed, je t\u0159eba o tom informovat prodejce a situaci vy\u0159e\u0161it. Pokud v\u00fdrobek ji\u017e nen\u00ed skladem, m\u016f\u017ee se kupuj\u00edc\u00ed rozhodnout pro v\u00fdm\u011bnu za jin\u00fd v\u00fdrobek nebo vr\u00e1cen\u00ed pln\u00e9 hodnoty. <\/p><p>Pokud si z\u00e1kazn\u00edk nav\u00edc objedn\u00e1 \u0161patn\u00fd produkt, m\u016f\u017ee si jej vym\u011bnit za spr\u00e1vn\u00fd.<\/p><p>Pokud m\u00e1te dal\u0161\u00ed dotazy, m\u016f\u017eete n\u00e1s kontaktovat pomoc\u00ed n\u00e1sleduj\u00edc\u00edch \u00fadaj\u016f:<\/p><p>Telefon: +750418333<br>E-mail: contact@tretinoins.com<br>Adresa: Aleea Cetatuia 4, bl. M22, sc. 4, ap. 222, Bukure\u0161\u0165, 060834, Rumunsko<br>Hours: Pond\u011bl\u00ed-sobota: 8:00-20:00 HOD.   <\/p>\t\t\t\t\t\t\t\t<\/div>\n\t\t\t\t<\/div>\n\t\t\t\t\t<\/div>\n\t\t\t\t<\/div>\n\t\t\t\t<\/div>\n\t\t","protected":false},"excerpt":{"rendered":"<p>Z\u00e1sady vracen\u00ed a vr\u00e1cen\u00ed pen\u011bz Kdy a jak m\u016f\u017ee z\u00e1kazn\u00edk po\u017e\u00e1dat o vr\u00e1cen\u00ed zbo\u017e\u00ed? Po obdr\u017een\u00ed objedn\u00e1vky m\u00e1te 14 kalend\u00e1\u0159n\u00edch dn\u016f na&hellip;<\/p>\n","protected":false},"author":1,"featured_media":0,"parent":0,"menu_order":0,"comment_status":"closed","ping_status":"closed","template":"","meta":{"footnotes":""},"class_list":["post-12890","page","type-page","status-publish","hentry"],"_links":{"self":[{"href":"https:\/\/tretinoins.com\/cs\/wp-json\/wp\/v2\/pages\/12890","targetHints":{"allow":["GET"]}}],"collection":[{"href":"https:\/\/tretinoins.com\/cs\/wp-json\/wp\/v2\/pages"}],"about":[{"href":"https:\/\/tretinoins.com\/cs\/wp-json\/wp\/v2\/types\/page"}],"author":[{"embeddable":true,"href":"https:\/\/tretinoins.com\/cs\/wp-json\/wp\/v2\/users\/1"}],"replies":[{"embeddable":true,"href":"https:\/\/tretinoins.com\/cs\/wp-json\/wp\/v2\/comments?post=12890"}],"version-history":[{"count":3,"href":"https:\/\/tretinoins.com\/cs\/wp-json\/wp\/v2\/pages\/12890\/revisions"}],"predecessor-version":[{"id":14816,"href":"https:\/\/tretinoins.com\/cs\/wp-json\/wp\/v2\/pages\/12890\/revisions\/14816"}],"wp:attachment":[{"href":"https:\/\/tretinoins.com\/cs\/wp-json\/wp\/v2\/media?parent=12890"}],"curies":[{"name":"wp","href":"https:\/\/api.w.org\/{rel}","templated":true}]}}