{"id":12889,"date":"2020-10-21T08:35:42","date_gmt":"2020-10-21T06:35:42","guid":{"rendered":"https:\/\/tretinoins.com\/casto-kladene-dotazy\/"},"modified":"2025-09-14T12:18:48","modified_gmt":"2025-09-14T10:18:48","slug":"casto-kladene-dotazy","status":"publish","type":"page","link":"https:\/\/tretinoins.com\/cs\/casto-kladene-dotazy\/","title":{"rendered":"\u010cASTO KLADEN\u00c9 DOTAZY"},"content":{"rendered":"\t\t<div data-elementor-type=\"wp-page\" data-elementor-id=\"12889\" class=\"elementor elementor-12889 elementor-179\">\n\t\t\t\t\t\t<section class=\"elementor-section elementor-top-section elementor-element elementor-element-51cc69c elementor-section-full_width elementor-section-height-default elementor-section-height-default\" data-id=\"51cc69c\" data-element_type=\"section\">\n\t\t\t\t\t\t<div class=\"elementor-container elementor-column-gap-no\">\n\t\t\t\t\t<div class=\"elementor-column elementor-col-100 elementor-top-column elementor-element elementor-element-d3159a6\" data-id=\"d3159a6\" data-element_type=\"column\">\n\t\t\t<div class=\"elementor-widget-wrap elementor-element-populated\">\n\t\t\t\t\t\t<div class=\"elementor-element elementor-element-d04350a elementor-widget elementor-widget-ideapark-page-header\" data-id=\"d04350a\" data-element_type=\"widget\" data-widget_type=\"ideapark-page-header.default\">\n\t\t\t\t<div class=\"elementor-widget-container\">\n\t\t\t\t\t\t<header\n\t\tclass=\"l-section c-page-header c-page-header--header-type-1 c-page-header--default\n c-page-header--low\"\n\t\t>\n\n\t\t\t\t\t<div class=\"c-page-header__wrap\">\n\t\t\t\t\t\t\t\t\t<h1 class=\"c-page-header__title\">\u010cASTO KLADEN\u00c9 DOTAZY<\/h1>\n\t\t\t\t\t\t\t<\/div>\n\t\t\t\t<nav aria-label=\"breadcrumbs\" class=\"rank-math-breadcrumb c-breadcrumbs\"><div class=\"c-breadcrumbs__list\"><span class=\"last\">Home<\/span><\/div><\/nav>\t<\/header>\n\t\t\t\t<\/div>\n\t\t\t\t<\/div>\n\t\t\t\t\t<\/div>\n\t\t<\/div>\n\t\t\t\t\t<\/div>\n\t\t<\/section>\n\t\t\t\t<section class=\"elementor-section elementor-top-section elementor-element elementor-element-1617f7b elementor-section-boxed elementor-section-height-default elementor-section-height-default\" data-id=\"1617f7b\" data-element_type=\"section\">\n\t\t\t\t\t\t<div class=\"elementor-container elementor-column-gap-no\">\n\t\t\t\t\t<div class=\"elementor-column elementor-col-100 elementor-top-column elementor-element elementor-element-bc288d3\" data-id=\"bc288d3\" data-element_type=\"column\">\n\t\t\t<div class=\"elementor-widget-wrap elementor-element-populated\">\n\t\t\t\t\t\t<div class=\"elementor-element elementor-element-450377d elementor-widget elementor-widget-ideapark-accordion\" data-id=\"450377d\" data-element_type=\"widget\" data-widget_type=\"ideapark-accordion.default\">\n\t\t\t\t<div class=\"elementor-widget-container\">\n\t\t\t\t\t\t\t<div class=\"c-ip-accordion\">\n\t\t\t<div class=\"c-ip-accordion__wrap c-ip-accordion__wrap--layout-1\">\n\t\t\t\t<div class=\"c-ip-accordion__list c-ip-accordion__list--layout-1\">\n\t\t\t\t\t\t\t\t\t\t<div class=\"c-ip-accordion__item c-ip-accordion__item--layout-1\">\n\t\t\t\t\t\t<a class=\"c-ip-accordion__header c-ip-accordion__header--layout-1 js-accordion-title\" href=\"\" onclick=\"return false;\">Zp\u016fsoby platby<i class=\"ip-right c-ip-accordion__arrow c-ip-accordion__arrow--layout-1\"><\/i><\/a>\t\t\t\t\t\t<div class=\"c-ip-accordion__content c-ip-accordion__content--layout-1\"><p>Na na\u0161ich webov\u00fdch str\u00e1nk\u00e1ch maj\u00ed na\u0161i klienti dv\u011b mo\u017enosti platby za sv\u00e9 objedn\u00e1vky:<\/p>\n<ol>\n<li><strong>Dob\u00edrka<\/strong>: S touto mo\u017enost\u00ed m\u016f\u017eete v dostupn\u00fdch zem\u00edch zaplatit kur\u00fdrovi v hotovosti v okam\u017eiku p\u0159\u00edjezdu bal\u00edku na m\u00edsto, tak\u017ee nemus\u00edte platit p\u0159edem. Tento zp\u016fsob platby je k dispozici pouze v n\u00e1sleduj\u00edc\u00edch zem\u00edch a v budoucnu pracujeme na jeho p\u0159id\u00e1n\u00ed do dal\u0161\u00edch zem\u00ed: <\/li>\n<\/ol>\n<ul>\n<li>Bulharsko<\/li>\n<li>Ma\u010farsko<\/li>\n<li>Rumunsko<\/li>\n<\/ul>\n<p>2. <strong> Platba kartou<\/strong>: P\u0159i t\u00e9to metod\u011b m\u016f\u017eete zaplatit za objedn\u00e1vku p\u0159edem pomoc\u00ed debetn\u00ed karty a va\u0161e transakce bude zpracov\u00e1na prost\u0159ednictv\u00edm online platformy pro platby kartou Viva Payments. Viva Payments v\u00e1m nebude \u00fa\u010dtovat \u017e\u00e1dn\u00e9 dal\u0161\u00ed poplatky, tak\u017ee cena, kterou zaplat\u00edte, je p\u0159esn\u011b takov\u00e1, jak\u00e1 se zobraz\u00ed u pokladny. <\/p>\n<\/div>\t\t\t\t\t<\/div>\n\t\t\t\t\t\t\t\t\t\t\t\t\t\t\t<div class=\"c-ip-accordion__item c-ip-accordion__item--layout-1\">\n\t\t\t\t\t\t<a class=\"c-ip-accordion__header c-ip-accordion__header--layout-1 js-accordion-title\" href=\"\" onclick=\"return false;\">Mezin\u00e1rodn\u00ed p\u0159eprava<i class=\"ip-right c-ip-accordion__arrow c-ip-accordion__arrow--layout-1\"><\/i><\/a>\t\t\t\t\t\t<div class=\"c-ip-accordion__content c-ip-accordion__content--layout-1\"><p>V\u0161echny objedn\u00e1vky jsou vy\u0159izov\u00e1ny z na\u0161ich sklad\u016f v Evrop\u011b. V z\u00e1vislosti na va\u0161\u00ed poloze doraz\u00ed va\u0161e objedn\u00e1vka do 2-6 dn\u016f. <\/p>\n<p>Mezin\u00e1rodn\u00ed z\u00e1silky zas\u00edl\u00e1me do n\u00e1sleduj\u00edc\u00edch evropsk\u00fdch zem\u00ed:<\/p>\n<ul>\n<li><strong>Rakousko<\/strong> - 10 \u20ac (kur\u00fdr DPD)<\/li>\n<li><strong>Belgie<\/strong> - 17\u20ac (Post HD)<\/li>\n<li><strong>Bulharsko<\/strong> - 4\u20ac (kur\u00fdrn\u00ed slu\u017eba)<\/li>\n<li><strong>Chorvatsko<\/strong> - 14,99\u20ac (POST HD)<\/li>\n<li><strong>\u010cesk\u00e1 republika<\/strong> - 7\u20ac (Packeta Home HD)<\/li>\n<li><strong>D\u00e1nsko<\/strong> - 18\u20ac (Post Nord)<\/li>\n<li><strong>Estonsko<\/strong> - 13\u20ac (Omniva)<\/li>\n<li><b>Finsko <\/b>- 31\u20ac (Post Nord)<\/li>\n<li><b>Francie <\/b>- 14\u20ac (Colis Priv\u00e9 HD)<\/li>\n<li><strong>N\u011bmecko<\/strong> - 10\u20ac (Hermes HD)<\/li>\n<li><strong>\u0158ecko<\/strong> - 7\u20ac (ELTA HD)<\/li>\n<li><strong>Ma\u010farsko<\/strong> - 4\u20ac (kur\u00fdrn\u00ed slu\u017eba)<\/li>\n<li><strong>Irsko<\/strong> - 15\u20ac (Fastway HD)<\/li>\n<li> <\/li>\n<li><strong>It\u00e1lie<\/strong> - 10\u20ac (Bartolini HD)<\/li>\n<li><strong>Loty\u0161sko<\/strong> - 12\u20ac (Omniva HD)<\/li>\n<li><strong>Litva<\/strong> - 12\u20ac (Omniva HD)<\/li>\n<li><b>Nizozemsko <\/b>- 14,50\u20ac (DHL)<\/li>\n<li><strong>Polsko<\/strong> - 5\u20ac (doru\u010den\u00ed dom\u016f HD)<\/li>\n<li><strong>Portugalsko<\/strong> - 11\u20ac (MRW HD)<\/li>\n<li><strong>Rumunsko<\/strong> - 3\u20ac (kur\u00fdrn\u00ed slu\u017eba)<\/li>\n<li><strong>Slovensko<\/strong> - 7\u20ac (Packeta Home HD)<\/li>\n<li><strong>Slovinsko<\/strong> - 8\u20ac (Slovinsk\u00e1 po\u0161ta HD)<\/li>\n<li><strong>\u0160pan\u011blsko<\/strong> - 11\u20ac (MRW HD)<\/li>\n<li><b>\u0160v\u00e9dsko <\/b>- 21\u20ac (Post Nord)<\/li>\n<li><b>\u0160v\u00fdcarsko <\/b>- 18 \u20ac (Swiss Post Priority)<\/li>\n<\/ul>\n<\/div>\t\t\t\t\t<\/div>\n\t\t\t\t\t\t\t\t\t\t\t\t\t\t<\/div>\n\t\t\t<\/div>\n\t\t<\/div>\n\t\t\t\t\t\t<\/div>\n\t\t\t\t<\/div>\n\t\t\t\t\t<\/div>\n\t\t<\/div>\n\t\t\t\t\t<\/div>\n\t\t<\/section>\n\t\t\t\t<\/div>\n\t\t","protected":false},"excerpt":{"rendered":"<p>What Is Tretinoin: Cool Guide in 9 Steps Home Zp\u016fsoby platby Na na\u0161ich webov\u00fdch str\u00e1nk\u00e1ch maj\u00ed na\u0161i klienti dv\u011b mo\u017enosti platby za&hellip;<\/p>\n","protected":false},"author":1,"featured_media":0,"parent":0,"menu_order":0,"comment_status":"closed","ping_status":"closed","template":"elementor_header_footer","meta":{"footnotes":""},"class_list":["post-12889","page","type-page","status-publish","hentry"],"_links":{"self":[{"href":"https:\/\/tretinoins.com\/cs\/wp-json\/wp\/v2\/pages\/12889","targetHints":{"allow":["GET"]}}],"collection":[{"href":"https:\/\/tretinoins.com\/cs\/wp-json\/wp\/v2\/pages"}],"about":[{"href":"https:\/\/tretinoins.com\/cs\/wp-json\/wp\/v2\/types\/page"}],"author":[{"embeddable":true,"href":"https:\/\/tretinoins.com\/cs\/wp-json\/wp\/v2\/users\/1"}],"replies":[{"embeddable":true,"href":"https:\/\/tretinoins.com\/cs\/wp-json\/wp\/v2\/comments?post=12889"}],"version-history":[{"count":2,"href":"https:\/\/tretinoins.com\/cs\/wp-json\/wp\/v2\/pages\/12889\/revisions"}],"predecessor-version":[{"id":12928,"href":"https:\/\/tretinoins.com\/cs\/wp-json\/wp\/v2\/pages\/12889\/revisions\/12928"}],"wp:attachment":[{"href":"https:\/\/tretinoins.com\/cs\/wp-json\/wp\/v2\/media?parent=12889"}],"curies":[{"name":"wp","href":"https:\/\/api.w.org\/{rel}","templated":true}]}}