{"id":12881,"date":"2020-10-18T13:07:58","date_gmt":"2020-10-18T11:07:58","guid":{"rendered":"https:\/\/tretinoins.com\/o-nas\/"},"modified":"2025-09-14T12:18:15","modified_gmt":"2025-09-14T10:18:15","slug":"o-nas","status":"publish","type":"page","link":"https:\/\/tretinoins.com\/cs\/o-nas\/","title":{"rendered":"O n\u00e1s"},"content":{"rendered":"\t\t<div data-elementor-type=\"wp-page\" data-elementor-id=\"12881\" class=\"elementor elementor-12881 elementor-3032\">\n\t\t\t\t\t\t<section class=\"elementor-section elementor-top-section elementor-element elementor-element-ae248c4 elementor-section-full_width elementor-section-height-default elementor-section-height-default\" data-id=\"ae248c4\" data-element_type=\"section\">\n\t\t\t\t\t\t<div class=\"elementor-container elementor-column-gap-no\">\n\t\t\t\t\t<div class=\"elementor-column elementor-col-100 elementor-top-column elementor-element elementor-element-6b92c4e\" data-id=\"6b92c4e\" data-element_type=\"column\">\n\t\t\t<div class=\"elementor-widget-wrap elementor-element-populated\">\n\t\t\t\t\t\t<div class=\"elementor-element elementor-element-b369bce elementor-widget elementor-widget-ideapark-page-header\" data-id=\"b369bce\" data-element_type=\"widget\" data-widget_type=\"ideapark-page-header.default\">\n\t\t\t\t<div class=\"elementor-widget-container\">\n\t\t\t\t\t\t<header\n\t\tclass=\"l-section c-page-header c-page-header--header-type-1 c-page-header--default\n c-page-header--low\"\n\t\t>\n\n\t\t\t\t\t<div class=\"c-page-header__wrap\">\n\t\t\t\t\t\t\t\t\t<h1 class=\"c-page-header__title\">O n\u00e1s<\/h1>\n\t\t\t\t\t\t\t<\/div>\n\t\t\t\t<nav aria-label=\"breadcrumbs\" class=\"rank-math-breadcrumb c-breadcrumbs\"><div class=\"c-breadcrumbs__list\"><span class=\"last\">Home<\/span><\/div><\/nav>\t<\/header>\n\t\t\t\t<\/div>\n\t\t\t\t<\/div>\n\t\t\t\t\t<\/div>\n\t\t<\/div>\n\t\t\t\t\t<\/div>\n\t\t<\/section>\n\t\t\t\t<section class=\"elementor-section elementor-top-section elementor-element elementor-element-f7b080a elementor-section-full_width elementor-section-height-default elementor-section-height-default\" data-id=\"f7b080a\" data-element_type=\"section\">\n\t\t\t\t\t\t<div class=\"elementor-container elementor-column-gap-no\">\n\t\t\t\t\t<div class=\"elementor-column elementor-col-100 elementor-top-column elementor-element elementor-element-484697d\" data-id=\"484697d\" data-element_type=\"column\">\n\t\t\t<div class=\"elementor-widget-wrap elementor-element-populated\">\n\t\t\t\t\t\t<section class=\"elementor-section elementor-inner-section elementor-element elementor-element-2943bc4 elementor-section-boxed elementor-section-height-default elementor-section-height-default\" data-id=\"2943bc4\" data-element_type=\"section\">\n\t\t\t\t\t\t<div class=\"elementor-container elementor-column-gap-no\">\n\t\t\t\t\t<div class=\"elementor-column elementor-col-50 elementor-inner-column elementor-element elementor-element-9fbe0ef\" data-id=\"9fbe0ef\" data-element_type=\"column\">\n\t\t\t<div class=\"elementor-widget-wrap elementor-element-populated\">\n\t\t\t\t\t\t<div class=\"elementor-element elementor-element-bc4e9cd elementor-widget elementor-widget-ideapark-heading\" data-id=\"bc4e9cd\" data-element_type=\"widget\" data-widget_type=\"ideapark-heading.default\">\n\t\t\t\t<div class=\"elementor-widget-container\">\n\t\t\t\t\t<div class=\"c-ip-heading c-ip-heading--default c-ip-heading--left c-ip-heading--bullet-hide\"><span class=\"c-ip-heading__inner\"><br \/>\nV\u00edtejte na str\u00e1nk\u00e1ch Tretinoins.com, kde se kr\u00e1sa setk\u00e1v\u00e1 s wellness! Na Tretinonis.com se v\u00e1m sna\u017e\u00edme poskytnout ty nejlep\u0161\u00ed produkty pro p\u00e9\u010di o vlasy, obli\u010dej a \u00fastn\u00ed dutinu, kter\u00e9 uspokoj\u00ed va\u0161e pot\u0159eby v oblasti kr\u00e1sy i celkov\u00e9 pohody. Na\u0161\u00ed v\u00e1\u0161n\u00ed je pom\u00e1hat v\u00e1m dos\u00e1hnout z\u00e1\u0159iv\u00fdch vlas\u016f a oslniv\u00e9ho \u00fasm\u011bvu a v\u011b\u0159\u00edme, \u017ee p\u00e9\u010de o sebe sama je kl\u00ed\u010dem k odhalen\u00ed va\u0161eho skute\u010dn\u00e9ho potenci\u00e1lu kr\u00e1sy.  <\/span><\/div>\t\t\t\t<\/div>\n\t\t\t\t<\/div>\n\t\t\t\t\t<\/div>\n\t\t<\/div>\n\t\t\t\t<div class=\"elementor-column elementor-col-50 elementor-inner-column elementor-element elementor-element-4f469bf\" data-id=\"4f469bf\" data-element_type=\"column\">\n\t\t\t<div class=\"elementor-widget-wrap elementor-element-populated\">\n\t\t\t\t\t\t<div class=\"elementor-element elementor-element-8c1e177 elementor-widget elementor-widget-ideapark-heading\" data-id=\"8c1e177\" data-element_type=\"widget\" data-widget_type=\"ideapark-heading.default\">\n\t\t\t\t<div class=\"elementor-widget-container\">\n\t\t\t\t\t<div class=\"c-ip-heading c-ip-heading--default c-ip-heading--left c-ip-heading--bullet-hide\"><span class=\"c-ip-heading__inner\"><br \/>\nObjevte z\u00e1vazek www.Tretinoins.com ke kvalit\u011b s na\u0161\u00ed \u0159adou pot\u0159eb pro p\u00e9\u010di o vlasy a \u00fastn\u00ed dutinu. Nab\u00edz\u00edme \u0159e\u0161en\u00ed \u0161it\u00e1 na m\u00edru r\u016fzn\u00fdm pot\u0159eb\u00e1m - od vy\u017eivuj\u00edc\u00edch \u0161ampon\u016f po osv\u011b\u017euj\u00edc\u00ed zubn\u00ed pasty. A\u0165 u\u017e jde o objem, kudrlinky nebo po\u0161kozen\u00e9 prameny, najd\u011bte si dokonalou p\u00e9\u010di o vlasy a up\u0159ednostn\u011bte zdrav\u00ed sv\u00e9 \u00fastn\u00ed dutiny s lehkost\u00ed. Vydejte se s n\u00e1mi na cestu p\u00e9\u010de o sebe sama, abyste byli sebev\u011bdom\u00ed a z\u00e1\u0159ili ka\u017ed\u00fd den.   <\/span><\/div>\t\t\t\t<\/div>\n\t\t\t\t<\/div>\n\t\t\t\t\t<\/div>\n\t\t<\/div>\n\t\t\t\t\t<\/div>\n\t\t<\/section>\n\t\t\t\t\t<\/div>\n\t\t<\/div>\n\t\t\t\t\t<\/div>\n\t\t<\/section>\n\t\t\t\t<section class=\"elementor-section elementor-top-section elementor-element elementor-element-542f32c elementor-section-full_width elementor-section-height-default elementor-section-height-default\" data-id=\"542f32c\" data-element_type=\"section\" data-settings=\"{&quot;background_background&quot;:&quot;classic&quot;}\">\n\t\t\t\t\t\t<div class=\"elementor-container elementor-column-gap-no\">\n\t\t\t\t\t<div class=\"elementor-column elementor-col-100 elementor-top-column elementor-element elementor-element-de2cdd8\" data-id=\"de2cdd8\" data-element_type=\"column\">\n\t\t\t<div class=\"elementor-widget-wrap elementor-element-populated\">\n\t\t\t\t\t\t<div class=\"elementor-element elementor-element-5254ab8 elementor-absolute elementor-widget__width-auto elementor-widget elementor-widget-image\" data-id=\"5254ab8\" data-element_type=\"widget\" data-settings=\"{&quot;_position&quot;:&quot;absolute&quot;}\" data-widget_type=\"image.default\">\n\t\t\t\t<div class=\"elementor-widget-container\">\n\t\t\t\t\t\t\t\t\t\t\t\t\t\t\t<img fetchpriority=\"high\" decoding=\"async\" width=\"341\" height=\"246\" src=\"https:\/\/tretinoins.com\/wp-content\/uploads\/2020\/10\/luchiana-2242231634.png\" class=\"attachment-full size-full wp-image-240\" alt=\"\" srcset=\"https:\/\/tretinoins.com\/wp-content\/uploads\/2020\/10\/luchiana-2242231634.png 341w, https:\/\/tretinoins.com\/wp-content\/uploads\/2020\/10\/luchiana-2242231634-201x145.png 201w\" sizes=\"(max-width: 341px) 100vw, 341px\" \/>\t\t\t\t\t\t\t\t\t\t\t\t\t\t\t<\/div>\n\t\t\t\t<\/div>\n\t\t\t\t<div class=\"elementor-element elementor-element-5a826ba elementor-widget elementor-widget-ideapark-icon-list-1\" data-id=\"5a826ba\" data-element_type=\"widget\" data-widget_type=\"ideapark-icon-list-1.default\">\n\t\t\t\t<div class=\"elementor-widget-container\">\n\t\t\t\t\t\t\t<div class=\"c-ip-icon-list-1\">\n\t\t\t<ul class=\"c-ip-icon-list-1__list\">\n\t\t\t\t\t\t\t\t\t\t\t\t\t\t<li class=\"c-ip-icon-list-1__item\">\n\t\t\t\t\t\t\t\t\t\t\t\t\t<svg aria-hidden=\"true\" class=\"c-ip-icon-list-1__icon e-font-icon-svg e-fas-shipping-fast\" viewBox=\"0 0 640 512\" xmlns=\"http:\/\/www.w3.org\/2000\/svg\"><path d=\"M624 352h-16V243.9c0-12.7-5.1-24.9-14.1-33.9L494 110.1c-9-9-21.2-14.1-33.9-14.1H416V48c0-26.5-21.5-48-48-48H112C85.5 0 64 21.5 64 48v48H8c-4.4 0-8 3.6-8 8v16c0 4.4 3.6 8 8 8h272c4.4 0 8 3.6 8 8v16c0 4.4-3.6 8-8 8H40c-4.4 0-8 3.6-8 8v16c0 4.4 3.6 8 8 8h208c4.4 0 8 3.6 8 8v16c0 4.4-3.6 8-8 8H8c-4.4 0-8 3.6-8 8v16c0 4.4 3.6 8 8 8h208c4.4 0 8 3.6 8 8v16c0 4.4-3.6 8-8 8H64v128c0 53 43 96 96 96s96-43 96-96h128c0 53 43 96 96 96s96-43 96-96h48c8.8 0 16-7.2 16-16v-32c0-8.8-7.2-16-16-16zM160 464c-26.5 0-48-21.5-48-48s21.5-48 48-48 48 21.5 48 48-21.5 48-48 48zm320 0c-26.5 0-48-21.5-48-48s21.5-48 48-48 48 21.5 48 48-21.5 48-48 48zm80-208H416V144h44.1l99.9 99.9V256z\"><\/path><\/svg>\t\t\t\t\t\t\t\t\t\t\t\t\t\t\t\t\t\t\t<div class=\"c-ip-icon-list-1__title\">Doprava zdarma<\/div>\n\t\t\t\t\t\t\t<i class=\"ip-romb c-ip-icon-list-1__romb\"><\/i>\n\t\t\t\t\t\t\t\t\t\t\t\t\t\t\t\t\t\t\t<div class=\"c-ip-icon-list-1__description\">Doprava zdarma pro v\u0161echny objedn\u00e1vky nad 75 \u20ac<\/div>\n\t\t\t\t\t\t\n\t\t\t\t\t\t\t\t\t\t\t\t\t\t\t\t\t<\/li>\n\t\t\t\t\t\t\t\t\t\t\t\t\t\t<li class=\"c-ip-icon-list-1__item\">\n\t\t\t\t\t\t\t\t\t\t\t\t\t<i aria-hidden=\"true\" class=\"c-ip-icon-list-1__icon fibd21- fi-bd21-crown\"><\/i>\t\t\t\t\t\t\t\t\t\t\t\t\t\t\t\t\t\t\t<div class=\"c-ip-icon-list-1__title\">Slu\u017eby v oblasti kvality<\/div>\n\t\t\t\t\t\t\t<i class=\"ip-romb c-ip-icon-list-1__romb\"><\/i>\n\t\t\t\t\t\t\t\t\t\t\t\t\t\t\t\t\t\t\t<div class=\"c-ip-icon-list-1__description\">Sna\u017e\u00edme se na\u0161im z\u00e1kazn\u00edk\u016fm nab\u00eddnout ty nejlep\u0161\u00ed slu\u017eby na Tretinoins.com.  <\/div>\n\t\t\t\t\t\t\n\t\t\t\t\t\t\t\t\t\t\t\t\t\t\t\t\t<\/li>\n\t\t\t\t\t\t\t\t\t\t\t\t\t\t<li class=\"c-ip-icon-list-1__item\">\n\t\t\t\t\t\t\t\t\t\t\t\t\t<svg aria-hidden=\"true\" class=\"c-ip-icon-list-1__icon e-font-icon-svg e-far-comment-dots\" viewBox=\"0 0 512 512\" xmlns=\"http:\/\/www.w3.org\/2000\/svg\"><path d=\"M144 208c-17.7 0-32 14.3-32 32s14.3 32 32 32 32-14.3 32-32-14.3-32-32-32zm112 0c-17.7 0-32 14.3-32 32s14.3 32 32 32 32-14.3 32-32-14.3-32-32-32zm112 0c-17.7 0-32 14.3-32 32s14.3 32 32 32 32-14.3 32-32-14.3-32-32-32zM256 32C114.6 32 0 125.1 0 240c0 47.6 19.9 91.2 52.9 126.3C38 405.7 7 439.1 6.5 439.5c-6.6 7-8.4 17.2-4.6 26S14.4 480 24 480c61.5 0 110-25.7 139.1-46.3C192 442.8 223.2 448 256 448c141.4 0 256-93.1 256-208S397.4 32 256 32zm0 368c-26.7 0-53.1-4.1-78.4-12.1l-22.7-7.2-19.5 13.8c-14.3 10.1-33.9 21.4-57.5 29 7.3-12.1 14.4-25.7 19.9-40.2l10.6-28.1-20.6-21.8C69.7 314.1 48 282.2 48 240c0-88.2 93.3-160 208-160s208 71.8 208 160-93.3 160-208 160z\"><\/path><\/svg>\t\t\t\t\t\t\t\t\t\t\t\t\t\t\t\t\t\t\t<div class=\"c-ip-icon-list-1__title\">Rychl\u00e1 podpora<\/div>\n\t\t\t\t\t\t\t<i class=\"ip-romb c-ip-icon-list-1__romb\"><\/i>\n\t\t\t\t\t\t\t\t\t\t\t\t\t\t\t\t\t\t\t<div class=\"c-ip-icon-list-1__description\">Na v\u0161echny e-maily a dotazy odpov\u00edd\u00e1me do 24 hodin.<\/div>\n\t\t\t\t\t\t\n\t\t\t\t\t\t\t\t\t\t\t\t\t\t\t\t\t<\/li>\n\t\t\t\t\t\t\t<\/ul>\n\t\t<\/div>\n\t\t\t\t\t\t<\/div>\n\t\t\t\t<\/div>\n\t\t\t\t<div class=\"elementor-element elementor-element-f2808b7 elementor-widget__width-initial elementor-absolute elementor-widget elementor-widget-image\" data-id=\"f2808b7\" data-element_type=\"widget\" data-settings=\"{&quot;_position&quot;:&quot;absolute&quot;}\" data-widget_type=\"image.default\">\n\t\t\t\t<div class=\"elementor-widget-container\">\n\t\t\t\t\t\t\t\t\t\t\t\t\t\t\t<img decoding=\"async\" width=\"162\" height=\"147\" src=\"https:\/\/tretinoins.com\/wp-content\/uploads\/2020\/10\/luchiana-2359558945.png\" class=\"attachment-full size-full wp-image-334\" alt=\"\" srcset=\"https:\/\/tretinoins.com\/wp-content\/uploads\/2020\/10\/luchiana-2359558945.png 162w, https:\/\/tretinoins.com\/wp-content\/uploads\/2020\/10\/luchiana-2359558945-160x145.png 160w\" sizes=\"(max-width: 162px) 100vw, 162px\" \/>\t\t\t\t\t\t\t\t\t\t\t\t\t\t\t<\/div>\n\t\t\t\t<\/div>\n\t\t\t\t\t<\/div>\n\t\t<\/div>\n\t\t\t\t\t<\/div>\n\t\t<\/section>\n\t\t\t\t<section class=\"elementor-section elementor-top-section elementor-element elementor-element-b3539fd elementor-section-full_width elementor-section-height-default elementor-section-height-default\" data-id=\"b3539fd\" data-element_type=\"section\">\n\t\t\t\t\t\t<div class=\"elementor-container elementor-column-gap-no\">\n\t\t\t\t\t<div class=\"elementor-column elementor-col-100 elementor-top-column elementor-element elementor-element-bdd41c1\" data-id=\"bdd41c1\" data-element_type=\"column\">\n\t\t\t<div class=\"elementor-widget-wrap elementor-element-populated\">\n\t\t\t\t\t\t<div class=\"elementor-element elementor-element-631c2cd elementor-widget elementor-widget-ideapark-heading\" data-id=\"631c2cd\" data-element_type=\"widget\" data-widget_type=\"ideapark-heading.default\">\n\t\t\t\t<div class=\"elementor-widget-container\">\n\t\t\t\t\t<div class=\"c-ip-heading c-ip-heading--small c-ip-heading--center c-ip-heading--bullet-after\"><span class=\"c-ip-heading__inner\">Na\u0161e nejnov\u011bj\u0161\u00ed<\/span><\/div>\t\t\t\t<\/div>\n\t\t\t\t<\/div>\n\t\t\t\t<div class=\"elementor-element elementor-element-09e011a elementor-widget elementor-widget-ideapark-heading\" data-id=\"09e011a\" data-element_type=\"widget\" data-widget_type=\"ideapark-heading.default\">\n\t\t\t\t<div class=\"elementor-widget-container\">\n\t\t\t\t\t<div class=\"c-ip-heading c-ip-heading--medium c-ip-heading--center c-ip-heading--bullet-hide\"><span class=\"c-ip-heading__inner\">\u010dl\u00e1nky<\/span><\/div>\t\t\t\t<\/div>\n\t\t\t\t<\/div>\n\t\t\t\t\t<\/div>\n\t\t<\/div>\n\t\t\t\t\t<\/div>\n\t\t<\/section>\n\t\t\t\t<\/div>\n\t\t","protected":false},"excerpt":{"rendered":"<p>What Is Tretinoin: Cool Guide in 9 Steps Home V\u00edtejte na str\u00e1nk\u00e1ch Tretinoins.com, kde se kr\u00e1sa setk\u00e1v\u00e1 s wellness! Na Tretinonis.com se&hellip;<\/p>\n","protected":false},"author":1,"featured_media":0,"parent":0,"menu_order":0,"comment_status":"closed","ping_status":"closed","template":"elementor_header_footer","meta":{"footnotes":""},"class_list":["post-12881","page","type-page","status-publish","hentry"],"_links":{"self":[{"href":"https:\/\/tretinoins.com\/cs\/wp-json\/wp\/v2\/pages\/12881","targetHints":{"allow":["GET"]}}],"collection":[{"href":"https:\/\/tretinoins.com\/cs\/wp-json\/wp\/v2\/pages"}],"about":[{"href":"https:\/\/tretinoins.com\/cs\/wp-json\/wp\/v2\/types\/page"}],"author":[{"embeddable":true,"href":"https:\/\/tretinoins.com\/cs\/wp-json\/wp\/v2\/users\/1"}],"replies":[{"embeddable":true,"href":"https:\/\/tretinoins.com\/cs\/wp-json\/wp\/v2\/comments?post=12881"}],"version-history":[{"count":2,"href":"https:\/\/tretinoins.com\/cs\/wp-json\/wp\/v2\/pages\/12881\/revisions"}],"predecessor-version":[{"id":12887,"href":"https:\/\/tretinoins.com\/cs\/wp-json\/wp\/v2\/pages\/12881\/revisions\/12887"}],"wp:attachment":[{"href":"https:\/\/tretinoins.com\/cs\/wp-json\/wp\/v2\/media?parent=12881"}],"curies":[{"name":"wp","href":"https:\/\/api.w.org\/{rel}","templated":true}]}}